{"id":21820,"date":"2025-05-23T08:11:19","date_gmt":"2025-05-23T11:11:19","guid":{"rendered":"https:\/\/www.ifbaiano.edu.br\/unidades\/bonfim\/?page_id=21820"},"modified":"2025-08-21T20:49:15","modified_gmt":"2025-08-21T23:49:15","slug":"subsequente-ao-ensino-medio-modalidade-presencial-2025-2","status":"publish","type":"page","link":"https:\/\/www.ifbaiano.edu.br\/unidades\/bonfim\/subsequente-ao-ensino-medio-modalidade-presencial-2025-2\/","title":{"rendered":"SUBSEQUENTE AO ENSINO M\u00c9DIO \u2013 MODALIDADE PRESENCIAL \u2013 2025.2"},"content":{"rendered":"\n<div class=\"wp-block-columns is-layout-flex wp-container-4\">\n<div class=\"wp-block-column is-layout-flow\" style=\"flex-basis:66.66%\">\n<strong><div id=\"TituloMenu\" class=\"dnone\"> APRESENTA\u00c7\u00c3O<\/div> <\/strong><\/p><p>\n\n\n\n<p>O DIRETOR-GERAL DO INSTITUTO FEDERAL DE EDUCA\u00c7\u00c3O, CI\u00caNCIA E TECNOLOGIA BAIANO (IF BAIANO) CAMPUS SENHOR DO BONFIM, no uso de suas atribui\u00e7\u00f5es, , torna p\u00fablica a abertura de inscri\u00e7\u00f5es no processo de ingresso de estudantes de 2025.2 nos cursos da Educa\u00e7\u00e3o Profissional T\u00e9cnica de N\u00edvel M\u00e9dio Subsequente, na modalidade presencial, no Campus Senhor do Bonfim, conforme o n\u00famero de vagas e os cursos relacionados no Quadro 2 do subitem 2.2 do <strong>Edital N\u00b034, de 23 Maio de 2025<\/strong><\/p>\n\n\n\n<p><strong>T\u00e9cnico em Zootecnia \u2013 80 vagas<\/strong><\/p>\n\n\n\n<p><strong>T\u00e9cnico em Alimentos \u2013 32 vagas<\/strong><\/p>\n\n\n\n<p class=\"has-white-color has-text-color\"><strong><a href=\"https:\/\/www.ifbaiano.edu.br\/unidades\/bonfim\/files\/2025\/06\/manual-de-inscricao-do-candidato.pdf\" data-type=\"URL\" data-id=\"https:\/\/www.ifbaiano.edu.br\/unidades\/bonfim\/files\/2025\/06\/manual-de-inscricao-do-candidato.pdf\"><mark class=\"has-inline-color has-vivid-red-color\">Manual de Inscri\u00e7\u00e3o do Candidato<\/mark><\/a><\/strong><\/p>\n<\/div>\n\n\n\n<div class=\"wp-block-column is-layout-flow\" style=\"flex-basis:33.33%\">\n<strong><div id=\"TituloMenu\" class=\"dnone\"> INSCRI\u00c7\u00d5ES<\/div> <\/strong><\/p><p>\n\n\n\n<p>Inscri\u00e7\u00f5es:&nbsp;<strong>26\/05 a 27\/06\/2025<\/strong><\/p>\n\n\n\n<div class=\"wp-block-buttons is-content-justification-center is-layout-flex wp-container-2\">\n<div class=\"wp-block-button\"><a class=\"wp-block-button__link has-white-color has-text-color has-background wp-element-button\" href=\"https:\/\/sgc.ifbaiano.edu.br\/edital\/visualizar\/300\/\" style=\"background-color:#095b3e\" target=\"_blank\" rel=\"noreferrer noopener\">Inscreva-se Aqui<\/a><\/div>\n<\/div>\n\n\n\n<p>Inscri\u00e7\u00e3o presencial no ponto de apoio do Campus: De&nbsp;<strong>26\/05 a 27\/06<\/strong>&nbsp;<strong>(08:00-12:00 \/ 14:00-16:00)<\/strong> no IF Baiano campus Bonfim, Estrada da Igara, s\/n &#8211; Zona Rural. CEP: 48970-000.<\/p>\n\n\n\n<p>Consulte o item 4 do edital<\/p>\n<\/div>\n<\/div>\n\n\n\n<strong><div id=\"TituloMenu\" class=\"dnone\"> Edital e Documentos<\/div> <\/strong><\/p><p>\n\n\n\n<ul>\n<li><a href=\"https:\/\/www.ifbaiano.edu.br\/unidades\/bonfim\/files\/2025\/08\/Ratificacao-N%C2%B001-ao-Edital-n%C2%B048-de-20-de-julho-de-2025.pdf\" data-type=\"URL\" data-id=\"https:\/\/www.ifbaiano.edu.br\/unidades\/bonfim\/files\/2025\/08\/Ratificacao-N%C2%B001-ao-Edital-n%C2%B048-de-20-de-julho-de-2025.pdf\">Ratifica\u00e7\u00e3o n\u00b001 ao Edital n\u00b048 de Vagas Remanescentes<\/a>  <strong><mark class=\"has-inline-color has-vivid-red-color\">NOVO<\/mark><\/strong><\/li>\n\n\n\n<li><a href=\"https:\/\/www.ifbaiano.edu.br\/unidades\/bonfim\/files\/2025\/07\/Edital-48.2025-Preenchimento-vagas-re.entes-prosel-alimentos-e-zootecnia.pdf\" data-type=\"URL\" data-id=\"https:\/\/www.ifbaiano.edu.br\/unidades\/bonfim\/files\/2025\/07\/Edital-48.2025-Preenchimento-vagas-re.entes-prosel-alimentos-e-zootecnia.pdf\">Edital N\u00b048\/2025 &#8211; Edital de Vagas Remanescentes<\/a> <\/li>\n<\/ul>\n\n\n\n<hr class=\"wp-block-separator has-alpha-channel-opacity\" \/>\n\n\n\n<ul>\n<li><a href=\"https:\/\/www.ifbaiano.edu.br\/unidades\/bonfim\/files\/2025\/08\/edital-de-matriculas1%C2%B0-Chamada.pdf\" data-type=\"URL\" data-id=\"https:\/\/www.ifbaiano.edu.br\/unidades\/bonfim\/files\/2025\/08\/edital-de-matriculas1%C2%B0-Chamada.pdf\">Edital Matr\u00edcula 1\u00b0 Chamada<\/a><\/li>\n\n\n\n<li><a href=\"https:\/\/www.ifbaiano.edu.br\/unidades\/bonfim\/files\/2025\/08\/RESULTADO-FINAL-EDITAL-34.pdf\" data-type=\"URL\" data-id=\"https:\/\/www.ifbaiano.edu.br\/unidades\/bonfim\/files\/2025\/08\/RESULTADO-FINAL-EDITAL-34.pdf\">Resultado Final<\/a><\/li>\n\n\n\n<li><a href=\"https:\/\/www.ifbaiano.edu.br\/unidades\/bonfim\/files\/2025\/08\/RESULTADO-FINAL-DA-BANCA-DE-HETEROIDENTIFICACAO-SUBSEQUENTE-2025-EDITAL-N.-34.pdf\" data-type=\"URL\" data-id=\"https:\/\/www.ifbaiano.edu.br\/unidades\/bonfim\/files\/2025\/08\/RESULTADO-FINAL-DA-BANCA-DE-HETEROIDENTIFICACAO-SUBSEQUENTE-2025-EDITAL-N.-34.pdf\">Resultado Final da Banca de Heteroidentifica\u00e7\u00e3o<\/a><\/li>\n\n\n\n<li><a href=\"https:\/\/www.ifbaiano.edu.br\/unidades\/bonfim\/files\/2025\/07\/RESULTADO-PARCIAL-DA-BANCA-DE-HETEROIDENTIFICACAO-SUBSEQUENTE-2025-EDITAL-N.-34.pdf\" data-type=\"URL\" data-id=\"https:\/\/www.ifbaiano.edu.br\/unidades\/bonfim\/files\/2025\/07\/RESULTADO-PARCIAL-DA-BANCA-DE-HETEROIDENTIFICACAO-SUBSEQUENTE-2025-EDITAL-N.-34.pdf\">Resultado Parcial Banca Heteroidentifica\u00e7\u00e3o<\/a><\/li>\n\n\n\n<li><a href=\"https:\/\/www.ifbaiano.edu.br\/unidades\/bonfim\/files\/2025\/07\/HETEROIDENTIFICACAO-SUBSEQUENTE-2025.xlsx-Publicacao-Convocacao-Heteroi.pdf\" data-type=\"URL\" data-id=\"https:\/\/www.ifbaiano.edu.br\/unidades\/bonfim\/files\/2025\/07\/HETEROIDENTIFICACAO-SUBSEQUENTE-2025.xlsx-Publicacao-Convocacao-Heteroi.pdf\">Convoca\u00e7\u00e3o Banca Heteroidentifica\u00e7\u00e3o<\/a>  <\/li>\n\n\n\n<li><a href=\"https:\/\/www.ifbaiano.edu.br\/unidades\/bonfim\/files\/2025\/07\/edital-45-retificacao-2-ao-edital-34.2025.pdf\" data-type=\"URL\" data-id=\"https:\/\/www.ifbaiano.edu.br\/unidades\/bonfim\/files\/2025\/07\/edital-45-retificacao-2-ao-edital-34.2025.pdf\">Retifica\u00e7\u00e3o n\u00b002 do Edital n\u00b034, de 23 de Maio de 2025<\/a>  <\/li>\n\n\n\n<li><a href=\"https:\/\/www.ifbaiano.edu.br\/unidades\/bonfim\/files\/2025\/07\/Processo-Seletivo-Subsequentes-Senhor-do-Bonfim-2025-Resultado-Final-Homologacao-das-Inscricoes.pdf\" data-type=\"URL\" data-id=\"https:\/\/www.ifbaiano.edu.br\/unidades\/bonfim\/files\/2025\/07\/Processo-Seletivo-Subsequentes-Senhor-do-Bonfim-2025-Resultado-Final-Homologacao-das-Inscricoes.pdf\">Lista Inscri\u00e7\u00f5es Homologadas<\/a><\/li>\n\n\n\n<li><a href=\"https:\/\/www.ifbaiano.edu.br\/unidades\/bonfim\/files\/2025\/07\/Processo-Seletivo-Subsequentes-Senhor-do-Bonfim-2025-Resultado-dos-Recursos-Inscricoes-Homologadas.pdf\" data-type=\"URL\" data-id=\"https:\/\/www.ifbaiano.edu.br\/unidades\/bonfim\/files\/2025\/07\/Processo-Seletivo-Subsequentes-Senhor-do-Bonfim-2025-Resultado-dos-R\">Resultado Recursos Lista Preliminar Inscri\u00e7\u00f5es Homologadas<\/a><\/li>\n\n\n\n<li><a href=\"https:\/\/www.ifbaiano.edu.br\/unidades\/bonfim\/files\/2025\/07\/Resultado-Preliminar-Homologacao-Incricoes-PROSEL2025-1.pdf\" data-type=\"URL\" data-id=\"https:\/\/www.ifbaiano.edu.br\/unidades\/bonfim\/files\/2025\/07\/Resultado-Preliminar-Homologacao-Incricoes-PROSEL2025-1.pdf\">Lista Preliminar de Inscri\u00e7\u00f5es Homologadas<\/a><\/li>\n\n\n\n<li><a rel=\"noreferrer noopener\" href=\"https:\/\/www.ifbaiano.edu.br\/unidades\/bonfim\/files\/2025\/05\/Retificacao-01-do-Edital-n%C2%B034-de-23-Maio-2025.pdf\" data-type=\"URL\" data-id=\"https:\/\/www.ifbaiano.edu.br\/unidades\/bonfim\/files\/2025\/05\/Retificacao-01-do-Edital-n%C2%B034-de-23-Maio-2025.pdf\" target=\"_blank\">Retifica\u00e7\u00e3o n\u00b001 do Edital N\u00b034, de 23 de Maio de 2025<\/a><\/li>\n\n\n\n<li><a rel=\"noreferrer noopener\" href=\"https:\/\/www.ifbaiano.edu.br\/unidades\/bonfim\/files\/2025\/05\/Processo-Seletivo-para-Ingresso-de-Estudantes-nos-Cursos-de-Educacao-Profissional-Tecnica-de-Nivel-Medio-na-Forma-Subsequente-Modalidade-Presencial.pdf\" data-type=\"URL\" data-id=\"https:\/\/www.ifbaiano.edu.br\/unidades\/bonfim\/files\/2025\/05\/Processo-Seletivo-para-Ingresso-de-Estudantes-nos-Cursos-de-Educacao-Profissional-Tecnica-de-Nivel-Medio-na-Forma-Subsequente-Modalidade-Presencial.pdf\" target=\"_blank\">Edital N\u00ba 34, de 23 de Maio de 2025<\/a><\/li>\n<\/ul>\n","protected":false},"excerpt":{"rendered":"<p>APRESENTA\u00c7\u00c3O O DIRETOR-GERAL DO INSTITUTO FEDERAL DE EDUCA\u00c7\u00c3O, CI\u00caNCIA E TECNOLOGIA BAIANO (IF BAIANO) CAMPUS SENHOR DO BONFIM, no uso de suas atribui\u00e7\u00f5es, , torna p\u00fablica a abertura de inscri\u00e7\u00f5es no processo de ingresso de estudantes de 2025.2 nos cursos da Educa\u00e7\u00e3o Profissional T\u00e9cnica de N\u00edvel M\u00e9dio Subsequente, na modalidade presencial, no Campus Senhor do [&hellip;]<\/p>\n","protected":false},"author":158,"featured_media":0,"parent":0,"menu_order":0,"comment_status":"closed","ping_status":"closed","template":"","meta":[],"_links":{"self":[{"href":"https:\/\/www.ifbaiano.edu.br\/unidades\/bonfim\/wp-json\/wp\/v2\/pages\/21820"}],"collection":[{"href":"https:\/\/www.ifbaiano.edu.br\/unidades\/bonfim\/wp-json\/wp\/v2\/pages"}],"about":[{"href":"https:\/\/www.ifbaiano.edu.br\/unidades\/bonfim\/wp-json\/wp\/v2\/types\/page"}],"author":[{"embeddable":true,"href":"https:\/\/www.ifbaiano.edu.br\/unidades\/bonfim\/wp-json\/wp\/v2\/users\/158"}],"replies":[{"embeddable":true,"href":"https:\/\/www.ifbaiano.edu.br\/unidades\/bonfim\/wp-json\/wp\/v2\/comments?post=21820"}],"version-history":[{"count":31,"href":"https:\/\/www.ifbaiano.edu.br\/unidades\/bonfim\/wp-json\/wp\/v2\/pages\/21820\/revisions"}],"predecessor-version":[{"id":22323,"href":"https:\/\/www.ifbaiano.edu.br\/unidades\/bonfim\/wp-json\/wp\/v2\/pages\/21820\/revisions\/22323"}],"wp:attachment":[{"href":"https:\/\/www.ifbaiano.edu.br\/unidades\/bonfim\/wp-json\/wp\/v2\/media?parent=21820"}],"curies":[{"name":"wp","href":"https:\/\/api.w.org\/{rel}","templated":true}]}}