{"id":21843,"date":"2025-05-23T16:32:16","date_gmt":"2025-05-23T19:32:16","guid":{"rendered":"https:\/\/www.ifbaiano.edu.br\/unidades\/bonfim\/?page_id=21843"},"modified":"2025-05-23T16:32:17","modified_gmt":"2025-05-23T19:32:17","slug":"chamada-dispensa-eletronica-para-aquisicao-de-medicamentos-e-insumos-para-uso-nos-consultorios-de-enfermagem-medico-e-odontologico","status":"publish","type":"page","link":"https:\/\/www.ifbaiano.edu.br\/unidades\/bonfim\/chamada-dispensa-eletronica-para-aquisicao-de-medicamentos-e-insumos-para-uso-nos-consultorios-de-enfermagem-medico-e-odontologico\/","title":{"rendered":"Chamada: Dispensa Eletr\u00f4nica para aquisi\u00e7\u00e3o de medicamentos e insumos para uso nos consult\u00f3rios de enfermagem, m\u00e9dico e odontol\u00f3gico"},"content":{"rendered":"\n<div class=\"wp-block-file\"><object class=\"wp-block-file__embed\" data=\"https:\/\/www.ifbaiano.edu.br\/unidades\/bonfim\/files\/2025\/05\/Contratacao-Direta-90003-2025-1.pdf\" type=\"application\/pdf\" style=\"width:100%;height:600px\" aria-label=\"Incorporado de Contratacao-Direta-90003-2025-1.\"><\/object><a id=\"wp-block-file--media-c4cec868-c50a-491c-8e6c-221a3d1068fa\" href=\"https:\/\/www.ifbaiano.edu.br\/unidades\/bonfim\/files\/2025\/05\/Contratacao-Direta-90003-2025-1.pdf\">Contratacao-Direta-90003-2025-1<\/a><a href=\"https:\/\/www.ifbaiano.edu.br\/unidades\/bonfim\/files\/2025\/05\/Contratacao-Direta-90003-2025-1.pdf\" class=\"wp-block-file__button wp-element-button\" download aria-describedby=\"wp-block-file--media-c4cec868-c50a-491c-8e6c-221a3d1068fa\">Baixar<\/a><\/div>\n","protected":false},"excerpt":{"rendered":"","protected":false},"author":158,"featured_media":0,"parent":0,"menu_order":0,"comment_status":"closed","ping_status":"closed","template":"","meta":[],"_links":{"self":[{"href":"https:\/\/www.ifbaiano.edu.br\/unidades\/bonfim\/wp-json\/wp\/v2\/pages\/21843"}],"collection":[{"href":"https:\/\/www.ifbaiano.edu.br\/unidades\/bonfim\/wp-json\/wp\/v2\/pages"}],"about":[{"href":"https:\/\/www.ifbaiano.edu.br\/unidades\/bonfim\/wp-json\/wp\/v2\/types\/page"}],"author":[{"embeddable":true,"href":"https:\/\/www.ifbaiano.edu.br\/unidades\/bonfim\/wp-json\/wp\/v2\/users\/158"}],"replies":[{"embeddable":true,"href":"https:\/\/www.ifbaiano.edu.br\/unidades\/bonfim\/wp-json\/wp\/v2\/comments?post=21843"}],"version-history":[{"count":1,"href":"https:\/\/www.ifbaiano.edu.br\/unidades\/bonfim\/wp-json\/wp\/v2\/pages\/21843\/revisions"}],"predecessor-version":[{"id":21845,"href":"https:\/\/www.ifbaiano.edu.br\/unidades\/bonfim\/wp-json\/wp\/v2\/pages\/21843\/revisions\/21845"}],"wp:attachment":[{"href":"https:\/\/www.ifbaiano.edu.br\/unidades\/bonfim\/wp-json\/wp\/v2\/media?parent=21843"}],"curies":[{"name":"wp","href":"https:\/\/api.w.org\/{rel}","templated":true}]}}