{"id":21917,"date":"2025-06-02T09:54:29","date_gmt":"2025-06-02T12:54:29","guid":{"rendered":"https:\/\/www.ifbaiano.edu.br\/unidades\/bonfim\/?page_id=21917"},"modified":"2025-06-02T09:54:30","modified_gmt":"2025-06-02T12:54:30","slug":"chamada-dispensa-eletronica-para-contratacao-de-servicos-de-confeccao-e-instalacao-de-portas-metalicas-para-banheiro","status":"publish","type":"page","link":"https:\/\/www.ifbaiano.edu.br\/unidades\/bonfim\/chamada-dispensa-eletronica-para-contratacao-de-servicos-de-confeccao-e-instalacao-de-portas-metalicas-para-banheiro\/","title":{"rendered":"Chamada: Dispensa Eletr\u00f4nica para contrata\u00e7\u00e3o de servi\u00e7os de confec\u00e7\u00e3o e instala\u00e7\u00e3o de portas met\u00e1licas para banheiro"},"content":{"rendered":"\n<div class=\"wp-block-file\"><object class=\"wp-block-file__embed\" data=\"https:\/\/www.ifbaiano.edu.br\/unidades\/bonfim\/files\/2025\/06\/Aviso-de-Dispensa-05.pdf\" type=\"application\/pdf\" style=\"width:100%;height:600px\" aria-label=\"Incorporado de Aviso-de-Dispensa-05.\"><\/object><a id=\"wp-block-file--media-20522268-afa2-4c3f-86c3-72ec702df8df\" href=\"https:\/\/www.ifbaiano.edu.br\/unidades\/bonfim\/files\/2025\/06\/Aviso-de-Dispensa-05.pdf\">Aviso-de-Dispensa-05<\/a><a href=\"https:\/\/www.ifbaiano.edu.br\/unidades\/bonfim\/files\/2025\/06\/Aviso-de-Dispensa-05.pdf\" class=\"wp-block-file__button wp-element-button\" download aria-describedby=\"wp-block-file--media-20522268-afa2-4c3f-86c3-72ec702df8df\">Baixar<\/a><\/div>\n","protected":false},"excerpt":{"rendered":"","protected":false},"author":158,"featured_media":0,"parent":0,"menu_order":0,"comment_status":"closed","ping_status":"closed","template":"","meta":[],"_links":{"self":[{"href":"https:\/\/www.ifbaiano.edu.br\/unidades\/bonfim\/wp-json\/wp\/v2\/pages\/21917"}],"collection":[{"href":"https:\/\/www.ifbaiano.edu.br\/unidades\/bonfim\/wp-json\/wp\/v2\/pages"}],"about":[{"href":"https:\/\/www.ifbaiano.edu.br\/unidades\/bonfim\/wp-json\/wp\/v2\/types\/page"}],"author":[{"embeddable":true,"href":"https:\/\/www.ifbaiano.edu.br\/unidades\/bonfim\/wp-json\/wp\/v2\/users\/158"}],"replies":[{"embeddable":true,"href":"https:\/\/www.ifbaiano.edu.br\/unidades\/bonfim\/wp-json\/wp\/v2\/comments?post=21917"}],"version-history":[{"count":1,"href":"https:\/\/www.ifbaiano.edu.br\/unidades\/bonfim\/wp-json\/wp\/v2\/pages\/21917\/revisions"}],"predecessor-version":[{"id":21919,"href":"https:\/\/www.ifbaiano.edu.br\/unidades\/bonfim\/wp-json\/wp\/v2\/pages\/21917\/revisions\/21919"}],"wp:attachment":[{"href":"https:\/\/www.ifbaiano.edu.br\/unidades\/bonfim\/wp-json\/wp\/v2\/media?parent=21917"}],"curies":[{"name":"wp","href":"https:\/\/api.w.org\/{rel}","templated":true}]}}