{"id":21993,"date":"2025-06-13T16:52:32","date_gmt":"2025-06-13T19:52:32","guid":{"rendered":"https:\/\/www.ifbaiano.edu.br\/unidades\/bonfim\/?page_id=21993"},"modified":"2025-07-25T14:34:45","modified_gmt":"2025-07-25T17:34:45","slug":"processo-seletivo-simplificado-para-contratacao-de-estagiarios-de-nivel-superior-e-tecnico-de-nivel-medio","status":"publish","type":"page","link":"https:\/\/www.ifbaiano.edu.br\/unidades\/bonfim\/processo-seletivo-simplificado-para-contratacao-de-estagiarios-de-nivel-superior-e-tecnico-de-nivel-medio\/","title":{"rendered":"PROCESSO SELETIVO SIMPLIFICADO PARA CONTRATA\u00c7\u00c3O DE ESTAGI\u00c1RIOS DE N\u00cdVEL SUPERIOR E T\u00c9CNICO DE N\u00cdVEL M\u00c9DIO"},"content":{"rendered":"\n<div class=\"wp-block-columns is-layout-flex wp-container-4\">\n<div class=\"wp-block-column is-layout-flow\" style=\"flex-basis:66.66%\">\n<p><strong>O DIRETOR-GERAL DO INSTITUTO FEDERAL DE EDUCA\u00c7\u00c3O, CI\u00caNCIA E TECNOLOGIA BAIANO<\/strong><em> <\/em><em>CAMPUS<\/em> Senhor do Bonfim, no uso de suas atribui\u00e7\u00f5es legais no uso de suas atribui\u00e7\u00f5es delegadas pela Portaria n\u00ba 283 de 18\/03\/2022, publicado no DOU de 21\/03\/2022, Edi\u00e7\u00e3o 54 Se\u00e7\u00e3o 2, p\u00e1gina 26, e de acordo com as disposi\u00e7\u00f5es contidas na Lei n\u00ba 11.892, de 29\/12\/2008, e na Lei n\u00ba 8.112, de 11\/12\/1990, visando o treinamento de recursos humanos, torna p\u00fablica a abertura de inscri\u00e7\u00f5es destinada \u00e0 sele\u00e7\u00e3o de estagi\u00e1rio de <strong>N\u00edvel Superior e N\u00edvel M\u00e9dio na modalidade T\u00e9cnico<\/strong>, atrav\u00e9s do presente Edital, com o fim de atuarem nas depend\u00eancias do IF Baiano Campus Senhor do Bonfim<strong>, <\/strong>localizada na Estrada Estrada da Igara S\/N, Zona Rural CEP 48.970-000, Senhor do Bonfim\u2013 BA, nos termos da Lei 11.788 de 25 de setembro de 2008 e Instru\u00e7\u00e3o Normativa n\u00ba 213, de 17 de dezembro de 2019, estabelecendo suas regras e funcionamento, conforme disposi\u00e7\u00f5es a seguir:<\/p>\n<\/div>\n\n\n\n<div class=\"wp-block-column is-layout-flow\" style=\"flex-basis:33.33%\">\n<div class=\"wp-block-buttons is-content-justification-center is-layout-flex wp-container-2\">\n<div class=\"wp-block-button\"><a class=\"wp-block-button__link has-white-color has-text-color has-background wp-element-button\" href=\"https:\/\/docs.google.com\/forms\/d\/e\/1FAIpQLSdK23GxbsP8Q-f029y6NB8uwMVAga8-JuuERTbyKfgu-G7nyA\/viewform\" style=\"background-color:#0b7b52\">Inscreva-se Aqui<\/a><\/div>\n<\/div>\n<\/div>\n<\/div>\n\n\n\n<p><\/p>\n\n\n\n<strong><div id=\"TituloMenu\" class=\"dnone\"> Edital e Documentos<\/div> <\/strong><\/p><p>\n\n\n\n<p><\/p>\n\n\n\n<ul>\n<li><a href=\"https:\/\/www.ifbaiano.edu.br\/unidades\/bonfim\/files\/2025\/07\/resultado-Final-edital-37.2025-CAmpus-SBF.pdf\" data-type=\"URL\" data-id=\"https:\/\/www.ifbaiano.edu.br\/unidades\/bonfim\/files\/2025\/07\/resultado-Final-edital-37.2025-CAmpus-SBF.pdf\">Resultado Final<\/a><\/li>\n\n\n\n<li><a href=\"https:\/\/www.ifbaiano.edu.br\/unidades\/bonfim\/files\/2025\/07\/Resultado-Entrevista-Estagiarios-Nivel-medio-superior-Edtal-37.2025-Campus-SBF.pdf\" data-type=\"URL\" data-id=\"https:\/\/www.ifbaiano.edu.br\/unidades\/bonfim\/files\/2025\/07\/Resultado-Entrevista-Estagiarios-Nivel-medio-superior-Edtal-37.2025-Campus-SBF.pdf\">Resultado das Entrevistas<\/a><\/li>\n\n\n\n<li><a href=\"https:\/\/www.ifbaiano.edu.br\/unidades\/bonfim\/files\/2025\/07\/RESULTADO-DOS-RECURSOS-A-PROVA-ESCRITA-E-CARTA-DE-INTENCAO-%E2%80%93-18.07.2025.pdf\" data-type=\"URL\" data-id=\"https:\/\/www.ifbaiano.edu.br\/unidades\/bonfim\/files\/2025\/07\/RESULTADO-DOS-RECURSOS-A-PROVA-ESCRITA-E-CARTA-DE-INTENCAO-%E2%80%93-18.07.2025.pdf\">Resultado dos Recursos \u00e0 Prova Escrita e Carta de Inten\u00e7\u00e3o<\/a><\/li>\n\n\n\n<li><a href=\"https:\/\/www.ifbaiano.edu.br\/unidades\/bonfim\/files\/2025\/07\/Resultado-prova-escrita-EDITAL-No-37-de-13-de-junho-de-2025.pdf\" data-type=\"URL\" data-id=\"https:\/\/www.ifbaiano.edu.br\/unidades\/bonfim\/files\/2025\/07\/Resultado-prova-escrita-EDITAL-No-37-de-13-de-junho-de-2025.pdf\">Resultado Prova Escrita e Carta de Inten\u00e7\u00e3o<\/a><\/li>\n\n\n\n<li><a href=\"https:\/\/www.ifbaiano.edu.br\/unidades\/bonfim\/files\/2025\/07\/Convocacao-para-prova-Escrita-e-Carta-de-Intencao-Edital-n%C2%B037.pdf\" data-type=\"URL\" data-id=\"https:\/\/www.ifbaiano.edu.br\/unidades\/bonfim\/files\/2025\/07\/Convocacao-para-prova-Escrita-e-Carta-de-Intencao-Edital-n%C2%B037.pdf\">Convoca\u00e7\u00e3o para Prova Escrita e Carta de Inten\u00e7\u00e3o<\/a><\/li>\n\n\n\n<li><a href=\"https:\/\/mail.ifbaiano.edu.br\/service\/home\/~\/?auth=co&amp;loc=pt_BR&amp;id=25577&amp;part=2\" data-type=\"URL\" data-id=\"https:\/\/mail.ifbaiano.edu.br\/service\/home\/~\/?auth=co&amp;loc=pt_BR&amp;id=25577&amp;part=2\">Resultado Recursos ao Deferimento das Inscri\u00e7\u00f5es<\/a><\/li>\n\n\n\n<li><a href=\"https:\/\/mail.ifbaiano.edu.br\/service\/home\/~\/?auth=co&amp;loc=pt_BR&amp;id=25496&amp;part=2\" data-type=\"URL\" data-id=\"https:\/\/mail.ifbaiano.edu.br\/service\/home\/~\/?auth=co&amp;loc=pt_BR&amp;id=25496&amp;part=2\">Resultado de Homologa\u00e7\u00e3o das Inscri\u00e7\u00f5es<\/a><\/li>\n\n\n\n<li><a href=\"https:\/\/www.ifbaiano.edu.br\/unidades\/bonfim\/files\/2025\/07\/3-a-RETIFICACAO-DO-EDITAL-No-37-DE-13-DE-JUNHO-DE-2025.pdf\" data-type=\"URL\" data-id=\"https:\/\/www.ifbaiano.edu.br\/unidades\/bonfim\/files\/2025\/07\/3-a-RETIFICACAO-DO-EDITAL-No-37-DE-13-DE-JUNHO-DE-2025.pdf\">Retifica\u00e7\u00e3o 03 ao edital n\u00b037 de 13 de junho de 2025<\/a><\/li>\n\n\n\n<li><a href=\"https:\/\/www.ifbaiano.edu.br\/unidades\/bonfim\/files\/2025\/06\/Edital-de-Retificacao-n%C2%B02-ao-edital-N%C2%B037-de-13-de-junho-de-2025.pdf\" data-type=\"URL\" data-id=\"https:\/\/www.ifbaiano.edu.br\/unidades\/bonfim\/files\/2025\/06\/Edital-de-Retificacao-n%C2%B02-ao-edital-N%C2%B037-de-13-de-junho-de-2025.pdf\">Retifica\u00e7\u00e3o 02 ao edital n\u00b037 de 13 de junho de 2025<\/a><\/li>\n\n\n\n<li><a href=\"https:\/\/www.ifbaiano.edu.br\/unidades\/bonfim\/files\/2025\/06\/Edital-de-Retificacao-n%C2%B038-de-17-Junho-2025.pdf\" data-type=\"URL\" data-id=\"https:\/\/www.ifbaiano.edu.br\/unidades\/bonfim\/files\/2025\/06\/Edital-de-Retificacao-n%C2%B038-de-17-Junho-2025.pdf\">Edital Retificado n\u00b038 de 17 de junho 2025<\/a><\/li>\n\n\n\n<li><strong><a href=\"https:\/\/www.ifbaiano.edu.br\/unidades\/bonfim\/files\/2025\/06\/Edital-Processo-Seletivo-Simplificado-Estagiario-Nivel-Superior-e-Nivel-Tecnico.pdf\" data-type=\"URL\" data-id=\"https:\/\/www.ifbaiano.edu.br\/unidades\/bonfim\/files\/2025\/06\/Edital-Processo-Seletivo-Simplificado-Estagiario-Nivel-Superior-e-Nivel-Tecnico.pdf\">Edital n\u00ba 37, de 13 de junho de 2025.<\/a><\/strong><\/li>\n<\/ul>\n","protected":false},"excerpt":{"rendered":"<p>O DIRETOR-GERAL DO INSTITUTO FEDERAL DE EDUCA\u00c7\u00c3O, CI\u00caNCIA E TECNOLOGIA BAIANO CAMPUS Senhor do Bonfim, no uso de suas atribui\u00e7\u00f5es legais no uso de suas atribui\u00e7\u00f5es delegadas pela Portaria n\u00ba 283 de 18\/03\/2022, publicado no DOU de 21\/03\/2022, Edi\u00e7\u00e3o 54 Se\u00e7\u00e3o 2, p\u00e1gina 26, e de acordo com as disposi\u00e7\u00f5es contidas na Lei n\u00ba 11.892, [&hellip;]<\/p>\n","protected":false},"author":158,"featured_media":0,"parent":0,"menu_order":0,"comment_status":"closed","ping_status":"closed","template":"","meta":[],"_links":{"self":[{"href":"https:\/\/www.ifbaiano.edu.br\/unidades\/bonfim\/wp-json\/wp\/v2\/pages\/21993"}],"collection":[{"href":"https:\/\/www.ifbaiano.edu.br\/unidades\/bonfim\/wp-json\/wp\/v2\/pages"}],"about":[{"href":"https:\/\/www.ifbaiano.edu.br\/unidades\/bonfim\/wp-json\/wp\/v2\/types\/page"}],"author":[{"embeddable":true,"href":"https:\/\/www.ifbaiano.edu.br\/unidades\/bonfim\/wp-json\/wp\/v2\/users\/158"}],"replies":[{"embeddable":true,"href":"https:\/\/www.ifbaiano.edu.br\/unidades\/bonfim\/wp-json\/wp\/v2\/comments?post=21993"}],"version-history":[{"count":15,"href":"https:\/\/www.ifbaiano.edu.br\/unidades\/bonfim\/wp-json\/wp\/v2\/pages\/21993\/revisions"}],"predecessor-version":[{"id":22193,"href":"https:\/\/www.ifbaiano.edu.br\/unidades\/bonfim\/wp-json\/wp\/v2\/pages\/21993\/revisions\/22193"}],"wp:attachment":[{"href":"https:\/\/www.ifbaiano.edu.br\/unidades\/bonfim\/wp-json\/wp\/v2\/media?parent=21993"}],"curies":[{"name":"wp","href":"https:\/\/api.w.org\/{rel}","templated":true}]}}