{"id":22080,"date":"2025-07-08T12:10:41","date_gmt":"2025-07-08T15:10:41","guid":{"rendered":"https:\/\/www.ifbaiano.edu.br\/unidades\/bonfim\/?page_id=22080"},"modified":"2025-07-17T12:20:34","modified_gmt":"2025-07-17T15:20:34","slug":"selecao-de-estagio-para-o-nucleo-de-tecnologia-da-informacao","status":"publish","type":"page","link":"https:\/\/www.ifbaiano.edu.br\/unidades\/bonfim\/selecao-de-estagio-para-o-nucleo-de-tecnologia-da-informacao\/","title":{"rendered":"SELE\u00c7\u00c3O DE EST\u00c1GIO PARA O N\u00daCLEO DE TECNOLOGIA DA INFORMA\u00c7\u00c3O"},"content":{"rendered":"\n<p>O DIRETOR-GERAL DO INSTITUTO FEDERAL DE EDUCA\u00c7\u00c3O, CI\u00caNCIA E TECNOLOGIA BAIANO \u2013 CAMPUS SENHOR DO BONFIM, no uso de suas atribui\u00e7\u00f5es delegadas pela Portaria n\u00b0 283 de 18 de mar\u00e7o de 2022. Publicada no Di\u00e1rio Oficial de Uni\u00e3o do dia 21 de mar\u00e7o de 2022. Se\u00e7\u00e3o 2. p\u00e1gina 54, e de acordo com as disposi\u00e7\u00f5es contidas na Lei n\u00b0 11.892, de 29\/12\/2008, e na Lei n\u00b0 8.112, de 11\/12\/1990, no Regimento Geral do IF Baiano e na Portaria Norma va 13\/2022 &#8211; RETGAB\/RET\/IFBAIANO, de 11 de mar\u00e7o de 2022 e suas altera\u00e7\u00f5es, torna p\u00fablico o presente edital, para o preenchimento de 02 (duas) vagas de est\u00e1gio volunt\u00e1rio no N\u00facleo de Tecnologia da Informa\u00e7\u00e3o, para discentes do curso T\u00e9cnico em Inform\u00e1tica desta institui\u00e7\u00e3o de ensino.<\/p>\n\n\n\n<strong><div id=\"TituloMenu\" class=\"dnone\"> EDITAL E DOCUMENTOS<\/div> <\/strong><\/p><p>\n\n\n\n<ul>\n<li><a href=\"https:\/\/www.ifbaiano.edu.br\/unidades\/bonfim\/files\/2025\/07\/Resultado-Final-Selecao-Estagio-Curricular-Interno-Tecnico-Informatica.pdf\" data-type=\"URL\" data-id=\"https:\/\/www.ifbaiano.edu.br\/unidades\/bonfim\/files\/2025\/07\/Resultado-Final-Selecao-Estagio-Curricular-Interno-Tecnico-Informatica.pdf\">Resultado Final<\/a><\/li>\n\n\n\n<li><a href=\"https:\/\/www.ifbaiano.edu.br\/unidades\/bonfim\/files\/2025\/07\/Edital-42.2025-SELECAO-DE-ESTAGIO-PARA-O-NUCLEO-DE-TECNOLOGIA-DA-INFORMACAO.pdf\" data-type=\"URL\" data-id=\"https:\/\/www.ifbaiano.edu.br\/unidades\/bonfim\/files\/2025\/07\/Edital-42.2025-SELECAO-DE-ESTAGIO-PARA-O-NUCLEO-DE-TECNOLOGIA-DA-INFORMACAO.pdf\">Resultado Preliminar de Sele\u00e7\u00e3o<\/a><\/li>\n\n\n\n<li><a href=\"https:\/\/www.ifbaiano.edu.br\/unidades\/bonfim\/files\/2025\/07\/Edital-Interno-n%C2%B042-Selecao-de-estagiario-para-o-Nucleo-de-Tecnologia-da-Informacao.pdf\" data-type=\"URL\" data-id=\"https:\/\/www.ifbaiano.edu.br\/unidades\/bonfim\/files\/2025\/07\/Edital-Interno-n%C2%B042-Selecao-de-estagiario-para-o-Nucleo-de-Tecnologia-da-Informacao.pdf\">Edital Interno N\u00b042<\/a><\/li>\n<\/ul>\n","protected":false},"excerpt":{"rendered":"<p>O DIRETOR-GERAL DO INSTITUTO FEDERAL DE EDUCA\u00c7\u00c3O, CI\u00caNCIA E TECNOLOGIA BAIANO \u2013 CAMPUS SENHOR DO BONFIM, no uso de suas atribui\u00e7\u00f5es delegadas pela Portaria n\u00b0 283 de 18 de mar\u00e7o de 2022. Publicada no Di\u00e1rio Oficial de Uni\u00e3o do dia 21 de mar\u00e7o de 2022. Se\u00e7\u00e3o 2. p\u00e1gina 54, e de acordo com as disposi\u00e7\u00f5es [&hellip;]<\/p>\n","protected":false},"author":158,"featured_media":0,"parent":0,"menu_order":0,"comment_status":"closed","ping_status":"closed","template":"","meta":[],"_links":{"self":[{"href":"https:\/\/www.ifbaiano.edu.br\/unidades\/bonfim\/wp-json\/wp\/v2\/pages\/22080"}],"collection":[{"href":"https:\/\/www.ifbaiano.edu.br\/unidades\/bonfim\/wp-json\/wp\/v2\/pages"}],"about":[{"href":"https:\/\/www.ifbaiano.edu.br\/unidades\/bonfim\/wp-json\/wp\/v2\/types\/page"}],"author":[{"embeddable":true,"href":"https:\/\/www.ifbaiano.edu.br\/unidades\/bonfim\/wp-json\/wp\/v2\/users\/158"}],"replies":[{"embeddable":true,"href":"https:\/\/www.ifbaiano.edu.br\/unidades\/bonfim\/wp-json\/wp\/v2\/comments?post=22080"}],"version-history":[{"count":5,"href":"https:\/\/www.ifbaiano.edu.br\/unidades\/bonfim\/wp-json\/wp\/v2\/pages\/22080\/revisions"}],"predecessor-version":[{"id":22148,"href":"https:\/\/www.ifbaiano.edu.br\/unidades\/bonfim\/wp-json\/wp\/v2\/pages\/22080\/revisions\/22148"}],"wp:attachment":[{"href":"https:\/\/www.ifbaiano.edu.br\/unidades\/bonfim\/wp-json\/wp\/v2\/media?parent=22080"}],"curies":[{"name":"wp","href":"https:\/\/api.w.org\/{rel}","templated":true}]}}