{"id":22130,"date":"2025-07-15T07:30:11","date_gmt":"2025-07-15T10:30:11","guid":{"rendered":"https:\/\/www.ifbaiano.edu.br\/unidades\/bonfim\/?page_id=22130"},"modified":"2025-07-23T15:14:07","modified_gmt":"2025-07-23T18:14:07","slug":"selecao-de-estagio-curricular-para-alunos-do-curso-tecnico-subsequente-em-alimentos","status":"publish","type":"page","link":"https:\/\/www.ifbaiano.edu.br\/unidades\/bonfim\/selecao-de-estagio-curricular-para-alunos-do-curso-tecnico-subsequente-em-alimentos\/","title":{"rendered":"SELE\u00c7\u00c3O DE EST\u00c1GIO CURRICULAR PARA ALUNOS DO CURSO T\u00c9CNICO SUBSEQUENTE EM ALIMENTOS"},"content":{"rendered":"\n<p>O Diretor-Geral do Instituto Federal de Educa\u00e7\u00e3o, Ci\u00eancia e Tecnologia Baiano &#8211; IF Baiano \u2013 Campus Senhor do Bonfim, no uso de suas atribui\u00e7\u00f5es legais, conforme lhe confere a Portaria n\u00b0 283, de 18 de mar\u00e7o de 2022, publicada no Di\u00e1rio Oficial da Uni\u00e3o em 21 de mar\u00e7o de 2022, Se\u00e7\u00e3o 2, p\u00e1gina 54, e de acordo com as disposi\u00e7\u00f5es contidas na Lei n\u00ba 11.892, de 29\/12\/2008, publicada no DOU de 30\/12\/2008, no Regimento Geral do IF Baiano e na Portaria Normativa 13\/2022 &#8211; RET GAB\/RET\/IFBAIANO, de 11 de mar\u00e7o de 2022 e suas altera\u00e7\u00f5es, torna p\u00fablico o presente edital para o preenchimento de 02 (duas) vagas de Est\u00e1gio Curricular Obrigat\u00f3rio na Agroind\u00fastria do Campus por alunos do Curso T\u00e9cnico Subsequente em Alimentos desta Institui\u00e7\u00e3o Federal de Ensino.<\/p>\n\n\n\n<strong><div id=\"TituloMenu\" class=\"dnone\"> Editais e Documentos<\/div> <\/strong><\/p><p>\n\n\n\n<ul>\n<li><a href=\"https:\/\/www.ifbaiano.edu.br\/unidades\/bonfim\/files\/2025\/07\/Resultado-Final-Edital-44.2025-SELEcao-interna-de-ESTaGIO-curricular-alimentos.pdf\" data-type=\"URL\" data-id=\"https:\/\/www.ifbaiano.edu.br\/unidades\/bonfim\/files\/2025\/07\/Resultado-Final-Edital-44.2025-SELEcao-interna-de-ESTaGIO-curricular-alimentos.pdf\">Resultado Final<\/a><\/li>\n\n\n\n<li><a href=\"https:\/\/www.ifbaiano.edu.br\/unidades\/bonfim\/files\/2025\/07\/Resultado-Preliminar-da-Selecao-de-Estagio-Curricular-Interno-Subsequente-Alimentos.pdf\" data-type=\"URL\" data-id=\"https:\/\/www.ifbaiano.edu.br\/unidades\/bonfim\/files\/2025\/07\/Resultado-Preliminar-da-Selecao-de-Estagio-Curricular-Interno-Subsequente-Alimentos.pdf\">Resultado Preliminar<\/a><\/li>\n\n\n\n<li><a href=\"https:\/\/www.ifbaiano.edu.br\/unidades\/bonfim\/files\/2025\/07\/Selecao-interna-de-Estagio-curricular-obrigatorio-na-Agroindustria-do-Campus.pdf\" data-type=\"URL\" data-id=\"https:\/\/www.ifbaiano.edu.br\/unidades\/bonfim\/files\/2025\/07\/Selecao-interna-de-Estagio-curricular-obrigatorio-na-Agroindustria-do-Campus.pdf\">Edital<\/a><\/li>\n<\/ul>\n","protected":false},"excerpt":{"rendered":"<p>O Diretor-Geral do Instituto Federal de Educa\u00e7\u00e3o, Ci\u00eancia e Tecnologia Baiano &#8211; IF Baiano \u2013 Campus Senhor do Bonfim, no uso de suas atribui\u00e7\u00f5es legais, conforme lhe confere a Portaria n\u00b0 283, de 18 de mar\u00e7o de 2022, publicada no Di\u00e1rio Oficial da Uni\u00e3o em 21 de mar\u00e7o de 2022, Se\u00e7\u00e3o 2, p\u00e1gina 54, e [&hellip;]<\/p>\n","protected":false},"author":158,"featured_media":0,"parent":0,"menu_order":0,"comment_status":"closed","ping_status":"closed","template":"","meta":[],"_links":{"self":[{"href":"https:\/\/www.ifbaiano.edu.br\/unidades\/bonfim\/wp-json\/wp\/v2\/pages\/22130"}],"collection":[{"href":"https:\/\/www.ifbaiano.edu.br\/unidades\/bonfim\/wp-json\/wp\/v2\/pages"}],"about":[{"href":"https:\/\/www.ifbaiano.edu.br\/unidades\/bonfim\/wp-json\/wp\/v2\/types\/page"}],"author":[{"embeddable":true,"href":"https:\/\/www.ifbaiano.edu.br\/unidades\/bonfim\/wp-json\/wp\/v2\/users\/158"}],"replies":[{"embeddable":true,"href":"https:\/\/www.ifbaiano.edu.br\/unidades\/bonfim\/wp-json\/wp\/v2\/comments?post=22130"}],"version-history":[{"count":3,"href":"https:\/\/www.ifbaiano.edu.br\/unidades\/bonfim\/wp-json\/wp\/v2\/pages\/22130\/revisions"}],"predecessor-version":[{"id":22178,"href":"https:\/\/www.ifbaiano.edu.br\/unidades\/bonfim\/wp-json\/wp\/v2\/pages\/22130\/revisions\/22178"}],"wp:attachment":[{"href":"https:\/\/www.ifbaiano.edu.br\/unidades\/bonfim\/wp-json\/wp\/v2\/media?parent=22130"}],"curies":[{"name":"wp","href":"https:\/\/api.w.org\/{rel}","templated":true}]}}