{"id":22264,"date":"2025-08-08T19:57:28","date_gmt":"2025-08-08T22:57:28","guid":{"rendered":"https:\/\/www.ifbaiano.edu.br\/unidades\/bonfim\/?page_id=22264"},"modified":"2026-04-16T15:27:16","modified_gmt":"2026-04-16T18:27:16","slug":"integrado-ao-ensino-medio-modalidade-presencial-2026","status":"publish","type":"page","link":"https:\/\/www.ifbaiano.edu.br\/unidades\/bonfim\/integrado-ao-ensino-medio-modalidade-presencial-2026\/","title":{"rendered":"INTEGRADO AO ENSINO M\u00c9DIO \u2013 MODALIDADE PRESENCIAL \u2013 2026"},"content":{"rendered":"\n<p style=\"font-size:23px\"><strong>PROCESSO SELETIVO PARA INGRESSO DE ESTUDANTES NOS CURSOS DA EDUCA\u00c7\u00c3O PROFISSIONAL T\u00c9CNICA DE N\u00cdVEL M\u00c9DIO NA FORMA INTEGRADA AO ENSINO M\u00c9DIO \u2013 MODALIDADE PRESENCIAL<\/strong> <strong>2026<\/strong><\/p>\n\n\n\n<div class=\"wp-block-columns is-layout-flex wp-container-3\">\n<div class=\"wp-block-column is-layout-flow\" style=\"flex-basis:66.66%\">\n<strong><div id=\"TituloMenu\" class=\"dnone\"> APRESENTA\u00c7\u00c3O<\/div> <\/strong><\/p><p>\n<\/div>\n\n\n\n<div class=\"wp-block-column is-layout-flow\" style=\"flex-basis:33.33%\">\n<strong><div id=\"TituloMenu\" class=\"dnone\"> INSCRI\u00c7\u00d5ES<\/div> <\/strong><\/p><p>\n<\/div>\n<\/div>\n\n\n\n<div class=\"wp-block-columns is-layout-flex wp-container-8\">\n<div class=\"wp-block-column is-layout-flow\" style=\"flex-basis:66.66%\">\n<p>O DIRETOR-GERAL DO INSTITUTO FEDERAL DE EDUCA\u00c7\u00c3O, CI\u00caNCIA E TECNOLOGIA BAIANO (IF BAIANO) CAMPUS Senhor do Bonfim, no uso de suas atribui\u00e7\u00f5es delegadas pela Portaria n\u00b0 283 de 18 de mar\u00e7o de 2022. publicada no Di\u00e1rio Oficial de Uni\u00e3o do dia 21 de mar\u00e7o de 2022. Se\u00e7\u00e3o 2. p\u00e1gina 54, e de acordo com as disposi\u00e7\u00f5es contidas na Lei N\u00ba 11.892, de 29 de dezembro de 2008, e na Lei N\u00ba 8.112, de 11 de dezembro de 1990 , em conformidade com a Lei N\u00b0 9.394, de 20 de dezembro de 1996, e suas altera\u00e7\u00f5es e, ainda, considerando a Resolu\u00e7\u00e3o do Conselho Pleno do Conselho Nacional de Educa\u00e7\u00e3o (CNE\/CP) N\u00ba 04, de 17 de dezembro de 2018 ; o Decreto n\u00ba 11.016, de 29 de mar\u00e7o de 2022 ; a Lei n\u00ba 8.666, de 21 de junho de 1993 ; o Decreto N\u00ba 3.298, de 20 de dezembro de 1999 ; a Lei N\u00ba 12.764, de 27 de dezembro de 2012 ; a Lei N\u00ba 12.711, de 29 de agosto de 2012, e suas regulamenta\u00e7\u00f5es ; a Lei N\u00ba 10.741, de 1\u00ba de outubro de 2003 ; a Lei N\u00ba 13.409, de 28 de dezembro de 2016 ; o Decreto N\u00ba 7.824, de 11 de outubro de 2012 ; a Portaria do Minist\u00e9rio da Educa\u00e7\u00e3o (MEC) N\u00ba 18, de 11 de outubro de 2012, e suas altera\u00e7\u00f5es , observando o disposto na Resolu\u00e7\u00e3o N\u00ba 153\/2021 -OS-CONSUP\/IFBAIANO, de 18 de agosto de 2021 , na Instru\u00e7\u00e3o Normativa 67\/2023 &#8211; RET-GAB\/RET\/IFBAIANO, de 13 de setembro de 2023 , na Portaria Normativa 19\/2023 &#8211; RET-GAB\/RET\/IFBAIANO, de 21 de setembro de 2023 e na legisla\u00e7\u00e3o concernente , torna p\u00fablica a abertura de inscri\u00e7\u00f5es para o <strong>Processo Seletivo de Ingresso de estudantes no ano 2026, referente aos cursos da Educa\u00e7\u00e3o Profissional T\u00e9cnica de N\u00edvel M\u00e9dio (EPTNM), na FORMA INTEGRADA ao ensino m\u00e9dio, ofertados no Campus Senhor do Bonfim<\/strong>.<\/p>\n\n\n\n<p><a href=\"https:\/\/www.ifbaiano.edu.br\/unidades\/bonfim\/files\/2025\/08\/01-MANUAL-DE-INSCRICAO-CURSOS-INTEGRADOS.pdf\" data-type=\"URL\" data-id=\"https:\/\/www.ifbaiano.edu.br\/unidades\/bonfim\/files\/2025\/08\/01-MANUAL-DE-INSCRICAO-CURSOS-INTEGRADOS.pdf\"><mark style=\"background-color:#fcb900\" class=\"has-inline-color has-black-color\">Manual de Inscri\u00e7\u00e3o do Candidato<\/mark><\/a><\/p>\n\n\n\n<p class=\"has-white-color has-text-color\"><a href=\"https:\/\/youtu.be\/TkuQ7FOOIhM\"><mark style=\"background-color:#fcb900\" class=\"has-inline-color has-black-color\">CLIQUE AQUI A APRENDA A INTERPOR RECURSOS CONTRA A N\u00c3O HOMOLOGA\u00c7\u00c3O DA SUA INSCRI\u00c7\u00c3O<\/mark><\/a><\/p>\n<\/div>\n\n\n\n<div class=\"wp-block-column is-layout-flow\" style=\"flex-basis:33.33%\">\n<p>Inscri\u00e7\u00f5es:&nbsp;<strong>01\/09 a 19\/10\/2025<\/strong><\/p>\n\n\n\n<div class=\"wp-block-buttons is-content-justification-center is-layout-flex wp-container-5\">\n<div class=\"wp-block-button\"><a class=\"wp-block-button__link has-white-color has-text-color has-background wp-element-button\" href=\"https:\/\/sgc.ifbaiano.edu.br\/edital\/visualizar\/305\/?campus=92&amp;curso=&amp;turno=\" style=\"background-color:#048455\">Inscreva-se Aqui<\/a><\/div>\n<\/div>\n\n\n\n<p>Inscri\u00e7\u00e3o presencial no ponto de apoio do Campus: De&nbsp;<strong>01\/09 a 17\/10<\/strong> <strong>em dias \u00fateis<\/strong>&nbsp;<strong>(08:00-12:00 \/ 14:00-16:00)<\/strong>&nbsp;no IF Baiano campus Bonfim, Estrada da Igara, s\/n \u2013 Zona Rural. CEP: 48970-000.<\/p>\n\n\n\n<p>Consulte o item 4 do edital<\/p>\n\n\n\n<div class=\"wp-block-buttons is-content-justification-center is-layout-flex wp-container-6\"><\/div>\n<\/div>\n<\/div>\n\n\n\n<strong><div id=\"TituloMenu\" class=\"dnone\"> EDITAL E DOCUMENTOS<\/div> <\/strong><\/p><p>\n\n\n\n<ul>\n<li><a href=\"https:\/\/www.ifbaiano.edu.br\/unidades\/bonfim\/files\/2026\/04\/5.5-Publicacao-8a-Chamada-Matricula.pdf\">8\u00b0 Chamada de Matr\u00edcula<\/a><\/li>\n\n\n\n<li><a href=\"https:\/\/www.ifbaiano.edu.br\/unidades\/bonfim\/files\/2026\/04\/7a-Chamada-Integrado-Matricula.pdf\">7\u00b0 Chamada de Matr\u00edcula<\/a><\/li>\n\n\n\n<li><a href=\"https:\/\/www.ifbaiano.edu.br\/unidades\/bonfim\/files\/2026\/04\/6a-Chamada-Matricula.pdf\" data-type=\"URL\" data-id=\"https:\/\/www.ifbaiano.edu.br\/unidades\/bonfim\/files\/2026\/04\/6a-Chamada-Matricula.pdf\">6\u00b0 Chamada de Matr\u00edcula<\/a><\/li>\n\n\n\n<li><a href=\"https:\/\/www.ifbaiano.edu.br\/unidades\/bonfim\/files\/2026\/03\/5a-chamada-Integrado-2026.pdf\" data-type=\"URL\" data-id=\"https:\/\/www.ifbaiano.edu.br\/unidades\/bonfim\/files\/2026\/03\/5a-chamada-Integrado-2026.pdf\">5\u00b0 Chamada de Matr\u00edcula<\/a><\/li>\n\n\n\n<li><a rel=\"noreferrer noopener\" href=\"https:\/\/www.ifbaiano.edu.br\/unidades\/bonfim\/files\/2026\/03\/4a-Chamada-Integrado.pdf\" target=\"_blank\">4\u00aa Chamada de Matr\u00edcula<\/a><\/li>\n\n\n\n<li><a rel=\"noreferrer noopener\" href=\"https:\/\/www.ifbaiano.edu.br\/unidades\/bonfim\/files\/2026\/03\/3a-chamada-de-matriculas-integrado.pdf\" data-type=\"URL\" data-id=\"https:\/\/www.ifbaiano.edu.br\/unidades\/bonfim\/files\/2026\/03\/3a-chamada-de-matriculas-integrado.pdf\" target=\"_blank\">3\u00aa Chamada de Matr\u00edcula<\/a><\/li>\n\n\n\n<li><a href=\"https:\/\/www.ifbaiano.edu.br\/unidades\/bonfim\/files\/2026\/03\/Retificacao-02-ao-Edital-n.-05.2026-Prosel-matricula.pdf\" data-type=\"URL\" data-id=\"https:\/\/www.ifbaiano.edu.br\/unidades\/bonfim\/files\/2026\/03\/Retificacao-02-ao-Edital-n.-05.2026-Prosel-matricula.pdf\" target=\"_blank\" rel=\"noreferrer noopener\">Retifica\u00e7\u00e3o n\u00ba 02 ao Edital n\u00ba 05\/2026<\/a><\/li>\n\n\n\n<li><a href=\"https:\/\/www.ifbaiano.edu.br\/unidades\/bonfim\/files\/2026\/03\/PUBLICACAO-CONVOCACAO-2a-CHAMADA-PARA-MATRICULA-INTEGRADO.pdf\" data-type=\"URL\" data-id=\"https:\/\/www.ifbaiano.edu.br\/unidades\/bonfim\/files\/2026\/03\/PUBLICACAO-CONVOCACAO-2a-CHAMADA-PARA-MATRICULA-INTEGRADO.pdf\">Lista Convocados 2\u00b0 Chamada Matr\u00edcula<\/a> <mark style=\"background-color:#fcb900\" class=\"has-inline-color has-black-color\">NOVO<\/mark><\/li>\n\n\n\n<li><a href=\"https:\/\/www.ifbaiano.edu.br\/unidades\/bonfim\/files\/2026\/03\/Reificacao-01-Edital-05.2026-Prosel-Matricula-integrados.pdf\" data-type=\"URL\" data-id=\"https:\/\/www.ifbaiano.edu.br\/unidades\/bonfim\/files\/2026\/03\/Reificacao-01-Edital-05.2026-Prosel-Matricula-integrados.pdf\">Retifica\u00e7\u00e3o 01 ao Edital n. 05.2026 &#8211; Prosel &#8211; matr\u00edcula 2026 &#8211; Integrados<\/a> <mark style=\"background-color:#fcb900\" class=\"has-inline-color has-black-color\">NOVO<\/mark><\/li>\n\n\n\n<li><a rel=\"noreferrer noopener\" href=\"https:\/\/www.ifbaiano.edu.br\/unidades\/bonfim\/files\/2026\/01\/documento-8.pdf\" target=\"_blank\">Lista de Convocados em 1a Chamada para Matr\u00edcula<\/a> <\/li>\n\n\n\n<li><a href=\"https:\/\/www.ifbaiano.edu.br\/unidades\/bonfim\/files\/2026\/01\/Documento-7-1.pdf\" data-type=\"URL\" data-id=\"https:\/\/www.ifbaiano.edu.br\/unidades\/bonfim\/files\/2025\/12\/RESULTADO-FINAL-INTEGRADO-2026.pdf\">Edital de Matr\u00edcula &#8211; Integrado ao ensino m\u00e9dio<\/a> <\/li>\n\n\n\n<li><a href=\"https:\/\/www.ifbaiano.edu.br\/unidades\/bonfim\/files\/2025\/12\/RESULTADO-FINAL-INTEGRADO-2026.pdf\" data-type=\"URL\" data-id=\"https:\/\/www.ifbaiano.edu.br\/unidades\/bonfim\/files\/2025\/12\/RESULTADO-FINAL-INTEGRADO-2026.pdf\">Resultado Final<\/a> <\/li>\n\n\n\n<li><a href=\"https:\/\/www.ifbaiano.edu.br\/unidades\/bonfim\/files\/2025\/12\/PUBLICACAO-DO-RESULTADO-DOS-RECURSOS-DA-CLASSIFICACAO-PRELIMINAR-INTEGRADO-2026.pdf\" data-type=\"URL\" data-id=\"https:\/\/www.ifbaiano.edu.br\/unidades\/bonfim\/files\/2025\/12\/PUBLICACAO-DO-RESULTADO-DOS-RECURSOS-DA-CLASSIFICACAO-PRELIMINAR-INTEGRADO-2026.pdf\">Recursos Classifica\u00e7\u00e3o Preliminar<\/a> <\/li>\n\n\n\n<li><a href=\"https:\/\/www.ifbaiano.edu.br\/unidades\/bonfim\/files\/2025\/12\/Edital-de-Retificacao-N%C2%B004-Integrado-2026.pdf\" data-type=\"URL\" data-id=\"https:\/\/www.ifbaiano.edu.br\/unidades\/bonfim\/files\/2025\/12\/Edital-de-Retificacao-N%C2%B004-Integrado-2026.pdf\">Edital de Retifica\u00e7\u00e3o N\u00b0 04<\/a> <\/li>\n\n\n\n<li><a href=\"https:\/\/www.ifbaiano.edu.br\/unidades\/bonfim\/files\/2025\/12\/RESULTADO-PRELIMINAR-INTEGRADO-2026.pdf\" data-type=\"URL\" data-id=\"https:\/\/www.ifbaiano.edu.br\/unidades\/bonfim\/files\/2025\/12\/RESULTADO-PRELIMINAR-INTEGRADO-2026.pdf\">Resultado Preliminar<\/a> <\/li>\n\n\n\n<li><a href=\"https:\/\/www.ifbaiano.edu.br\/unidades\/bonfim\/files\/2025\/11\/Resultado-da-Heteroidentificacao.pdf\">Resultado Final da Banca Heteroidentifica\u00e7\u00e3o<\/a><\/li>\n\n\n\n<li><a href=\"https:\/\/www.ifbaiano.edu.br\/unidades\/bonfim\/files\/2025\/11\/Resultado-dos-recursos-contra-a-banca-de-heteroidentificacao-Integrado.pdf\">Resultado dos Recursos contra a lista Preliminar da Banca de Heteroidentifica\u00e7\u00e3o<\/a><\/li>\n\n\n\n<li><a href=\"https:\/\/www.ifbaiano.edu.br\/unidades\/bonfim\/files\/2025\/11\/RETIFICACAO-AO-RESULTADO-PRELIMINAR-DA-BANCA-DE-HETEROIDENTIFICACAO-INTEGRADO.pdf\" data-type=\"URL\" data-id=\"https:\/\/www.ifbaiano.edu.br\/unidades\/bonfim\/files\/2025\/11\/RETIFICACAO-AO-RESULTADO-PRELIMINAR-DA-BANCA-DE-HETEROIDENTIFICACAO-INTEGRADO.pdf\">Retifica\u00e7\u00e3o ao Resultado Preliminar Banca Heteroidentifica\u00e7\u00e3o<\/a><\/li>\n\n\n\n<li><a href=\"https:\/\/www.ifbaiano.edu.br\/unidades\/bonfim\/files\/2025\/11\/Resultado-Preliminar-Banca-Heteroidentificacao-Integrado-2026.pdf\" data-type=\"URL\" data-id=\"https:\/\/www.ifbaiano.edu.br\/unidades\/bonfim\/files\/2025\/11\/Resultado-Preliminar-Banca-Heteroidentificacao-Integrado-2026.pdf\">Resultado Preliminar Banca Heteroidentifica\u00e7\u00e3o<\/a><\/li>\n\n\n\n<li><a href=\"https:\/\/www.ifbaiano.edu.br\/unidades\/bonfim\/files\/2025\/11\/Planilha-de-Controle-ATUALIZADA-Processo-Seletivo-Integrados-SGC-2025-Modelo-4.4-Publicacao-Convocacao-Heteroidentificacao-1.pdf\" data-type=\"URL\" data-id=\"https:\/\/www.ifbaiano.edu.br\/unidades\/bonfim\/files\/2025\/11\/Planilha-de-Controle-ATUALIZADA-Processo-Seletivo-Integrados-SGC-2025-Modelo-4.4-Publicacao-Convocacao-Heteroidentificacao-1.pdf\">Convoca\u00e7\u00e3o Banca Heteroidentifica\u00e7\u00e3o<\/a> (REPUBLICADO)<\/li>\n\n\n\n<li><a href=\"https:\/\/www.ifbaiano.edu.br\/unidades\/bonfim\/files\/2025\/11\/PUBLICACAO_DO_RESULTADO_DA_ANALISE_DO_HISTORICO_ESCOLAR_assinado.pdf\">Resultado Final da an\u00e1lise do Hist\u00f3rico Escolar<\/a><\/li>\n\n\n\n<li><a href=\"https:\/\/www.ifbaiano.edu.br\/unidades\/bonfim\/files\/2025\/11\/Curriculo-dos-membros-da-banca-de-VERIFICACAO-da-autodeclaracao-Prosel-2026.pdf\" data-type=\"URL\" data-id=\"https:\/\/www.ifbaiano.edu.br\/unidades\/bonfim\/files\/2025\/11\/Curriculo-dos-membros-da-banca-de-VERIFICACAO-da-autodeclaracao-Prosel-2026.pdf\">Curr\u00edculo Membros Banca Heteroidentifica\u00e7\u00e3o<\/a><\/li>\n\n\n\n<li><a href=\"https:\/\/www.ifbaiano.edu.br\/unidades\/bonfim\/files\/2025\/11\/CONVOCACAO-PARA-A-BANCA-DE-HETEROIDENTIFICACAO-INTEGRADO-2026.pdf\" data-type=\"URL\" data-id=\"https:\/\/www.ifbaiano.edu.br\/unidades\/bonfim\/files\/2025\/11\/CONVOCACAO-PARA-A-BANCA-DE-HETEROIDENTIFICACAO-INTEGRADO-2026.pdf\">Convoca\u00e7\u00e3o Banca Heteroidentifica\u00e7\u00e3o<\/a><\/li>\n\n\n\n<li><a href=\"https:\/\/www.ifbaiano.edu.br\/unidades\/bonfim\/files\/2025\/11\/RESULTADO-DOS-RECURSOS-CONTRA-A-ANALISE-DO-HISTORICO-ESCOLAR-INTEGRADO-2026.pdf\" data-type=\"URL\" data-id=\"https:\/\/www.ifbaiano.edu.br\/unidades\/bonfim\/files\/2025\/11\/RESULTADO-DOS-RECURSOS-CONTRA-A-ANALISE-DO-HISTORICO-ESCOLAR-INTEGRADO-2026.pdf\">Resultado Recursos An\u00e1lise Hist\u00f3rico Escolar<\/a><\/li>\n\n\n\n<li><a rel=\"noreferrer noopener\" href=\"https:\/\/www.ifbaiano.edu.br\/unidades\/bonfim\/files\/2025\/11\/Publicacao-do-Resultado-Preliminar-Historico-Escolar-Integrado-2026.pdf\" target=\"_blank\">Resultado preliminar da An\u00e1lise de Hist\u00f3rico Escolar<\/a>&nbsp;<\/li>\n\n\n\n<li><a href=\"https:\/\/www.ifbaiano.edu.br\/unidades\/bonfim\/files\/2025\/10\/Lista-final-de-inscricoes-homologadas-Integrado-2026.pdf\" data-type=\"URL\" data-id=\"https:\/\/www.ifbaiano.edu.br\/unidades\/bonfim\/files\/2025\/10\/Lista-final-de-inscricoes-homologadas-Integrado-2026.pdf\">Lista Final de Inscri\u00e7\u00f5es Homologadas<\/a> <\/li>\n\n\n\n<li><a href=\"https:\/\/www.ifbaiano.edu.br\/unidades\/bonfim\/files\/2025\/10\/Resultados-dos-recursos-contra-a-lista-preliminar-de-inscricoes-homologadas-Integrado-2026.pdf\" data-type=\"URL\" data-id=\"https:\/\/www.ifbaiano.edu.br\/unidades\/bonfim\/files\/2025\/10\/Resultados-dos-recursos-contra-a-lista-preliminar-de-inscricoes-homologadas-Integrado-2026.pdf\">Resultado Recursos contra lista Preliminar de Inscri\u00e7\u00f5es Homologadas<\/a> <\/li>\n\n\n\n<li><a href=\"https:\/\/www.ifbaiano.edu.br\/unidades\/bonfim\/files\/2025\/10\/Retificacao-n%C2%B003-ao-Edital-n%C2%B054-de-27-de-agosto-de-2024.pdf\" data-type=\"URL\" data-id=\"https:\/\/www.ifbaiano.edu.br\/unidades\/bonfim\/files\/2025\/10\/Retificacao-n%C2%B003-ao-Edital-n%C2%B054-de-27-de-agosto-de-2024.pdf\">Edital de Retifica\u00e7\u00e3o n\u00b003<\/a> <\/li>\n\n\n\n<li><a href=\"https:\/\/www.ifbaiano.edu.br\/unidades\/bonfim\/files\/2025\/10\/Retificacao-n%C2%B002-ao-Edital-n%C2%B054-de-27-de-agosto-de-2024.pdf\" data-type=\"URL\" data-id=\"https:\/\/www.ifbaiano.edu.br\/unidades\/bonfim\/files\/2025\/10\/Retificacao-n%C2%B002-ao-Edital-n%C2%B054-de-27-de-agosto-de-2024.pdf\">Edital de Retifica\u00e7\u00e3o n\u00b002<\/a> <\/li>\n\n\n\n<li><a href=\"https:\/\/www.ifbaiano.edu.br\/unidades\/bonfim\/files\/2025\/10\/Llista-preliminar-inscricoes-homologadas-Integrado-Final.pdf\" data-type=\"URL\" data-id=\"https:\/\/www.ifbaiano.edu.br\/unidades\/bonfim\/files\/2025\/10\/Publicacao-Lista-preliminar-de-inscricoes-homologadas.pdf\">Lista Preliminar de Inscri\u00e7\u00f5es Homologadas<\/a>  <\/li>\n\n\n\n<li><a href=\"https:\/\/www.ifbaiano.edu.br\/unidades\/bonfim\/files\/2025\/10\/Edital-de-Re-ficacao-no-58-de-14-de-outubro-de-2025-Integrado.pdf\" data-type=\"URL\" data-id=\"https:\/\/www.ifbaiano.edu.br\/unidades\/bonfim\/files\/2025\/10\/Edital-de-Re-ficacao-no-58-de-14-de-outubro-de-2025-Integrado.pdf\">Edital de Retifica\u00e7\u00e3o n\u00b058<\/a> <\/li>\n\n\n\n<li><a href=\"https:\/\/www.ifbaiano.edu.br\/unidades\/bonfim\/files\/2025\/09\/ANEXO-VI-FICHA-DE-MATRICULA.pdf\" data-type=\"URL\" data-id=\"https:\/\/www.ifbaiano.edu.br\/unidades\/bonfim\/files\/2025\/09\/ANEXO-VI-FICHA-DE-MATRICULA.pdf\">Anexo VI Ficha de Matr\u00edcula<\/a><\/li>\n\n\n\n<li><a href=\"https:\/\/www.ifbaiano.edu.br\/unidades\/bonfim\/files\/2025\/09\/ANEXO-V-DECLARACAO-DE-COMUNIDADE-QUILOMBOLA.pdf\" data-type=\"URL\" data-id=\"https:\/\/www.ifbaiano.edu.br\/unidades\/bonfim\/files\/2025\/09\/ANEXO-V-DECLARACAO-DE-COMUNIDADE-QUILOMBOLA.pdf\">Anexo V Declara\u00e7\u00e3o de Comunidade Quilombola<\/a><\/li>\n\n\n\n<li><a href=\"https:\/\/www.ifbaiano.edu.br\/unidades\/bonfim\/files\/2025\/09\/ANEXO-IV-FORMULARIO-PARA-RECURSO.pdf\" data-type=\"URL\" data-id=\"https:\/\/www.ifbaiano.edu.br\/unidades\/bonfim\/files\/2025\/09\/ANEXO-IV-FORMULARIO-PARA-RECURSO.pdf\">Anexo IV Formul\u00e1rio para Recurso<\/a><\/li>\n\n\n\n<li><a href=\"https:\/\/www.ifbaiano.edu.br\/unidades\/bonfim\/files\/2025\/09\/ANEXO-III-AUTODECLARACAO-DE-RENDA-E-RENDA-FAMILIAR.pdf\" data-type=\"URL\" data-id=\"https:\/\/www.ifbaiano.edu.br\/unidades\/bonfim\/files\/2025\/09\/ANEXO-III-AUTODECLARACAO-DE-RENDA-E-RENDA-FAMILIAR.pdf\">Anexo III Autodeclara\u00e7\u00e3o de Renda<\/a><\/li>\n\n\n\n<li><a href=\"https:\/\/www.ifbaiano.edu.br\/unidades\/bonfim\/files\/2025\/09\/Anexo-II-Declaracao-Escolar-de-Ensino-Fudamental.pdf\" data-type=\"URL\" data-id=\"https:\/\/www.ifbaiano.edu.br\/unidades\/bonfim\/files\/2025\/09\/Anexo-II-Declaracao-Escolar-de-Ensino-Fudamental.pdf\">Anexo II Declara\u00e7\u00e3o Escolar de Ensino Fundamental<\/a><\/li>\n\n\n\n<li><a href=\"https:\/\/www.ifbaiano.edu.br\/unidades\/bonfim\/files\/2025\/08\/Edital-54.2025-Edital-54-27.08.2025-PROSEL-2026-curso-Integrados-em-Agropecuaria-Agroindustria-e-Informatica-Campus-SBF.pdf\">Edital n\u00ba 54 de 27 de agosto de 2025&nbsp;<\/a><\/li>\n<\/ul>\n","protected":false},"excerpt":{"rendered":"<p>PROCESSO SELETIVO PARA INGRESSO DE ESTUDANTES NOS CURSOS DA EDUCA\u00c7\u00c3O PROFISSIONAL T\u00c9CNICA DE N\u00cdVEL M\u00c9DIO NA FORMA INTEGRADA AO ENSINO M\u00c9DIO \u2013 MODALIDADE PRESENCIAL 2026 APRESENTA\u00c7\u00c3O INSCRI\u00c7\u00d5ES O DIRETOR-GERAL DO INSTITUTO FEDERAL DE EDUCA\u00c7\u00c3O, CI\u00caNCIA E TECNOLOGIA BAIANO (IF BAIANO) CAMPUS Senhor do Bonfim, no uso de suas atribui\u00e7\u00f5es delegadas pela Portaria n\u00b0 283 de [&hellip;]<\/p>\n","protected":false},"author":158,"featured_media":0,"parent":0,"menu_order":0,"comment_status":"closed","ping_status":"closed","template":"","meta":[],"_links":{"self":[{"href":"https:\/\/www.ifbaiano.edu.br\/unidades\/bonfim\/wp-json\/wp\/v2\/pages\/22264"}],"collection":[{"href":"https:\/\/www.ifbaiano.edu.br\/unidades\/bonfim\/wp-json\/wp\/v2\/pages"}],"about":[{"href":"https:\/\/www.ifbaiano.edu.br\/unidades\/bonfim\/wp-json\/wp\/v2\/types\/page"}],"author":[{"embeddable":true,"href":"https:\/\/www.ifbaiano.edu.br\/unidades\/bonfim\/wp-json\/wp\/v2\/users\/158"}],"replies":[{"embeddable":true,"href":"https:\/\/www.ifbaiano.edu.br\/unidades\/bonfim\/wp-json\/wp\/v2\/comments?post=22264"}],"version-history":[{"count":63,"href":"https:\/\/www.ifbaiano.edu.br\/unidades\/bonfim\/wp-json\/wp\/v2\/pages\/22264\/revisions"}],"predecessor-version":[{"id":23769,"href":"https:\/\/www.ifbaiano.edu.br\/unidades\/bonfim\/wp-json\/wp\/v2\/pages\/22264\/revisions\/23769"}],"wp:attachment":[{"href":"https:\/\/www.ifbaiano.edu.br\/unidades\/bonfim\/wp-json\/wp\/v2\/media?parent=22264"}],"curies":[{"name":"wp","href":"https:\/\/api.w.org\/{rel}","templated":true}]}}