{"id":22482,"date":"2025-09-10T13:15:48","date_gmt":"2025-09-10T16:15:48","guid":{"rendered":"https:\/\/www.ifbaiano.edu.br\/unidades\/bonfim\/?page_id=22482"},"modified":"2025-09-11T08:56:51","modified_gmt":"2025-09-11T11:56:51","slug":"visitacoes","status":"publish","type":"page","link":"https:\/\/www.ifbaiano.edu.br\/unidades\/bonfim\/visitacoes\/","title":{"rendered":"Visita\u00e7\u00f5es"},"content":{"rendered":"\n<p><strong>Bem-vindos \u00e0 p\u00e1gina de Visita\u00e7\u00f5es do IF Baiano \u2013 Campus Senhor do Bonfim<\/strong><\/p>\n\n\n\n<p>O Instituto Federal Baiano \u2013 Campus Senhor do Bonfim abre suas portas para receber escolas, grupos e a comunidade em geral, promovendo experi\u00eancias educativas, culturais e cient\u00edficas em seus espa\u00e7os de ensino, pesquisa e extens\u00e3o.<\/p>\n\n\n\n<p>Nesta p\u00e1gina, voc\u00ea encontrar\u00e1 todas as informa\u00e7\u00f5es necess\u00e1rias para organizar sua visita, incluindo os <strong>cronogramas de agendamentos<\/strong>, os <strong>manuais de orienta\u00e7\u00e3o<\/strong> e os <strong>regulamentos de uso dos laborat\u00f3rios<\/strong>. Nosso objetivo \u00e9 proporcionar um ambiente de aprendizado seguro, din\u00e2mico e acess\u00edvel, fortalecendo a intera\u00e7\u00e3o entre o IF Baiano e a sociedade.<\/p>\n\n\n\n<p>Fique atento \u00e0s atualiza\u00e7\u00f5es e aproveite esta oportunidade de conhecer de perto nossas instala\u00e7\u00f5es, projetos e iniciativas que contribuem para a forma\u00e7\u00e3o cidad\u00e3 e o desenvolvimento regional.<\/p>\n\n\n\n<div class=\"wp-block-buttons is-content-justification-center is-layout-flex wp-container-1\">\n<div class=\"wp-block-button\"><a class=\"wp-block-button__link has-white-color has-text-color has-background wp-element-button\" style=\"background-color:#056b46\">Fa\u00e7a Aqui sua solicita\u00e7\u00e3o de Visita<\/a><\/div>\n<\/div>\n\n\n\n<hr class=\"wp-block-separator has-alpha-channel-opacity\" \/>\n\n\n\n<strong><div id=\"TituloMenu\" class=\"dnone\"> Links Importantes <\/div> <\/strong><\/p><p>\n\n\n\n<ul>\n<li><a href=\"https:\/\/www.ifbaiano.edu.br\/unidades\/bonfim\/calendario-de-visitas-2025\/\" data-type=\"URL\" data-id=\"https:\/\/www.ifbaiano.edu.br\/unidades\/bonfim\/calendario-de-visitas-2025\/\">Calend\u00e1rio de Visitas<\/a><\/li>\n\n\n\n<li><a href=\"https:\/\/www.ifbaiano.edu.br\/unidades\/bonfim\/laboratorios-fotos\/\" data-type=\"URL\" data-id=\"https:\/\/www.ifbaiano.edu.br\/unidades\/bonfim\/laboratorios-fotos\/\">Nossos Laborat\u00f3rios<\/a><\/li>\n<\/ul>\n","protected":false},"excerpt":{"rendered":"<p>Bem-vindos \u00e0 p\u00e1gina de Visita\u00e7\u00f5es do IF Baiano \u2013 Campus Senhor do Bonfim O Instituto Federal Baiano \u2013 Campus Senhor do Bonfim abre suas portas para receber escolas, grupos e a comunidade em geral, promovendo experi\u00eancias educativas, culturais e cient\u00edficas em seus espa\u00e7os de ensino, pesquisa e extens\u00e3o. Nesta p\u00e1gina, voc\u00ea encontrar\u00e1 todas as informa\u00e7\u00f5es [&hellip;]<\/p>\n","protected":false},"author":158,"featured_media":0,"parent":0,"menu_order":0,"comment_status":"closed","ping_status":"closed","template":"","meta":[],"_links":{"self":[{"href":"https:\/\/www.ifbaiano.edu.br\/unidades\/bonfim\/wp-json\/wp\/v2\/pages\/22482"}],"collection":[{"href":"https:\/\/www.ifbaiano.edu.br\/unidades\/bonfim\/wp-json\/wp\/v2\/pages"}],"about":[{"href":"https:\/\/www.ifbaiano.edu.br\/unidades\/bonfim\/wp-json\/wp\/v2\/types\/page"}],"author":[{"embeddable":true,"href":"https:\/\/www.ifbaiano.edu.br\/unidades\/bonfim\/wp-json\/wp\/v2\/users\/158"}],"replies":[{"embeddable":true,"href":"https:\/\/www.ifbaiano.edu.br\/unidades\/bonfim\/wp-json\/wp\/v2\/comments?post=22482"}],"version-history":[{"count":5,"href":"https:\/\/www.ifbaiano.edu.br\/unidades\/bonfim\/wp-json\/wp\/v2\/pages\/22482\/revisions"}],"predecessor-version":[{"id":22493,"href":"https:\/\/www.ifbaiano.edu.br\/unidades\/bonfim\/wp-json\/wp\/v2\/pages\/22482\/revisions\/22493"}],"wp:attachment":[{"href":"https:\/\/www.ifbaiano.edu.br\/unidades\/bonfim\/wp-json\/wp\/v2\/media?parent=22482"}],"curies":[{"name":"wp","href":"https:\/\/api.w.org\/{rel}","templated":true}]}}