{"id":22487,"date":"2025-09-10T13:32:36","date_gmt":"2025-09-10T16:32:36","guid":{"rendered":"https:\/\/www.ifbaiano.edu.br\/unidades\/bonfim\/?page_id=22487"},"modified":"2025-10-22T09:15:37","modified_gmt":"2025-10-22T12:15:37","slug":"calendario-de-visitas-2025","status":"publish","type":"page","link":"https:\/\/www.ifbaiano.edu.br\/unidades\/bonfim\/calendario-de-visitas-2025\/","title":{"rendered":"Calend\u00e1rio de Visitas \u2013 2025"},"content":{"rendered":"\n<strong><div id=\"TituloMenu\" class=\"dnone\"> outubro<\/div> <\/strong><\/p><p>\n\n\n\n<figure class=\"wp-block-table\"><table><tbody><tr><td><strong>Institui\u00e7\u00e3o <\/strong><\/td><td><strong>Data<\/strong><\/td><td><strong>N\u00b0 Participantes<\/strong><\/td><td><strong>S\u00e9ries<\/strong><\/td><td><strong>Locais de Visita\u00e7\u00e3o<\/strong><\/td><\/tr><tr><td><strong>Alice Lopes<\/strong><\/td><td><strong>29\/09 e 01\/10<\/strong><\/td><td><strong>31 Alunos<\/strong><\/td><td><strong>9\u00b0 Ano<\/strong><\/td><td><strong>Complexo Laborat\u00f3rios<\/strong><\/td><\/tr><tr><td><strong>Fundame<\/strong><\/td><td><strong>02\/10<\/strong><\/td><td><strong>80 Alunos<\/strong><\/td><td><strong>3 a 5 anos<\/strong><\/td><td><strong>\u00c1rea Campo<\/strong><\/td><\/tr><tr><td><strong>Col\u00e9gio Estadual Jo\u00e3o Francisco da Silva (Iti\u00faba)<\/strong><\/td><td><strong>08\/10<\/strong><\/td><td><strong>40 Alunos<\/strong><\/td><td><strong>Ensino M\u00e9dio<\/strong><\/td><td><strong>Todos os Setores<\/strong><\/td><\/tr><tr><td><strong><s>Escola Chapeuzinho vermelho<\/s><\/strong><\/td><td><strong><s>09<\/s>\/<s>10<\/s><\/strong><\/td><td><\/td><td><\/td><td><\/td><\/tr><tr><td><strong>Escola M. Dr\u00b0 Herculano<\/strong><\/td><td><strong>22\/10<\/strong><\/td><td><strong>63 Alunos<\/strong><\/td><td><strong>4\u00b0 e 5\u00b0 Ano<\/strong><\/td><td><strong>\u00c1rea Campo<\/strong><\/td><\/tr><tr><td><\/td><td><\/td><td><\/td><td><\/td><td><\/td><\/tr><\/tbody><\/table><\/figure>\n\n\n\n<strong><div id=\"TituloMenu\" class=\"dnone\"> novembro <\/div> <\/strong><\/p><p>\n\n\n\n<figure class=\"wp-block-table\"><table><tbody><tr><td><strong>Institui\u00e7\u00e3o <\/strong><\/td><td><strong>Data<\/strong><\/td><td><strong><strong>N\u00b0 Participante<\/strong>s<\/strong><\/td><td><strong>S\u00e9ries<\/strong><\/td><td><strong>Locais de Visita\u00e7\u00e3o<\/strong><\/td><\/tr><tr><td><\/td><td><\/td><td><\/td><td><\/td><td><\/td><\/tr><tr><td><\/td><td><\/td><td><\/td><td><\/td><td><\/td><\/tr><tr><td><\/td><td><\/td><td><\/td><td><\/td><td><\/td><\/tr><tr><td><\/td><td><\/td><td><\/td><td><\/td><td><\/td><\/tr><\/tbody><\/table><\/figure>\n\n\n\n<strong><div id=\"TituloMenu\" class=\"dnone\"> dezembro <\/div> <\/strong><\/p><p>\n\n\n\n<figure class=\"wp-block-table\"><table><tbody><tr><td><strong>Institui\u00e7\u00e3o <\/strong><\/td><td><strong>Data<\/strong><\/td><td><strong><strong>N\u00b0 Participante<\/strong>s<\/strong><\/td><td><strong>S\u00e9ries<\/strong><\/td><td><strong>Locais de Visita\u00e7\u00e3o<\/strong><\/td><\/tr><tr><td><\/td><td><\/td><td><\/td><td><\/td><td><\/td><\/tr><tr><td><\/td><td><\/td><td><\/td><td><\/td><td><\/td><\/tr><tr><td><\/td><td><\/td><td><\/td><td><\/td><td><\/td><\/tr><tr><td><\/td><td><\/td><td><\/td><td><\/td><td><\/td><\/tr><\/tbody><\/table><\/figure>\n\n\n\n<hr class=\"wp-block-separator has-alpha-channel-opacity\" \/>\n","protected":false},"excerpt":{"rendered":"<p>outubro Institui\u00e7\u00e3o Data N\u00b0 Participantes S\u00e9ries Locais de Visita\u00e7\u00e3o Alice Lopes 29\/09 e 01\/10 31 Alunos 9\u00b0 Ano Complexo Laborat\u00f3rios Fundame 02\/10 80 Alunos 3 a 5 anos \u00c1rea Campo Col\u00e9gio Estadual Jo\u00e3o Francisco da Silva (Iti\u00faba) 08\/10 40 Alunos Ensino M\u00e9dio Todos os Setores Escola Chapeuzinho vermelho 09\/10 Escola M. Dr\u00b0 Herculano 22\/10 63 [&hellip;]<\/p>\n","protected":false},"author":158,"featured_media":0,"parent":0,"menu_order":0,"comment_status":"closed","ping_status":"closed","template":"","meta":[],"_links":{"self":[{"href":"https:\/\/www.ifbaiano.edu.br\/unidades\/bonfim\/wp-json\/wp\/v2\/pages\/22487"}],"collection":[{"href":"https:\/\/www.ifbaiano.edu.br\/unidades\/bonfim\/wp-json\/wp\/v2\/pages"}],"about":[{"href":"https:\/\/www.ifbaiano.edu.br\/unidades\/bonfim\/wp-json\/wp\/v2\/types\/page"}],"author":[{"embeddable":true,"href":"https:\/\/www.ifbaiano.edu.br\/unidades\/bonfim\/wp-json\/wp\/v2\/users\/158"}],"replies":[{"embeddable":true,"href":"https:\/\/www.ifbaiano.edu.br\/unidades\/bonfim\/wp-json\/wp\/v2\/comments?post=22487"}],"version-history":[{"count":9,"href":"https:\/\/www.ifbaiano.edu.br\/unidades\/bonfim\/wp-json\/wp\/v2\/pages\/22487\/revisions"}],"predecessor-version":[{"id":22755,"href":"https:\/\/www.ifbaiano.edu.br\/unidades\/bonfim\/wp-json\/wp\/v2\/pages\/22487\/revisions\/22755"}],"wp:attachment":[{"href":"https:\/\/www.ifbaiano.edu.br\/unidades\/bonfim\/wp-json\/wp\/v2\/media?parent=22487"}],"curies":[{"name":"wp","href":"https:\/\/api.w.org\/{rel}","templated":true}]}}