{"id":22498,"date":"2025-09-12T12:39:27","date_gmt":"2025-09-12T15:39:27","guid":{"rendered":"https:\/\/www.ifbaiano.edu.br\/unidades\/bonfim\/?page_id=22498"},"modified":"2025-09-12T12:39:28","modified_gmt":"2025-09-12T15:39:28","slug":"chamada-contratacao-de-empresa-para-fornecimento-de-agua-mineral-sem-gas-para-o-campus-if-baiano-senhor-do-bonfim","status":"publish","type":"page","link":"https:\/\/www.ifbaiano.edu.br\/unidades\/bonfim\/chamada-contratacao-de-empresa-para-fornecimento-de-agua-mineral-sem-gas-para-o-campus-if-baiano-senhor-do-bonfim\/","title":{"rendered":"Chamada: Contrata\u00e7\u00e3o de empresa para fornecimento de \u00e1gua mineral sem g\u00e1s para o Campus IF Baiano Senhor do Bonfim"},"content":{"rendered":"\n<div class=\"wp-block-file\"><object class=\"wp-block-file__embed\" data=\"https:\/\/www.ifbaiano.edu.br\/unidades\/bonfim\/files\/2025\/09\/AVISO-DE-CONTRATACAO-DIRETA-E-ANEXOS-90010-2025-1.pdf\" type=\"application\/pdf\" style=\"width:100%;height:600px\" aria-label=\"Incorporado de AVISO-DE-CONTRATACAO-DIRETA-E-ANEXOS-90010-2025-1.\"><\/object><a id=\"wp-block-file--media-89e34a64-466b-4d51-823c-80bf0f2b2691\" href=\"https:\/\/www.ifbaiano.edu.br\/unidades\/bonfim\/files\/2025\/09\/AVISO-DE-CONTRATACAO-DIRETA-E-ANEXOS-90010-2025-1.pdf\">AVISO-DE-CONTRATACAO-DIRETA-E-ANEXOS-90010-2025-1<\/a><a href=\"https:\/\/www.ifbaiano.edu.br\/unidades\/bonfim\/files\/2025\/09\/AVISO-DE-CONTRATACAO-DIRETA-E-ANEXOS-90010-2025-1.pdf\" class=\"wp-block-file__button wp-element-button\" download aria-describedby=\"wp-block-file--media-89e34a64-466b-4d51-823c-80bf0f2b2691\">Baixar<\/a><\/div>\n","protected":false},"excerpt":{"rendered":"","protected":false},"author":158,"featured_media":0,"parent":0,"menu_order":0,"comment_status":"closed","ping_status":"closed","template":"","meta":[],"_links":{"self":[{"href":"https:\/\/www.ifbaiano.edu.br\/unidades\/bonfim\/wp-json\/wp\/v2\/pages\/22498"}],"collection":[{"href":"https:\/\/www.ifbaiano.edu.br\/unidades\/bonfim\/wp-json\/wp\/v2\/pages"}],"about":[{"href":"https:\/\/www.ifbaiano.edu.br\/unidades\/bonfim\/wp-json\/wp\/v2\/types\/page"}],"author":[{"embeddable":true,"href":"https:\/\/www.ifbaiano.edu.br\/unidades\/bonfim\/wp-json\/wp\/v2\/users\/158"}],"replies":[{"embeddable":true,"href":"https:\/\/www.ifbaiano.edu.br\/unidades\/bonfim\/wp-json\/wp\/v2\/comments?post=22498"}],"version-history":[{"count":1,"href":"https:\/\/www.ifbaiano.edu.br\/unidades\/bonfim\/wp-json\/wp\/v2\/pages\/22498\/revisions"}],"predecessor-version":[{"id":22500,"href":"https:\/\/www.ifbaiano.edu.br\/unidades\/bonfim\/wp-json\/wp\/v2\/pages\/22498\/revisions\/22500"}],"wp:attachment":[{"href":"https:\/\/www.ifbaiano.edu.br\/unidades\/bonfim\/wp-json\/wp\/v2\/media?parent=22498"}],"curies":[{"name":"wp","href":"https:\/\/api.w.org\/{rel}","templated":true}]}}