{"id":22671,"date":"2025-10-14T17:53:00","date_gmt":"2025-10-14T20:53:00","guid":{"rendered":"https:\/\/www.ifbaiano.edu.br\/unidades\/bonfim\/?page_id=22671"},"modified":"2026-03-17T15:51:40","modified_gmt":"2026-03-17T18:51:40","slug":"bacharelado-em-administracao-e-licenciatura-em-quimica-2026","status":"publish","type":"page","link":"https:\/\/www.ifbaiano.edu.br\/unidades\/bonfim\/bacharelado-em-administracao-e-licenciatura-em-quimica-2026\/","title":{"rendered":"Bacharelado em Administra\u00e7\u00e3o e Licenciatura em Qu\u00edmica 2026"},"content":{"rendered":"\n<strong><div id=\"TituloMenu\" class=\"dnone\"> APRESENTA\u00c7\u00c3O<\/div> <\/strong><\/p><p>\n\n\n\n<p>O DIRETOR-GERAL DO INSTITUTO FEDERAL DE EDUCA\u00c7\u00c3O, CI\u00caNCIA E TECNOLOGIA BAIANO (IF BAIANO) CAMPUS SENHOR DO BONFIM, no uso de suas atribui\u00e7\u00f5es delegadas pela Portaria n\u00b0 283 de 18 de mar\u00e7o de 2022, publicada no Di\u00e1rio Oficial de Uni\u00e3o do dia 21 de mar\u00e7o de 2022. Se\u00e7\u00e3o 2. p\u00e1gina 54, e de acordo com as disposi\u00e7\u00f5es contidas na Lei N\u00ba11.892 de 29 de dezembro de 2008, e na Lei N\u00ba 8.112 de 11 de dezembro de 1990 em conformidade com a Lei N\u00b0 9.394 de 20 de dezembro de 1996, e suas altera\u00e7\u00f5es e, ainda, considerando a Resolu\u00e7\u00e3o do Conselho Pleno do Conselho Nacional de Educa\u00e7\u00e3o(CNE\/CP) N\u00ba 04 de 17 de dezembro de 2018; o Decreto n\u00ba 11.016 de 29 de mar\u00e7o de 2022; a Lei n\u00ba 14.133 de 01 de abril de 2021; o Decreto N\u00ba 3.298 de 20 de dezembro de 1999; a Lei N\u00ba 12.764 de 27 de dezembro de 2012; a Lei N\u00ba 12.711 regulamenta\u00e7\u00f5es; a Lei N\u00ba 10.741 de 1\u00ba de outubro de 2003; a Lei N\u00ba 13.409 Decreto N\u00ba 7.824 de 29 de agosto de 2012, e suas de 28 de dezembro de 2016; o de 11 de outubro de 2012; a Portaria do Minist\u00e9rio da Educa\u00e7\u00e3o (MEC) N\u00ba 18 de 11 de outubro de 2012, e suas altera\u00e7\u00f5es, observando o disposto na Resolu\u00e7\u00e3o N\u00ba 153\/2021-OS-CONSUP\/IFBAIANO, de 18 de agosto de 2021, na Instru\u00e7\u00e3o Normativa 67\/2023 &#8211; RET-GAB\/RET\/IFBAIANO de 13 de setembro de 2023, na Portaria Normativa 19\/2023 &#8211; RET-GAB\/RET\/IFBAIANO de 21 de setembro de 2023 e na legisla\u00e7\u00e3o concernente, torna p\u00fablico o presente Edital, para preenchimento de vagas no(s) curso(s) superior(es) de Gradua\u00e7\u00e3o em Bacharelado em Administra\u00e7\u00e3o e Licenciatura em Qu\u00edmica ofertado pelo Campus Senhor do Bonfim, para ingresso no ano letivo\/semestre letivo 2026\/1, por meio de an\u00e1lise do hist\u00f3rico escolar, prova objetiva e prova dissertativa-argumentativa para os estudante que j\u00e1 conclu\u00edram o ensino m\u00e9dio ou concluintes do Ensino M\u00e9dio no ano civil de 2025, conforme o n\u00famero de vagas e os cursos relacionados no Quadro 2 do subitem 2.3. e seguindo as demais condi\u00e7\u00f5es e etapas definidas neste Edital.<\/p>\n\n\n\n<strong><div id=\"TituloMenu\" class=\"dnone\"> EDITAL E DOCUMENTOS<\/div> <\/strong><\/p><p>\n\n\n\n<ul>\n<li><a href=\"https:\/\/www.ifbaiano.edu.br\/unidades\/bonfim\/files\/2026\/03\/9a-Chamada-Superior-em-Quimica.pdf\" target=\"_blank\" rel=\"noreferrer noopener\">9\u00aa Chamada para matr\u00edculas<\/a><\/li>\n\n\n\n<li><a rel=\"noreferrer noopener\" href=\"https:\/\/www.ifbaiano.edu.br\/unidades\/bonfim\/files\/2026\/03\/8a-Chamada-Matricula-Superior-em-Quimica-e-Administracao.pdf\" target=\"_blank\">8\u00aa Chamada para matr\u00edculas<\/a><\/li>\n\n\n\n<li><a rel=\"noreferrer noopener\" href=\"https:\/\/www.ifbaiano.edu.br\/unidades\/bonfim\/files\/2026\/03\/7-CHAMADA-BACHARELADO-EM-ADMINISTRACAO-E-LICENCIATURA-EM-QUIMICA.pdf\" target=\"_blank\">7\u00aa Chamada para matr\u00edculas<\/a><\/li>\n\n\n\n<li><a rel=\"noreferrer noopener\" href=\"https:\/\/www.ifbaiano.edu.br\/unidades\/bonfim\/files\/2026\/02\/6a-chamada-superior.pdf\" target=\"_blank\">6\u00aa Chamada para matr\u00edculas<\/a><\/li>\n\n\n\n<li><a rel=\"noreferrer noopener\" href=\"https:\/\/www.ifbaiano.edu.br\/unidades\/bonfim\/files\/2026\/02\/5a-convocacao-adm-e-quimica.pdf\" target=\"_blank\">5\u00aa Chamada para matr\u00edculas<\/a><\/li>\n\n\n\n<li><a rel=\"noreferrer noopener\" href=\"https:\/\/www.ifbaiano.edu.br\/unidades\/bonfim\/files\/2026\/02\/4a-chamada-.pdf\" target=\"_blank\">4\u00aa Chamada para matr\u00edculas<\/a><\/li>\n\n\n\n<li><a rel=\"noreferrer noopener\" href=\"https:\/\/www.ifbaiano.edu.br\/unidades\/bonfim\/files\/2026\/02\/Matriculas-deferidas-2026-Superior-adm-e-quimica.pdf\" target=\"_blank\">Matriculas deferidas<\/a><\/li>\n\n\n\n<li><a rel=\"noreferrer noopener\" href=\"https:\/\/www.ifbaiano.edu.br\/unidades\/bonfim\/files\/2026\/02\/Publicacao-3a-Chamada-Matricula-1.pdf\" target=\"_blank\">3\u00aa Chamada para matr\u00edculas<\/a><\/li>\n\n\n\n<li><a rel=\"noreferrer noopener\" href=\"https:\/\/www.ifbaiano.edu.br\/unidades\/bonfim\/files\/2026\/02\/2a-Chamada-Matricula-Bacharelado-em-Adm-e-Lic.-em-Quimica-.pdf\" target=\"_blank\">2\u00aa Chamada para matr\u00edculas<\/a><\/li>\n\n\n\n<li><a rel=\"noreferrer noopener\" href=\"https:\/\/www.ifbaiano.edu.br\/unidades\/bonfim\/files\/2026\/01\/7a-Retificacao-do-Edital-no-56-de-2025-Selecao-para-Ingresso-de-Estudantes-Bach.-Administracao-e-Lic.-Quimica.pdf\" target=\"_blank\">7\u00aa Retifica\u00e7\u00e3o do Edital n\u00ba 56 de 2025<\/a><\/li>\n\n\n\n<li><a rel=\"noreferrer noopener\" href=\"https:\/\/www.ifbaiano.edu.br\/unidades\/bonfim\/files\/2025\/12\/Edital-69.2025-Edital-69-29.12.2025-Edital-de-Matricula-Prosel-BACHARELADO-EM-ADMINISTRACAO-E-LICENCIATURA-EM-QUIMICA-2026.1.pdf\" target=\"_blank\">Edital n\u00aa 69\/2025 Matricula em 1\u00aa Chamada e Lista de Espera para cursos Bacharelado em Administra\u00e7\u00e3o e Lincenciatura em Qu\u00edmica<\/a> <\/li>\n\n\n\n<li><a rel=\"noreferrer noopener\" href=\"https:\/\/www.ifbaiano.edu.br\/unidades\/bonfim\/files\/2025\/12\/Edital-68.2025-Edital-68-29.12.2025-6a-retificacao-PROSEL-Preenchimento-de-VAGAS-NO-CURSO-SUPERIOR-DE-BACHARELADO-EM-ADMINISTRACAO-E-LICENCIATURA-EM-QUIMICA-2026.1.pdf\" target=\"_blank\">6\u00aa Retificac\u00e3o do Edital de vagas para os cursos Superiores em Administra\u00e7\u00e3o e Licenciatura em Qu\u00edmica<\/a><\/li>\n\n\n\n<li><a href=\"https:\/\/www.ifbaiano.edu.br\/unidades\/bonfim\/files\/2025\/12\/RESULTADO_FINAL_-_SUPERIOR_EM_ADM_E_QUIMICA_assinado.pdf\" data-type=\"URL\" data-id=\"https:\/\/www.ifbaiano.edu.br\/unidades\/bonfim\/files\/2025\/12\/RESULTADO_FINAL_-_SUPERIOR_EM_ADM_E_QUIMICA_assinado.pdf\">Resultado Classifica\u00e7\u00e3o Final<\/a> <\/li>\n\n\n\n<li><a href=\"https:\/\/www.ifbaiano.edu.br\/unidades\/bonfim\/files\/2025\/12\/RESULTADO-FINAL-DA-HETEROIDENTIFICACAO.pdf\" data-type=\"URL\" data-id=\"https:\/\/www.ifbaiano.edu.br\/unidades\/bonfim\/files\/2025\/12\/RESULTADO-FINAL-DA-HETEROIDENTIFICACAO.pdf\">Resultado Final Banca Heteroidentifica\u00e7\u00e3o<\/a> <\/li>\n\n\n\n<li><a href=\"https:\/\/www.ifbaiano.edu.br\/unidades\/bonfim\/files\/2025\/12\/RESULTADO-DOS-RECURSOS-PROSEL-SUPERIOR-QUIMICA-E-ADM.pdf\" data-type=\"URL\" data-id=\"https:\/\/www.ifbaiano.edu.br\/unidades\/bonfim\/files\/2025\/12\/RESULTADO-DOS-RECURSOS-PROSEL-SUPERIOR-QUIMICA-E-ADM.pdf\">Resultado Recursos Banca de Heteroidentifica\u00e7\u00e3o<\/a> <\/li>\n\n\n\n<li><a href=\"https:\/\/www.ifbaiano.edu.br\/unidades\/bonfim\/files\/2025\/12\/RESULTADO-PRELIMINAR-BANCA-DE-HETEROIDENTIFICACAO-PROSEL-SUPERIOR-ADM-E-QUIM.pdf\">Resultado preliminar da banca de heteroidentifica\u00e7\u00e3o<\/a> <\/li>\n\n\n\n<li><a href=\"https:\/\/www.ifbaiano.edu.br\/unidades\/bonfim\/files\/2025\/12\/Retificacao-Convocacao-para-a-banca-de-heteroidentificacao-telepresencial-SUPERIOR.pdf\" data-type=\"URL\" data-id=\"https:\/\/www.ifbaiano.edu.br\/unidades\/bonfim\/files\/2025\/12\/Retificacao-Convocacao-para-a-banca-de-heteroidentificacao-telepresencial-SUPERIOR.pdf\">Retifica\u00e7\u00e3o Convoca\u00e7\u00e3o Banca Heteroidentifica\u00e7\u00e3o Telepresencial<\/a> <\/li>\n\n\n\n<li><a href=\"https:\/\/www.ifbaiano.edu.br\/unidades\/bonfim\/files\/2025\/12\/Convocacao-para-Heteroidentificacao-Prosel-Superior.pdf\" data-type=\"URL\" data-id=\"https:\/\/www.ifbaiano.edu.br\/unidades\/bonfim\/files\/2025\/12\/Convocacao-para-Heteroidentificacao-Prosel-Superior.pdf\">Convoca\u00e7\u00e3o Banca Heteroidentifica\u00e7\u00e3o<\/a> <\/li>\n\n\n\n<li><a href=\"https:\/\/www.ifbaiano.edu.br\/unidades\/bonfim\/files\/2025\/12\/Resultado-dos-recursos-contra-a-prova-escrita-Prosel-Superior.pdf\" data-type=\"URL\" data-id=\"https:\/\/www.ifbaiano.edu.br\/unidades\/bonfim\/files\/2025\/12\/Resultado-dos-recursos-contra-a-prova-escrita-Prosel-Superior.pdf\">Resultado Recursos contra resultado preliminar Prova Escrita<\/a> <\/li>\n\n\n\n<li><a href=\"https:\/\/www.ifbaiano.edu.br\/unidades\/bonfim\/files\/2025\/12\/RESULTADO-PRELIMINAR-DA-PROVA-ESCRITA-SUPERIOR.pdf\" data-type=\"URL\" data-id=\"https:\/\/www.ifbaiano.edu.br\/unidades\/bonfim\/files\/2025\/12\/RESULTADO-PRELIMINAR-DA-PROVA-ESCRITA-SUPERIOR.pdf\">Resultado Preliminar da Prova Escrita<\/a> <\/li>\n\n\n\n<li><a href=\"https:\/\/www.ifbaiano.edu.br\/unidades\/bonfim\/files\/2025\/12\/GABARITO-FINAL-SUPERIOR.pdf\" data-type=\"URL\" data-id=\"https:\/\/www.ifbaiano.edu.br\/unidades\/bonfim\/files\/2025\/12\/GABARITO-FINAL-SUPERIOR.pdf\">Gabarito Final<\/a> <\/li>\n\n\n\n<li><a href=\"https:\/\/www.ifbaiano.edu.br\/unidades\/bonfim\/files\/2025\/12\/5a-Retificacao-ao-edital-56.pdf\">5\u00b0 Retifica\u00e7\u00e3o do Edital n\u00b056<\/a><\/li>\n\n\n\n<li><a href=\"https:\/\/www.ifbaiano.edu.br\/unidades\/bonfim\/files\/2025\/12\/Gabarito-da-Prova-PROSEL-Superior.pdf\" data-type=\"URL\" data-id=\"https:\/\/www.ifbaiano.edu.br\/unidades\/bonfim\/files\/2025\/12\/Gabarito-da-Prova-PROSEL-Superior.pdf\">Gabarito Prova<\/a><\/li>\n\n\n\n<li><a href=\"https:\/\/www.ifbaiano.edu.br\/unidades\/bonfim\/files\/2025\/12\/RETIFICACAO-ORIENTACOES-PARA-A-PROVA-ESCRITA-e-REDACAO.pdf\">RETIFICA\u00c7\u00c3O &#8211; Orienta\u00e7\u00f5es para Prova Escrita e Reda\u00e7\u00e3o<\/a><\/li>\n\n\n\n<li><a rel=\"noreferrer noopener\" href=\"https:\/\/www.ifbaiano.edu.br\/unidades\/bonfim\/files\/2025\/12\/Edital-66.2025-Edital-66-02.12.2025-Convocacao-para-provas-PROSEL-Preenchimento-de-VAGAS-NO-CURSO-SUPERIOR-DE-BACHARELADO-EM-ADMINISTRACAO-E-LICENCIATURA-EM-QUIMICA-2026.1.pdf\" target=\"_blank\">Edital n\u00ba 66.2025 &#8211; Convoca\u00e7\u00e3o para Prova Escrita Cursos Superiores em Administra\u00e7\u00e3o e Qu\u00edmica<\/a><\/li>\n\n\n\n<li><a href=\"https:\/\/www.ifbaiano.edu.br\/unidades\/bonfim\/files\/2025\/12\/ORIENTACOES-PARA-A-PROVA-ESCRITA-e-REDACAO-SUPERIOR.pdf\" data-type=\"URL\" data-id=\"https:\/\/www.ifbaiano.edu.br\/unidades\/bonfim\/files\/2025\/12\/ORIENTACOES-PARA-A-PROVA-ESCRITA-e-REDACAO-SUPERIOR.pdf\">Orienta\u00e7\u00f5es para Prova Escrita e Reda\u00e7\u00e3o<\/a><\/li>\n\n\n\n<li><a href=\"https:\/\/www.ifbaiano.edu.br\/unidades\/bonfim\/files\/2025\/12\/Convocacao-para-prova-escrita-superior.pdf\" data-type=\"URL\" data-id=\"https:\/\/www.ifbaiano.edu.br\/unidades\/bonfim\/files\/2025\/12\/Convocacao-para-prova-escrita-superior.pdf\">Convoca\u00e7\u00e3o para Realiza\u00e7\u00e3o da Prova Escrita<\/a><\/li>\n\n\n\n<li><a rel=\"noreferrer noopener\" href=\"https:\/\/www.ifbaiano.edu.br\/unidades\/bonfim\/files\/2025\/11\/LOCAL-DE-PROVA-E-ATENDIMENTO-ESPECIAL.docx.pdf\" target=\"_blank\">Local da prova<\/a><\/li>\n\n\n\n<li><a href=\"https:\/\/www.ifbaiano.edu.br\/unidades\/bonfim\/files\/2025\/12\/Superior-Quimica-e-ADM-Recursos-Historico-Escolar.pdf\" data-type=\"URL\" data-id=\"https:\/\/www.ifbaiano.edu.br\/unidades\/bonfim\/files\/2025\/12\/Superior-Quimica-e-ADM-Recursos-Historico-Escolar.pdf\">Resultado do Recurso An\u00e1lise do Hist\u00f3rico Escolar<\/a><\/li>\n\n\n\n<li><a rel=\"noreferrer noopener\" href=\"https:\/\/www.ifbaiano.edu.br\/unidades\/bonfim\/files\/2025\/11\/RESULTADO-PRELIMINAR-HISTORICO-ESCOLAR-PROSEL-SUP.pdf\" target=\"_blank\">Resultado preliminar do Hist\u00f3rico escolar<\/a><\/li>\n\n\n\n<li><a href=\"https:\/\/www.ifbaiano.edu.br\/unidades\/bonfim\/files\/2025\/11\/Prosel-Superior-Quimica-e-ADM-Resultado-Final-Homologacoes.pdf\" data-type=\"URL\" data-id=\"https:\/\/www.ifbaiano.edu.br\/unidades\/bonfim\/files\/2025\/11\/Prosel-Superior-Quimica-e-ADM-Resultado-Final-Homologacoes.pdf\">Lista Final de Inscri\u00e7\u00f5es Homologadas<\/a><\/li>\n\n\n\n<li><a href=\"https:\/\/www.ifbaiano.edu.br\/unidades\/bonfim\/files\/2025\/11\/Prosel-Superior-Publicacao-Recursos-Homol-das-Inscricoes.pdf\" data-type=\"URL\" data-id=\"https:\/\/www.ifbaiano.edu.br\/unidades\/bonfim\/files\/2025\/11\/Prosel-Superior-Publicacao-Recursos-Homol-das-Inscricoes.pdf\">Resultado dos Recursos Lista Preliminar Inscri\u00e7\u00f5es Homologadas<\/a><\/li>\n\n\n\n<li><a href=\"https:\/\/www.ifbaiano.edu.br\/unidades\/bonfim\/files\/2025\/11\/4-Retificacao-edital-56.pdf\" data-type=\"URL\" data-id=\"https:\/\/www.ifbaiano.edu.br\/unidades\/bonfim\/files\/2025\/11\/4-Retificacao-edital-56.pdf\">4\u00b0 Retifica\u00e7\u00e3o do Edital n\u00b056<\/a> <\/li>\n\n\n\n<li><a rel=\"noreferrer noopener\" href=\"https:\/\/www.ifbaiano.edu.br\/unidades\/bonfim\/files\/2025\/11\/Planilha-de-Controle-Prosel-Superior-SGC-Quimica-e-ADM-2.4-Publicacao-Preliminar-Homolo-das-Inscri.pdf\" target=\"_blank\">Lista preliminar de inscri\u00e7\u00f5es homologadas<\/a>&nbsp;<\/li>\n\n\n\n<li><a rel=\"noreferrer noopener\" href=\"https:\/\/www.ifbaiano.edu.br\/unidades\/bonfim\/files\/2025\/11\/3a-Retificacao-do-Edital-56.2025.pdf\" target=\"_blank\">3\u00aa Retificac\u00e3o do Edital n\u00ba 56<\/a> <\/li>\n\n\n\n<li><a rel=\"noreferrer noopener\" href=\"https:\/\/www.ifbaiano.edu.br\/unidades\/bonfim\/files\/2025\/11\/2a-Retificacao-do-Edital-no-56.2025.pdf\" target=\"_blank\">2\u00aa Retifica\u00e7\u00e3o do Edital n\u00ba 56<\/a> <\/li>\n\n\n\n<li><a href=\"https:\/\/www.ifbaiano.edu.br\/unidades\/bonfim\/files\/2025\/10\/1a-retificacao_edital-56-de-14-de-outubro-de-2025.pdf\" data-type=\"URL\" data-id=\"https:\/\/www.ifbaiano.edu.br\/unidades\/bonfim\/files\/2025\/10\/1a-retificacao_edital-56-de-14-de-outubro-de-2025.pdf\">1\u00b0 Retifica\u00e7\u00e3o  do Edital n\u00b056<\/a><\/li>\n\n\n\n<li><a href=\"https:\/\/www.ifbaiano.edu.br\/unidades\/bonfim\/files\/2025\/10\/Edital-56-PROSEL-SUPERIOR-ADM-E-QUIMICA.pdf\" data-type=\"URL\" data-id=\"https:\/\/www.ifbaiano.edu.br\/unidades\/bonfim\/files\/2025\/10\/Edital-56-PROSEL-SUPERIOR-ADM-E-QUIMICA.pdf\">Edital n\u00b056 <\/a><\/li>\n<\/ul>\n\n\n\n<p><\/p>\n\n\n\n<p><strong>FA\u00c7A SUA INSCRI\u00c7\u00c3O AQUI<\/strong>: &nbsp;<a rel=\"noreferrer noopener\" href=\"https:\/\/ingresso.ifbaiano.edu.br\/concursos\/graduacao-senhor-do-bonfim-2026\/\" target=\"_blank\">site Ingresso de Estudantes 2026<\/a>.&nbsp;<\/p>\n\n\n\n<p><\/p>\n\n\n\n<p><\/p>\n\n\n\n<p><\/p>\n\n\n\n<p><\/p>\n\n\n\n<p><strong>ARQUIVOS<\/strong>:<\/p>\n\n\n\n<div class=\"wp-block-file\"><a id=\"wp-block-file--media-a8f7a8d8-5f18-4ba6-b42a-7a7ce036f5b0\" href=\"https:\/\/www.ifbaiano.edu.br\/unidades\/bonfim\/files\/2025\/10\/ANEXO-II-FORMULARIO-PARA-RECURSOS.docx\">ANEXO II &#8211; FORMUL\u00c1RIO PARA RECURSOS<\/a><a href=\"https:\/\/www.ifbaiano.edu.br\/unidades\/bonfim\/files\/2025\/10\/ANEXO-II-FORMULARIO-PARA-RECURSOS.docx\" class=\"wp-block-file__button wp-element-button\" download aria-describedby=\"wp-block-file--media-a8f7a8d8-5f18-4ba6-b42a-7a7ce036f5b0\">Baixar<\/a><\/div>\n\n\n\n<div class=\"wp-block-file\"><a id=\"wp-block-file--media-18ccbe5c-3df5-4b40-8b7f-3025258f2c16\" href=\"https:\/\/www.ifbaiano.edu.br\/unidades\/bonfim\/files\/2025\/10\/ANEXO-III-AUTODECLARACAO-DE-RENDA.docx\">ANEXO III &#8211; AUTODECLARA\u00c7\u00c3O DE RENDA<\/a><a href=\"https:\/\/www.ifbaiano.edu.br\/unidades\/bonfim\/files\/2025\/10\/ANEXO-III-AUTODECLARACAO-DE-RENDA.docx\" class=\"wp-block-file__button wp-element-button\" download aria-describedby=\"wp-block-file--media-18ccbe5c-3df5-4b40-8b7f-3025258f2c16\">Baixar<\/a><\/div>\n\n\n\n<div class=\"wp-block-file\"><a id=\"wp-block-file--media-7f09bc77-6afb-45d7-a04b-3d4eaac080e9\" href=\"https:\/\/www.ifbaiano.edu.br\/unidades\/bonfim\/files\/2025\/10\/ANEXO-IV-AUTODECLARACAO-ETNICO-RACIAL.docx\">ANEXO IV- AUTODECLARA\u00c7\u00c3O \u00c9TNICO-RACIAL<\/a><a href=\"https:\/\/www.ifbaiano.edu.br\/unidades\/bonfim\/files\/2025\/10\/ANEXO-IV-AUTODECLARACAO-ETNICO-RACIAL.docx\" class=\"wp-block-file__button wp-element-button\" download aria-describedby=\"wp-block-file--media-7f09bc77-6afb-45d7-a04b-3d4eaac080e9\">Baixar<\/a><\/div>\n\n\n\n<div class=\"wp-block-file\"><a id=\"wp-block-file--media-9fb3afea-4ae4-4852-abcb-d8d6291f8292\" href=\"https:\/\/www.ifbaiano.edu.br\/unidades\/bonfim\/files\/2025\/10\/ANEXO-V-AUTODECLARACAO-RECONHECIMENTO-PERTENCIMENTO-E-VINCULO-COMUNIDADE-QUILOMBOLA.docx\">ANEXO V- AUTODECLARA\u00c7\u00c3O RECONHECIMENTO PERTENCIMENTO E V\u00cdNCULO COMUNIDADE QUILOMBOLA<\/a><a href=\"https:\/\/www.ifbaiano.edu.br\/unidades\/bonfim\/files\/2025\/10\/ANEXO-V-AUTODECLARACAO-RECONHECIMENTO-PERTENCIMENTO-E-VINCULO-COMUNIDADE-QUILOMBOLA.docx\" class=\"wp-block-file__button wp-element-button\" download aria-describedby=\"wp-block-file--media-9fb3afea-4ae4-4852-abcb-d8d6291f8292\">Baixar<\/a><\/div>\n","protected":false},"excerpt":{"rendered":"<p>APRESENTA\u00c7\u00c3O O DIRETOR-GERAL DO INSTITUTO FEDERAL DE EDUCA\u00c7\u00c3O, CI\u00caNCIA E TECNOLOGIA BAIANO (IF BAIANO) CAMPUS SENHOR DO BONFIM, no uso de suas atribui\u00e7\u00f5es delegadas pela Portaria n\u00b0 283 de 18 de mar\u00e7o de 2022, publicada no Di\u00e1rio Oficial de Uni\u00e3o do dia 21 de mar\u00e7o de 2022. Se\u00e7\u00e3o 2. p\u00e1gina 54, e de acordo com [&hellip;]<\/p>\n","protected":false},"author":158,"featured_media":0,"parent":0,"menu_order":0,"comment_status":"closed","ping_status":"closed","template":"","meta":[],"_links":{"self":[{"href":"https:\/\/www.ifbaiano.edu.br\/unidades\/bonfim\/wp-json\/wp\/v2\/pages\/22671"}],"collection":[{"href":"https:\/\/www.ifbaiano.edu.br\/unidades\/bonfim\/wp-json\/wp\/v2\/pages"}],"about":[{"href":"https:\/\/www.ifbaiano.edu.br\/unidades\/bonfim\/wp-json\/wp\/v2\/types\/page"}],"author":[{"embeddable":true,"href":"https:\/\/www.ifbaiano.edu.br\/unidades\/bonfim\/wp-json\/wp\/v2\/users\/158"}],"replies":[{"embeddable":true,"href":"https:\/\/www.ifbaiano.edu.br\/unidades\/bonfim\/wp-json\/wp\/v2\/comments?post=22671"}],"version-history":[{"count":44,"href":"https:\/\/www.ifbaiano.edu.br\/unidades\/bonfim\/wp-json\/wp\/v2\/pages\/22671\/revisions"}],"predecessor-version":[{"id":23596,"href":"https:\/\/www.ifbaiano.edu.br\/unidades\/bonfim\/wp-json\/wp\/v2\/pages\/22671\/revisions\/23596"}],"wp:attachment":[{"href":"https:\/\/www.ifbaiano.edu.br\/unidades\/bonfim\/wp-json\/wp\/v2\/media?parent=22671"}],"curies":[{"name":"wp","href":"https:\/\/api.w.org\/{rel}","templated":true}]}}