{"id":22685,"date":"2025-10-16T15:52:05","date_gmt":"2025-10-16T18:52:05","guid":{"rendered":"https:\/\/www.ifbaiano.edu.br\/unidades\/bonfim\/?page_id=22685"},"modified":"2025-10-16T15:52:06","modified_gmt":"2025-10-16T18:52:06","slug":"chamada-aquisicao-de-materiais-de-consumo-e-permanentes-para-o-laboratorio-de-microbiologia-do-if-baiano-campus-senhor-do-bonfim","status":"publish","type":"page","link":"https:\/\/www.ifbaiano.edu.br\/unidades\/bonfim\/chamada-aquisicao-de-materiais-de-consumo-e-permanentes-para-o-laboratorio-de-microbiologia-do-if-baiano-campus-senhor-do-bonfim\/","title":{"rendered":"Chamada: Aquisi\u00e7\u00e3o de materiais de consumo e permanentes para o laborat\u00f3rio de microbiologia do IF baiano Campus Senhor do Bonfim"},"content":{"rendered":"\n<div class=\"wp-block-file\"><object class=\"wp-block-file__embed\" data=\"https:\/\/www.ifbaiano.edu.br\/unidades\/bonfim\/files\/2025\/10\/Aviso-de-Contratacao-Direta-e-Anexos-1.pdf\" type=\"application\/pdf\" style=\"width:100%;height:600px\" aria-label=\"Incorporado de Aviso-de-Contratacao-Direta-e-Anexos-1.\"><\/object><a id=\"wp-block-file--media-0755d986-0764-4249-b447-ab18ec6f9909\" href=\"https:\/\/www.ifbaiano.edu.br\/unidades\/bonfim\/files\/2025\/10\/Aviso-de-Contratacao-Direta-e-Anexos-1.pdf\">Aviso-de-Contratacao-Direta-e-Anexos-1<\/a><a href=\"https:\/\/www.ifbaiano.edu.br\/unidades\/bonfim\/files\/2025\/10\/Aviso-de-Contratacao-Direta-e-Anexos-1.pdf\" class=\"wp-block-file__button wp-element-button\" download aria-describedby=\"wp-block-file--media-0755d986-0764-4249-b447-ab18ec6f9909\">Baixar<\/a><\/div>\n","protected":false},"excerpt":{"rendered":"","protected":false},"author":158,"featured_media":0,"parent":0,"menu_order":0,"comment_status":"closed","ping_status":"closed","template":"","meta":[],"_links":{"self":[{"href":"https:\/\/www.ifbaiano.edu.br\/unidades\/bonfim\/wp-json\/wp\/v2\/pages\/22685"}],"collection":[{"href":"https:\/\/www.ifbaiano.edu.br\/unidades\/bonfim\/wp-json\/wp\/v2\/pages"}],"about":[{"href":"https:\/\/www.ifbaiano.edu.br\/unidades\/bonfim\/wp-json\/wp\/v2\/types\/page"}],"author":[{"embeddable":true,"href":"https:\/\/www.ifbaiano.edu.br\/unidades\/bonfim\/wp-json\/wp\/v2\/users\/158"}],"replies":[{"embeddable":true,"href":"https:\/\/www.ifbaiano.edu.br\/unidades\/bonfim\/wp-json\/wp\/v2\/comments?post=22685"}],"version-history":[{"count":1,"href":"https:\/\/www.ifbaiano.edu.br\/unidades\/bonfim\/wp-json\/wp\/v2\/pages\/22685\/revisions"}],"predecessor-version":[{"id":22687,"href":"https:\/\/www.ifbaiano.edu.br\/unidades\/bonfim\/wp-json\/wp\/v2\/pages\/22685\/revisions\/22687"}],"wp:attachment":[{"href":"https:\/\/www.ifbaiano.edu.br\/unidades\/bonfim\/wp-json\/wp\/v2\/media?parent=22685"}],"curies":[{"name":"wp","href":"https:\/\/api.w.org\/{rel}","templated":true}]}}