{"id":22812,"date":"2025-10-29T09:45:06","date_gmt":"2025-10-29T12:45:06","guid":{"rendered":"https:\/\/www.ifbaiano.edu.br\/unidades\/bonfim\/?page_id=22812"},"modified":"2025-10-29T09:45:07","modified_gmt":"2025-10-29T12:45:07","slug":"pregao-eletronico-no-06-2025-aquisicao-de-generos-alimenticios-registro-de-precos","status":"publish","type":"page","link":"https:\/\/www.ifbaiano.edu.br\/unidades\/bonfim\/pregao-eletronico-no-06-2025-aquisicao-de-generos-alimenticios-registro-de-precos\/","title":{"rendered":"Preg\u00e3o Eletr\u00f4nico n\u00ba 06\/2025 \u2013Aquisi\u00e7\u00e3o de G\u00eaneros Aliment\u00edcios [registro de pre\u00e7os]"},"content":{"rendered":"\n<div class=\"wp-block-file\"><object class=\"wp-block-file__embed\" data=\"https:\/\/www.ifbaiano.edu.br\/unidades\/bonfim\/files\/2025\/10\/Pregao-Eletronico-90006-2025-2.pdf\" type=\"application\/pdf\" style=\"width:100%;height:600px\" aria-label=\"Incorporado de Pregao-Eletronico-90006-2025-2.\"><\/object><a id=\"wp-block-file--media-e52e6174-447b-4a5c-b6bd-48a39be3b938\" href=\"https:\/\/www.ifbaiano.edu.br\/unidades\/bonfim\/files\/2025\/10\/Pregao-Eletronico-90006-2025-2.pdf\">Pregao-Eletronico-90006-2025-2<\/a><a href=\"https:\/\/www.ifbaiano.edu.br\/unidades\/bonfim\/files\/2025\/10\/Pregao-Eletronico-90006-2025-2.pdf\" class=\"wp-block-file__button wp-element-button\" download aria-describedby=\"wp-block-file--media-e52e6174-447b-4a5c-b6bd-48a39be3b938\">Baixar<\/a><\/div>\n","protected":false},"excerpt":{"rendered":"","protected":false},"author":158,"featured_media":0,"parent":0,"menu_order":0,"comment_status":"closed","ping_status":"closed","template":"","meta":[],"_links":{"self":[{"href":"https:\/\/www.ifbaiano.edu.br\/unidades\/bonfim\/wp-json\/wp\/v2\/pages\/22812"}],"collection":[{"href":"https:\/\/www.ifbaiano.edu.br\/unidades\/bonfim\/wp-json\/wp\/v2\/pages"}],"about":[{"href":"https:\/\/www.ifbaiano.edu.br\/unidades\/bonfim\/wp-json\/wp\/v2\/types\/page"}],"author":[{"embeddable":true,"href":"https:\/\/www.ifbaiano.edu.br\/unidades\/bonfim\/wp-json\/wp\/v2\/users\/158"}],"replies":[{"embeddable":true,"href":"https:\/\/www.ifbaiano.edu.br\/unidades\/bonfim\/wp-json\/wp\/v2\/comments?post=22812"}],"version-history":[{"count":1,"href":"https:\/\/www.ifbaiano.edu.br\/unidades\/bonfim\/wp-json\/wp\/v2\/pages\/22812\/revisions"}],"predecessor-version":[{"id":22814,"href":"https:\/\/www.ifbaiano.edu.br\/unidades\/bonfim\/wp-json\/wp\/v2\/pages\/22812\/revisions\/22814"}],"wp:attachment":[{"href":"https:\/\/www.ifbaiano.edu.br\/unidades\/bonfim\/wp-json\/wp\/v2\/media?parent=22812"}],"curies":[{"name":"wp","href":"https:\/\/api.w.org\/{rel}","templated":true}]}}