{"id":23488,"date":"2026-02-25T13:10:37","date_gmt":"2026-02-25T16:10:37","guid":{"rendered":"https:\/\/www.ifbaiano.edu.br\/unidades\/bonfim\/?page_id=23488"},"modified":"2026-02-25T13:14:28","modified_gmt":"2026-02-25T16:14:28","slug":"chamada-contratacao-de-empresa-para-fornecer-agua-mineral-natural-sem-gas-para-o-if-baiano-campus-senhor-do-bonfim","status":"publish","type":"page","link":"https:\/\/www.ifbaiano.edu.br\/unidades\/bonfim\/chamada-contratacao-de-empresa-para-fornecer-agua-mineral-natural-sem-gas-para-o-if-baiano-campus-senhor-do-bonfim\/","title":{"rendered":"Chamada: Dispensa Eletr\u00f4nica para contrata\u00e7\u00e3o de empresa para fornecer \u00e1gua mineral natural sem g\u00e1s para o IF Baiano, campus Senhor do Bonfim."},"content":{"rendered":"\n<div class=\"wp-block-file\"><object class=\"wp-block-file__embed\" data=\"https:\/\/www.ifbaiano.edu.br\/unidades\/bonfim\/files\/2026\/02\/AVISO-DE-CONTRTACAO-DIRETA-E-ANEXOS-Contratacao-de-empresa-para-fornecer-agua-mineral-natural-sem-gas.pdf\" type=\"application\/pdf\" style=\"width:100%;height:600px\" aria-label=\"Incorporado de AVISO-DE-CONTRTACAO-DIRETA-E-ANEXOS-Contratacao-de-empresa-para-fornecer-agua-mineral-natural-sem-gas.\"><\/object><a id=\"wp-block-file--media-fc494c08-2113-44e7-b851-c4744870c13b\" href=\"https:\/\/www.ifbaiano.edu.br\/unidades\/bonfim\/files\/2026\/02\/AVISO-DE-CONTRTACAO-DIRETA-E-ANEXOS-Contratacao-de-empresa-para-fornecer-agua-mineral-natural-sem-gas.pdf\">AVISO-DE-CONTRTACAO-DIRETA-E-ANEXOS-Contratacao-de-empresa-para-fornecer-agua-mineral-natural-sem-gas<\/a><a href=\"https:\/\/www.ifbaiano.edu.br\/unidades\/bonfim\/files\/2026\/02\/AVISO-DE-CONTRTACAO-DIRETA-E-ANEXOS-Contratacao-de-empresa-para-fornecer-agua-mineral-natural-sem-gas.pdf\" class=\"wp-block-file__button wp-element-button\" download aria-describedby=\"wp-block-file--media-fc494c08-2113-44e7-b851-c4744870c13b\">Baixar<\/a><\/div>\n","protected":false},"excerpt":{"rendered":"","protected":false},"author":158,"featured_media":0,"parent":0,"menu_order":0,"comment_status":"closed","ping_status":"closed","template":"","meta":[],"_links":{"self":[{"href":"https:\/\/www.ifbaiano.edu.br\/unidades\/bonfim\/wp-json\/wp\/v2\/pages\/23488"}],"collection":[{"href":"https:\/\/www.ifbaiano.edu.br\/unidades\/bonfim\/wp-json\/wp\/v2\/pages"}],"about":[{"href":"https:\/\/www.ifbaiano.edu.br\/unidades\/bonfim\/wp-json\/wp\/v2\/types\/page"}],"author":[{"embeddable":true,"href":"https:\/\/www.ifbaiano.edu.br\/unidades\/bonfim\/wp-json\/wp\/v2\/users\/158"}],"replies":[{"embeddable":true,"href":"https:\/\/www.ifbaiano.edu.br\/unidades\/bonfim\/wp-json\/wp\/v2\/comments?post=23488"}],"version-history":[{"count":2,"href":"https:\/\/www.ifbaiano.edu.br\/unidades\/bonfim\/wp-json\/wp\/v2\/pages\/23488\/revisions"}],"predecessor-version":[{"id":23493,"href":"https:\/\/www.ifbaiano.edu.br\/unidades\/bonfim\/wp-json\/wp\/v2\/pages\/23488\/revisions\/23493"}],"wp:attachment":[{"href":"https:\/\/www.ifbaiano.edu.br\/unidades\/bonfim\/wp-json\/wp\/v2\/media?parent=23488"}],"curies":[{"name":"wp","href":"https:\/\/api.w.org\/{rel}","templated":true}]}}