{"id":23494,"date":"2026-02-25T13:18:19","date_gmt":"2026-02-25T16:18:19","guid":{"rendered":"https:\/\/www.ifbaiano.edu.br\/unidades\/bonfim\/?page_id=23494"},"modified":"2026-03-20T09:32:31","modified_gmt":"2026-03-20T12:32:31","slug":"referencia-2026-modalidade-pregao","status":"publish","type":"page","link":"https:\/\/www.ifbaiano.edu.br\/unidades\/bonfim\/referencia-2026-modalidade-pregao\/","title":{"rendered":"Refer\u00eancia 2026 \u2013 Modalidade Preg\u00e3o"},"content":{"rendered":"\n<div id=\"ProreitoriaTopoTitulo\">PREG\u00c3O ELETR\u00d4NICO<\/div>\n\n\n\n<ul>\n<li><a href=\"https:\/\/www.ifbaiano.edu.br\/unidades\/bonfim\/pregao-eletronico-no-1-90000-2026-contratacao-de-empresa-de-fornecimento-de-gas-liquefeito-de-petroleo-glp\/\" data-type=\"URL\" data-id=\"https:\/\/www.ifbaiano.edu.br\/unidades\/bonfim\/pregao-eletronico-no-1-90000-2026-contratacao-de-empresa-de-fornecimento-de-gas-liquefeito-de-petroleo-glp\/\">Preg\u00e3o Eletr\u00f4nico N\u00b01 90000\/2026 &#8211; Contrata\u00e7\u00e3o de empresa de fornecimento de g\u00e1s liquefeito de petr\u00f3leo (GLP)<\/a><\/li>\n\n\n\n<li><a href=\"https:\/\/www.ifbaiano.edu.br\/unidades\/bonfim\/2026\/02\/23\/pregao-eletronico-no-90005-2025-aquisicao-de-livros-para-o-acervo-da-biblioteca-do-campus-senhor-do-bonfim\/\" data-type=\"URL\" data-id=\"https:\/\/www.ifbaiano.edu.br\/unidades\/bonfim\/2026\/02\/23\/pregao-eletronico-no-90005-2025-aquisicao-de-livros-para-o-acervo-da-biblioteca-do-campus-senhor-do-bonfim\/\">Preg\u00e3o Eletr\u00f4nico n\u00ba 90005\/2025 \u2013 aquisi\u00e7\u00e3o de livros para o acervo da Biblioteca do Campus Senhor do Bonfim<\/a><\/li>\n<\/ul>\n","protected":false},"excerpt":{"rendered":"<p>PREG\u00c3O ELETR\u00d4NICO<\/p>\n","protected":false},"author":158,"featured_media":0,"parent":0,"menu_order":0,"comment_status":"closed","ping_status":"closed","template":"","meta":[],"_links":{"self":[{"href":"https:\/\/www.ifbaiano.edu.br\/unidades\/bonfim\/wp-json\/wp\/v2\/pages\/23494"}],"collection":[{"href":"https:\/\/www.ifbaiano.edu.br\/unidades\/bonfim\/wp-json\/wp\/v2\/pages"}],"about":[{"href":"https:\/\/www.ifbaiano.edu.br\/unidades\/bonfim\/wp-json\/wp\/v2\/types\/page"}],"author":[{"embeddable":true,"href":"https:\/\/www.ifbaiano.edu.br\/unidades\/bonfim\/wp-json\/wp\/v2\/users\/158"}],"replies":[{"embeddable":true,"href":"https:\/\/www.ifbaiano.edu.br\/unidades\/bonfim\/wp-json\/wp\/v2\/comments?post=23494"}],"version-history":[{"count":2,"href":"https:\/\/www.ifbaiano.edu.br\/unidades\/bonfim\/wp-json\/wp\/v2\/pages\/23494\/revisions"}],"predecessor-version":[{"id":23622,"href":"https:\/\/www.ifbaiano.edu.br\/unidades\/bonfim\/wp-json\/wp\/v2\/pages\/23494\/revisions\/23622"}],"wp:attachment":[{"href":"https:\/\/www.ifbaiano.edu.br\/unidades\/bonfim\/wp-json\/wp\/v2\/media?parent=23494"}],"curies":[{"name":"wp","href":"https:\/\/api.w.org\/{rel}","templated":true}]}}