{"id":23523,"date":"2026-02-27T15:05:20","date_gmt":"2026-02-27T18:05:20","guid":{"rendered":"https:\/\/www.ifbaiano.edu.br\/unidades\/bonfim\/?page_id=23523"},"modified":"2026-02-27T15:13:50","modified_gmt":"2026-02-27T18:13:50","slug":"programas-assistencia-estudantil","status":"publish","type":"page","link":"https:\/\/www.ifbaiano.edu.br\/unidades\/bonfim\/programas-assistencia-estudantil\/","title":{"rendered":"PROGRAMAS &#8211; Assist\u00eancia Estudantil"},"content":{"rendered":"\n<p>A Assist\u00eancia Estudantil \u00e9 uma Pol\u00edtica P\u00fablica educacional criada a partir do Decreto n\u00ba 7.234\/2010, que disp\u00f5e sobre o Programa Nacional de Assist\u00eancia Estudantil (PNAES), o qual tem por finalidade ampliar as condi\u00e7\u00f5es de perman\u00eancia dos jovens de baixa renda no \u00e2mbito das institui\u00e7\u00f5es federais de ensino superior, bem como nos Institutos Federais de Ensino.<\/p>\n\n\n\n<strong><div id=\"TituloMenu\" class=\"dnone\"> <\/div>PROGRAMAS <\/strong><\/p><p>\n\n\n\n<ul>\n<li><a href=\"https:\/\/www.ifbaiano.edu.br\/unidades\/bonfim\/residencia-estudantil\/\" data-type=\"URL\" data-id=\"https:\/\/www.ifbaiano.edu.br\/unidades\/bonfim\/residencia-estudantil\/\">Resid\u00eancia Estudantil<\/a><\/li>\n\n\n\n<li><a href=\"https:\/\/www.ifbaiano.edu.br\/unidades\/bonfim\/paise-2\/\" data-type=\"URL\" data-id=\"https:\/\/www.ifbaiano.edu.br\/unidades\/bonfim\/paise-2\/\">PAISE<\/a><\/li>\n\n\n\n<li><a href=\"https:\/\/www.ifbaiano.edu.br\/unidades\/bonfim\/pae-2\/\" data-type=\"URL\" data-id=\"https:\/\/www.ifbaiano.edu.br\/unidades\/bonfim\/pae-2\/\">PAE<\/a><\/li>\n\n\n\n<li><a href=\"https:\/\/www.ifbaiano.edu.br\/unidades\/bonfim\/propac-2\/\" data-type=\"URL\" data-id=\"https:\/\/www.ifbaiano.edu.br\/unidades\/bonfim\/propac-2\/\">PROPAC<\/a><\/li>\n\n\n\n<li><a href=\"https:\/\/www.ifbaiano.edu.br\/unidades\/bonfim\/pincel-2\/\" data-type=\"URL\" data-id=\"https:\/\/www.ifbaiano.edu.br\/unidades\/bonfim\/pincel-2\/\">PINCEL<\/a><\/li>\n<\/ul>\n","protected":false},"excerpt":{"rendered":"<p>A Assist\u00eancia Estudantil \u00e9 uma Pol\u00edtica P\u00fablica educacional criada a partir do Decreto n\u00ba 7.234\/2010, que disp\u00f5e sobre o Programa Nacional de Assist\u00eancia Estudantil (PNAES), o qual tem por finalidade ampliar as condi\u00e7\u00f5es de perman\u00eancia dos jovens de baixa renda no \u00e2mbito das institui\u00e7\u00f5es federais de ensino superior, bem como nos Institutos Federais de Ensino. [&hellip;]<\/p>\n","protected":false},"author":158,"featured_media":0,"parent":0,"menu_order":0,"comment_status":"closed","ping_status":"closed","template":"","meta":[],"_links":{"self":[{"href":"https:\/\/www.ifbaiano.edu.br\/unidades\/bonfim\/wp-json\/wp\/v2\/pages\/23523"}],"collection":[{"href":"https:\/\/www.ifbaiano.edu.br\/unidades\/bonfim\/wp-json\/wp\/v2\/pages"}],"about":[{"href":"https:\/\/www.ifbaiano.edu.br\/unidades\/bonfim\/wp-json\/wp\/v2\/types\/page"}],"author":[{"embeddable":true,"href":"https:\/\/www.ifbaiano.edu.br\/unidades\/bonfim\/wp-json\/wp\/v2\/users\/158"}],"replies":[{"embeddable":true,"href":"https:\/\/www.ifbaiano.edu.br\/unidades\/bonfim\/wp-json\/wp\/v2\/comments?post=23523"}],"version-history":[{"count":2,"href":"https:\/\/www.ifbaiano.edu.br\/unidades\/bonfim\/wp-json\/wp\/v2\/pages\/23523\/revisions"}],"predecessor-version":[{"id":23528,"href":"https:\/\/www.ifbaiano.edu.br\/unidades\/bonfim\/wp-json\/wp\/v2\/pages\/23523\/revisions\/23528"}],"wp:attachment":[{"href":"https:\/\/www.ifbaiano.edu.br\/unidades\/bonfim\/wp-json\/wp\/v2\/media?parent=23523"}],"curies":[{"name":"wp","href":"https:\/\/api.w.org\/{rel}","templated":true}]}}