{"id":23525,"date":"2026-02-27T15:12:24","date_gmt":"2026-02-27T18:12:24","guid":{"rendered":"https:\/\/www.ifbaiano.edu.br\/unidades\/bonfim\/?page_id=23525"},"modified":"2026-02-27T15:12:25","modified_gmt":"2026-02-27T18:12:25","slug":"residencia-estudantil","status":"publish","type":"page","link":"https:\/\/www.ifbaiano.edu.br\/unidades\/bonfim\/residencia-estudantil\/","title":{"rendered":"Resid\u00eancia Estudantil"},"content":{"rendered":"\n<strong><div id=\"TituloMenu\" class=\"dnone\"> <\/div> O PROGRAMA <\/strong><\/p><p>\n\n\n\n<p>A Resid\u00eancia Estudantil integra a Pol\u00edtica de Assist\u00eancia Estudantil do IF Baiano e destina- se aos estudantes regularmente matriculados nos cursos de gradua\u00e7\u00e3o e\/ou subsequente, com renda de at\u00e9 um sal\u00e1rio m\u00ednimo e meio per capita &#8211; conforme definido na Lei n\u00ba 14.914, de 3 de julho de 2024, que disp\u00f5e<br>sobre o Programa Nacional de Assist\u00eancia Estudantil \u2013 PNAES.<\/p>\n\n\n\n<hr class=\"wp-block-separator has-alpha-channel-opacity\" \/>\n\n\n\n<p>Editais e Documentos<\/p>\n\n\n\n<p><a href=\"https:\/\/www.ifbaiano.edu.br\/unidades\/bonfim\/files\/2026\/02\/PORTARIA-07-ALTERA-A-50-RESIDENCIA-ESTUDANTIL-Acessivel.pdf\" data-type=\"URL\" data-id=\"https:\/\/www.ifbaiano.edu.br\/unidades\/bonfim\/files\/2026\/02\/PORTARIA-07-ALTERA-A-50-RESIDENCIA-ESTUDANTIL-Acessivel.pdf\">Portaria 07\/2023<\/a><\/p>\n\n\n\n<p><a href=\"https:\/\/www.ifbaiano.edu.br\/unidades\/bonfim\/2026\/02\/24\/publicado-processo-seletivo-para-residencia-estudantil-2026\/\" data-type=\"URL\" data-id=\"https:\/\/www.ifbaiano.edu.br\/unidades\/bonfim\/2026\/02\/24\/publicado-processo-seletivo-para-residencia-estudantil-2026\/\">2026<\/a><\/p>\n","protected":false},"excerpt":{"rendered":"<p>O PROGRAMA A Resid\u00eancia Estudantil integra a Pol\u00edtica de Assist\u00eancia Estudantil do IF Baiano e destina- se aos estudantes regularmente matriculados nos cursos de gradua\u00e7\u00e3o e\/ou subsequente, com renda de at\u00e9 um sal\u00e1rio m\u00ednimo e meio per capita &#8211; conforme definido na Lei n\u00ba 14.914, de 3 de julho de 2024, que disp\u00f5esobre o Programa [&hellip;]<\/p>\n","protected":false},"author":158,"featured_media":0,"parent":0,"menu_order":0,"comment_status":"closed","ping_status":"closed","template":"","meta":[],"_links":{"self":[{"href":"https:\/\/www.ifbaiano.edu.br\/unidades\/bonfim\/wp-json\/wp\/v2\/pages\/23525"}],"collection":[{"href":"https:\/\/www.ifbaiano.edu.br\/unidades\/bonfim\/wp-json\/wp\/v2\/pages"}],"about":[{"href":"https:\/\/www.ifbaiano.edu.br\/unidades\/bonfim\/wp-json\/wp\/v2\/types\/page"}],"author":[{"embeddable":true,"href":"https:\/\/www.ifbaiano.edu.br\/unidades\/bonfim\/wp-json\/wp\/v2\/users\/158"}],"replies":[{"embeddable":true,"href":"https:\/\/www.ifbaiano.edu.br\/unidades\/bonfim\/wp-json\/wp\/v2\/comments?post=23525"}],"version-history":[{"count":1,"href":"https:\/\/www.ifbaiano.edu.br\/unidades\/bonfim\/wp-json\/wp\/v2\/pages\/23525\/revisions"}],"predecessor-version":[{"id":23527,"href":"https:\/\/www.ifbaiano.edu.br\/unidades\/bonfim\/wp-json\/wp\/v2\/pages\/23525\/revisions\/23527"}],"wp:attachment":[{"href":"https:\/\/www.ifbaiano.edu.br\/unidades\/bonfim\/wp-json\/wp\/v2\/media?parent=23525"}],"curies":[{"name":"wp","href":"https:\/\/api.w.org\/{rel}","templated":true}]}}