{"id":23775,"date":"2026-04-17T19:34:02","date_gmt":"2026-04-17T22:34:02","guid":{"rendered":"https:\/\/www.ifbaiano.edu.br\/unidades\/bonfim\/?page_id=23775"},"modified":"2026-04-17T19:34:02","modified_gmt":"2026-04-17T22:34:02","slug":"programa-de-auxilio-eventuais-pae-2026","status":"publish","type":"page","link":"https:\/\/www.ifbaiano.edu.br\/unidades\/bonfim\/programa-de-auxilio-eventuais-pae-2026\/","title":{"rendered":"Programa de Aux\u00edlio Eventuais \u2013 PAE 2026"},"content":{"rendered":"\n<p>O DIRETOR-GERAL DO INSTITUTO FEDERAL DE EDUCA\u00c7\u00c3O, CI\u00caNCIA E TECNOLOGIA BAIANO- IF BAIANO \u2013 CAMPUS SENHOR DO BONFIM, no uso de suas atribui\u00e7\u00f5es legais, conforme lhe confere a Portaria n\u00b0 304, de 19 de mar\u00e7o de 2026, publicada no D.O.U. em 23\/03\/2026, e considerando a Lei n\u00ba 14.914, de 03 de julho de 2024 e a Resolu\u00e7\u00e3o n\u00ba 01, de 29 de janeiro de 2019, que institui a Pol\u00edtica de Assist\u00eancia Estudantil no \u00e2mbito do IF Baiano, torna p\u00fablico o presente Edital de Fluxo Cont\u00ednuo que estabelece as normas e crit\u00e9rios para sele\u00e7\u00e3o de estudantes em vulnerabilidade socioecon\u00f4mica, de cursos presenciais e \u00e0 dist\u00e2ncia, de gradua\u00e7\u00e3o e de educa\u00e7\u00e3o profissional t\u00e9cnica de n\u00edvel m\u00e9dio, com a finalidade de participa\u00e7\u00e3o na Pol\u00edtica de Assist\u00eancia Estudantil deste Instituto, por meio do Programa de Aux\u00edlios Eventuais &#8211; PAE.<\/p>\n\n\n\n<strong><div id=\"TituloMenu\" class=\"dnone\"> editais e documentos<\/div> <\/strong><\/p><p>\n\n\n\n<p><a href=\"https:\/\/www.ifbaiano.edu.br\/unidades\/bonfim\/files\/2026\/04\/PAE-17.2026.pdf\" data-type=\"URL\" data-id=\"https:\/\/www.ifbaiano.edu.br\/unidades\/bonfim\/files\/2026\/04\/PAE-17.2026.pdf\">EDITAL N\u00ba 17, de 16 de abril de 2026<\/a><\/p>\n","protected":false},"excerpt":{"rendered":"<p>O DIRETOR-GERAL DO INSTITUTO FEDERAL DE EDUCA\u00c7\u00c3O, CI\u00caNCIA E TECNOLOGIA BAIANO- IF BAIANO \u2013 CAMPUS SENHOR DO BONFIM, no uso de suas atribui\u00e7\u00f5es legais, conforme lhe confere a Portaria n\u00b0 304, de 19 de mar\u00e7o de 2026, publicada no D.O.U. em 23\/03\/2026, e considerando a Lei n\u00ba 14.914, de 03 de julho de 2024 e [&hellip;]<\/p>\n","protected":false},"author":158,"featured_media":0,"parent":0,"menu_order":0,"comment_status":"closed","ping_status":"closed","template":"","meta":[],"_links":{"self":[{"href":"https:\/\/www.ifbaiano.edu.br\/unidades\/bonfim\/wp-json\/wp\/v2\/pages\/23775"}],"collection":[{"href":"https:\/\/www.ifbaiano.edu.br\/unidades\/bonfim\/wp-json\/wp\/v2\/pages"}],"about":[{"href":"https:\/\/www.ifbaiano.edu.br\/unidades\/bonfim\/wp-json\/wp\/v2\/types\/page"}],"author":[{"embeddable":true,"href":"https:\/\/www.ifbaiano.edu.br\/unidades\/bonfim\/wp-json\/wp\/v2\/users\/158"}],"replies":[{"embeddable":true,"href":"https:\/\/www.ifbaiano.edu.br\/unidades\/bonfim\/wp-json\/wp\/v2\/comments?post=23775"}],"version-history":[{"count":1,"href":"https:\/\/www.ifbaiano.edu.br\/unidades\/bonfim\/wp-json\/wp\/v2\/pages\/23775\/revisions"}],"predecessor-version":[{"id":23776,"href":"https:\/\/www.ifbaiano.edu.br\/unidades\/bonfim\/wp-json\/wp\/v2\/pages\/23775\/revisions\/23776"}],"wp:attachment":[{"href":"https:\/\/www.ifbaiano.edu.br\/unidades\/bonfim\/wp-json\/wp\/v2\/media?parent=23775"}],"curies":[{"name":"wp","href":"https:\/\/api.w.org\/{rel}","templated":true}]}}