{"id":23778,"date":"2026-04-17T19:37:15","date_gmt":"2026-04-17T22:37:15","guid":{"rendered":"https:\/\/www.ifbaiano.edu.br\/unidades\/bonfim\/?page_id=23778"},"modified":"2026-04-17T19:37:15","modified_gmt":"2026-04-17T22:37:15","slug":"propac-2026","status":"publish","type":"page","link":"https:\/\/www.ifbaiano.edu.br\/unidades\/bonfim\/propac-2026\/","title":{"rendered":"PROPAC \u2013 2026"},"content":{"rendered":"\n<p>O DIRETOR-GERAL DO INSTITUTO FEDERAL DE EDUCA\u00c7\u00c3O, CI\u00caNCIA E TECNOLOGIA BAIANO &#8211; IF<br>BAIANO \u2013 CAMPUS SENHOR DO BONFIM, no uso de suas atribui\u00e7\u00f5es legais, conforme lhe confere a Portaria n\u00b0 304, de 19 de mar\u00e7o de 2026, publicada no D.O.U. em 23\/03\/2026, considerando a Lei n\u00b0 14.914, de 03 de julho de 2024, que cria a Pol\u00edtica Nacional de Assist\u00eancia Estudantil e a Resolu\u00e7\u00e3o n\u00ba 01, de 29 de janeiro de 2019, que institui a Pol\u00edtica de Assist\u00eancia Estudantil no \u00e2mbito do IF Baiano, torna p\u00fablico o presente Edital de Fluxo Cont\u00ednuo que estabelece as normas e crit\u00e9rios para sele\u00e7\u00e3o priorit\u00e1ria de estudantes em vulnerabilidade socioecon\u00f4mica, de cursos presenciais e a dist\u00e2ncia, de gradua\u00e7\u00e3o e da educa\u00e7\u00e3o profissional t\u00e9cnica de n\u00edvel m\u00e9dio, com a finalidade de participa\u00e7\u00e3o na Pol\u00edtica de Assist\u00eancia Estudantil deste Instituto, por meio do Programa de Incentivo \u00e0 Participa\u00e7\u00e3o Pol\u00edtico Acad\u00eamica.<\/p>\n\n\n\n<strong><div id=\"TituloMenu\" class=\"dnone\"> editais e documentos<\/div> <\/strong><\/p><p>\n\n\n\n<p><a href=\"https:\/\/www.ifbaiano.edu.br\/unidades\/bonfim\/files\/2026\/04\/Propac-16.2026.pdf\" data-type=\"URL\" data-id=\"https:\/\/www.ifbaiano.edu.br\/unidades\/bonfim\/files\/2026\/04\/Propac-16.2026.pdf\">Edital n\u00ba 16, de 16 de abril de 2026.<\/a><\/p>\n","protected":false},"excerpt":{"rendered":"<p>O DIRETOR-GERAL DO INSTITUTO FEDERAL DE EDUCA\u00c7\u00c3O, CI\u00caNCIA E TECNOLOGIA BAIANO &#8211; IFBAIANO \u2013 CAMPUS SENHOR DO BONFIM, no uso de suas atribui\u00e7\u00f5es legais, conforme lhe confere a Portaria n\u00b0 304, de 19 de mar\u00e7o de 2026, publicada no D.O.U. em 23\/03\/2026, considerando a Lei n\u00b0 14.914, de 03 de julho de 2024, que cria [&hellip;]<\/p>\n","protected":false},"author":158,"featured_media":0,"parent":0,"menu_order":0,"comment_status":"closed","ping_status":"closed","template":"","meta":[],"_links":{"self":[{"href":"https:\/\/www.ifbaiano.edu.br\/unidades\/bonfim\/wp-json\/wp\/v2\/pages\/23778"}],"collection":[{"href":"https:\/\/www.ifbaiano.edu.br\/unidades\/bonfim\/wp-json\/wp\/v2\/pages"}],"about":[{"href":"https:\/\/www.ifbaiano.edu.br\/unidades\/bonfim\/wp-json\/wp\/v2\/types\/page"}],"author":[{"embeddable":true,"href":"https:\/\/www.ifbaiano.edu.br\/unidades\/bonfim\/wp-json\/wp\/v2\/users\/158"}],"replies":[{"embeddable":true,"href":"https:\/\/www.ifbaiano.edu.br\/unidades\/bonfim\/wp-json\/wp\/v2\/comments?post=23778"}],"version-history":[{"count":1,"href":"https:\/\/www.ifbaiano.edu.br\/unidades\/bonfim\/wp-json\/wp\/v2\/pages\/23778\/revisions"}],"predecessor-version":[{"id":23779,"href":"https:\/\/www.ifbaiano.edu.br\/unidades\/bonfim\/wp-json\/wp\/v2\/pages\/23778\/revisions\/23779"}],"wp:attachment":[{"href":"https:\/\/www.ifbaiano.edu.br\/unidades\/bonfim\/wp-json\/wp\/v2\/media?parent=23778"}],"curies":[{"name":"wp","href":"https:\/\/api.w.org\/{rel}","templated":true}]}}