{"id":2578,"date":"2013-04-23T14:05:18","date_gmt":"2013-04-23T17:05:18","guid":{"rendered":"http:\/\/www.ifbaiano.edu.br\/unidades\/bonfim\/?page_id=2578"},"modified":"2013-10-02T09:35:36","modified_gmt":"2013-10-02T12:35:36","slug":"selecao-de-professores","status":"publish","type":"page","link":"https:\/\/www.ifbaiano.edu.br\/unidades\/bonfim\/selecao-de-professores\/","title":{"rendered":"Sele\u00e7\u00e3o de Professores"},"content":{"rendered":"<h3><\/h3>\n<h1>2013<\/h1>\n<p><strong>Sele\u00e7\u00e3o de\u00a0Professor\u00a0 Tempor\u00e1rio (Agrimensura) &#8211; <span style=\"color: #ff0000\">NOVO<\/span><\/strong><\/p>\n<p align=\"JUSTIFY\"><a href=\"http:\/\/www.ifbaiano.edu.br\/unidades\/bonfim\/files\/2013\/08\/Edital_118.pdf\">Confira o Edital<\/a><\/p>\n<p align=\"JUSTIFY\"><a href=\"http:\/\/www.ifbaiano.edu.br\/unidades\/bonfim\/files\/2013\/08\/inscricoeshomologadas2.pdf\">Inscri\u00e7\u00f5es homologadas<\/a><\/p>\n<p><a href=\"http:\/\/www.ifbaiano.edu.br\/unidades\/bonfim\/files\/2013\/09\/Edital_118_novo_cronograma.pdf\">Reabertura de inscri\u00e7\u00f5es e novo cronograma<\/a><\/p>\n<p><a href=\"http:\/\/www.ifbaiano.edu.br\/unidades\/bonfim\/files\/2013\/09\/RETIFICACAO_EDITAL_118.pdf\">Retifica\u00e7\u00e3o <span style=\"font-family: Arial,sans-serif\">das \u00e1reas de Conhecimento, n\u00famero de vagas e carga hor\u00e1ria<\/span><\/a><\/p>\n<p><a href=\"http:\/\/www.ifbaiano.edu.br\/unidades\/bonfim\/files\/2013\/09\/Edital-118_prorrogado.pdf\">Prorroga\u00e7\u00e3o de inscri\u00e7\u00f5es e novo cronograma<\/a><\/p>\n<p><a href=\"http:\/\/www.ifbaiano.edu.br\/unidades\/bonfim\/files\/2013\/09\/Edital-118_novo_cronograma_2.pdf\">Nova Prorroga\u00e7\u00e3o de inscri\u00e7\u00f5es e novo cronograma<\/a>\u00a0&#8211; 23\/09\/13<\/p>\n<p><a href=\"http:\/\/www.ifbaiano.edu.br\/unidades\/bonfim\/files\/2013\/09\/Retificaca-edital2_118.pdf\">Retifica\u00e7\u00e3o \u2013 Anexo I: Temas<\/a> \u2013 24\/09\/13<\/p>\n<p><a href=\"http:\/\/www.ifbaiano.edu.br\/unidades\/bonfim\/files\/2013\/09\/inscricoes_homologadas_3.pdf\">Homologa\u00e7\u00e3o das inscri\u00e7\u00f5es<\/a> &#8211; 26\/09\/2013<\/p>\n<p align=\"JUSTIFY\"><a href=\"http:\/\/www.ifbaiano.edu.br\/unidades\/bonfim\/files\/2013\/09\/Resultado_preliminar_prova_didatico.pdf\">Resultado preliminar da Prova de desempenho did\u00e1tico<\/a>\u00a0&#8211; 30\/09\/13 \u00e0s 10:20 hs<\/p>\n<p align=\"JUSTIFY\"><a href=\"http:\/\/www.ifbaiano.edu.br\/unidades\/bonfim\/files\/2013\/09\/Resultado_preliminar_prova_titulos.pdf\">Resultado preliminar da Prova de T\u00edtulos<\/a>\u00a0&#8211; 30\/09\/13 \u00e0s 10:20 hs<\/p>\n<p align=\"JUSTIFY\"><a href=\"http:\/\/www.ifbaiano.edu.br\/unidades\/bonfim\/files\/2013\/10\/Resultado_final_edital_118_2013.pdf\">Resultado Final<\/a> &#8211; 02\/10\/2013 \u00e0s 9:30 hs &#8211; NOVO!<\/p>\n<p align=\"JUSTIFY\">\n<p><strong>\u00a0Sele\u00e7\u00e3o de Professores Tempor\u00e1rios e Substituto (Professor Substituto na \u00e1rea de Biologia e Tempor\u00e1rios nas \u00e1reas de Agrimensura, Inform\u00e1tica e Pesquisa e Pr\u00e1tica Docente.)<\/strong><\/p>\n<p><a href=\"http:\/\/www.ifbaiano.edu.br\/unidades\/bonfim\/files\/2013\/06\/Edital-67.pdf\">Confira o edital clique aqui<\/a><\/p>\n<p><a href=\"http:\/\/www.ifbaiano.edu.br\/unidades\/bonfim\/files\/2013\/06\/RETIFICACAO_EDITAL_67.pdf\">Retifica\u00e7\u00e3o do edital<\/a><\/p>\n<p><a href=\"http:\/\/www.ifbaiano.edu.br\/unidades\/bonfim\/files\/2013\/06\/inscricoes_homologadas.pdf\">Inscri\u00e7\u00f5es Homologadas<\/a><\/p>\n<p><a href=\"http:\/\/www.ifbaiano.edu.br\/unidades\/bonfim\/files\/2013\/06\/Resultado_preliminar_prova_didatico.pdf\">Resultado Preliminar &#8211; Prova de Desempenho Did\u00e1tico<\/a><\/p>\n<p><a href=\"http:\/\/www.ifbaiano.edu.br\/unidades\/bonfim\/files\/2013\/06\/RETIFICACAO_2_EDITAL-67.pdf\">Retifica\u00e7\u00e3o do edital &#8211; Anexo III<\/a><\/p>\n<p><a href=\"http:\/\/www.ifbaiano.edu.br\/unidades\/bonfim\/files\/2013\/06\/Resultado_recurso_prova_desempenho_didatico.pdf\">Resultado de Recurso &#8211; prova de desempenho did\u00e1tico<\/a><\/p>\n<p><a href=\"http:\/\/www.ifbaiano.edu.br\/unidades\/bonfim\/files\/2013\/06\/Resultado_final_prova_didatico.pdf\">Resultado Final &#8211; Prova de Desempenho Did\u00e1tico<\/a><\/p>\n<p><a href=\"http:\/\/www.ifbaiano.edu.br\/unidades\/bonfim\/files\/2013\/06\/Resultado_preliminar_prova_de_titulos.pdf\">Resultado Preliminar &#8211; Prova de T\u00edtulos\u00a0<\/a><\/p>\n<p><a href=\"http:\/\/www.ifbaiano.edu.br\/unidades\/bonfim\/files\/2013\/07\/Resultado_final_edital_67_2013.pdf\">Resultado Final <\/a><\/p>\n<p>&nbsp;<\/p>\n<h3><strong>Professor Substituto (Agrimensura, Geografia e L\u00edngua Portuguesa)<\/strong><\/h3>\n<p><a href=\"http:\/\/www.ifbaiano.edu.br\/reitoria\/wp-content\/uploads\/2013\/03\/Edital-n-24-Processo-Seletivo.pdf\">Edital n\u00ba 24, de 08 de mar\u00e7o de 2013<\/a><\/p>\n<p><a href=\"http:\/\/www.ifbaiano.edu.br\/reitoria\/wp-content\/uploads\/2013\/03\/Homologacao-inscricoes.pdf\">Inscri\u00e7\u00f5es Homologadas<\/a>\u00a0<strong><\/strong><\/p>\n<p><a href=\"http:\/\/www.ifbaiano.edu.br\/reitoria\/wp-content\/uploads\/2013\/03\/Resultado-Preliminar.pdf\">Resultado Preliminar<\/a><\/p>\n<p><a href=\"http:\/\/www.ifbaiano.edu.br\/reitoria\/wp-content\/uploads\/2013\/03\/retificacao-edital-242013.pdf\">Retifica\u00e7\u00e3o<\/a><\/p>\n<p><a href=\"http:\/\/www.ifbaiano.edu.br\/reitoria\/wp-content\/uploads\/2013\/04\/Resultado-Definitivo-Prova-Didatica.pdf\">Resultado Final &#8211; Prova de Desempenho Did\u00e1tico<\/a><\/p>\n<p><a href=\"http:\/\/www.ifbaiano.edu.br\/reitoria\/wp-content\/uploads\/2013\/04\/Resultado-Preliminar.pdf\">Resultado Preliminar &#8211; Prova de T\u00edtulos<\/a><\/p>\n<p><a href=\"http:\/\/www.ifbaiano.edu.br\/reitoria\/wp-content\/uploads\/2013\/04\/Resultado-final-edital-24.pdf\">Resultado Final<\/a><\/p>\n<p>&nbsp;<\/p>\n<h1><strong>\u00a02012<\/strong><\/h1>\n<p><strong>Professor Tempor\u00e1rio (Inform\u00e1tica)<\/strong><\/p>\n<p><a href=\"http:\/\/www.ifbaiano.edu.br\/reitoria\/wp-content\/uploads\/2012\/12\/Edital.pdf\">Edital n\u00ba 205, de 21 de dezembro 2012<\/a>\u00a0<strong><\/strong><\/p>\n<p><a href=\"http:\/\/www.ifbaiano.edu.br\/reitoria\/wp-content\/uploads\/2013\/01\/relacao-de-inscritos-edital-205.pdf\">Rela\u00e7\u00e3o de inscritos e cronograma<\/a>\u00a0<strong><\/strong><\/p>\n<p><a href=\"http:\/\/www.ifbaiano.edu.br\/reitoria\/wp-content\/uploads\/2013\/01\/Resultado-preliminar.pdf\">Resultado Preliminar- prova de desempenho did\u00e1tico<\/a>\u00a0<strong><\/strong><\/p>\n<p><a href=\"http:\/\/www.ifbaiano.edu.br\/reitoria\/wp-content\/uploads\/2013\/01\/Resultado-definitivo-Desempenho-Didatico.pdf\">Resultado Final &#8211; prova de desempenho did\u00e1tico<\/a>\u00a0<strong><\/strong><\/p>\n<p><a href=\"http:\/\/www.ifbaiano.edu.br\/reitoria\/wp-content\/uploads\/2013\/01\/Resultado-preliminar-Prova-de-titulos1.pdf\">Resultado Preliminar \u2013 prova de t\u00edtulos<\/a><\/p>\n<p><a href=\"http:\/\/www.ifbaiano.edu.br\/reitoria\/wp-content\/uploads\/2013\/01\/Resultado-Final1.pdf\">Resultado Final<\/a>\u00a0\u00a0\u00a0<strong><\/strong><\/p>\n<p><a href=\"http:\/\/www.ifbaiano.edu.br\/reitoria\/wp-content\/uploads\/2013\/01\/Resultado-Prova-de-Titulos1.pdf\">Resultado Final &#8211; prova de T\u00edtulos<\/a>\u00a0<strong>\u00a0<\/strong><\/p>\n<p>&nbsp;<\/p>\n<p><strong>Professor Tempor\u00e1rio (Educa\u00e7\u00e3o F\u00edsica)<\/strong><\/p>\n<p><a href=\"http:\/\/www.ifbaiano.edu.br\/unidades\/bonfim\/files\/2013\/01\/Edital-204-Educacao-Fisica.pdf\">Edital n\u00ba 204, de 21 de dezembro de 2012<\/a>\u00a0<strong><\/strong><\/p>\n<p><a href=\"http:\/\/www.ifbaiano.edu.br\/unidades\/bonfim\/files\/2013\/01\/Relacao_definitiva_de_Inscritos_-2_16.01.2013.pdf.pdf\">Rela\u00e7\u00e3o de inscritos e cronograma<\/a>\u00a0<strong><\/strong><\/p>\n<p>&nbsp;<\/p>\n<p><strong>Professor Tempor\u00e1rio e Substituto (F\u00edsica, matem\u00e1tica, L\u00edngua Portuguesa, Pr\u00e1tica Docente, Processamento de Produto de Origem Vegetal e Animal)<\/strong><\/p>\n<p><a title=\"http:\/\/www.ifbaiano.edu.br\/portal\/wp-content\/uploads\/2012\/03\/Senhor-do-Bonfim-Edital-33.pdf\" href=\"http:\/\/www.ifbaiano.edu.br\/portal\/wp-content\/uploads\/2012\/03\/Senhor-do-Bonfim-Edital-33.pdf\" target=\"_blank\">Edital N \u00ba 033, de 09 de mar\u00e7o de 2012<\/a><\/p>\n<p><a title=\"http:\/\/www.ifbaiano.edu.br\/unidades\/bonfim\/files\/2012\/03\/relacao_preliminar_inscricoes2.pdf\" href=\"http:\/\/www.ifbaiano.edu.br\/unidades\/bonfim\/files\/2012\/03\/relacao_preliminar_inscricoes2.pdf\" target=\"_blank\">Rela\u00e7\u00e3o Preliminar das Inscri\u00e7\u00f5es (F\u00edsica, Matem\u00e1tica, L\u00edngua Portuguesa\/Ingl\u00eas, Pr\u00e1tica Docente e Processamento de Produtos de Origem Animal e Vegetal)<\/a><\/p>\n<p><a title=\"http:\/\/www.ifbaiano.edu.br\/portal\/wp-content\/uploads\/2012\/03\/Senhor-do-Bonfim_edital-de-prorrogacao.pdf\" href=\"http:\/\/www.ifbaiano.edu.br\/portal\/wp-content\/uploads\/2012\/03\/Senhor-do-Bonfim_edital-de-prorrogacao.pdf\" target=\"_blank\">Edital de Prorroga\u00e7\u00e3o\u00a0 N \u00ba 041\/2012<\/a><\/p>\n<p><a title=\"http:\/\/www.ifbaiano.edu.br\/unidades\/bonfim\/files\/2012\/03\/ed.pdf\" href=\"http:\/\/www.ifbaiano.edu.br\/unidades\/bonfim\/files\/2012\/03\/ed.pdf\" target=\"_blank\">Edital de Prorroga\u00e7\u00e3o N\u00ba 46\/2012 (F\u00edsica e Matem\u00e1tica)<\/a> <strong><br \/>\n<\/strong><\/p>\n<p><a title=\"http:\/\/www.ifbaiano.edu.br\/portal\/wp-content\/uploads\/2012\/03\/Senhor-do-Bonfim_Relacao-Preliminar.pdf\" href=\"http:\/\/www.ifbaiano.edu.br\/portal\/wp-content\/uploads\/2012\/03\/Senhor-do-Bonfim_Relacao-Preliminar.pdf\" target=\"_blank\">Rela\u00e7\u00e3o Preliminar das Inscri\u00e7\u00f5es (F\u00edsica e Processamento de Produtos de Origem Animal e Vegetal)<\/a><\/p>\n<p><a title=\"http:\/\/www.ifbaiano.edu.br\/portal\/wp-content\/uploads\/2012\/03\/Senhor-do-Bonfim_Resultado-PRELIMINAR-_INGLES-PRATICA-DOCENTE-E-MATEMATICA_.pdf\" href=\"http:\/\/www.ifbaiano.edu.br\/portal\/wp-content\/uploads\/2012\/03\/Senhor-do-Bonfim_Resultado-PRELIMINAR-_INGLES-PRATICA-DOCENTE-E-MATEMATICA_.pdf\" target=\"_blank\">Resultado Preliminar (Ingl\u00eas, Pr\u00e1tica Docente e Matem\u00e1tica)<\/a> <strong><br \/>\n<\/strong><\/p>\n<p><a title=\"http:\/\/www.ifbaiano.edu.br\/portal\/wp-content\/uploads\/2012\/03\/Senhor-do-Bonfim_relacao-definitiva.pdf\" href=\"http:\/\/www.ifbaiano.edu.br\/portal\/wp-content\/uploads\/2012\/03\/Senhor-do-Bonfim_relacao-definitiva.pdf\" target=\"_blank\">Resultado Final (F\u00edsica e Processamento de Produtos de Origem Animal e Vegetal)<\/a> <strong><br \/>\n<\/strong><\/p>\n<p><a title=\"http:\/\/www.ifbaiano.edu.br\/portal\/wp-content\/uploads\/2012\/03\/Senhor-do-Bonfim_Resultado-Final.pdf\" href=\"http:\/\/www.ifbaiano.edu.br\/portal\/wp-content\/uploads\/2012\/03\/Senhor-do-Bonfim_Resultado-Final.pdf\" target=\"_blank\">Resultado Final (Ingl\u00eas, Matem\u00e1tica e Pr\u00e1tica Docente)<\/a><\/p>\n<p>&nbsp;<\/p>\n<h1><strong>2011<\/strong><\/h1>\n<h3>Professor substituto (Ingl\u00eas e Ci\u00eancias Agr\u00e1rias)<\/h3>\n<p><a href=\"http:\/\/www.ifbaiano.edu.br\/portal\/wp-content\/uploads\/2011\/01\/edital_bonfim1.doc\">Edital N\u00ba 70, de 23 de agosto de 2011<\/a><\/p>\n<p><a href=\"http:\/\/www.ifbaiano.edu.br\/portal\/wp-content\/uploads\/2011\/01\/edital_bonfim_2.pdf\">Edital N\u00ba 70, de 23 de agosto de 2011 (vers\u00e3o pdf)<\/a><\/p>\n<p><a href=\"http:\/\/www.ifbaiano.edu.br\/portal\/wp-content\/uploads\/2011\/01\/edital_bonfim_fichadeinscricao.pdf\">Ficha de Inscri\u00e7\u00e3o<\/a><\/p>\n<p><a href=\"http:\/\/www.ifbaiano.edu.br\/portal\/wp-content\/uploads\/2011\/01\/relacao_inscritos_edital70.pdf\">Rela\u00e7\u00e3o Preliminar das Inscri\u00e7\u00f5es Deferidas<\/a><\/p>\n<p><a href=\"http:\/\/www.ifbaiano.edu.br\/portal\/wp-content\/uploads\/2011\/01\/relacao_definitiva_inscritos_edital70.pdf\">Rela\u00e7\u00e3o Definitiva Inscritos<\/a><\/p>\n<p><a href=\"http:\/\/www.ifbaiano.edu.br\/portal\/wp-content\/uploads\/2011\/01\/RESULTADO-PRELIMINAR-PROVA-ESCRITA.pdf\">Resultado preliminar da prova escrita<\/a><\/p>\n<p><a href=\"http:\/\/www.ifbaiano.edu.br\/portal\/wp-content\/uploads\/2011\/10\/RESUL_DEFINITIVO_PE_SORTEIO_PONTO.pdf\" target=\"_blank\">Resultado definitivo da prova escrita <\/a><\/p>\n<p><a href=\"http:\/\/www.ifbaiano.edu.br\/portal\/wp-content\/uploads\/2011\/10\/RESULTADO_PRELIMINAR_PROVADESEMPENHODIDATICO.pdf\" target=\"_blank\">Resultado preliminar da prova de desempenho did\u00e1tico<\/a><\/p>\n<p><a href=\"http:\/\/www.ifbaiano.edu.br\/portal\/wp-content\/uploads\/2011\/10\/RESUL_DEFINITIVO_PDD_PRELIMINAR_TITULOS.pdf\" target=\"_blank\">Resultado definitivo da prova de desempenho did\u00e1tico <\/a><\/p>\n<p><a href=\"http:\/\/www.ifbaiano.edu.br\/portal\/wp-content\/uploads\/2011\/01\/RESULTADO_FINAL-bonfim.pdf\" target=\"_blank\">Resultado final <\/a><\/p>\n<p>&nbsp;<\/p>\n<h3>Professor Substituto (L\u00edngua Portuguesa)<\/h3>\n<p><a href=\"http:\/\/www.ifbaiano.edu.br\/portal\/wp-content\/uploads\/2011\/01\/edital_n14.pdf\">Edital n\u00ba 14<\/a><\/p>\n<p><a href=\"http:\/\/www.ifbaiano.edu.br\/portal\/wp-content\/uploads\/2011\/01\/ficha_inscricao.pdf\">Ficha de Inscri\u00e7\u00e3o<\/a><\/p>\n<p><a href=\"http:\/\/www.ifbaiano.edu.br\/portal\/wp-content\/uploads\/2011\/01\/retificacao.pdf\">Retifica\u00e7\u00e3o<\/a><\/p>\n<p><a href=\"http:\/\/www.ifbaiano.edu.br\/portal\/wp-content\/uploads\/2011\/01\/relacao_de_inscritos.pdf\">Rela\u00e7\u00e3o de Inscritos<\/a> <strong><\/strong><\/p>\n<p><a href=\"http:\/\/www.ifbaiano.edu.br\/portal\/wp-content\/uploads\/2011\/01\/analise_das_inscricoes.pdf\">An\u00e1lise das Inscri\u00e7\u00f5es<\/a><\/p>\n<p><a href=\"http:\/\/www.ifbaiano.edu.br\/portal\/wp-content\/uploads\/2011\/01\/inscricoes_homologadas.pdf\">Inscri\u00e7\u00f5es Homologadas<\/a><\/p>\n<p><a href=\"http:\/\/www.ifbaiano.edu.br\/portal\/wp-content\/uploads\/2011\/01\/resultado_preliminar_prova_escrita.pdf\">Resultado Prelimina da Prova Escrita<\/a><\/p>\n<p><a href=\"http:\/\/www.ifbaiano.edu.br\/portal\/wp-content\/uploads\/2011\/01\/resultado_final_prova_escrita.pdf\">Resultado Definitivo da Prova Escrita<\/a><strong> <\/strong><\/p>\n<p><a href=\"http:\/\/www.ifbaiano.edu.br\/portal\/wp-content\/uploads\/2011\/01\/resultado_preliminar_provas_didatica_titulos.pdf\">Resultado Preliminar das Provas Did\u00e1ticas e de T\u00edtulos<\/a> <strong><\/strong><\/p>\n<p><a href=\"http:\/\/www.ifbaiano.edu.br\/portal\/wp-content\/uploads\/2011\/01\/resultado_preliminar_processo_seletivo.pdf\">Resultado Preliminar do Processo Seletivo<\/a><\/p>\n","protected":false},"excerpt":{"rendered":"<p>2013 Sele\u00e7\u00e3o de\u00a0Professor\u00a0 Tempor\u00e1rio (Agrimensura) &#8211; NOVO Confira o Edital Inscri\u00e7\u00f5es homologadas Reabertura de inscri\u00e7\u00f5es e novo cronograma Retifica\u00e7\u00e3o das \u00e1reas de Conhecimento, n\u00famero de vagas e carga hor\u00e1ria Prorroga\u00e7\u00e3o de inscri\u00e7\u00f5es e novo cronograma Nova Prorroga\u00e7\u00e3o de inscri\u00e7\u00f5es e novo cronograma\u00a0&#8211; 23\/09\/13 Retifica\u00e7\u00e3o \u2013 Anexo I: Temas \u2013 24\/09\/13 Homologa\u00e7\u00e3o das inscri\u00e7\u00f5es &#8211; 26\/09\/2013 [&hellip;]<\/p>\n","protected":false},"author":33,"featured_media":0,"parent":0,"menu_order":0,"comment_status":"open","ping_status":"open","template":"","meta":[],"_links":{"self":[{"href":"https:\/\/www.ifbaiano.edu.br\/unidades\/bonfim\/wp-json\/wp\/v2\/pages\/2578"}],"collection":[{"href":"https:\/\/www.ifbaiano.edu.br\/unidades\/bonfim\/wp-json\/wp\/v2\/pages"}],"about":[{"href":"https:\/\/www.ifbaiano.edu.br\/unidades\/bonfim\/wp-json\/wp\/v2\/types\/page"}],"author":[{"embeddable":true,"href":"https:\/\/www.ifbaiano.edu.br\/unidades\/bonfim\/wp-json\/wp\/v2\/users\/33"}],"replies":[{"embeddable":true,"href":"https:\/\/www.ifbaiano.edu.br\/unidades\/bonfim\/wp-json\/wp\/v2\/comments?post=2578"}],"version-history":[{"count":23,"href":"https:\/\/www.ifbaiano.edu.br\/unidades\/bonfim\/wp-json\/wp\/v2\/pages\/2578\/revisions"}],"predecessor-version":[{"id":3720,"href":"https:\/\/www.ifbaiano.edu.br\/unidades\/bonfim\/wp-json\/wp\/v2\/pages\/2578\/revisions\/3720"}],"wp:attachment":[{"href":"https:\/\/www.ifbaiano.edu.br\/unidades\/bonfim\/wp-json\/wp\/v2\/media?parent=2578"}],"curies":[{"name":"wp","href":"https:\/\/api.w.org\/{rel}","templated":true}]}}