{"id":28,"date":"2011-05-18T18:48:26","date_gmt":"2011-05-18T18:48:26","guid":{"rendered":"http:\/\/localhost\/unidades\/bonfim\/?page_id=28"},"modified":"2025-04-22T14:24:18","modified_gmt":"2025-04-22T17:24:18","slug":"localizacao","status":"publish","type":"page","link":"https:\/\/www.ifbaiano.edu.br\/unidades\/bonfim\/localizacao\/","title":{"rendered":"Localiza\u00e7\u00e3o"},"content":{"rendered":"<p>O <em>Campus<\/em> Senhor do Bonfim situa-se no munic\u00edpio Senhor do Bonfim, ao norte da Bahia, distando 374 km da capital Salvador. Pertence ao territ\u00f3rio de identidade denominado \u201cPiemonte Norte do Itapicuru\u201d, em virtude de ser um dos munic\u00edpios que comp\u00f5em a microrregi\u00e3o, demarcada pela principal bacia hidrogr\u00e1fica da regi\u00e3o, do rio Itapicuru-A\u00e7u.<\/p>\n<p style=\"text-align: center\"><a href=\"https:\/\/maps.google.com.br\/maps?q=if+baiano+senhor+do+bonfim&amp;ie=UTF-8&amp;ei=GivMUYr6MY_g8wSLm4EI&amp;ved=0CAgQ_AUoAg\"><img decoding=\"async\" loading=\"lazy\" class=\"aligncenter size-large wp-image-4513\" src=\"http:\/\/www.ifbaiano.edu.br\/unidades\/bonfim\/files\/2011\/05\/mapa-if-1024x710.jpg\" alt=\"\" width=\"655\" height=\"454\" srcset=\"https:\/\/www.ifbaiano.edu.br\/unidades\/bonfim\/files\/2011\/05\/mapa-if-1024x710.jpg 1024w, https:\/\/www.ifbaiano.edu.br\/unidades\/bonfim\/files\/2011\/05\/mapa-if-300x208.jpg 300w, https:\/\/www.ifbaiano.edu.br\/unidades\/bonfim\/files\/2011\/05\/mapa-if-400x277.jpg 400w, https:\/\/www.ifbaiano.edu.br\/unidades\/bonfim\/files\/2011\/05\/mapa-if.jpg 1051w\" sizes=\"(max-width: 655px) 100vw, 655px\" \/><\/a><\/p>\n<p style=\"text-align: center\">Clique no mapa para visualizar o trajeto<\/p>\n\n\n<p class=\"has-small-font-size\"><strong>Endere\u00e7o:<\/strong><\/p>\n\n\n\n<p class=\"has-small-font-size\">Estrada da Igara, km 4, Zona Rural, Senhor do Bonfim\/BA<\/p>\n\n\n\n<p class=\"has-small-font-size\">Caixa Postal 55<\/p>\n\n\n\n<p class=\"has-small-font-size\">CEP 48970-000<\/p>\n","protected":false},"excerpt":{"rendered":"<p>O Campus Senhor do Bonfim situa-se no munic\u00edpio Senhor do Bonfim, ao norte da Bahia, distando 374 km da capital Salvador. Pertence ao territ\u00f3rio de identidade denominado \u201cPiemonte Norte do Itapicuru\u201d, em virtude de ser um dos munic\u00edpios que comp\u00f5em a microrregi\u00e3o, demarcada pela principal bacia hidrogr\u00e1fica da regi\u00e3o, do rio Itapicuru-A\u00e7u. Clique no mapa [&hellip;]<\/p>\n","protected":false},"author":1,"featured_media":0,"parent":0,"menu_order":0,"comment_status":"closed","ping_status":"closed","template":"","meta":[],"_links":{"self":[{"href":"https:\/\/www.ifbaiano.edu.br\/unidades\/bonfim\/wp-json\/wp\/v2\/pages\/28"}],"collection":[{"href":"https:\/\/www.ifbaiano.edu.br\/unidades\/bonfim\/wp-json\/wp\/v2\/pages"}],"about":[{"href":"https:\/\/www.ifbaiano.edu.br\/unidades\/bonfim\/wp-json\/wp\/v2\/types\/page"}],"author":[{"embeddable":true,"href":"https:\/\/www.ifbaiano.edu.br\/unidades\/bonfim\/wp-json\/wp\/v2\/users\/1"}],"replies":[{"embeddable":true,"href":"https:\/\/www.ifbaiano.edu.br\/unidades\/bonfim\/wp-json\/wp\/v2\/comments?post=28"}],"version-history":[{"count":14,"href":"https:\/\/www.ifbaiano.edu.br\/unidades\/bonfim\/wp-json\/wp\/v2\/pages\/28\/revisions"}],"predecessor-version":[{"id":21043,"href":"https:\/\/www.ifbaiano.edu.br\/unidades\/bonfim\/wp-json\/wp\/v2\/pages\/28\/revisions\/21043"}],"wp:attachment":[{"href":"https:\/\/www.ifbaiano.edu.br\/unidades\/bonfim\/wp-json\/wp\/v2\/media?parent=28"}],"curies":[{"name":"wp","href":"https:\/\/api.w.org\/{rel}","templated":true}]}}