{"id":3291,"date":"2013-09-02T09:47:39","date_gmt":"2013-09-02T12:47:39","guid":{"rendered":"http:\/\/www.ifbaiano.edu.br\/unidades\/bonfim\/?page_id=3291"},"modified":"2026-04-08T17:09:11","modified_gmt":"2026-04-08T20:09:11","slug":"boletim-de-servicos","status":"publish","type":"page","link":"https:\/\/www.ifbaiano.edu.br\/unidades\/bonfim\/boletim-de-servicos\/","title":{"rendered":"Boletim de Servi\u00e7os (BSI)"},"content":{"rendered":"<p>A Dire\u00e7\u00e3o Geral publica o Boletim de Servi\u00e7o Interno (BSI), visando dar publicidade e transpar\u00eancia aos atos internos do Instituto, conforme reza os princ\u00edpios da Administra\u00e7\u00e3o P\u00fablica:<\/p>\n<p><strong>2025<\/strong><\/p>\n<p><a href=\"https:\/\/www.ifbaiano.edu.br\/unidades\/bonfim\/files\/2025\/03\/BSI-Portarias-FEV.2025-1.pdf\">BSI BONFIM 02 &#8211; fevereiro 2025<\/a><\/p>\n<p><a href=\"https:\/\/www.ifbaiano.edu.br\/unidades\/bonfim\/files\/2025\/03\/BSI-BONFIM-01-Jan-2025-.pdf\">BSI BONFIM 01- janeiro 2025<\/a><\/p>\n<p><strong>2024<\/strong><\/p>\n<p><a href=\"https:\/\/www.ifbaiano.edu.br\/unidades\/bonfim\/files\/2025\/03\/BSI-Bonfim-Dez-2024.pdf\">BSI BONFIM 12 &#8211; dezembro 2024<\/a><\/p>\n<p><a href=\"https:\/\/www.ifbaiano.edu.br\/unidades\/bonfim\/files\/2024\/12\/BSI-Portarias-NOV.2024.pdf\">BSI BONFIM 11 &#8211; novembro 2024<\/a><\/p>\n<p><a href=\"https:\/\/www.ifbaiano.edu.br\/unidades\/bonfim\/files\/2024\/12\/Portarias-BSI-BONFIM-10-out.2024.pdf\">BSI BONFIM 10 &#8211; outubro 2024<\/a><\/p>\n<p><a href=\"https:\/\/www.ifbaiano.edu.br\/unidades\/bonfim\/files\/2024\/10\/BSI-BONFIM09-Set.2024.pdf\">BSI BONFIM 09 &#8211; setembro 2024<\/a><\/p>\n<p><a href=\"https:\/\/www.ifbaiano.edu.br\/unidades\/bonfim\/files\/2024\/09\/BSI-BONFIM08-AGO2024.pdf\">BSI BONFIM 08 &#8211; agosto 2024<\/a><\/p>\n<p><a href=\"https:\/\/www.ifbaiano.edu.br\/unidades\/bonfim\/files\/2024\/09\/BSI-BONFIM-07-Jul.2024.pdf\">BSI BONFIM 07 &#8211; julho 2024<\/a><\/p>\n<p><a href=\"https:\/\/www.ifbaiano.edu.br\/unidades\/bonfim\/files\/2024\/08\/BSI-BONFIM-06-junho-2024.pdf\">BSI BONFIM 06 &#8211; junho 2024<\/a><\/p>\n<p><a href=\"https:\/\/www.ifbaiano.edu.br\/unidades\/bonfim\/files\/2024\/08\/BSI-BONFIM-05-maio-2024.pdf\">BSI BONFIM 05 &#8211; maio 2024<\/a><\/p>\n<p><a href=\"https:\/\/www.ifbaiano.edu.br\/unidades\/bonfim\/files\/2024\/05\/BSI-ABril-2024.pdf\">BSI BONFIM 04 &#8211; abril 2024<\/a><\/p>\n<p><a href=\"https:\/\/www.ifbaiano.edu.br\/unidades\/bonfim\/files\/2024\/08\/BSI-BONFIM-03-marco-2024.pdf\">BSI BONFIM 03 &#8211; mar\u00e7o 2024<\/a><\/p>\n<p><a href=\"https:\/\/www.ifbaiano.edu.br\/unidades\/bonfim\/files\/2024\/03\/BSI-FEV.2024.pdf\">BSI BONFIM 02 &#8211; fevereiro 2024<\/a><\/p>\n<p><a href=\"https:\/\/www.ifbaiano.edu.br\/unidades\/bonfim\/files\/2024\/02\/BSI-BONFIM-01-JANEIRO-2024-publicar.pdf\">BSI BONFIM 01 &#8211; janeiro 2024<\/a><\/p>\n<p><strong>2023<\/strong><\/p>\n<p><a href=\"https:\/\/www.ifbaiano.edu.br\/unidades\/bonfim\/files\/2024\/02\/BSI-Dezembro.pdf\">BSI BONFIM 12 &#8211; dezembro 2023<\/a><\/p>\n<p><a href=\"https:\/\/www.ifbaiano.edu.br\/unidades\/bonfim\/files\/2024\/02\/BSI-BONFIM-NOVEMBRO-DE-2023-publicar.pdf\">BSI BONFIM 11 &#8211; novembro 2023<\/a><\/p>\n<p><a href=\"https:\/\/www.ifbaiano.edu.br\/unidades\/bonfim\/files\/2023\/12\/BSI-BONFIM-Out.2023-Portarias-2023.pdf\">BSI BONFIM 10 &#8211; outubro 2023<\/a><\/p>\n<p><a href=\"https:\/\/www.ifbaiano.edu.br\/unidades\/bonfim\/files\/2023\/12\/BSI-Portarias-set_2023.pdf\">BSI BONFIM 09 &#8211; setembro 2023<\/a><\/p>\n<p><a href=\"https:\/\/www.ifbaiano.edu.br\/unidades\/bonfim\/files\/2023\/12\/BSI-BONFIM-AGOSTO-DE-2023_COMPLETO.pdf\">BSI BONFIM 08 &#8211; agosto 2023<\/a><\/p>\n<p><a href=\"https:\/\/www.ifbaiano.edu.br\/unidades\/bonfim\/files\/2023\/12\/BSI-Portaria-Jul-2023_merged_pagenumber.pdf\">BSI BONFIM 07 &#8211; julho 2023<\/a><\/p>\n<p><a href=\"https:\/\/www.ifbaiano.edu.br\/unidades\/bonfim\/files\/2023\/12\/BSI-Jun.2023-.pdf\">BSI BONFIM 06 &#8211; junho 2023<\/a><\/p>\n<p><a href=\"https:\/\/www.ifbaiano.edu.br\/unidades\/bonfim\/files\/2023\/06\/BSI-Portarias-MAIO-2023.pdf\">BSI BONFIM 05 &#8211; maio 2023<\/a><\/p>\n<p><a href=\"https:\/\/www.ifbaiano.edu.br\/unidades\/bonfim\/files\/2023\/05\/BSI-BONFIM-04-ABRIL-DE-2023.pdf\">BSI BONFIM 04 &#8211; abril 2023<\/a><\/p>\n<p><a href=\"https:\/\/www.ifbaiano.edu.br\/unidades\/bonfim\/files\/2023\/05\/BSI-BONFIM-03-MARCO-DE-2023.pdf\">BSI BONFIM 03 &#8211; mar\u00e7o 2023<\/a><\/p>\n<p><a href=\"https:\/\/www.ifbaiano.edu.br\/unidades\/bonfim\/files\/2023\/05\/BSI-BONFIM-02-FEVEREIRO-2023.pdf\">BSI BONFIM 02 &#8211; fevereiro 2023<\/a><\/p>\n<p><a href=\"https:\/\/www.ifbaiano.edu.br\/unidades\/bonfim\/files\/2023\/05\/BSI-BONFIM-01-JANEIRO-2023.pdf\">BSI BONFIM 01 &#8211; janeiro 20223<\/a><\/p>\n<p><strong>2022<\/strong><\/p>\n<p><a href=\"https:\/\/www.ifbaiano.edu.br\/unidades\/bonfim\/files\/2023\/01\/BSI-BONFIM-01-DEZEMBRO-2022.pdf\">BSI BONFIM 12 &#8211; Dezembro 2022<\/a><\/p>\n<p><a href=\"https:\/\/www.ifbaiano.edu.br\/unidades\/bonfim\/files\/2022\/12\/BOLETIM-NOVEMBRO-2.pdf\">BSI BONFIM 11 &#8211; NOVEMBRO 2022<\/a><\/p>\n<p><a href=\"https:\/\/www.ifbaiano.edu.br\/unidades\/bonfim\/files\/2022\/11\/BSI-OUTUBRO.pdf\">BSI BONFIM 10 &#8211; OUTUBRO 2022<\/a><\/p>\n<p><a href=\"https:\/\/www.ifbaiano.edu.br\/unidades\/bonfim\/files\/2022\/10\/BOLETIM-INTERNO-SETEMBRO.pdf\">BS BONFIM 09 &#8211; Setembro 2022<\/a><\/p>\n<p><a href=\"https:\/\/www.ifbaiano.edu.br\/unidades\/bonfim\/files\/2022\/09\/BOLETIM-INTERNO-AGOSTO.pdf\">BSI BONFIM 08 &#8211; Agosto 2022<\/a><\/p>\n<p><a href=\"https:\/\/www.ifbaiano.edu.br\/unidades\/bonfim\/files\/2022\/08\/BOLETIM-JULHO.pdf\">BSI BONFIM 07 &#8211; Julho 2022<\/a><\/p>\n<p><a href=\"https:\/\/www.ifbaiano.edu.br\/unidades\/bonfim\/files\/2022\/07\/BOLETIM-INTERNO-JUNHO.pdf\">BSI BONFIM 06 &#8211; Junho 2022<\/a><\/p>\n<p><a href=\"https:\/\/www.ifbaiano.edu.br\/unidades\/bonfim\/files\/2022\/06\/BSI-BONFIM-05-MAIO.pdf\">BSI BONFIM 05 &#8211; Maio 2022<\/a><\/p>\n<p><a href=\"https:\/\/www.ifbaiano.edu.br\/unidades\/bonfim\/files\/2022\/05\/BSI-BONFIM-04-Abril-2022.pdf\">BSI BONFIM 04 &#8211; Abril 2022<\/a><\/p>\n<p><a href=\"https:\/\/www.ifbaiano.edu.br\/unidades\/bonfim\/files\/2022\/05\/BOLETIM-INTERNO-MARCO.pdf\">BSI BONFIM 03 &#8211; Mar\u00e7o 2022<\/a><\/p>\n<p><a href=\"https:\/\/www.ifbaiano.edu.br\/unidades\/bonfim\/files\/2022\/03\/BSI-BONFIM-02-Fevereiro-2022.pdf\">BSI BONFIM 02 &#8211; Fevereiro 2022<\/a><\/p>\n<p><a href=\"https:\/\/www.ifbaiano.edu.br\/unidades\/bonfim\/files\/2022\/03\/BSI-BONFIM-01-Janeiro-2022.pdf\">BSI BONFIM 01 &#8211; Janeiro 2022<\/a><\/p>\n<p><strong>2021<\/strong><\/p>\n<p><a href=\"https:\/\/www.ifbaiano.edu.br\/unidades\/bonfim\/files\/2022\/03\/BSI-BONFIM-12-Dezembro-2021.pdf\">BSI BONFIM 12 &#8211; Dezembro 2021<\/a><\/p>\n<p><a href=\"https:\/\/www.ifbaiano.edu.br\/unidades\/bonfim\/files\/2022\/03\/BSI-BONFIM-11-Novembro-2021.pdf\">BSI BONFIM 11 &#8211; Novembro 2021<\/a><\/p>\n<p><a href=\"https:\/\/www.ifbaiano.edu.br\/unidades\/bonfim\/files\/2022\/03\/BSI-BONFIM-10-Outubro-2021.pdf\">BSI BONFIM 10 &#8211; Outubro 2021<\/a><\/p>\n<p><a href=\"https:\/\/www.ifbaiano.edu.br\/unidades\/bonfim\/files\/2021\/10\/BSI-BONFIM-09-Setembro-2021.pdf\">BSI BONFIM 09 &#8211; Setembro<\/a><\/p>\n<p><a href=\"https:\/\/www.ifbaiano.edu.br\/unidades\/bonfim\/files\/2021\/11\/BSI-BONFIM-08-Agosto-2021-Retificado.pdf\">BSI BONFIM 08 &#8211; Agosto 2021 Retificado<\/a><\/p>\n<p><a href=\"https:\/\/www.ifbaiano.edu.br\/unidades\/bonfim\/files\/2021\/09\/BSI-BONFIM-08-Agosto.pdf\">BSI BONFIM 08 &#8211; Agosto<\/a><\/p>\n<p><a href=\"https:\/\/www.ifbaiano.edu.br\/unidades\/bonfim\/files\/2021\/09\/BSI-BONFIM-07-Julho.pdf\">BSI BONFIM 07 &#8211; Julho<\/a><\/p>\n<p><a href=\"https:\/\/www.ifbaiano.edu.br\/unidades\/bonfim\/files\/2021\/09\/BSI-BONFIM-06-Junho-2021.pdf\">BSI BONFIM 06 &#8211; Junho 2021<\/a><\/p>\n<p><a href=\"https:\/\/www.ifbaiano.edu.br\/unidades\/bonfim\/files\/2021\/11\/BSI-BONFIM-05-Maio-2021-retificado.pdf\">BSI BONFIM 05 &#8211; Maio 2021 retificado<\/a><\/p>\n<p><a href=\"https:\/\/www.ifbaiano.edu.br\/unidades\/bonfim\/files\/2021\/09\/BSI-BONFIM-05-Maio-2021.pdf\">BSI BONFIM 05 &#8211; Maio 2021<\/a><\/p>\n<p><a href=\"https:\/\/www.ifbaiano.edu.br\/unidades\/bonfim\/files\/2021\/05\/BSI-BONFIM-04-Abril-2021.pdf\">BSI BONFIM 04 &#8211; Abril 2021<\/a><\/p>\n<p><a href=\"https:\/\/www.ifbaiano.edu.br\/unidades\/bonfim\/files\/2021\/05\/BSI-BONFIM-03-Marc\u0327o-2021.pdf\">BSI BONFIM 03 &#8211; Marc\u0327o 2021<\/a><\/p>\n<p><a href=\"https:\/\/www.ifbaiano.edu.br\/unidades\/bonfim\/files\/2021\/05\/BSI-BONFIM-02-Fevereiro-2021.pdf\">BSI BONFIM 02 &#8211; Fevereiro 2021<\/a><\/p>\n<p><a href=\"https:\/\/www.ifbaiano.edu.br\/unidades\/bonfim\/files\/2021\/05\/BSI-BONFIM-04-Abril-2021.pdf\">BSI BONFIM 01 &#8211; Janeiro 2021<\/a><\/p>\n<p><strong>2020<\/strong><\/p>\n<p><a href=\"https:\/\/www.ifbaiano.edu.br\/unidades\/bonfim\/files\/2021\/03\/BSI-BONFIM-07-Dezembro-2020.pdf\">Dezembro\/2020<\/a><\/p>\n<p><a href=\"https:\/\/www.ifbaiano.edu.br\/unidades\/bonfim\/files\/2020\/12\/BSI-BONFIM-06-Novembro-2020.pdf\">Novembro\/2020<\/a>\u00a0 <a href=\"https:\/\/www.ifbaiano.edu.br\/unidades\/bonfim\/files\/2021\/03\/BSI-BONFIM-06-Novembro-2020-RETIFICADO.pdf\">BSI BONFIM 06 &#8211; Novembro 2020 &#8211; RETIFICADO<\/a><\/p>\n<p><a href=\"https:\/\/www.ifbaiano.edu.br\/unidades\/bonfim\/files\/2020\/11\/BSI-BONFIM-05-Outubro-2020.pdf\">Outubro\/2020 <\/a>\u00a0 \u00a0 <a href=\"https:\/\/www.ifbaiano.edu.br\/unidades\/bonfim\/files\/2021\/03\/BSI-BONFIM-05-Outubro-2020-RETIFICADO.pdf\">BSI BONFIM 05 &#8211; Outubro 2020 &#8211; RETIFICADO<\/a><\/p>\n<p><a href=\"https:\/\/www.ifbaiano.edu.br\/unidades\/bonfim\/files\/2020\/10\/BSI-BONFIM-04-Setembro-2020.pdf\" target=\"_blank\" rel=\"noopener noreferrer\">Setembro\/2020 <\/a>\u00a0 <a href=\"https:\/\/www.ifbaiano.edu.br\/unidades\/bonfim\/files\/2021\/03\/BSI-BONFIM-04-Setembro-2020-RETIFICADO.pdf\">BSI BONFIM 04 &#8211; Setembro 2020 &#8211; RETIFICADO<\/a><\/p>\n<p><a href=\"https:\/\/www.ifbaiano.edu.br\/unidades\/bonfim\/files\/2020\/09\/BSI-BONFIM-03-Agosto-2020.pdf\">Agosto\/2020\u00a0 <\/a>\u00a0 \u00a0 \u00a0<a href=\"https:\/\/www.ifbaiano.edu.br\/unidades\/bonfim\/files\/2021\/03\/BSI-BONFIM-03-Agosto-2020-RETIFICADO.pdf\"> BSI BONFIM 03 &#8211; Agosto 2020 &#8211; RETIFICADO<\/a><\/p>\n<p><a href=\"https:\/\/www.ifbaiano.edu.br\/unidades\/bonfim\/files\/2020\/09\/BSI-BONFIM-02-Julho-2020.pdf\">Julho\/2020<\/a><\/p>\n<p><a href=\"https:\/\/www.ifbaiano.edu.br\/unidades\/bonfim\/files\/2020\/08\/BSI-BONFIM-01-Junho-2020.pdf\">Junho\/2020<\/a><\/p>\n<p><a href=\"https:\/\/www.ifbaiano.edu.br\/unidades\/bonfim\/files\/2020\/09\/Campus-Senhor-do-Bonfim.pdf\"> Lista Completa de Atos Normativos 2009-2019<\/a><\/p>\n<p><a href=\"https:\/\/www.ifbaiano.edu.br\/unidades\/bonfim\/files\/2021\/02\/Consolidados-2012-2015.pdf\">Consolidado (2012-2015)<\/a><\/p>\n<p><a href=\"https:\/\/www.ifbaiano.edu.br\/unidades\/bonfim\/files\/2021\/02\/Atos-Normativos-2012-2015.pdf\">Atos Normativos (2012-2015)<\/a><\/p>\n<p><a href=\"https:\/\/www.ifbaiano.edu.br\/unidades\/bonfim\/files\/2020\/11\/Atos-Normativos-2009-2011.pdf\">Atos Normativos (2009-2011)<\/a><\/p>\n<p><a href=\"https:\/\/www.ifbaiano.edu.br\/unidades\/bonfim\/files\/2021\/05\/Consolidados-2016-2019.pdf\">Consolidados (2016-2019)<\/a><\/p>\n<p><a href=\"https:\/\/www.ifbaiano.edu.br\/unidades\/bonfim\/files\/2021\/05\/Atos-Normativos-2016-2019.pdf\">Atos Normativos (2016-2019)<\/a><\/p>\n<hr \/>\n<table class=\" alignleft\" border=\"0\" width=\"276\" cellspacing=\"0\" cellpadding=\"0\">\n<colgroup>\n<col span=\"2\" width=\"138\" \/> <\/colgroup>\n<tbody>\n<tr>\n<td style=\"text-align: center\" colspan=\"2\" width=\"276\" height=\"20\"><span style=\"color: #008000\"><strong>\u00a0ANO 2013<\/strong><\/span><\/td>\n<\/tr>\n<tr>\n<td colspan=\"2\" height=\"20\"><\/td>\n<\/tr>\n<tr>\n<td style=\"text-align: center\" height=\"20\"><span style=\"color: #008000\"><a href=\"http:\/\/www.ifbaiano.edu.br\/unidades\/bonfim\/files\/2013\/11\/Boletim_Agosto.pdf\"><span style=\"text-decoration: underline;color: #008000\">AGOSTO<\/span><\/a><\/span><\/td>\n<td style=\"text-align: center\"><span style=\"text-decoration: underline;color: #008000\"><a href=\"http:\/\/www.ifbaiano.edu.br\/unidades\/bonfim\/files\/2013\/11\/Boletim_Setembro.pdf\"><span style=\"color: #008000;text-decoration: underline\">SETEMBRO<\/span><\/a><\/span><\/td>\n<\/tr>\n<tr>\n<td colspan=\"2\" height=\"20\"><\/td>\n<\/tr>\n<tr>\n<td style=\"text-align: center\" height=\"20\"><span style=\"text-decoration: underline;color: #008000\"><a href=\"http:\/\/www.ifbaiano.edu.br\/unidades\/bonfim\/files\/2013\/11\/Boletim_outubro.pdf\"><span style=\"color: #008000;text-decoration: underline\">OUTUBRO<\/span><\/a><\/span><\/td>\n<td style=\"text-align: center\"><span style=\"text-decoration: underline;color: #008000\"><span style=\"text-decoration: underline\"><span style=\"text-decoration: underline\"><span style=\"text-decoration: underline\"><a href=\"http:\/\/www.ifbaiano.edu.br\/unidades\/bonfim\/files\/2014\/01\/B_novembro.pdf\"><span style=\"color: #008000;text-decoration: underline\">NOVEMBRO<\/span><\/a><\/span><\/span><\/span><\/span><\/td>\n<\/tr>\n<tr>\n<td colspan=\"2\" height=\"20\"><\/td>\n<\/tr>\n<tr>\n<td style=\"text-align: center\" height=\"20\"><span style=\"text-decoration: underline;color: #008000\"><span style=\"text-decoration: underline\"><a href=\"http:\/\/www.ifbaiano.edu.br\/unidades\/bonfim\/files\/2014\/12\/B_Dezembro.pdf\"><span style=\"color: #008000;text-decoration: underline\">DEZEMBRO<\/span><\/a><\/span><\/span><\/td>\n<td style=\"text-align: center\"><\/td>\n<\/tr>\n<\/tbody>\n<\/table>\n","protected":false},"excerpt":{"rendered":"<p>A Dire\u00e7\u00e3o Geral publica o Boletim de Servi\u00e7o Interno (BSI), visando dar publicidade e transpar\u00eancia aos atos internos do Instituto, conforme reza os princ\u00edpios da Administra\u00e7\u00e3o P\u00fablica: 2025 BSI BONFIM 02 &#8211; fevereiro 2025 BSI BONFIM 01- janeiro 2025 2024 BSI BONFIM 12 &#8211; dezembro 2024 BSI BONFIM 11 &#8211; novembro 2024 BSI BONFIM 10 [&hellip;]<\/p>\n","protected":false},"author":110,"featured_media":0,"parent":0,"menu_order":0,"comment_status":"open","ping_status":"open","template":"","meta":[],"_links":{"self":[{"href":"https:\/\/www.ifbaiano.edu.br\/unidades\/bonfim\/wp-json\/wp\/v2\/pages\/3291"}],"collection":[{"href":"https:\/\/www.ifbaiano.edu.br\/unidades\/bonfim\/wp-json\/wp\/v2\/pages"}],"about":[{"href":"https:\/\/www.ifbaiano.edu.br\/unidades\/bonfim\/wp-json\/wp\/v2\/types\/page"}],"author":[{"embeddable":true,"href":"https:\/\/www.ifbaiano.edu.br\/unidades\/bonfim\/wp-json\/wp\/v2\/users\/110"}],"replies":[{"embeddable":true,"href":"https:\/\/www.ifbaiano.edu.br\/unidades\/bonfim\/wp-json\/wp\/v2\/comments?post=3291"}],"version-history":[{"count":92,"href":"https:\/\/www.ifbaiano.edu.br\/unidades\/bonfim\/wp-json\/wp\/v2\/pages\/3291\/revisions"}],"predecessor-version":[{"id":23723,"href":"https:\/\/www.ifbaiano.edu.br\/unidades\/bonfim\/wp-json\/wp\/v2\/pages\/3291\/revisions\/23723"}],"wp:attachment":[{"href":"https:\/\/www.ifbaiano.edu.br\/unidades\/bonfim\/wp-json\/wp\/v2\/media?parent=3291"}],"curies":[{"name":"wp","href":"https:\/\/api.w.org\/{rel}","templated":true}]}}