{"id":4828,"date":"2014-03-27T12:22:18","date_gmt":"2014-03-27T15:22:18","guid":{"rendered":"http:\/\/www.ifbaiano.edu.br\/unidades\/bonfim\/?page_id=4828"},"modified":"2025-01-28T12:07:17","modified_gmt":"2025-01-28T15:07:17","slug":"zootecnia","status":"publish","type":"page","link":"https:\/\/www.ifbaiano.edu.br\/unidades\/bonfim\/zootecnia\/","title":{"rendered":"T\u00e9cnico em Zootecnia"},"content":{"rendered":"<h3 style=\"text-align: justify\"><strong>Objetivo do curso<\/strong><\/h3>\n<p>Viabilizar a forma\u00e7\u00e3o de profissionais t\u00e9cnicos de n\u00edvel m\u00e9dio, dotados de conhecimentos que os habilitem a desenvolver, com compet\u00eancias t\u00e9cnicas e atitudinais, as atividades relacionadas \u00e0 \u00e1rea de Zootecnia, contribuindo assim, no desenvolvimento sustent\u00e1vel da regi\u00e3o na qual esses sujeitos est\u00e3o inseridos.<\/p>\n<h3 style=\"text-align: justify\"><strong>Perfil do curso<\/strong><\/h3>\n<p>O curso T\u00e9cnico em Zootecnia, na modalidade subsequente, destina-se a pessoas que conclu\u00edram o Ensino M\u00e9dio e aspiram \u00e0 forma\u00e7\u00e3o t\u00e9cnica profissionalizante. Com uma dura\u00e7\u00e3o m\u00ednima de um ano e meio, ofertado em duas turmas nos turnos matutino e em tr\u00eas m\u00f3dulos, perfazendo uma carga hor\u00e1ria total de 1200 horas acrescida de 200 horas de Est\u00e1gio Supervisionado.<\/p>\n<p>Caracteriza-se por oferecer uma consistente prepara\u00e7\u00e3o t\u00e9cnica espec\u00edfica que engloba temas relacionados \u00e0 produ\u00e7\u00e3o animal, cria\u00e7\u00e3o de animais, instala\u00e7\u00f5es zoot\u00e9cnicas, cooperativismo, sociologia e extens\u00e3o rural, sustentabilidade, fundamentos de nutri\u00e7\u00e3o e sa\u00fade animal e ferramentas de gest\u00e3o.<strong>\u00a0<\/strong><\/p>\n<h3 style=\"text-align: justify\" align=\"JUSTIFY\"><strong>Atua\u00e7\u00e3o Profissional<\/strong><span style=\"font-size: 1.5em\">\u00a0<\/span><\/h3>\n<ul style=\"text-align: justify\">\n<li>\n<p>Propriedades rurais;<\/p>\n<\/li>\n<li>\n<p>Empresas de nutri\u00e7\u00e3o animal;<\/p>\n<\/li>\n<li>\n<p>Empresa de assist\u00eancia t\u00e9cnica, extens\u00e3o e pesquisa;<\/p>\n<\/li>\n<li>\n<p>Cl\u00ednicas veterin\u00e1rias e Cooperativas agropecu\u00e1rias.<\/p>\n<\/li>\n<\/ul>\n<h3 style=\"text-align: justify\"><strong>Forma de ingresso<\/strong><\/h3>\n<p>1. \u00a0\u00a0Por meio de Processo Seletivo Institucional unificado, tendo como pr\u00e9-requisito a conclus\u00e3o do Ensino M\u00e9dio. A Institui\u00e7\u00e3o fixar\u00e1, atrav\u00e9s de edital, o n\u00famero de vagas dispon\u00edveis e todas as informa\u00e7\u00f5es referentes ao processo seletivo;<\/p>\n<p>2. \u00a0\u00a0Atrav\u00e9s da transfer\u00eancia compuls\u00f3ria, transfer\u00eancia Interna ou externa, atendido ao que disp\u00f5e a legisla\u00e7\u00e3o vigente do Pa\u00eds e as normas internas da Institui\u00e7\u00e3o.<\/p>\n<h3 style=\"text-align: justify\"><strong>Hor\u00e1rio de funcionamento<\/strong><\/h3>\n<p>O curso \u00e9 ofertado em duas turmas no turno matutino: das 7:30 \u00e0s 11:30h<\/p>\n<h3><b>Matriz curricular do curso:<\/b><\/h3>\n<p><a href=\"https:\/\/www.ifbaiano.edu.br\/unidades\/bonfim\/files\/2020\/07\/MATRIZ-CURRICULAR-DO-CURSO-T\u00c9CNICO-EM-ZOOTECNIA.pdf\">Matriz Curricular &#8211; PPC (2016)<\/a><\/p>\n<h3><b>Projeto Pedag\u00f3gico do Curso (PPC)<\/b><\/h3>\n<p>\u00a0<a href=\"https:\/\/www.ifbaiano.edu.br\/unidades\/bonfim\/files\/2020\/07\/PPC-Reformulado_Subsequente-em-Zootecnia_Senhor-do-Bonfim_Altera\u00e7\u00f5es-2018.pdf\">Projeto Pedag\u00f3gico do Curso &#8211; PPC (2016)<\/a><\/p>\n<h2><b>Calend\u00e1rio acad\u00eamico<\/b><\/h2>\n<p><a href=\"https:\/\/www.ifbaiano.edu.br\/unidades\/bonfim\/files\/2025\/01\/PREVIA-Calendario-Letivo-2024-CIVIL-2025-ZOOTECNIA.pdf\">Calend\u00e1rio Acad\u00eamico Ano Letivo 2024 (Civil 2025)<\/a><\/p>\n<p><a href=\"http:\/\/www.ifbaiano.edu.br\/unidades\/bonfim\/files\/2014\/03\/Calendario-Zootecnia-03-de-dezembro.pdf\">Calend\u00e1rio acad\u00eamico: Ano 2019<\/a><\/p>\n<p><a href=\"https:\/\/www.ifbaiano.edu.br\/unidades\/bonfim\/files\/2020\/07\/Calend\u00e1rio-Letivo-2020-Curso-T\u00e9cnico-em-Zootecnia.pdf\">Calend\u00e1rio acad\u00eamico: Ano 2020<\/a><\/p>\n<p><a href=\"https:\/\/www.ifbaiano.edu.br\/unidades\/bonfim\/files\/2021\/09\/Calendario-APNP-2020-2-Curso-Tecnico-em-Zootecnia.pdf\">Calend\u00e1rio acad\u00eamico APNP :Ano 2020.2<\/a><\/p>\n<p><a href=\"https:\/\/www.ifbaiano.edu.br\/unidades\/bonfim\/files\/2021\/09\/Calendario-Curso-Tecnico-em-Zootecnia.pdf\">Calend\u00e1rio acad\u00eamico: Ano 2021<\/a><\/p>\n<h3><b>Corpo docente<\/b><\/h3>\n<p><a href=\"https:\/\/www.ifbaiano.edu.br\/unidades\/bonfim\/files\/2020\/07\/RELA\u00c7\u00c3O-DO-CORPO-DOCENTE-DE-2020.pdf\">\u00a0Rela\u00e7\u00e3o do corpo docente (2020)<\/a><\/p>\n<h3><b>Hor\u00e1rio das disciplinas<\/b><\/h3>\n<p><a href=\"https:\/\/www.ifbaiano.edu.br\/unidades\/bonfim\/files\/2024\/02\/HORARIO-2023_1-ZOOTECNIA_Modulo-I-e-II-MINUTA-Editavel.pdf\">HOR\u00c1RIO 2024.1\/2023.1 (m\u00f3dulo I e II)<\/a><\/p>\n<h3><b>Orienta\u00e7\u00f5es para a participa\u00e7\u00e3o das aulas de campo<\/b><\/h3>\n<p>\u00a0<a href=\"https:\/\/www.ifbaiano.edu.br\/unidades\/bonfim\/files\/2020\/07\/Manual-de-boas-pr\u00e1ticas-para-aulas-de-campo.pdf\">Boas pr\u00e1ticas para a participa\u00e7\u00e3o das aulas de campo e visitas t\u00e9cnicas<\/a><\/p>\n<h3><b>Programa de Nivelamento e Tutoria acad\u00eamica<\/b><\/h3>\n<p>1. \u00a0<a href=\"https:\/\/www.ifbaiano.edu.br\/unidades\/bonfim\/files\/2020\/07\/Programa-de-Nivelamento-e-Aprimoramento-da-Aprendizagem.pdf\">Programa de nivelamento e aproveitamento da aprendizagem<\/a><\/p>\n<p>2. \u00a0<a href=\"https:\/\/www.ifbaiano.edu.br\/unidades\/bonfim\/files\/2020\/07\/Programa-de-Tutoria-Acad\u00eamica-do-Curso-T\u00e9cnico-Subsequente-em-Zootecnia-1.pdf\">Programa de tutoria acad\u00eamica<\/a>;<\/p>\n<p>3. \u00a0<a href=\"https:\/\/www.ifbaiano.edu.br\/unidades\/bonfim\/files\/2020\/07\/RELA\u00c7\u00c3O-TUTORES-E-TUTORANDOS-MODULO-II.pdf\">Rela\u00e7\u00e3o de tutores e tutorandos<\/a><\/p>\n<h3><b>C\u00f3digo de \u00c9tica:<\/b><\/h3>\n<p>\u00a0<a href=\"https:\/\/www.ifbaiano.edu.br\/unidades\/bonfim\/files\/2020\/07\/C\u00f3digo-de-\u00e9tica-Zootecnico.pdf\">C\u00f3digo de \u00c9tica Zoot\u00e9cnico<\/a><\/p>\n<h3><b>Documentos:<\/b><\/h3>\n<p>1. \u00a0<a href=\"https:\/\/www.ifbaiano.edu.br\/unidades\/bonfim\/files\/2021\/03\/Organizacao-Didatica-EPTNM.pdf\">Organiza\u00e7\u00e3o Did\u00e1tica \u2013 EPTNM;<\/a><\/p>\n<p>2. \u00a0<a href=\"https:\/\/www.ifbaiano.edu.br\/unidades\/bonfim\/files\/2020\/07\/GuiaOrientadorparaoProjetoIntegradorEPTNM.pdf\">Guia Orientador para Projeto Integrador;<\/a><\/p>\n<p>3. \u00a0<a href=\"https:\/\/www.ifbaiano.edu.br\/unidades\/bonfim\/files\/2020\/07\/Pol\u00edtica-de-Assist\u00eancia-Estudantil-29.01.2019.pdf\">Pol\u00edtica de Assist\u00eancia Estudantil;<\/a><\/p>\n<p>4. \u00a0<a href=\"https:\/\/www.ifbaiano.edu.br\/unidades\/bonfim\/files\/2020\/07\/REGULAMENTO_DE_ESTAGIO_CURRICULAR_DA_EPTNM-1.pdf\">Regulamento de Est\u00e1gio Curricular \u2013 EPTNM<\/a><\/p>\n<h3><b>Coordenadora:<\/b><\/h3>\n<p>Dsc. Alessandra Oliveira de Ara\u00fajo (\u00a0<u>alessandra.araujo@ifbaiano.edu.br<\/u>\u00a0),<\/p>\n<p>Gabinete: 21<\/p>\n<p>E-mail:<br \/><span id=\"OBJ_PREFIX_DWT1023_ZmEmailObjectHandler\" class=\"Object\"><span id=\"OBJ_PREFIX_DWT496_ZmEmailObjectHandler\" class=\"Object\" role=\"link\"><span id=\"OBJ_PREFIX_DWT501_ZmEmailObjectHandler\" class=\"Object\" role=\"link\">subsequente.zootecnia@bonfim.ifbaiano.edu.br<\/span><\/span><\/span><\/p>\n<p><strong>Fotos das aulas pr\u00e1ticas e visitas t\u00e9cnicas:<\/strong><\/p>\n\n\n<figure class=\"wp-block-gallery has-nested-images columns-2 is-cropped wp-block-gallery-1 is-layout-flex\">\n<figure class=\"wp-block-image size-large\"><img decoding=\"async\" loading=\"lazy\" width=\"1040\" height=\"780\" data-id=\"12790\"  src=\"https:\/\/www.ifbaiano.edu.br\/unidades\/bonfim\/files\/2020\/07\/1-1.jpg\" alt=\"\" class=\"wp-image-12790\" \/><figcaption class=\"wp-element-caption\"> <br> <br> <br> <br> <br> <br>Visita t\u00e9cnica (aula de Equinocultura e nutri\u00e7\u00e3o animal) <\/figcaption><\/figure>\n\n\n\n<figure class=\"wp-block-image size-large\"><img decoding=\"async\" loading=\"lazy\" width=\"1040\" height=\"780\" data-id=\"12789\"  src=\"https:\/\/www.ifbaiano.edu.br\/unidades\/bonfim\/files\/2020\/07\/2.jpg\" alt=\"\" class=\"wp-image-12789\" \/><figcaption class=\"wp-element-caption\">Visita t\u00e9cnica (Aula de reprodu\u00e7\u00e3o animal)<\/figcaption><\/figure>\n\n\n\n<figure class=\"wp-block-image size-large\"><img decoding=\"async\" loading=\"lazy\" width=\"1040\" height=\"780\" data-id=\"12793\"  src=\"https:\/\/www.ifbaiano.edu.br\/unidades\/bonfim\/files\/2020\/07\/3-1.jpg\" alt=\"\" class=\"wp-image-12793\" \/><figcaption class=\"wp-element-caption\">Aula pr\u00e1tica (ordenha higi\u00eanica)<\/figcaption><\/figure>\n\n\n\n<figure class=\"wp-block-image size-large\"><img decoding=\"async\" loading=\"lazy\" width=\"780\" height=\"1040\" data-id=\"12792\"  src=\"https:\/\/www.ifbaiano.edu.br\/unidades\/bonfim\/files\/2020\/07\/4-1.jpg\" alt=\"\" class=\"wp-image-12792\" \/><figcaption class=\"wp-element-caption\">Aula pr\u00e1tica (psicultura)<\/figcaption><\/figure>\n\n\n\n<figure class=\"wp-block-image size-large\"><img decoding=\"async\" loading=\"lazy\" width=\"610\" height=\"439\" data-id=\"12791\"  src=\"https:\/\/www.ifbaiano.edu.br\/unidades\/bonfim\/files\/2020\/07\/5-1.jpg\" alt=\"\" class=\"wp-image-12791\" \/><figcaption class=\"wp-element-caption\">Visita fenagro &#8211; Salvador\/BA<\/figcaption><\/figure>\n<\/figure>\n","protected":false},"excerpt":{"rendered":"<p>Objetivo do curso Viabilizar a forma\u00e7\u00e3o de profissionais t\u00e9cnicos de n\u00edvel m\u00e9dio, dotados de conhecimentos que os habilitem a desenvolver, com compet\u00eancias t\u00e9cnicas e atitudinais, as atividades relacionadas \u00e0 \u00e1rea de Zootecnia, contribuindo assim, no desenvolvimento sustent\u00e1vel da regi\u00e3o na qual esses sujeitos est\u00e3o inseridos. Perfil do curso O curso T\u00e9cnico em Zootecnia, na modalidade [&hellip;]<\/p>\n","protected":false},"author":46,"featured_media":0,"parent":0,"menu_order":0,"comment_status":"open","ping_status":"closed","template":"","meta":[],"_links":{"self":[{"href":"https:\/\/www.ifbaiano.edu.br\/unidades\/bonfim\/wp-json\/wp\/v2\/pages\/4828"}],"collection":[{"href":"https:\/\/www.ifbaiano.edu.br\/unidades\/bonfim\/wp-json\/wp\/v2\/pages"}],"about":[{"href":"https:\/\/www.ifbaiano.edu.br\/unidades\/bonfim\/wp-json\/wp\/v2\/types\/page"}],"author":[{"embeddable":true,"href":"https:\/\/www.ifbaiano.edu.br\/unidades\/bonfim\/wp-json\/wp\/v2\/users\/46"}],"replies":[{"embeddable":true,"href":"https:\/\/www.ifbaiano.edu.br\/unidades\/bonfim\/wp-json\/wp\/v2\/comments?post=4828"}],"version-history":[{"count":26,"href":"https:\/\/www.ifbaiano.edu.br\/unidades\/bonfim\/wp-json\/wp\/v2\/pages\/4828\/revisions"}],"predecessor-version":[{"id":20171,"href":"https:\/\/www.ifbaiano.edu.br\/unidades\/bonfim\/wp-json\/wp\/v2\/pages\/4828\/revisions\/20171"}],"wp:attachment":[{"href":"https:\/\/www.ifbaiano.edu.br\/unidades\/bonfim\/wp-json\/wp\/v2\/media?parent=4828"}],"curies":[{"name":"wp","href":"https:\/\/api.w.org\/{rel}","templated":true}]}}