{"id":5230,"date":"2014-08-07T08:09:00","date_gmt":"2014-08-07T11:09:00","guid":{"rendered":"http:\/\/www.ifbaiano.edu.br\/unidades\/bonfim\/?page_id=5230"},"modified":"2024-12-30T12:33:44","modified_gmt":"2024-12-30T15:33:44","slug":"cursos-de-graduacao","status":"publish","type":"page","link":"https:\/\/www.ifbaiano.edu.br\/unidades\/bonfim\/cursos-de-graduacao\/","title":{"rendered":"Cursos de Gradua\u00e7\u00e3o"},"content":{"rendered":"<p>A Gradua\u00e7\u00e3o \u00e9 o curso superior, antigo terceiro grau, e pode ser realizada ap\u00f3s o aluno ter conclu\u00eddo o ensino m\u00e9dio. Os cursos de gradua\u00e7\u00e3o somente podem ser ministrados por institui\u00e7\u00f5es devidamente credenciadas e autorizadas pelo Minist\u00e9rio da Educa\u00e7\u00e3o (MEC). Os cursos de gradua\u00e7\u00e3o podem ser divididos em bacharelado, licenciatura ou cursos tecnol\u00f3gicos.<\/p>\n<p>O Campus Senhor do Bonfim do IF Baiano, oferece cursos na modalidade Licenciatura. Essas forma\u00e7\u00f5es conferem ao diplomado compet\u00eancias e habilidades profissionais para realizar v\u00e1rias fun\u00e7\u00f5es referentes \u00e0s in\u00fameras \u00e1reas do conhecimento direcionadas ao ensino\/aprendizagem, na \u00e1rea de forma\u00e7\u00e3o, e em escolas p\u00fablicas e privadas no Brasil.<\/p>\n<p>O Campus Senhor do Bonfim do IF Baiano tamb\u00e9m oferece o curso de Bacharelado em Administra\u00e7\u00e3o, uma forma\u00e7\u00e3o voltada para desenvolver compet\u00eancias e habilidades no campo da gest\u00e3o e dos neg\u00f3cios. O curso prepara profissionais capazes de atuar em diversas \u00e1reas, como planejamento estrat\u00e9gico, gest\u00e3o de pessoas, marketing, finan\u00e7as, log\u00edstica, entre outras.<\/p>\n<p>Para estudar em nosso Campus, totalmente de forma gratuita, o candidato precisa fazer as provas do Enem e se inscrever no Sistema de Sele\u00e7\u00e3o Unificada do Minist\u00e9rio da Educa\u00e7\u00e3o (Sisu). O sistema de sele\u00e7\u00e3o \u00e9 realizado duas vezes por ano e recebe inscri\u00e7\u00f5es pela internet no site <a href=\"http:\/\/www.sisu.mec.gov.br\">http:\/\/www.sisu.mec.gov.br<\/a>. <span style=\"font-size: revert;color: initial\">No caso dos cursos de Licenciatura em Qu\u00edmica e Bacharelado em Administra\u00e7\u00e3o, para a edi\u00e7\u00e3o de 2025, tamb\u00e9m ser\u00e1 poss\u00edvel ingressar por meio do <a href=\"https:\/\/www.ifbaiano.edu.br\/unidades\/bonfim\/ensino-superior-2025\/\">processo seletivo local<\/a>.<\/span><\/p>\n<p>Conhe\u00e7a nossas Licenciaturas:<\/p>\n<div style=\"width: 100%\">\n<div style=\"background-color: #edeff0;width: 47.60%;text-align: center;float: left;height: 82px;line-height: 80px;border: medium solid #ffffff\"><a href=\"http:\/\/www.ifbaiano.edu.br\/unidades\/bonfim\/licenciatura-em-ciencias-agrarias\/\"><strong>Licenciatura em Ci\u00eancias Agr\u00e1rias<\/strong><\/a><\/div>\n<div style=\"background-color: #edeff0;width: 47.60%;text-align: center;float: left;height: 82px;line-height: 80px;border: medium solid #ffffff\"><a href=\"http:\/\/www.ifbaiano.edu.br\/unidades\/bonfim\/licenciatura-em-ciencias-da-computacao\/\"><strong>Licenciatura em Ci\u00eancias da Computa\u00e7\u00e3o<\/strong><\/a><\/div>\n<\/div>\n<div style=\"width: 100%\">\n<div style=\"background-color: #edeff0;width: 47.60%;text-align: center;float: left;height: 82px;line-height: 80px;border: medium solid #ffffff\"><a href=\"https:\/\/www.ifbaiano.edu.br\/unidades\/bonfim\/licenciatura-em-quimica\/\"><strong>Licenciatura em Qu\u00edmica<\/strong><\/a><\/div>\n<div style=\"background-color: #edeff0;width: 47.60%;text-align: center;float: left;height: 82px;line-height: 80px;border: medium solid #ffffff\"><a href=\"https:\/\/www.ifbaiano.edu.br\/unidades\/bonfim\/bacharelado-em-administracao\/\"><strong>Bacharelado em Administra\u00e7\u00e3o<\/strong><\/a><\/div>\n<\/div>\n","protected":false},"excerpt":{"rendered":"<p>A Gradua\u00e7\u00e3o \u00e9 o curso superior, antigo terceiro grau, e pode ser realizada ap\u00f3s o aluno ter conclu\u00eddo o ensino m\u00e9dio. Os cursos de gradua\u00e7\u00e3o somente podem ser ministrados por institui\u00e7\u00f5es devidamente credenciadas e autorizadas pelo Minist\u00e9rio da Educa\u00e7\u00e3o (MEC). Os cursos de gradua\u00e7\u00e3o podem ser divididos em bacharelado, licenciatura ou cursos tecnol\u00f3gicos. O Campus [&hellip;]<\/p>\n","protected":false},"author":46,"featured_media":0,"parent":0,"menu_order":0,"comment_status":"open","ping_status":"open","template":"","meta":[],"_links":{"self":[{"href":"https:\/\/www.ifbaiano.edu.br\/unidades\/bonfim\/wp-json\/wp\/v2\/pages\/5230"}],"collection":[{"href":"https:\/\/www.ifbaiano.edu.br\/unidades\/bonfim\/wp-json\/wp\/v2\/pages"}],"about":[{"href":"https:\/\/www.ifbaiano.edu.br\/unidades\/bonfim\/wp-json\/wp\/v2\/types\/page"}],"author":[{"embeddable":true,"href":"https:\/\/www.ifbaiano.edu.br\/unidades\/bonfim\/wp-json\/wp\/v2\/users\/46"}],"replies":[{"embeddable":true,"href":"https:\/\/www.ifbaiano.edu.br\/unidades\/bonfim\/wp-json\/wp\/v2\/comments?post=5230"}],"version-history":[{"count":28,"href":"https:\/\/www.ifbaiano.edu.br\/unidades\/bonfim\/wp-json\/wp\/v2\/pages\/5230\/revisions"}],"predecessor-version":[{"id":19850,"href":"https:\/\/www.ifbaiano.edu.br\/unidades\/bonfim\/wp-json\/wp\/v2\/pages\/5230\/revisions\/19850"}],"wp:attachment":[{"href":"https:\/\/www.ifbaiano.edu.br\/unidades\/bonfim\/wp-json\/wp\/v2\/media?parent=5230"}],"curies":[{"name":"wp","href":"https:\/\/api.w.org\/{rel}","templated":true}]}}