{"id":5233,"date":"2014-08-07T08:13:20","date_gmt":"2014-08-07T11:13:20","guid":{"rendered":"http:\/\/www.ifbaiano.edu.br\/unidades\/bonfim\/?page_id=5233"},"modified":"2022-11-07T10:57:56","modified_gmt":"2022-11-07T13:57:56","slug":"cursos-tecnicos","status":"publish","type":"page","link":"https:\/\/www.ifbaiano.edu.br\/unidades\/bonfim\/cursos-tecnicos\/","title":{"rendered":"Cursos T\u00e9cnicos"},"content":{"rendered":"\n<p>O diploma de T\u00e9cnico tem validade nacional e \u00e9 assegurado \u00e0queles que tiverem conclu\u00eddo o curso t\u00e9cnico e o ensino m\u00e9dio. Proporcionam conhecimento na \u00e1rea escolhida, te\u00f3ricos e pr\u00e1ticos, e levam menos tempo para a forma\u00e7\u00e3o com foco adequado \u00e0s exig\u00eancias do mercado de trabalho. O IF Baiano Campus Senhor do Bonfim atua em duas modalidades de cursos t\u00e9cnicos: Integrado e Subsequente. A modalidade de ensino integrado \u00e9 aquela em que o aluno cursa o ensino m\u00e9dio e o t\u00e9cnico ao mesmo tempo. A modalidade de ensino t\u00e9cnico subsequente \u00e9 aquela em que o aluno cursa o ensino t\u00e9cnico somente ap\u00f3s a conclus\u00e3o do ensino m\u00e9dio.<\/p>\n\n\n\n<p>Conhe\u00e7a nossos cursos t\u00e9cnicos <strong>INTEGRADOS <\/strong>ao ensino m\u00e9dio:<\/p>\n\n\n\n<div class=\"wp-block-buttons is-layout-flex\">\n<div class=\"wp-block-button is-style-outline\"><a class=\"wp-block-button__link\" href=\"https:\/\/www.ifbaiano.edu.br\/unidades\/bonfim\/integrado-agroindustria\/\" style=\"border-radius:14px\"><strong> T\u00e9cnico em Agroind\u00fastria<\/strong><\/a><\/div>\n\n\n\n<div class=\"wp-block-button is-style-outline\"><a class=\"wp-block-button__link\" href=\"https:\/\/www.ifbaiano.edu.br\/unidades\/bonfim\/agropecuaria\/\" style=\"border-radius:14px\"><strong> T\u00e9cnico em Agropecu\u00e1ria<\/strong><\/a><\/div>\n\n\n\n<div class=\"wp-block-button is-style-outline\"><a class=\"wp-block-button__link\" href=\"https:\/\/www.ifbaiano.edu.br\/unidades\/bonfim\/integrado-informatica\/\" style=\"border-radius:14px\"><strong>T\u00e9cnico em Inform\u00e1tica<\/strong><\/a><\/div>\n<\/div>\n\n\n\n<p>Conhe\u00e7a nossos cursos t\u00e9cnicos <strong>SUBSEQUENTES <\/strong>ao ensino m\u00e9dio:<\/p>\n\n\n\n<div class=\"wp-block-buttons is-layout-flex\">\n<div class=\"wp-block-button is-style-outline\"><a class=\"wp-block-button__link\" href=\"https:\/\/www.ifbaiano.edu.br\/unidades\/bonfim\/alimentos\/\"><strong>T\u00e9cnico em Alimentos<\/strong><\/a><\/div>\n\n\n\n<div class=\"wp-block-button is-style-outline\"><a class=\"wp-block-button__link\" href=\"https:\/\/www.ifbaiano.edu.br\/unidades\/bonfim\/agrimensura\/\"><strong>T\u00e9cnico em Agrimensura<\/strong><\/a><\/div>\n\n\n\n<div class=\"wp-block-button is-style-outline\"><a class=\"wp-block-button__link\" href=\"https:\/\/www.ifbaiano.edu.br\/unidades\/bonfim\/tecnico-em-informatica\/\"><strong>T\u00e9cnico em Inform\u00e1tica<\/strong><\/a><\/div>\n\n\n\n<div class=\"wp-block-button is-style-outline\"><a class=\"wp-block-button__link\" href=\"https:\/\/www.ifbaiano.edu.br\/unidades\/bonfim\/zootecnia\/\"><strong>T\u00e9cnico em Zootecnia<\/strong><\/a><\/div>\n<\/div>\n\n\n\n<p>Oferecemos tamb\u00e9m Cursos Superiores de Licenciaturas. <a href=\"http:\/\/www.ifbaiano.edu.br\/unidades\/bonfim\/cursos-de-graduacao\/\">Saiba mais&#8230;<\/a><\/p>\n","protected":false},"excerpt":{"rendered":"<p>O diploma de T\u00e9cnico tem validade nacional e \u00e9 assegurado \u00e0queles que tiverem conclu\u00eddo o curso t\u00e9cnico e o ensino m\u00e9dio. Proporcionam conhecimento na \u00e1rea escolhida, te\u00f3ricos e pr\u00e1ticos, e levam menos tempo para a forma\u00e7\u00e3o com foco adequado \u00e0s exig\u00eancias do mercado de trabalho. O IF Baiano Campus Senhor do Bonfim atua em duas [&hellip;]<\/p>\n","protected":false},"author":46,"featured_media":0,"parent":0,"menu_order":0,"comment_status":"open","ping_status":"open","template":"","meta":[],"_links":{"self":[{"href":"https:\/\/www.ifbaiano.edu.br\/unidades\/bonfim\/wp-json\/wp\/v2\/pages\/5233"}],"collection":[{"href":"https:\/\/www.ifbaiano.edu.br\/unidades\/bonfim\/wp-json\/wp\/v2\/pages"}],"about":[{"href":"https:\/\/www.ifbaiano.edu.br\/unidades\/bonfim\/wp-json\/wp\/v2\/types\/page"}],"author":[{"embeddable":true,"href":"https:\/\/www.ifbaiano.edu.br\/unidades\/bonfim\/wp-json\/wp\/v2\/users\/46"}],"replies":[{"embeddable":true,"href":"https:\/\/www.ifbaiano.edu.br\/unidades\/bonfim\/wp-json\/wp\/v2\/comments?post=5233"}],"version-history":[{"count":69,"href":"https:\/\/www.ifbaiano.edu.br\/unidades\/bonfim\/wp-json\/wp\/v2\/pages\/5233\/revisions"}],"predecessor-version":[{"id":15469,"href":"https:\/\/www.ifbaiano.edu.br\/unidades\/bonfim\/wp-json\/wp\/v2\/pages\/5233\/revisions\/15469"}],"wp:attachment":[{"href":"https:\/\/www.ifbaiano.edu.br\/unidades\/bonfim\/wp-json\/wp\/v2\/media?parent=5233"}],"curies":[{"name":"wp","href":"https:\/\/api.w.org\/{rel}","templated":true}]}}