{"id":56,"date":"2011-05-18T19:23:42","date_gmt":"2011-05-18T19:23:42","guid":{"rendered":"http:\/\/localhost\/unidades\/bonfim\/?page_id=56"},"modified":"2017-02-16T09:32:51","modified_gmt":"2017-02-16T12:32:51","slug":"certific","status":"publish","type":"page","link":"https:\/\/www.ifbaiano.edu.br\/unidades\/bonfim\/certific\/","title":{"rendered":"Rede Certific"},"content":{"rendered":"<p style=\"text-align: justify\"><strong>O que \u00e9\u00a0<\/strong><\/p>\n<p>A Rede Nacional de Certifica\u00e7\u00e3o Profissional e Forma\u00e7\u00e3o Inicial e Continuada &#8211; Rede CERTIFIC \u00e9 uma pol\u00edtica p\u00fablica de inclus\u00e3o social que se institui atrav\u00e9s da articula\u00e7\u00e3o do Minist\u00e9rio da Educa\u00e7\u00e3o &#8211; MEC e Minist\u00e9rio do Trabalho e Emprego &#8211; MTE em coopera\u00e7\u00e3o com as institui\u00e7\u00f5es\/organiza\u00e7\u00f5es que a constituem, denominadas:<\/p>\n<p>I \u2013\u00a0<strong>Membros Natos<\/strong>: Institutos Federais de Educa\u00e7\u00e3o, Ci\u00eancia e Tecnologia, respons\u00e1veis pelo desenvolvimento e implementa\u00e7\u00e3o dos Programas de Certifica\u00e7\u00e3o Profissional e Forma\u00e7\u00e3o Inicial e Continuada e pela acredita\u00e7\u00e3o de institui\u00e7\u00f5es para os mesmos fins.<\/p>\n<p>II \u2013\u00a0<strong>Membros Acreditados<\/strong>: institui\u00e7\u00f5es p\u00fablicas de ensino que oferecem cursos da Educa\u00e7\u00e3o Profissional e Tecnol\u00f3gica, institui\u00e7\u00f5es vinculadas \u00e0s Confedera\u00e7\u00f5es Nacionais, escolas de forma\u00e7\u00e3o profissional vinculadas a sindicatos de trabalhadores ou organiza\u00e7\u00f5es n\u00e3o governamentais com a finalidade de implantar e desenvolver os programas de certifica\u00e7\u00e3o e forma\u00e7\u00e3o profissional da Rede CERTIFIC.<\/p>\n<p>III \u2013\u00a0<strong>Membros Associados<\/strong>: \u00f3rg\u00e3os governamentais e n\u00e3o governamentais com atribui\u00e7\u00f5es relacionadas \u00e0 educa\u00e7\u00e3o, certifica\u00e7\u00e3o, metrologia, normaliza\u00e7\u00e3o, fiscaliza\u00e7\u00e3o do exerc\u00edcio profissional cuja finalidade \u00e9 apoiar o funcionamento da Rede CERTIFIC.<\/p>\n<p><strong>Finalidade<\/strong><\/p>\n<p>A Rede Nacional de Certifica\u00e7\u00e3o Profissional e Forma\u00e7\u00e3o Inicial e Continuada &#8211; Rede CERTIFIC constitui-se como uma Pol\u00edtica P\u00fablica de Educa\u00e7\u00e3o Profissional e Tecnol\u00f3gica voltada para o atendimento de trabalhadores, jovens e adultos que buscam o reconhecimento e certifica\u00e7\u00e3o de saberes adquiridos em processos formais e n\u00e3o formais de ensino-aprendizagem e forma\u00e7\u00e3o inicial e continuada a ser obtido atrav\u00e9s de Programas Interinstitucionais de Certifica\u00e7\u00e3o Profissional e Forma\u00e7\u00e3o Inicial e Continuada \u2013 Programas CERTIFIC.<\/p>\n<p><strong>Quem ser\u00e1 beneficiado\u00a0<\/strong><\/p>\n<p>S\u00e3o benefici\u00e1rios da Rede CERTIFIC trabalhadores, jovens e adultos que buscam forma\u00e7\u00e3o profissional e\/ou reconhecimento formal dos saberes adquiridos na sua trajet\u00f3ria de vida e trabalho.<\/p>\n<p><strong>Como funciona\u00a0<\/strong><\/p>\n<p>O trabalhador interessado em ter seus saberes profissionais reconhecidos formalmente pelo Minist\u00e9rio da Educa\u00e7\u00e3o e pelo Minist\u00e9rio do Trabalho e Emprego dever\u00e1 identificar o Instituto Federal de Educa\u00e7\u00e3o Ci\u00eancia e Tecnologia ou Institui\u00e7\u00e3o Acreditada mais pr\u00f3ximo que oferte o Programa Interinstitucional de Certifica\u00e7\u00e3o Profissional e Forma\u00e7\u00e3o Inicial e Continuada \u2013 Programa CERTIFIC que contemple seu setor de atua\u00e7\u00e3o profissional (Ex. Constru\u00e7\u00e3o Civil). Em seguida o trabalhador dever\u00e1 inscrever-se, mediante edital p\u00fablico, para participar do processo de reconhecimento de saberes e se necess\u00e1rio for de complementa\u00e7\u00e3o de forma\u00e7\u00e3o profissional atrav\u00e9s de Cursos de Forma\u00e7\u00e3o Inicial e Continuada. Essas duas etapas ou apenas a primeira \u2013 reconhecimento de saberes \u2013 dar\u00e1 ao trabalhador o direito de receber memorial descritivo do conjunto avaliativo ao qual submeteu-se, e se este contemplou todos os quesitos previstos na profiss\u00e3o\/ocupa\u00e7\u00e3o a qual se inscreveu (Ex. Carpinteiro) o trabalhador ter\u00e1 sua Certifica\u00e7\u00e3o Profissional.<\/p>\n<p style=\"text-align: justify\">Texto retirado do Portal do Minist\u00e9rio da Educa\u00e7\u00e3o.<\/p>\n<p style=\"text-align: justify\"><a href=\"http:\/\/portal.mec.gov.br\/index.php?option=com_content&amp;view=article&amp;id=15266&amp;Itemid=800\">Saiba mais<\/a><\/p>\n","protected":false},"excerpt":{"rendered":"<p>O que \u00e9\u00a0 A Rede Nacional de Certifica\u00e7\u00e3o Profissional e Forma\u00e7\u00e3o Inicial e Continuada &#8211; Rede CERTIFIC \u00e9 uma pol\u00edtica p\u00fablica de inclus\u00e3o social que se institui atrav\u00e9s da articula\u00e7\u00e3o do Minist\u00e9rio da Educa\u00e7\u00e3o &#8211; MEC e Minist\u00e9rio do Trabalho e Emprego &#8211; MTE em coopera\u00e7\u00e3o com as institui\u00e7\u00f5es\/organiza\u00e7\u00f5es que a constituem, denominadas: I \u2013\u00a0Membros [&hellip;]<\/p>\n","protected":false},"author":1,"featured_media":0,"parent":0,"menu_order":0,"comment_status":"closed","ping_status":"closed","template":"","meta":[],"_links":{"self":[{"href":"https:\/\/www.ifbaiano.edu.br\/unidades\/bonfim\/wp-json\/wp\/v2\/pages\/56"}],"collection":[{"href":"https:\/\/www.ifbaiano.edu.br\/unidades\/bonfim\/wp-json\/wp\/v2\/pages"}],"about":[{"href":"https:\/\/www.ifbaiano.edu.br\/unidades\/bonfim\/wp-json\/wp\/v2\/types\/page"}],"author":[{"embeddable":true,"href":"https:\/\/www.ifbaiano.edu.br\/unidades\/bonfim\/wp-json\/wp\/v2\/users\/1"}],"replies":[{"embeddable":true,"href":"https:\/\/www.ifbaiano.edu.br\/unidades\/bonfim\/wp-json\/wp\/v2\/comments?post=56"}],"version-history":[{"count":4,"href":"https:\/\/www.ifbaiano.edu.br\/unidades\/bonfim\/wp-json\/wp\/v2\/pages\/56\/revisions"}],"predecessor-version":[{"id":8166,"href":"https:\/\/www.ifbaiano.edu.br\/unidades\/bonfim\/wp-json\/wp\/v2\/pages\/56\/revisions\/8166"}],"wp:attachment":[{"href":"https:\/\/www.ifbaiano.edu.br\/unidades\/bonfim\/wp-json\/wp\/v2\/media?parent=56"}],"curies":[{"name":"wp","href":"https:\/\/api.w.org\/{rel}","templated":true}]}}