{"id":72,"date":"2011-05-18T19:26:20","date_gmt":"2011-05-18T19:26:20","guid":{"rendered":"http:\/\/localhost\/unidades\/bonfim\/?page_id=69"},"modified":"2024-09-02T16:39:30","modified_gmt":"2024-09-02T19:39:30","slug":"ensino-a-distancia","status":"publish","type":"page","link":"https:\/\/www.ifbaiano.edu.br\/unidades\/bonfim\/ensino-a-distancia\/","title":{"rendered":"EAD &#8211; Ensino a Dist\u00e2ncia"},"content":{"rendered":"\n<p>A Educa\u00e7\u00e3o a Dist\u00e2ncia (EaD) tem se consolidado como uma modalidade de ensino essencial na sociedade contempor\u00e2nea, especialmente em um mundo cada vez mais digitalizado. A EaD oferece flexibilidade e acessibilidade, permitindo que pessoas de diferentes perfis, incluindo aquelas que trabalham em tempo integral, residem em \u00e1reas remotas ou t\u00eam outras responsabilidades, possam acessar educa\u00e7\u00e3o de qualidade sem as limita\u00e7\u00f5es de hor\u00e1rios r\u00edgidos ou a necessidade de deslocamento f\u00edsico.<\/p>\n\n\n\n<p>Uma das grandes vantagens da EaD \u00e9 a possibilidade de personaliza\u00e7\u00e3o do aprendizado, onde o aluno pode avan\u00e7ar no seu pr\u00f3prio ritmo e revisar conte\u00fados quantas vezes for necess\u00e1rio. Al\u00e9m disso, a EaD facilita o acesso a uma variedade de recursos educativos online, como videoaulas, f\u00f3runs de discuss\u00e3o, bibliotecas digitais e avalia\u00e7\u00f5es interativas, que enriquecem a experi\u00eancia de aprendizado.<\/p>\n\n\n\n<p>A Educa\u00e7\u00e3o a Dist\u00e2ncia representa uma revolu\u00e7\u00e3o no campo da educa\u00e7\u00e3o, democratizando o acesso ao conhecimento e proporcionando oportunidades educacionais a uma ampla gama de pessoas. No entanto, para que seja plenamente eficaz, \u00e9 crucial que os alunos desenvolvam habilidades de autogest\u00e3o e que as institui\u00e7\u00f5es ofere\u00e7am suporte adequado e tecnologias acess\u00edveis para garantir uma experi\u00eancia de aprendizado satisfat\u00f3ria e produtiva.<\/p>\n\n\n\n<p>A EAD realidade desde o in\u00edcio de 2015 no IF Baiano. Com a oferta de cursos que visam promover forma\u00e7\u00e3o t\u00e9cnica nas \u00e1reas espec\u00edficas de cada curso, proporcionando ao egresso conhecimento para aplica\u00e7\u00e3o em sua atua\u00e7\u00e3o profissional. Com o foco na educa\u00e7\u00e3o gratuita, p\u00fablica e de qualidade.<\/p>\n\n\n\n<p>Por meio dos 40 polos distribu\u00eddos por toda a Bahia, desse modo a EaD do IF Baiano tem capilaridade para alcan\u00e7ar todas as regi\u00f5es do Estado. O Campus Senhor do Bonfim <span style=\"color: #000000\">oferece <\/span>os seguintes cursos na modalidade de Educa\u00e7\u00e3o a Dist\u00e2ncia (EAD):<\/p>\n\n\n\n<h2 class=\"wp-block-heading alignwide has-text-color\" id=\"we-re-a-studio-in-berlin-with-an-international-practice-in-architecture-urban-planning-and-interior-design-we-believe-in-sharing-knowledge-and-promoting-dialogue-to-increase-the-creative-potential-of-collaboration\" style=\"color:#01420b;font-size:48px;line-height:1.1\"><span style=\"color: #ff6600\"><code><mark style=\"background-color:#ffffff;color:#273c11\" class=\"has-inline-color\">CURSOS EAD<\/mark><\/code><\/span><\/h2>\n\n\n\n<h2 class=\"wp-block-heading has-text-color\" style=\"color:#01420b;font-size:30px\"><mark style=\"background-color:#ffffff;color:#152a12\" class=\"has-inline-color\">T\u00e9cnico Subsequente em Secretariado Escolar<\/mark><\/h2>\n\n\n\n<p>Ao fim do curso, o estudante estar\u00e1 apto a organizar e controlar arquivos com o registro da vida acad\u00eamica, operacionalizar processos de matr\u00edcula e transfer\u00eancia de estudantes, bem como conclus\u00e3o de curso e diploma\u00e7\u00e3o; registrar, em atas, de atividades acad\u00eamicas.<\/p>\n\n\n\n<p><strong>Carga Hor\u00e1ria: <\/strong>1380 horas<\/p>\n\n\n\n<p><strong>Dura\u00e7\u00e3o: <\/strong>18  meses<\/p>\n\n\n\n<p><strong>Professores:<\/strong> docentes efetivos do Instituto Federal baiano<\/p>\n\n\n\n<p><strong>P\u00fablico-alvo:<\/strong> egressos do ensino m\u00e9dio interessados em atuar ou que j\u00e1 atuam como funcion\u00e1rios de escolas ou em fun\u00e7\u00f5es correlatas da \u00e1rea educacional.<\/p>\n\n\n\n<p><strong>\u00c1rea de atua\u00e7\u00e3o:<\/strong> servi\u00e7os de apoio educacional.<\/p>\n\n\n\n<p><strong>Informa\u00e7\u00f5es sobre t\u00edtulo e certificado: <\/strong>diploma de t\u00e9cnico em Secretariado Escolar, ser\u00e1 emitido pelo Instituto Federal Baiano campus Senhor do Bonfim.<\/p>\n\n\n\n<h2 class=\"wp-block-heading\" style=\"font-size:30px\"><mark style=\"background-color:#ffffff;color:#112c1f\" class=\"has-inline-color\">T\u00e9cnico Subsequente em Multimeios Did\u00e1ticos<\/mark><\/h2>\n\n\n\n<p>Ao fim do curso, o estudante estar\u00e1 apto a organizar, promover e orientar a implementa\u00e7\u00e3o de projetos e pr\u00e1ticas socioeducativass  e culturais, bem como atividades que envolvam comunica\u00e7\u00e3o e tecnologia no contexto escolar, al\u00e9m de garantir a manuten\u00e7\u00e3o dos espa\u00e7os e recursos tecnol\u00f3gicos da escola e sua uti adequada e qualitativa.<\/p>\n\n\n\n<p><strong>Carga Hor\u00e1ria: <\/strong>1380 horas<\/p>\n\n\n\n<p><strong>Dura\u00e7\u00e3o: <\/strong>18  meses<\/p>\n\n\n\n<p><strong>Professores:<\/strong> docentes efetivos do Instituto Federal baiano.<\/p>\n\n\n\n<p><strong>P\u00fablico-alvo:<\/strong> egressos do ensino m\u00e9dio interessados em atuar ou que j\u00e1 atuam como funcion\u00e1rios de escolas ou em fun\u00e7\u00f5es correlatas da \u00e1rea educacional.<\/p>\n\n\n\n<p><strong>\u00c1rea de atua\u00e7\u00e3o:<\/strong> servi\u00e7os de apoio educacional.<\/p>\n\n\n\n<p><strong>Informa\u00e7\u00f5es sobre t\u00edtulo e certificado: <\/strong>diploma de t\u00e9cnico em Multimeios Did\u00e1ticos, ser\u00e1 emitido pelo Instituto Federal Baiano campus Senhor do Bonfim.<\/p>\n\n\n\n<h2 class=\"wp-block-heading\" style=\"font-size:30px\"><mark style=\"background-color:#ffffff;color:#0e2e19\" class=\"has-inline-color\">T\u00e9cnico Subsequente em Vendas<\/mark><\/h2>\n\n\n\n<p>Ao fim do curso, o estudante estar\u00e1 apto a atuar junto ao setor comercial e \u00e1reas afins com compet\u00eancia para promover o estudo dos produtos e servi\u00e7os das diversas organiza\u00e7\u00f5es, ocupar fun\u00e7\u00e3o de vendedor ou correlatas e empreender, fundamentados em princ\u00edpios \u00e9ticos, humanos, sociais e ambientais.<\/p>\n\n\n\n<p><strong>Carga Hor\u00e1ria: <\/strong>800 horas<\/p>\n\n\n\n<p><strong>Dura\u00e7\u00e3o: <\/strong>12  meses<\/p>\n\n\n\n<p><strong>Professores:<\/strong> docentes efetivos do Instituto Federal baiano<\/p>\n\n\n\n<p><strong>P\u00fablico-alvo:<\/strong> egressos do ensino m\u00e9dio interessados em atuar ou que j\u00e1 atuam na fun\u00e7\u00e3o de vendedor ou em fun\u00e7\u00f5es correlatas da \u00e1rea comercial<\/p>\n\n\n\n<p><strong>\u00c1rea de atua\u00e7\u00e3o:<\/strong> comercial \/ gerencial<\/p>\n\n\n\n<p><strong>Informa\u00e7\u00f5es sobre t\u00edtulo e certificado: <\/strong>diploma de t\u00e9cnico em Vendas, ser\u00e1 emitido pelo Instituto Federal Baiano campus Senhor do Bonfim.<\/p>\n\n\n\n<h2 class=\"wp-block-heading has-text-color\" style=\"color:#01420b;font-size:30px\"><mark style=\"background-color:#ffffff;color:#152a12\" class=\"has-inline-color\">T\u00e9cnico Subsequente em Redes de Computadores<\/mark><\/h2>\n\n\n\n<p>Ao fim do curso, o estudante estar\u00e1 apto a atuar em rede de computadores, principalmente na instala\u00e7\u00e3o, configura\u00e7\u00e3o, manuten\u00e7\u00e3o e administra\u00e7\u00e3o de redes de computadores, al\u00e9m de oferecer suporte t\u00e9cnico em diferentes ambientes, como empresas, escolas, \u00f3rg\u00e3os governamentais e provedores de internet. As principais \u00e1reas de atua\u00e7\u00e3o incluem: Operador de Computadores, Operador de Sistemas Computacionais em Redes, Instalador e Reparador de Redes de Computadores.<\/p>\n\n\n\n<p><strong>Carga Hor\u00e1ria: <\/strong>1.200 horas<\/p>\n\n\n\n<p><strong>Dura\u00e7\u00e3o: <\/strong>18  meses<\/p>\n\n\n\n<p><strong>Professores:<\/strong> docentes efetivos do Instituto Federal baiano<\/p>\n\n\n\n<p><strong>P\u00fablico-alvo:<\/strong> A proposta destina-se a estudantes egressos do ensino m\u00e9dio ou cursos equivalentes, que necessitam ampliar a sua forma\u00e7\u00e3o profissional, desde que sejam portadores de diploma do n\u00edvel m\u00e9dio devidamente reconhecido e registrado nos \u00f3rg\u00e3os competentes.<\/p>\n\n\n\n<p><strong>\u00c1rea de atua\u00e7\u00e3o:<\/strong> Empresas Privadas, Provedores de Servi\u00e7os de Internet (ISP) , \u00d3rg\u00e3os Governamentais, Institui\u00e7\u00f5es de Ensino, Empresas de Consultoria e Suporte T\u00e9cnico, Empresas de Tecnologia da Informa\u00e7\u00e3o (TI).<\/p>\n\n\n\n<p><strong>Informa\u00e7\u00f5es sobre t\u00edtulo e certificado: <\/strong>diploma de t\u00e9cnico em Redes de Computadores, ser\u00e1 emitido pelo Instituto Federal Baiano campus Senhor do Bonfim.<\/p>\n\n\n\n<h2 class=\"wp-block-heading has-text-color\" style=\"color:#01420b;font-size:30px\"><mark style=\"background-color:#ffffff;color:#152a12\" class=\"has-inline-color\">T\u00e9cnico Subsequente em Inform\u00e1tica<\/mark><\/h2>\n\n\n\n<p>Ao fim do curso, o estudante estar\u00e1 apto a atuar junto ao setor comercial e \u00e1reas afins com compet\u00eancia para promover o estudo dos produtos e servi\u00e7os das diversas organiza\u00e7\u00f5es, ocupar fun\u00e7\u00e3o de vendedor ou correlatas e empreender, fundamentados em princ\u00edpios \u00e9ticos, humanos, sociais e ambientais.<\/p>\n\n\n\n<p><strong>Carga Hor\u00e1ria: <\/strong>1.200 horas<\/p>\n\n\n\n<p><strong>Dura\u00e7\u00e3o: <\/strong>18  meses<\/p>\n\n\n\n<p><strong>Professores:<\/strong> docentes efetivos do Instituto Federal baiano<\/p>\n\n\n\n<p><strong>P\u00fablico-alvo:<\/strong> egressos do ensino m\u00e9dio interessados em atuar ou que j\u00e1 atuam na fun\u00e7\u00e3o de vendedor ou em fun\u00e7\u00f5es correlatas da \u00e1rea comercial<\/p>\n\n\n\n<p><strong>\u00c1rea de atua\u00e7\u00e3o:<\/strong> comercial \/ gerencial<\/p>\n\n\n\n<p><strong>Informa\u00e7\u00f5es sobre t\u00edtulo e certificado: <\/strong>diploma de t\u00e9cnico em Inform\u00e1tica, ser\u00e1 emitido pelo Instituto Federal Baiano campus Senhor do Bonfim.<\/p>\n\n\n\n<h2 class=\"wp-block-heading has-white-background-color has-text-color has-background has-large-font-size\" style=\"color:#01420b;font-style:normal;font-weight:700\"><mark style=\"background-color:#ffffff\" class=\"has-inline-color has-vivid-cyan-blue-color\">\ud83d\udcd8 <\/mark><mark style=\"background-color:#ffffff;color:#072b1c\" class=\"has-inline-color\">COMO ACESSAR O\u00a0MOODLE<\/mark><\/h2>\n\n\n\n<p><strong>1\u00b0 Passo<\/strong>: Clicar no link:&nbsp;<a href=\"https:\/\/moodle.ifbaiano.edu.br\/moodle\/\">https:\/\/moodle.ifbaiano.edu.br\/moodle\/<\/a><\/p>\n\n\n\n<p><strong>2\u00b0 Passo<\/strong>: No login, digite o seu CPF e, na senha, digite 123@Mudar<\/p>\n\n\n\n<p><strong>3\u00b0 Passo<\/strong>: Mude a senha para uma de sua prefer\u00eancia<\/p>\n\n\n\n<p>Ficou com d\u00favidas? Acesse um de nossos tutoriais:<\/p>\n\n\n\n<p><strong>Como acessar o Moodle IF Baiano pelo Computador:<\/strong> <a href=\"https:\/\/www.youtube.com\/watch?v=nSBRj0zBkqQ\">https:\/\/www.youtube.com\/watch?v=nSBRj0zBkqQ<\/a><br><strong>Como acessar o Moodle IF Baiano pelo Celular:<\/strong> <a href=\"https:\/\/www.youtube.com\/watch?v=oNRextUrp3Y\">https:\/\/www.youtube.com\/watch?v=oNRextUrp3Y<\/a><\/p>\n\n\n\n<div style=\"height:59px\" aria-hidden=\"true\" class=\"wp-block-spacer\"><\/div>\n\n\n\n<p class=\"has-large-font-size\"><mark style=\"background-color:#ffffff;color:#152a12\" class=\"has-inline-color\"><strong>COORDENADORES<\/strong><\/mark><\/p>\n\n\n\n<p><strong>Coordenadora da Educa\u00e7\u00e3o a Dist\u00e2ncia do Campus (CEAD)&nbsp;<\/strong><\/p>\n\n\n\n<p><strong>Aldenice&nbsp;de Jesus Cardoso de Almeida<\/strong> <sub>&#8211; Portaria de Pessoal 1.416\/2022 &#8211; RET-GAB\/RET\/IFBAIANO, de 16 de setembro de 2022<\/sub><\/p>\n\n\n\n<p>e-mail: cead.sbf@ead.ifbaiano.edu.br<\/p>\n\n\n\n<p><strong>Coordenador do Curso T\u00e9cnico Subsequente em Secretaria Escolar<\/strong><\/p>\n\n\n\n<p><strong>Diogo Jos\u00e9 Oliveira<\/strong> <sub>&#8211; Portaria n\u00ba 1.306\/2022, publicada em&nbsp;&nbsp;23 DE AGOSTO&nbsp;DE 2022<\/sub><\/p>\n\n\n\n<p>e-mail: curso.secretaria.sbf@ead.ifbaiano.edu.br<\/p>\n\n\n\n<p><strong>Coordenadora do Curso T\u00e9cnico Subsequente em Multimeios Did\u00e1ticos<\/strong> <\/p>\n\n\n\n<p><strong>Aldenice&nbsp;de Jesus Cardoso de Almeida <\/strong><sub>&#8211; Portaria n\u00ba 1.357\/2022, publicada em&nbsp;21\/05\/2019<\/sub><\/p>\n\n\n\n<p>e-mail: curso.multimeios.sbf@ead.ifbaiano.edu.br<\/p>\n\n\n\n<p><strong>Coordenadora do Curso T\u00e9cnico Subsequente em Vendas<\/strong><\/p>\n\n\n\n<p><strong>Cl\u00e1udia Kazumi Kiya <\/strong>&#8211; <sub>Portaria n\u00ba 1.343\/2022, publicada em&nbsp;31 DE AGOSTO&nbsp;DE 2022<\/sub><\/p>\n\n\n\n<p>e-mail: curso.vendas.sbf@ead.ifbaiano.edu.br<\/p>\n\n\n\n<p><strong>Coordenador do Curso T\u00e9cnico Subsequente em Inform\u00e1tica<\/strong><\/p>\n\n\n\n<p><strong>Cleisson Fabricio Leite Batista <\/strong><sub>&#8211; Portaria n\u00ba 1.357\/2022, publicada em\u00a021\/05\/2023<\/sub><\/p>\n\n\n\n<p>e-mail: curso.informatica.sbf@ead.ifbaiano.edu.br<\/p>\n\n\n\n<p><strong>Coordenador do Curso T\u00e9cnico Subsequente em Redes de Computadores<\/strong><\/p>\n\n\n\n<p><strong>Sandro Ferreira de Lima <\/strong><sub>&#8211; Portaria n\u00ba 1.357\/2022, publicada em\u00a021\/05\/2023<\/sub><\/p>\n\n\n\n<p>e-mail: curso.redescomputadores.sbf@ead.ifbaiano.edu.br<\/p>\n\n\n\n<h3 class=\"wp-block-heading\" style=\"font-size:25px\"><span style=\"color: #ff6600\"><strong>Polos:<\/strong><\/span><\/h3>\n\n\n\n<p>S\u00e3o 8 (oito) Polos que est\u00e3o vinculados ao <em>Campus<\/em>, sendo eles:<\/p>\n\n\n\n<p><strong>Caldeir\u00e3o Grande<\/strong><br>Coordenadora:<br><s>Maria Tereza Santana de Matos Santos<\/s> <\/p>\n\n\n\n<p><mark style=\"background-color:#ffffff\" class=\"has-inline-color has-vivid-red-color\"><em>e-mail: polo.caldeirao.ead.ifbaiano.edu.br<\/em><\/mark><\/p>\n\n\n\n<p><strong>Campo Formoso<\/strong><br>Coordenadora:<br>Neuma Carmem Oliveira Liro Braga<\/p>\n\n\n\n<p><mark style=\"background-color:#ffffff\" class=\"has-inline-color has-vivid-red-color\"><em>e-mail: polo.campoformoso@ead.ifbaiano.edu.br<\/em><\/mark><\/p>\n\n\n\n<p><strong>Capim Grosso<\/strong><br>Coordenadora:<br>Ivaneide Almeida Silva <\/p>\n\n\n\n<p><mark style=\"background-color:#ffffff\" class=\"has-inline-color has-vivid-red-color\"><em>e-mail: polo.capimgrosso@ead.ifbaiano.edu.br<\/em><\/mark><\/p>\n\n\n\n<p><strong>Mundo Novo<\/strong><br>Coordenadora:<br>Izabel Concei\u00e7\u00e3o Costa da Silva <\/p>\n\n\n\n<p><mark style=\"background-color:#ffffff\" class=\"has-inline-color has-vivid-red-color\"><em>e-mail: polo.mundonovo@ead.ifbaiano.edu.br<\/em><\/mark><\/p>\n\n\n\n<p><strong>Piritiba<\/strong><br>Coordenadora:<br>R\u00e9verson Nascimento Lima Santos<\/p>\n\n\n\n<p><mark style=\"background-color:#ffffff\" class=\"has-inline-color has-vivid-red-color\"><em>e-mail: polo.piritiba@ead.ifbaiano.edu.br<\/em><\/mark><\/p>\n\n\n\n<p><strong>Ponto Novo<\/strong><br>Coordenadora:<br>Normeide Rodrigues da Silva<\/p>\n\n\n\n<p><mark style=\"background-color:#ffffff\" class=\"has-inline-color has-vivid-red-color\"><em>e-mail: polo.pontonovo@ead.ifbaiano.edu.br<\/em><\/mark><\/p>\n\n\n\n<p><strong>Remanso<\/strong><br>Coordenador:<br>Renato Lu\u00eds de Lira <\/p>\n\n\n\n<p><mark style=\"background-color:#ffffff\" class=\"has-inline-color has-vivid-red-color\"><em>e-mail: polo.remanso@ead.ifbaiano.edu.br<\/em><\/mark><\/p>\n\n\n\n<p><strong>Senhor do Bonfim<\/strong><br>Coordenadora:<br><strong>Aldenice\u00a0de Jesus Cardoso de Almeida <\/strong><sub>&#8211; Portaria n\u00ba 1.357\/2022, publicada em\u00a021\/05\/2019<\/sub><\/p>\n\n\n\n<p><mark style=\"background-color:#ffffff\" class=\"has-inline-color has-vivid-red-color\"><em>e-mail: polo.bonfim@ead.ifbaiano.edu.br<\/em><\/mark><\/p>\n\n\n\n<hr class=\"wp-block-separator has-alpha-channel-opacity\" \/>\n\n\n\n<p class=\"has-large-font-size\"><strong><em><mark style=\"background-color:#ffffff;color:#113d25\" class=\"has-inline-color\">Documentos:<\/mark><\/em><\/strong><\/p>\n\n\n\n<h3 class=\"wp-block-heading\"><a href=\"https:\/\/www.ifbaiano.edu.br\/unidades\/bonfim\/files\/2024\/09\/POS-GREVE-Calendario-Academico-Ingressantes-EAD-2024.pdf\"><mark style=\"background-color:#fff2cd\" class=\"has-inline-color\">Calend\u00e1rio acad\u00eamico 2024 Paralelo p\u00f3s Greve &#8211; Novos Alunos <\/mark><\/a><\/h3>\n\n\n\n<h3 class=\"wp-block-heading\"><a href=\"https:\/\/www.ifbaiano.edu.br\/unidades\/bonfim\/files\/2024\/09\/POS-GREVE-Calendario-Academico-PARALELO-EAD-2024.1.pdf\"><mark style=\"background-color:#fff2cd\" class=\"has-inline-color\">Calend\u00e1rio acad\u00eamico 2024.1 Paralelo p\u00f3s Greve &#8211; M\u00d3DULO III<\/mark><\/a><\/h3>\n\n\n\n<h3 class=\"wp-block-heading\"><a href=\"https:\/\/www.ifbaiano.edu.br\/unidades\/bonfim\/files\/2024\/09\/POS-GREVE-Calendario-Academico-PARALELO-EAD-2023.2.pdf\"><mark style=\"background-color:#fff2cd\" class=\"has-inline-color\">Calend\u00e1rio acad\u00eamico 2023.2 Paralelo p\u00f3s Greve &#8211; M\u00d3DULO I e II <\/mark><\/a><\/h3>\n\n\n\n<h3 class=\"wp-block-heading\"><a href=\"https:\/\/www.ifbaiano.edu.br\/unidades\/bonfim\/2020\/07\/03\/auxilio-digital-extraordinario\/\">Aux\u00edlio Digital Extraordin\u00e1rio<\/a><\/h3>\n\n\n\n<h3 class=\"wp-block-heading\"><a href=\"https:\/\/www.ifbaiano.edu.br\/unidades\/bonfim\/files\/2020\/03\/Edital-N\u00ba-05-PAISE-2020.pdf\">Edital do PAISE 2020&nbsp;<\/a><\/h3>\n\n\n\n<h3 class=\"wp-block-heading\"><a href=\"https:\/\/www.ifbaiano.edu.br\/unidades\/bonfim\/files\/2020\/03\/Nivelamento-de-Lingua-Portuguesa-DE@D-2020.1.pdf\">Nivelamento de L\u00edngua Portuguesa<\/a><\/h3>\n\n\n\n<h3 class=\"wp-block-heading has-luminous-vivid-orange-color has-text-color\"><a href=\"https:\/\/www.ifbaiano.edu.br\/unidades\/bonfim\/files\/2020\/03\/CALEND\u00c1RIO-EaD-2020.pdf\">Calend\u00e1rio acad\u00eamico 2020<\/a><\/h3>\n\n\n\n<h3 class=\"wp-block-heading\"><span style=\"color: #ff6600\"><a style=\"color: #ff6600\" href=\"http:\/\/www.ifbaiano.edu.br\/unidades\/bonfim\/files\/2019\/09\/CALEND\u00c1RIO-DETALHADO-CURSOS-EAD-2019.pdf\"><strong>Calend\u00e1rio acad\u00eamico 2019<\/strong><\/a><\/span><\/h3>\n\n\n\n<h3 class=\"wp-block-heading\"><span style=\"color: #ff6600\"><a style=\"color: #ff6600\" href=\"http:\/\/www.ifbaiano.edu.br\/unidades\/bonfim\/files\/2019\/09\/QUADRO-DOS-POLOS-EAD-SBO-COM-MEDIADORES-E-DIAS-DE-FUNCIONAMENTO-26-07-2019-1.pdf\"><strong>Rela\u00e7\u00e3o de mediadores presenciais e a dist\u00e2ncia e hor\u00e1rio dos cursos por polos<\/strong><\/a><\/span><\/h3>\n\n\n\n<h4 class=\"wp-block-heading\">&nbsp;<\/h4>\n\n\n\n<h2 class=\"wp-block-heading\">Projeto Pedag\u00f3gico de Curso <span style=\"color: #333333\"><strong><mark style=\"background-color:#ffffff;color:#08280e\" class=\"has-inline-color\">:<\/mark><\/strong><\/span><\/h2>\n\n\n\n<h3 class=\"wp-block-heading\"><span style=\"color: #333333\"><a rel=\"noreferrer noopener\" href=\"https:\/\/www.ifbaiano.edu.br\/unidades\/bonfim\/files\/2024\/09\/PPC-Tecnico-Secretaria-Escolar-2022.pdf\" target=\"_blank\"><strong>PPC do Curso T\u00e9cnico em Secretaria Escolar 2022<\/strong><\/a><\/span> <br><span style=\"color: #333333\"><a rel=\"noreferrer noopener\" href=\"https:\/\/www.ifbaiano.edu.br\/unidades\/bonfim\/files\/2024\/09\/Projeto-Pedagogico-do-Curso-Multimeios-Didaticos-2022.pdf\" target=\"_blank\"><strong>PPC do Curso T\u00e9cnico em Multimeios Did\u00e1ticos<\/strong><\/a><a rel=\"noreferrer noopener\" href=\"https:\/\/www.ifbaiano.edu.br\/unidades\/bonfim\/files\/2024\/09\/Projeto-Pedagogico-do-Curso-Multimeios-Didaticos-2022.pdf\" target=\"_blank\"><strong> <\/strong><\/a><a rel=\"noreferrer noopener\" href=\"https:\/\/www.ifbaiano.edu.br\/unidades\/bonfim\/files\/2024\/09\/Projeto-Pedagogico-do-Curso-Multimeios-Didaticos-2022.pdf\" target=\"_blank\"><strong>2<\/strong><\/a><a rel=\"noreferrer noopener\" href=\"https:\/\/www.ifbaiano.edu.br\/unidades\/bonfim\/files\/2024\/09\/Projeto-Pedagogico-do-Curso-Multimeios-Didaticos-2022.pdf\" target=\"_blank\"><strong>0<\/strong><\/a><a rel=\"noreferrer noopener\" href=\"https:\/\/www.ifbaiano.edu.br\/unidades\/bonfim\/files\/2024\/09\/Projeto-Pedagogico-do-Curso-Multimeios-Didaticos-2022.pdf\" target=\"_blank\"><strong>2<\/strong><\/a><a href=\"https:\/\/www.ifbaiano.edu.br\/unidades\/bonfim\/files\/2024\/09\/Projeto-Pedagogico-do-Curso-Multimeios-Didaticos-2022.pdf\" target=\"_blank\" rel=\"noreferrer noopener\"><strong>2<\/strong><\/a><\/span><br><span style=\"color: #333333\"><strong><a style=\"color: #333333\" rel=\"noopener noreferrer\" href=\"http:\/\/www.ifbaiano.edu.br\/unidades\/bonfim\/files\/2019\/09\/PPC-T\u00e9cnico-Vendas-Subsequente-FINAL.pdf\" target=\"_blank\">PPC do Curso T\u00e9cnico em Vendas<\/a><\/strong><\/span><\/h3>\n\n\n\n<h3 class=\"wp-block-heading\"><span style=\"color: #333333\"><a rel=\"noreferrer noopener\" href=\"https:\/\/www.ifbaiano.edu.br\/unidades\/bonfim\/files\/2024\/09\/PPC-do-Curso-Tecnico-em-Redes-de-computadores-Subsequente-EAD-2-1.pdf\" target=\"_blank\"><strong>PPC do Curso T\u00e9cnico em Redes de Computadores<\/strong><\/a><a rel=\"noreferrer noopener\" href=\"https:\/\/www.ifbaiano.edu.br\/unidades\/bonfim\/files\/2024\/09\/PPC-do-Curso-Tecnico-em-Redes-de-computadores-Subsequente-EAD-2-1.pdf\" target=\"_blank\"><strong> <\/strong><\/a><a rel=\"noreferrer noopener\" href=\"https:\/\/www.ifbaiano.edu.br\/unidades\/bonfim\/files\/2024\/09\/PPC-do-Curso-Tecnico-em-Redes-de-computadores-Subsequente-EAD-2-1.pdf\" target=\"_blank\"><strong>2<\/strong><\/a><a rel=\"noreferrer noopener\" href=\"https:\/\/www.ifbaiano.edu.br\/unidades\/bonfim\/files\/2024\/09\/PPC-do-Curso-Tecnico-em-Redes-de-computadores-Subsequente-EAD-2-1.pdf\" target=\"_blank\"><strong>0<\/strong><\/a><a rel=\"noreferrer noopener\" href=\"https:\/\/www.ifbaiano.edu.br\/unidades\/bonfim\/files\/2024\/09\/PPC-do-Curso-Tecnico-em-Redes-de-computadores-Subsequente-EAD-2-1.pdf\" target=\"_blank\"><strong>2<\/strong><\/a><a rel=\"noreferrer noopener\" href=\"https:\/\/www.ifbaiano.edu.br\/unidades\/bonfim\/files\/2024\/09\/PPC-do-Curso-Tecnico-em-Redes-de-computadores-Subsequente-EAD-2-1.pdf\" target=\"_blank\"><strong>2<\/strong><\/a><\/span><br><span style=\"color: #333333\"><a rel=\"noreferrer noopener\" href=\"https:\/\/www.ifbaiano.edu.br\/unidades\/bonfim\/files\/2024\/09\/PPC-do-Curso-Tecnico-em-informatica-Subsequente-EAD.pdf\" target=\"_blank\"><strong>PPC do Curso T\u00e9cnico em Inform\u00e1tica 2022 <\/strong><\/a><\/span><br><span style=\"color: #333333\"><\/span><\/h3>\n\n\n\n<p><\/p>\n\n\n\n<h2 class=\"wp-block-heading\">Quadro Resumo <span style=\"color: #333333\"><strong><mark style=\"background-color:#ffffff;color:#08280e\" class=\"has-inline-color\">:<\/mark><\/strong><\/span><\/h2>\n\n\n\n<h3 class=\"wp-block-heading\"><a href=\"http:\/\/QUADRO DOS POLOS EAD SBO COM MEDIADORES -as E DIAS DE FUNCIONAMENTO 2020-1\" data-wplink-url-error=\"true\">Quadro resumo das informa\u00e7\u00f5es da Ead &#8211; 2020.1<\/a><\/h3>\n\n\n\n<h3 class=\"wp-block-heading\"><span style=\"color: #333333\"><a style=\"color: #333333\" href=\"https:\/\/www.ifbaiano.edu.br\/unidades\/bonfim\/files\/2020\/03\/Horario-E@D-2020.1-SBO.pdf\"><strong>Hor\u00e1rio de aulas 2020.1&nbsp;<\/strong><\/a><\/span><\/h3>\n\n\n\n<h3 class=\"wp-block-heading\">&nbsp;<\/h3>\n","protected":false},"excerpt":{"rendered":"<p>A Educa\u00e7\u00e3o a Dist\u00e2ncia (EaD) tem se consolidado como uma modalidade de ensino essencial na sociedade contempor\u00e2nea, especialmente em um mundo cada vez mais digitalizado. A EaD oferece flexibilidade e acessibilidade, permitindo que pessoas de diferentes perfis, incluindo aquelas que trabalham em tempo integral, residem em \u00e1reas remotas ou t\u00eam outras responsabilidades, possam acessar educa\u00e7\u00e3o [&hellip;]<\/p>\n","protected":false},"author":1,"featured_media":0,"parent":0,"menu_order":0,"comment_status":"closed","ping_status":"closed","template":"","meta":[],"_links":{"self":[{"href":"https:\/\/www.ifbaiano.edu.br\/unidades\/bonfim\/wp-json\/wp\/v2\/pages\/72"}],"collection":[{"href":"https:\/\/www.ifbaiano.edu.br\/unidades\/bonfim\/wp-json\/wp\/v2\/pages"}],"about":[{"href":"https:\/\/www.ifbaiano.edu.br\/unidades\/bonfim\/wp-json\/wp\/v2\/types\/page"}],"author":[{"embeddable":true,"href":"https:\/\/www.ifbaiano.edu.br\/unidades\/bonfim\/wp-json\/wp\/v2\/users\/1"}],"replies":[{"embeddable":true,"href":"https:\/\/www.ifbaiano.edu.br\/unidades\/bonfim\/wp-json\/wp\/v2\/comments?post=72"}],"version-history":[{"count":86,"href":"https:\/\/www.ifbaiano.edu.br\/unidades\/bonfim\/wp-json\/wp\/v2\/pages\/72\/revisions"}],"predecessor-version":[{"id":18817,"href":"https:\/\/www.ifbaiano.edu.br\/unidades\/bonfim\/wp-json\/wp\/v2\/pages\/72\/revisions\/18817"}],"wp:attachment":[{"href":"https:\/\/www.ifbaiano.edu.br\/unidades\/bonfim\/wp-json\/wp\/v2\/media?parent=72"}],"curies":[{"name":"wp","href":"https:\/\/api.w.org\/{rel}","templated":true}]}}