{"id":776,"date":"2011-12-20T10:24:26","date_gmt":"2011-12-20T13:24:26","guid":{"rendered":"http:\/\/www.ifbaiano.edu.br\/unidades\/bonfim\/?page_id=776"},"modified":"2021-10-14T19:28:25","modified_gmt":"2021-10-14T22:28:25","slug":"projetos-de-extensao","status":"publish","type":"page","link":"https:\/\/www.ifbaiano.edu.br\/unidades\/bonfim\/projetos-de-extensao\/","title":{"rendered":"Projetos de Extens\u00e3o"},"content":{"rendered":"\n<p class=\"has-background has-medium-font-size\" style=\"background-color:#8febbb\">Conhe\u00e7a os Projetos de Extens\u00e3o vigentes do <em>Campus&nbsp;<\/em>Senhor do Bonfim:<\/p>\n\n\n\n<p>Para acessar os projetos de extens\u00e3o promovidos em 2019, clique <a href=\"http:\/\/www.ifbaiano.edu.br\/unidades\/bonfim\/files\/2020\/02\/PROJETOS-DE-EXTENS\u00c3O-DESENVOLVIDOS-NA-CAMPUS-SENHOR-DO-BONFIM-2019.pdf\">aqui<\/a><\/p>\n\n\n\n<p>Para acessar os projetos de extens\u00e3o de 2020, clique <a href=\"https:\/\/www.ifbaiano.edu.br\/unidades\/bonfim\/files\/2020\/07\/Proj-extens\u00e3o.pdf\">aqui <\/a><\/p>\n\n\n\n<p>Para acessar os projetos de extens\u00e3o ATIVOS em 2021, <a href=\"https:\/\/www.ifbaiano.edu.br\/unidades\/bonfim\/files\/2021\/08\/PROJETOS-EM-EXECUCAO-ATIVOS-ANO-DE-REFERENCIA-2021.pdf\">clique aqui <\/a><\/p>\n\n\n\n<p><a href=\"https:\/\/wiki.ifbaiano.edu.br\/bin\/view\/Wikis\/DGTI\/CODES\/Sistemas\/SUAP\/M%C3%B3dulo%20de%20Extens%C3%A3o\/\">Orienta\u00e7\u00e3o para cadastro de projetos de extens\u00e3o via SUAP<\/a><\/p>\n\n\n\n<p><a href=\"http:\/\/www.ifbaiano.edu.br\/unidades\/bonfim\/files\/2020\/02\/FORMUL\u00c1RIO-CURSOS-DE-FORMA\u00c7\u00c3O-CONTINUADA-Final.odt\">Formul\u00e1rio para oferta de curso FIC<\/a> <\/p>\n\n\n\n<p><a href=\"http:\/\/www.ifbaiano.edu.br\/unidades\/bonfim\/files\/2020\/02\/Modelo-de-relatario-final-dos-projetos-de-extens\u00e3o-de-2019.odt\">Modelo de Relat\u00f3rio Final dos Projetos de Extens\u00e3o 2019<\/a> <\/p>\n\n\n\n<p><a href=\"http:\/\/www.ifbaiano.edu.br\/unidades\/bonfim\/files\/2020\/02\/DECLARA\u00c7\u00c3O-DO-DIRETOR-DO-CAMPUS-PARA-CURSO-FIC.odt\">Declara\u00e7\u00e3o de Anu\u00eancia do Diretor para autorizar os cursos FIC <\/a><\/p>\n\n\n\n<p><a href=\"https:\/\/www.ifbaiano.edu.br\/unidades\/bonfim\/files\/2020\/02\/08.Anexo-VIII-FOLHA-DE-FREQU\u00caNCIA-DO-BOLSISTA-E-DO-VOLUNT\u00c1RIO-1.odt\">Ficha de Frequ\u00eancia bolsistas e volunt\u00e1rios 2020<\/a><\/p>\n\n\n\n<p>Outros documentos:<\/p>\n\n\n\n<p><a href=\"http:\/\/www.ifbaiano.edu.br\/unidades\/bonfim\/files\/2019\/08\/ACOMPANHAMENTO-FIC.pdf\">Planilha de acompanhamento dos cursos FIC desenvolvidos no <\/a><em><a href=\"http:\/\/www.ifbaiano.edu.br\/unidades\/bonfim\/files\/2019\/08\/ACOMPANHAMENTO-FIC.pdf\">campus<\/a><\/em><\/p>\n\n\n\n<p><a href=\"http:\/\/www.ifbaiano.edu.br\/unidades\/bonfim\/files\/2019\/08\/boletim-t\u00e9cnico-agropecuario.pdf\">Boletim T\u00e9cnico Agropecu\u00e1rio Interno &#8211;  ANO I\/Edi\u00e7\u00e3o n\u00b001 2019<\/a><\/p>\n\n\n\n<p><a href=\"https:\/\/www.ifbaiano.edu.br\/unidades\/bonfim\/files\/2020\/11\/Boletim-de-Extensao-Extensao-em-tempos-de-Pandemia.pdf\">Boletim de Extens\u00e3o &#8211; &#8220;Extens\u00e3o em tempos de Pandemia&#8221;<\/a><\/p>\n\n\n\n<p><\/p>\n\n\n<p><!--StartFragment--><\/p>\n\n\n<p class=\"has-vivid-cyan-blue-color has-text-color has-normal-font-size\"><strong>Certificados dos Col\u00f3quios de Desenvolvimento Sustent\u00e1vel 2019<\/strong><\/p>\n\n\n\n<p><a href=\"http:\/\/www.ifbaiano.edu.br\/unidades\/bonfim\/files\/2020\/02\/certificado-col\u00f3qui-I-1.pdf\">Col\u00f3quio I<\/a><\/p>\n\n\n\n<p><a href=\"http:\/\/www.ifbaiano.edu.br\/unidades\/bonfim\/files\/2020\/02\/Certificado-col\u00f3quio-II.pdf\">Col\u00f3quio II<\/a><\/p>\n\n\n\n<p><a href=\"http:\/\/www.ifbaiano.edu.br\/unidades\/bonfim\/files\/2020\/02\/certificado-coloquio-III-1.pdf\">Col\u00f3quio III<\/a><\/p>\n\n\n\n<p><a href=\"http:\/\/www.ifbaiano.edu.br\/unidades\/bonfim\/files\/2020\/02\/certificado-col\u00f3quio-IV-1.pdf\">Col\u00f3quio IV<\/a><\/p>\n\n\n\n<p><a href=\"http:\/\/www.ifbaiano.edu.br\/unidades\/bonfim\/files\/2020\/02\/certificado-col\u00f3quio-V-1.pdf\">Col\u00f3quio V<\/a><\/p>\n\n\n\n<p><a href=\"http:\/\/www.ifbaiano.edu.br\/unidades\/bonfim\/files\/2020\/02\/Certificado-col\u00f3quio-VI-1.pdf\">Col\u00f3quio VI<\/a><\/p>\n\n\n<p><!--EndFragment--><\/p>\n\n\n<p><strong>Certificados do Dia do Surdo<\/strong><\/p>\n\n\n\n<p><a href=\"https:\/\/www.ifbaiano.edu.br\/unidades\/bonfim\/files\/2020\/10\/Certificados-Enos_participantes-2.pdf\">Certificados dos participantes<\/a><\/p>\n\n\n\n<p><a href=\"https:\/\/www.ifbaiano.edu.br\/unidades\/bonfim\/files\/2020\/10\/Certificado-dos-colaboradores-2.pdf\">Certificados dos colaboradores<\/a><\/p>\n\n\n\n<p><strong>Certificado do curso de Pr\u00e1tica de Leitura<\/strong><\/p>\n\n\n\n<p><a href=\"https:\/\/www.ifbaiano.edu.br\/unidades\/bonfim\/files\/2020\/10\/Certificado-ratica-de-leitura.pdf\" data-type=\"URL\" data-id=\"https:\/\/www.ifbaiano.edu.br\/unidades\/bonfim\/files\/2020\/10\/Certificado-ratica-de-leitura.pdf\">Certificado dos Participantes<\/a><\/p>\n\n\n\n<p><strong>Certificado do curso Como  Ler e Escrever<\/strong><\/p>\n\n\n\n<p><a href=\"https:\/\/www.ifbaiano.edu.br\/unidades\/bonfim\/files\/2020\/10\/Certificado-como-ler-e-escrever.pdf\">Certificado dos Participantes<\/a><\/p>\n\n\n\n<p><strong>Certificados do CATAZOO<\/strong><\/p>\n\n\n\n<p><a href=\"https:\/\/www.ifbaiano.edu.br\/unidades\/bonfim\/files\/2021\/10\/Cadeia-do-frio-pdf.pdf\">Cadeia do frio e as perspectivas para a ind\u00fastria de alimentos<\/a><\/p>\n\n\n\n<p><a href=\"https:\/\/www.ifbaiano.edu.br\/unidades\/bonfim\/files\/2021\/10\/Sisteminha-pdf.pdf\">Sisteminha EMBRAPA em \u00e9poca de pandemia<\/a><\/p>\n\n\n\n<p><a href=\"https:\/\/www.ifbaiano.edu.br\/unidades\/bonfim\/files\/2021\/10\/A-importancia-da-conservacao-dos-ecossistemas-convertido.pdf\">A import\u00e2ncia da conserva\u00e7\u00e3o dos ecossistemas<\/a><\/p>\n\n\n\n<p><a href=\"https:\/\/www.ifbaiano.edu.br\/unidades\/bonfim\/files\/2021\/10\/Producao-e-mercado-sazonal-pdf.pdf\">Produ\u00e7\u00e3o e mercado sazonal<\/a><\/p>\n\n\n\n<p><strong>Certificados CATAZOO II<\/strong><\/p>\n\n\n\n<p><a href=\"https:\/\/www.ifbaiano.edu.br\/unidades\/bonfim\/files\/2021\/10\/Producao-cientifica.pdf\">Produ\u00e7\u00e3o cientifica<\/a><\/p>\n\n\n\n<p><a href=\"https:\/\/www.ifbaiano.edu.br\/unidades\/bonfim\/files\/2021\/10\/Ambiencia-e-bem-estar-animal-pdf.pdf\">Ambi\u00eancia e bem estar animal<\/a><\/p>\n\n\n\n<p><a href=\"http:\/\/Qual o espa\u00e7o para a carne\">Qual o espa\u00e7o para a carne<\/a><\/p>\n","protected":false},"excerpt":{"rendered":"<p>Conhe\u00e7a os Projetos de Extens\u00e3o vigentes do Campus&nbsp;Senhor do Bonfim: Para acessar os projetos de extens\u00e3o promovidos em 2019, clique aqui Para acessar os projetos de extens\u00e3o de 2020, clique aqui Para acessar os projetos de extens\u00e3o ATIVOS em 2021, clique aqui Orienta\u00e7\u00e3o para cadastro de projetos de extens\u00e3o via SUAP Formul\u00e1rio para oferta de [&hellip;]<\/p>\n","protected":false},"author":11,"featured_media":0,"parent":0,"menu_order":0,"comment_status":"closed","ping_status":"closed","template":"","meta":[],"_links":{"self":[{"href":"https:\/\/www.ifbaiano.edu.br\/unidades\/bonfim\/wp-json\/wp\/v2\/pages\/776"}],"collection":[{"href":"https:\/\/www.ifbaiano.edu.br\/unidades\/bonfim\/wp-json\/wp\/v2\/pages"}],"about":[{"href":"https:\/\/www.ifbaiano.edu.br\/unidades\/bonfim\/wp-json\/wp\/v2\/types\/page"}],"author":[{"embeddable":true,"href":"https:\/\/www.ifbaiano.edu.br\/unidades\/bonfim\/wp-json\/wp\/v2\/users\/11"}],"replies":[{"embeddable":true,"href":"https:\/\/www.ifbaiano.edu.br\/unidades\/bonfim\/wp-json\/wp\/v2\/comments?post=776"}],"version-history":[{"count":40,"href":"https:\/\/www.ifbaiano.edu.br\/unidades\/bonfim\/wp-json\/wp\/v2\/pages\/776\/revisions"}],"predecessor-version":[{"id":14050,"href":"https:\/\/www.ifbaiano.edu.br\/unidades\/bonfim\/wp-json\/wp\/v2\/pages\/776\/revisions\/14050"}],"wp:attachment":[{"href":"https:\/\/www.ifbaiano.edu.br\/unidades\/bonfim\/wp-json\/wp\/v2\/media?parent=776"}],"curies":[{"name":"wp","href":"https:\/\/api.w.org\/{rel}","templated":true}]}}