{"id":7970,"date":"2017-02-14T08:12:51","date_gmt":"2017-02-14T11:12:51","guid":{"rendered":"http:\/\/www.ifbaiano.edu.br\/unidades\/bonfim\/?page_id=7970"},"modified":"2025-05-07T10:46:18","modified_gmt":"2025-05-07T13:46:18","slug":"sobre-o-campus","status":"publish","type":"page","link":"https:\/\/www.ifbaiano.edu.br\/unidades\/bonfim\/sobre-o-campus\/","title":{"rendered":"Sobre o Campus"},"content":{"rendered":"\n<p style=\"font-size:15px\">O Campus Senhor do Bonfim \u00e9 destaque na regi\u00e3o pela qualidade de ensino oferecido, fundamentado em uma proposta pedag\u00f3gica que se instrumentaliza com a efetiva valoriza\u00e7\u00e3o do trabalho e pela explora\u00e7\u00e3o do laborat\u00f3rio vivo que s\u00e3o as Unidades Educativas de Produ\u00e7\u00e3o e Servi\u00e7os, o Instituto associa educa\u00e7\u00e3o e produ\u00e7\u00e3o, objetivando o verdadeiro equil\u00edbrio harm\u00f4nico entre os fundamentos te\u00f3ricos que subsidiam o desenvolvimento curricular \u00e0 pr\u00e1tica vivenciada, consolidando um processo de ensino-aprendizagem contextualizado e com a\u00e7\u00f5es interdisciplinares, capazes de assegurar compet\u00eancias e habilidades b\u00e1sicas para o exerc\u00edcio das profiss\u00f5es e para a vida cidad\u00e3. <\/p>\n\n\n\n<p style=\"font-size:15px\">Ocupando uma \u00e1rea de 16.926,00 m\u00b2, o Campus Senhor do Bonfim do IF Baiano disp\u00f5e de instala\u00e7\u00f5es diversificadas a fim de que seja poss\u00edvel o desenvolvimento de a\u00e7\u00f5es did\u00e1tico-pedag\u00f3gicas e pr\u00e1ticas educativas que visem ao desenvolvimento sociocognitivo, f\u00edsico, pol\u00edtico, cient\u00edfico e cultural dos educandos, afinal o espa\u00e7o enquanto extens\u00e3o f\u00edsica e recursos materiais que o comp\u00f5em se constitui como um segundo educador, haja vista ser esse espa\u00e7o um elemento essencial ao desenvolvimento de certas atividades e de uma gama espec\u00edfica de habilidades. O espa\u00e7o \u00e9 fator que pode propiciar desenvolvimento e aprendizagem, a depender da sua estrutura, do planejamento e prepara\u00e7\u00e3o do mesmo e dos recursos que o comp\u00f5em.<\/p>\n\n\n\n<p style=\"font-size:15px\">Atualmente o campus oferece Cursos T\u00e9cnicos Integrados e Subsequentes ao Ensino M\u00e9dio, atua na modalidade PROEJA, oferece cursos superiores de Licenciatura e P\u00f3s Gradua\u00e7\u00f5es Latu Senso, al\u00e9m de promover&nbsp;cursos de qualifica\u00e7\u00e3o em diversas \u00e1reas em parceria com Associa\u00e7\u00f5es de Produtores Rurais, Sindicatos Rurais, Cooperativas e outros segmentos organizacionais da comunidade.<\/p>\n\n\n\n<p class=\"has-text-align-center has-medium-font-size\"><a href=\"http:\/\/www.ifbaiano.edu.br\/unidades\/bonfim\/cursos\">Saiba mais&#8230;<\/a><\/p>\n\n\n\n<p><\/p>\n","protected":false},"excerpt":{"rendered":"<p>O Campus Senhor do Bonfim \u00e9 destaque na regi\u00e3o pela qualidade de ensino oferecido, fundamentado em uma proposta pedag\u00f3gica que se instrumentaliza com a efetiva valoriza\u00e7\u00e3o do trabalho e pela explora\u00e7\u00e3o do laborat\u00f3rio vivo que s\u00e3o as Unidades Educativas de Produ\u00e7\u00e3o e Servi\u00e7os, o Instituto associa educa\u00e7\u00e3o e produ\u00e7\u00e3o, objetivando o verdadeiro equil\u00edbrio harm\u00f4nico entre [&hellip;]<\/p>\n","protected":false},"author":79,"featured_media":0,"parent":0,"menu_order":0,"comment_status":"closed","ping_status":"closed","template":"","meta":[],"_links":{"self":[{"href":"https:\/\/www.ifbaiano.edu.br\/unidades\/bonfim\/wp-json\/wp\/v2\/pages\/7970"}],"collection":[{"href":"https:\/\/www.ifbaiano.edu.br\/unidades\/bonfim\/wp-json\/wp\/v2\/pages"}],"about":[{"href":"https:\/\/www.ifbaiano.edu.br\/unidades\/bonfim\/wp-json\/wp\/v2\/types\/page"}],"author":[{"embeddable":true,"href":"https:\/\/www.ifbaiano.edu.br\/unidades\/bonfim\/wp-json\/wp\/v2\/users\/79"}],"replies":[{"embeddable":true,"href":"https:\/\/www.ifbaiano.edu.br\/unidades\/bonfim\/wp-json\/wp\/v2\/comments?post=7970"}],"version-history":[{"count":38,"href":"https:\/\/www.ifbaiano.edu.br\/unidades\/bonfim\/wp-json\/wp\/v2\/pages\/7970\/revisions"}],"predecessor-version":[{"id":21474,"href":"https:\/\/www.ifbaiano.edu.br\/unidades\/bonfim\/wp-json\/wp\/v2\/pages\/7970\/revisions\/21474"}],"wp:attachment":[{"href":"https:\/\/www.ifbaiano.edu.br\/unidades\/bonfim\/wp-json\/wp\/v2\/media?parent=7970"}],"curies":[{"name":"wp","href":"https:\/\/api.w.org\/{rel}","templated":true}]}}