{"id":8032,"date":"2017-02-14T13:52:28","date_gmt":"2017-02-14T16:52:28","guid":{"rendered":"http:\/\/www.ifbaiano.edu.br\/unidades\/bonfim\/?page_id=8032"},"modified":"2019-11-19T17:28:19","modified_gmt":"2019-11-19T20:28:19","slug":"especializacao-lato-sensu-em-metodologia-do-ensino-de-quimica-e-fisica","status":"publish","type":"page","link":"https:\/\/www.ifbaiano.edu.br\/unidades\/bonfim\/especializacao-lato-sensu-em-metodologia-do-ensino-de-quimica-e-fisica\/","title":{"rendered":"Especializa\u00e7\u00e3o Lato Sensu em Metodologia do Ensino de Qu\u00edmica e F\u00edsica"},"content":{"rendered":"<p>Curso de P\u00f3s-Gradua\u00e7\u00e3o \u201cLatu Sensu\u201d Especializa\u00e7\u00e3o em Metodologia do Ensino de Qu\u00edmica e F\u00edsica no Ensino M\u00e9dio<\/p>\n<h1><span style=\"color: #339966\"><strong>Regime de Matr\u00edcula<\/strong><\/span><\/h1>\n<p>Ao final da conclus\u00e3o de cada turma, por chamada em edital.<\/p>\n<h2><span style=\"color: #339966\"><strong>Descri\u00e7\u00e3o do Curso<\/strong><\/span><\/h2>\n<p>O curso habilitar\u00e1 os egressos de cursos de ci\u00eancias (qu\u00edmica e f\u00edsica, biologia, matem\u00e1tica, ci\u00eancias da natureza, licenciatura em ci\u00eancias agr\u00e1rias, licenciatura em ci\u00eancias da computa\u00e7\u00e3o) e professores de outras \u00e1reas que comprovadamente ensinam qu\u00edmica e\/ou f\u00edsica em escolas p\u00fablicas e particulares, para o ensino da qu\u00edmica ou f\u00edsica a n\u00edvel de ensino m\u00e9dio.<\/p>\n<p>O curso \u00e9 destinado aos egressos de cursos de licenciatura em ci\u00eancias, qu\u00edmica, f\u00edsica e \u00e1reas afins (matem\u00e1tica, biologia, ci\u00eancias da natureza, ci\u00eancias agr\u00e1rias) e aos professores que comprovadamente ensinam qu\u00edmica e\/ou f\u00edsica em escolas da regi\u00e3o, principalmente \u00e0queles que n\u00e3o possuem o curso de licenciatura correspondente.<\/p>\n<h2><span style=\"color: #339966\"><strong>Regime Acad\u00eamico<\/strong><\/span><\/h2>\n<p>18 meses, modular, com dura\u00e7\u00e3o m\u00ednima de 1,5 anos, m\u00e1xima de 2 anos e carga hor\u00e1ria de 405 h.<\/p>\n<h2><strong><em>\u00a0<\/em><\/strong><span style=\"color: #339966\"><strong>N\u00famero de Vagas<\/strong><\/span><\/h2>\n<p>26 vagas, metade para habilita\u00e7\u00e3o em qu\u00edmica e metade para habilita\u00e7\u00e3o em f\u00edsica, em uma turma que ser\u00e1 desmembrada ap\u00f3s as disciplinas introdut\u00f3rias de n\u00facleo comum. O desmembramento se dar\u00e1 de acordo com a op\u00e7\u00e3o (qu\u00edmica ou f\u00edsica) feita pelo discente durante o processo seletivo.<\/p>\n<h2><span style=\"color: #339966\"><strong>Perfil do Curso<\/strong><\/span><\/h2>\n<p>O curso \u00e9 destinado aos egressos de cursos de licenciatura em ci\u00eancias, qu\u00edmica, f\u00edsica e \u00e1reas afins (matem\u00e1tica, biologia, ci\u00eancias da natureza, ci\u00eancias agr\u00e1rias) e aos professores que comprovadamente ensinam qu\u00edmica e\/ou f\u00edsica em escolas da regi\u00e3o, principalmente \u00e0queles que n\u00e3o possuem o curso de licenciatura correspondente.<\/p>\n<h2><span style=\"color: #339966\"><strong>Objetivo Geral do Curso<\/strong><\/span><\/h2>\n<p>Promover a forma\u00e7\u00e3o e atualiza\u00e7\u00e3o de professores de qu\u00edmica e f\u00edsica que lecionem no ensino m\u00e9dio para desenvolvam estrat\u00e9gias did\u00e1ticas inovadoras, contextualizadas em perspectiva interdisciplinar, estimulando-os \u00e0 pesquisarem e a usarem as tecnologias did\u00e1ticas de informa\u00e7\u00e3o e comunica\u00e7\u00e3o (TDIC).<\/p>\n<h2><span style=\"color: #339966\"><strong>Objetivos Espec\u00edficos do Curso<\/strong><\/span><\/h2>\n<ul>\n<li>Capacitar egressos dos cursos de licenciaturas em qu\u00edmica, f\u00edsica, matem\u00e1tica, biologia e \u00e1reas afins.<\/li>\n<li>Contribuir com a forma\u00e7\u00e3o de professores de outras \u00e1reas que j\u00e1 lecionam a qu\u00edmica e a f\u00edsica em col\u00e9gios da Bahia, prioritariamente na regi\u00e3o do Piemonte do Itapicuru.<\/li>\n<li>Capacitar recursos humanos no estado da Bahia, prioritariamente na regi\u00e3o do Piemonte do Itapicuru, para atuarem nos espa\u00e7os formais e n\u00e3o-formais no ensino de qu\u00edmica e f\u00edsica do ensino m\u00e9dio.<\/li>\n<\/ul>\n<h2><span style=\"color: #339966\"><strong>Perfil do Egresso<\/strong><\/span><\/h2>\n<p>Profissionais das \u00e1reas de Licenciaturas e afins, aptos a aplicarem novas metodologias no ensino de Qu\u00edmica e F\u00edsica do Ensino M\u00e9dio.<\/p>\n<h2><strong>Atua\u00e7\u00e3o Profissional<\/strong><\/h2>\n<p>Como docente de Qu\u00edmica ou F\u00edsica no Ensino M\u00e9dio em Escolas da Rede P\u00fablica ou Privada.<\/p>\n<h2><span style=\"color: #339966\"><strong>Hor\u00e1rio do Curso<\/strong><\/span><\/h2>\n<p>Modular, conforme pedagogia da altern\u00e2ncia. Aulas acontecem a cada 15 dias nos hor\u00e1rios:<\/p>\n<p>&#8211; quinta-feira: 18:40 h \u00e0s 22:40 h.<\/p>\n<p>&#8211; sexta-feira: 13:30 h \u00e0s 17:30 h e 18:40 h \u00e0s 22:40 h.<\/p>\n<p>&#8211; s\u00e1bado: 7:30 h \u00e0s 11:30 h e 13:30 h \u00e0s 17:30 h.<\/p>\n<p><strong><em>Como ingressar?<\/em><\/strong><\/p>\n<p>Por meio de Edital espec\u00edfico e apresenta\u00e7\u00e3o de projeto de pesquisa.<\/p>\n<h2><span style=\"color: #339966\"><strong>Matriz Curricular<\/strong><\/span><\/h2>\n<p><strong><em>N\u00facleo Comum<\/em><\/strong><\/p>\n<p>Matem\u00e1tica Aplicada \u2013 45 h<\/p>\n<p>Avalia\u00e7\u00e3o da Aprendizagem no Ensino da F\u00edsica e Qu\u00edmica \u2013 30 h<\/p>\n<p>Hist\u00f3ria das Ci\u00eancias \u2013 30 h<\/p>\n<p>O Ensino de Ci\u00eancias na Forma\u00e7\u00e3o de Jovens e Adultos \u2013 30 h<\/p>\n<p><strong><em>N\u00facleo Espec\u00edfico \u2013 Qu\u00edmica<\/em><\/strong><\/p>\n<p>Ensino de Qu\u00edmica Geral \u2013 60 h<\/p>\n<p>Ensino de F\u00edsico-Qu\u00edmica \u2013 60 h<\/p>\n<p>Ensino de Qu\u00edmica Org\u00e2nica \u2013 60 h<\/p>\n<p><strong>N\u00facleo Espec\u00edfico \u2013 F\u00edsica<\/strong><\/p>\n<p>Ensino de Cinem\u00e1tica, Est\u00e1tica e Din\u00e2mica \u2013 60 h<\/p>\n<p>Ensino de Termodin\u00e2mica, Ondulat\u00f3ria e \u00d3ptica \u2013 60 h<\/p>\n<p>Ensino de Eletromagnetismo e F\u00edsica Moderna \u2013 60 h<\/p>\n<p><strong><em>\u00a0<\/em><\/strong><strong><em>N\u00facleo de Conclus\u00e3o<\/em><\/strong><\/p>\n<p>Projeto de Pesquisa \u2013 60 h<\/p>\n<p>Semin\u00e1rios \u2013 30 h<\/p>\n<p>Trabalho de Conclus\u00e3o de Curso \u2013 60 h<\/p>\n<h2><span style=\"color: #339966\"><strong>Corpo Docente<\/strong><\/span><\/h2>\n<table>\n<tbody>\n<tr>\n<td width=\"122\"><strong><em>Componente Curricular<\/em><\/strong><\/td>\n<td width=\"113\"><strong><em>Docente<\/em><\/strong><\/td>\n<td width=\"85\"><strong><em>Titula\u00e7\u00e3o<\/em><\/strong><\/td>\n<td width=\"255\"><strong><em>CV Lattes e e-mail<\/em><\/strong><\/td>\n<\/tr>\n<tr>\n<td width=\"122\">Matem\u00e1tica Aplicada<\/td>\n<td width=\"113\">Jos\u00e9 Aurimar dos Santos Angelim<\/td>\n<td width=\"85\">Doutor<\/td>\n<td width=\"255\">http:\/\/lattes.cnpq.br\/9801634282964527<\/p>\n<p>aurimar.angelim@ifbaiano.edu.br<\/td>\n<\/tr>\n<tr>\n<td width=\"122\">Avalia\u00e7\u00e3o da Aprendizagem no Ensino de F\u00edsica e Qu\u00edmica<\/td>\n<td width=\"113\">Osvaldo Barreto Oliveira Junior<\/p>\n<p>Edeil Reis do Esp\u00edrito Santo<\/td>\n<td width=\"85\">Doutor<\/p>\n<p>Mestre<\/td>\n<td width=\"255\">http:\/\/lattes.cnpq.br\/0370251790921846<\/p>\n<p>osvaldo.oliveira@ifbaiano.edu.br<\/p>\n<p>http:\/\/lattes.cnpq.br\/5884957979749036<\/p>\n<p>edeil.santo@ifbaiano.edu.br<\/td>\n<\/tr>\n<tr>\n<td width=\"122\">Hist\u00f3ria das Ci\u00eancias<\/td>\n<td width=\"113\">Hildonice de Souza Batista<\/td>\n<td width=\"85\">Doutora<\/td>\n<td width=\"255\">http:\/\/lattes.cnpq.br\/8918878823741754<\/p>\n<p>hildonice.batista@ifbaiano.edu.br<\/td>\n<\/tr>\n<tr>\n<td width=\"122\">O Ensino de Ci\u00eancias na Forma\u00e7\u00e3o de Jovens e Adultos<\/td>\n<td width=\"113\">Daniela Santos Silva<\/td>\n<td width=\"85\">Mestre<\/td>\n<td width=\"255\">http:\/\/lattes.cnpq.br\/3653813437605154<\/p>\n<p>daniela.silva@ifbaiano.edu.br<\/td>\n<\/tr>\n<tr>\n<td width=\"122\">Ensino de Qu\u00edmica Geral<\/td>\n<td width=\"113\">Juracir Silva Santos<\/td>\n<td width=\"85\">Doutor<\/td>\n<td width=\"255\">http:\/\/lattes.cnpq.br\/7972326279865902<\/p>\n<p>juracir.santos@ifbaiano.edu.br<\/td>\n<\/tr>\n<tr>\n<td width=\"122\">Ensino de F\u00edsico-Qu\u00edmica<\/td>\n<td width=\"113\">Domingos S\u00e1vio Henriques Malta<\/td>\n<td width=\"85\">Doutor<\/td>\n<td width=\"255\">http:\/\/lattes.cnpq.br\/6896942441253038<\/p>\n<p>domingos.malta@ifbaiano.edu.br<\/td>\n<\/tr>\n<tr>\n<td width=\"122\">Ensino de Qu\u00edmica Org\u00e2nica<\/td>\n<td width=\"113\">Airam Oliveira Santos<\/td>\n<td width=\"85\">Doutor<\/td>\n<td width=\"255\">http:\/\/lattes.cnpq.br\/2918786885427944<\/p>\n<p>airam.santos@ifbaiano.edu.br<\/td>\n<\/tr>\n<tr>\n<td width=\"122\">Ensino de Cinem\u00e1tica, Est\u00e1tica e Din\u00e2mica<\/td>\n<td width=\"113\">Thales Cerqueira Mendes<\/td>\n<td width=\"85\">Doutorando<\/td>\n<td width=\"255\">http:\/\/lattes.cnpq.br\/8677178558549400<\/p>\n<p>thales.mendes@ifbaiano.edu.br<\/td>\n<\/tr>\n<tr>\n<td width=\"122\">Ensino de Termodin\u00e2mica Ondulat\u00f3ria e \u00d3ptica<\/td>\n<td width=\"113\">Thales Cerqueira Mendes<\/p>\n<p>Renato Batista dos Santos<\/td>\n<td width=\"85\">Doutorando<\/p>\n<p>Doutor<\/td>\n<td width=\"255\">http:\/\/lattes.cnpq.br\/8677178558549400<\/p>\n<p>thales.mendes@ifbaiano.edu.br<\/p>\n<p>http:\/\/lattes.cnpq.br\/5979520770161641<\/p>\n<p>renato.santos@ifbaiano.edu.br<\/td>\n<\/tr>\n<tr>\n<td width=\"122\">Ensino de Eletromagnetismo e F\u00edsica Moderna<\/td>\n<td width=\"113\">Renato Batista dos Santos<\/td>\n<td width=\"85\">Doutor<\/td>\n<td width=\"255\">http:\/\/lattes.cnpq.br\/5979520770161641<\/p>\n<p>renato.santos@ifbaiano.edu.br<\/td>\n<\/tr>\n<tr>\n<td width=\"122\">Projeto de Pesquisa<\/td>\n<td width=\"113\">Jos\u00e9 Radam\u00e9s B. de Melo<\/td>\n<td width=\"85\">Doutor<\/td>\n<td width=\"255\">http:\/\/lattes.cnpq.br\/1814102144975748<\/p>\n<p>radames.melo@ifbaiano.edu.br<\/td>\n<\/tr>\n<tr>\n<td width=\"122\">Semin\u00e1rios<\/td>\n<td width=\"113\">Domingos S\u00e1vio Henriques Malta<\/td>\n<td width=\"85\">Doutor<\/td>\n<td width=\"255\">http:\/\/lattes.cnpq.br\/6896942441253038<\/p>\n<p>domingos.malta@ifbaiano.edu.br<\/td>\n<\/tr>\n<tr>\n<td width=\"122\">Trabalho de Conclus\u00e3o de Curso<\/td>\n<td width=\"113\">Domingos S\u00e1vio Henriques Malta<\/td>\n<td width=\"85\">Doutor<\/td>\n<td width=\"255\">http:\/\/lattes.cnpq.br\/6896942441253038<\/p>\n<p>domingos.malta@ifbaiano.edu.br<\/td>\n<\/tr>\n<\/tbody>\n<\/table>\n<p><strong><em>Informa\u00e7\u00f5es do Coordenador<\/em><\/strong><\/p>\n<p>Prof. Dr. Domingos S\u00e1vio Henriques Malta<\/p>\n<p>Portaria N. 2218, de 30 de novembro de 2017<\/p>\n<p>CV \u2013 lattes: http:\/\/lattes.cnpq.br\/6896942441253038<\/p>\n<p>E-mail: domingos.malta@ifbonfim.edu.br<\/p>\n<p>(74) 3542 0000, Ramal 4093<\/p>\n<p>(74) 9 9117 0002<\/p>\n<p><strong><em>Rela\u00e7\u00e3o de discentes por turma<\/em><\/strong><\/p>\n<p><strong><em>F\u00edsica<\/em><\/strong><\/p>\n<table>\n<tbody>\n<tr>\n<td width=\"255\"><strong><em>Discente<\/em><\/strong><\/td>\n<td width=\"189\"><strong><em>Titula\u00e7\u00e3o<\/em><\/strong><\/td>\n<\/tr>\n<tr>\n<td width=\"255\">Ant\u00f4nio Carlos Carvalho<\/td>\n<td width=\"189\">Letras portugu\u00eas e ingl\u00eas<\/td>\n<\/tr>\n<tr>\n<td width=\"255\">Claudenilson Ferreira Rosa<\/td>\n<td width=\"189\">Licenciatura em Matem\u00e1tica<\/td>\n<\/tr>\n<tr>\n<td width=\"255\">F\u00e1bio Matos de Carvalho<\/td>\n<td width=\"189\">Licenciatura em Matem\u00e1tica<\/td>\n<\/tr>\n<tr>\n<td width=\"255\">Gleyton Gomes da Silva<\/td>\n<td width=\"189\">Licenciatura em Matem\u00e1tica<\/td>\n<\/tr>\n<tr>\n<td width=\"255\">Jeane Albino Lima<\/td>\n<td width=\"189\">Licenciatura em Matem\u00e1tica<\/td>\n<\/tr>\n<tr>\n<td width=\"255\">Lucy Mary Nascimento dos Santos Lino<\/td>\n<td width=\"189\">Ci\u00eancias Naturais<\/td>\n<\/tr>\n<tr>\n<td width=\"255\">Luziane Deise de Souza Cruz<\/td>\n<td width=\"189\">Ci\u00eancias Naturais<\/td>\n<\/tr>\n<\/tbody>\n<\/table>\n<p><strong><em>Qu\u00edmica<\/em><\/strong><\/p>\n<table>\n<tbody>\n<tr>\n<td width=\"255\"><strong><em>Discente<\/em><\/strong><\/td>\n<td width=\"189\"><strong><em>Titula\u00e7\u00e3o<\/em><\/strong><\/td>\n<\/tr>\n<tr>\n<td width=\"255\">Fl\u00e1via Josiane Silva Nascimento<\/td>\n<td width=\"189\">Ci\u00eancias da Natureza<\/td>\n<\/tr>\n<tr>\n<td width=\"255\">Jos\u00e9 Amilton de Souza<\/td>\n<td width=\"189\">Ci\u00eancias Biol\u00f3gicas<\/td>\n<\/tr>\n<tr>\n<td width=\"255\">Maria Aparecida de Almeida<\/td>\n<td width=\"189\">Ci\u00eancias \u2013 Licenciatura plena com habilita\u00e7\u00e3o em Matem\u00e1tica<\/td>\n<\/tr>\n<\/tbody>\n<\/table>\n<p><strong><em>Hor\u00e1rio de Atendimento discente<\/em><\/strong><\/p>\n<p>Conforme agendamento entre discentes e professores.<\/p>\n<p>Documentos:<\/p>\n<p><a href=\"http:\/\/www.ifbaiano.edu.br\/unidades\/bonfim\/files\/2019\/11\/Proj-Definitivo-Atual.pdf\"><strong><em>PPC do curso atualizado<\/em><\/strong><\/a><\/p>\n<p><a href=\"http:\/\/www.ifbaiano.edu.br\/unidades\/bonfim\/files\/2019\/11\/Regimento-Esp-Q-F.pdf\">Regimento Interno<\/a><\/p>\n<p style=\"text-align: justify\">\n","protected":false},"excerpt":{"rendered":"<p>Curso de P\u00f3s-Gradua\u00e7\u00e3o \u201cLatu Sensu\u201d Especializa\u00e7\u00e3o em Metodologia do Ensino de Qu\u00edmica e F\u00edsica no Ensino M\u00e9dio Regime de Matr\u00edcula Ao final da conclus\u00e3o de cada turma, por chamada em edital. Descri\u00e7\u00e3o do Curso O curso habilitar\u00e1 os egressos de cursos de ci\u00eancias (qu\u00edmica e f\u00edsica, biologia, matem\u00e1tica, ci\u00eancias da natureza, licenciatura em ci\u00eancias agr\u00e1rias, [&hellip;]<\/p>\n","protected":false},"author":79,"featured_media":0,"parent":0,"menu_order":0,"comment_status":"closed","ping_status":"closed","template":"","meta":[],"_links":{"self":[{"href":"https:\/\/www.ifbaiano.edu.br\/unidades\/bonfim\/wp-json\/wp\/v2\/pages\/8032"}],"collection":[{"href":"https:\/\/www.ifbaiano.edu.br\/unidades\/bonfim\/wp-json\/wp\/v2\/pages"}],"about":[{"href":"https:\/\/www.ifbaiano.edu.br\/unidades\/bonfim\/wp-json\/wp\/v2\/types\/page"}],"author":[{"embeddable":true,"href":"https:\/\/www.ifbaiano.edu.br\/unidades\/bonfim\/wp-json\/wp\/v2\/users\/79"}],"replies":[{"embeddable":true,"href":"https:\/\/www.ifbaiano.edu.br\/unidades\/bonfim\/wp-json\/wp\/v2\/comments?post=8032"}],"version-history":[{"count":13,"href":"https:\/\/www.ifbaiano.edu.br\/unidades\/bonfim\/wp-json\/wp\/v2\/pages\/8032\/revisions"}],"predecessor-version":[{"id":13710,"href":"https:\/\/www.ifbaiano.edu.br\/unidades\/bonfim\/wp-json\/wp\/v2\/pages\/8032\/revisions\/13710"}],"wp:attachment":[{"href":"https:\/\/www.ifbaiano.edu.br\/unidades\/bonfim\/wp-json\/wp\/v2\/media?parent=8032"}],"curies":[{"name":"wp","href":"https:\/\/api.w.org\/{rel}","templated":true}]}}