{"id":10249,"date":"2015-05-08T17:36:34","date_gmt":"2015-05-08T17:36:34","guid":{"rendered":"http:\/\/www.ifbaiano.edu.br\/unidades\/catu\/?page_id=10249"},"modified":"2016-07-15T18:19:39","modified_gmt":"2016-07-15T18:19:39","slug":"egressos-ex-aluno","status":"publish","type":"page","link":"https:\/\/www.ifbaiano.edu.br\/unidades\/catu\/egressos-ex-aluno\/","title":{"rendered":"Egressos (ex-aluno)"},"content":{"rendered":"<p style=\"text-align: justify\">O Programa de Acompanhamento de Egressos (PAE) tem como principal objetivo conhecer a realidade vivenciada pelo egresso, ap\u00f3s sua sa\u00edda da Institui\u00e7\u00e3o. O Programa se prop\u00f5e ainda, a esclarecer d\u00favidas em rela\u00e7\u00e3o \u00e0 forma\u00e7\u00e3o acad\u00eamica, assim como auxiliar e acompanhar\u00a0a inser\u00e7\u00e3o destes egressos no mercado de trabalho, buscando aprimorar, qualitativamente, as a\u00e7\u00f5es institucionais, vinculadas aos aspectos\u00a0como ensino, pesquisa e extens\u00e3o, de forma a potencializar compet\u00eancias e habilidades para o desenvolvimento qualitativo da oferta educacional da institui\u00e7\u00e3o.<\/p>\n<p><strong>Acesse a p\u00e1gina espec\u00edfica do seu curso:<\/strong><\/p>\n<p><strong><a href=\"http:\/\/www.ifbaiano.edu.br\/unidades\/catu\/egressos-ex-aluno\/tecnico-em-agropecuaria\/\" target=\"_blank\">T\u00e9cnico em Agropecu\u00e1ria<\/a><\/strong><\/p>\n<p><strong><a href=\"http:\/\/www.ifbaiano.edu.br\/unidades\/catu\/egressos-ex-aluno\/tecnico-em-alimentos\/\" target=\"_blank\">T\u00e9cnico em Alimentos\u00a0<\/a><\/strong><\/p>\n<p><strong><a title=\"agrimensura\" href=\"http:\/\/www.ifbaiano.edu.br\/unidades\/catu\/egressos-ex-aluno\/tecnico-em-agrimensura-2\/\" target=\"_blank\">T\u00e9cnico Agrimensura<\/a><\/strong><\/p>\n<p><strong><a href=\"http:\/\/www.ifbaiano.edu.br\/unidades\/catu\/egressos-ex-aluno\/tecnico-em-quimica-2\/\" target=\"_blank\">T\u00e9cnico em Qu\u00edmica<\/a><\/strong><\/p>\n<p><strong><a title=\"T\u00e9cnico em Cozinha\" href=\"http:\/\/www.ifbaiano.edu.br\/unidades\/catu\/egressos-ex-aluno\/tecnico-em-cozinha\/\" target=\"_blank\">T\u00e9cnico em Cozinha<\/a><\/strong><strong><\/strong><\/p>\n<p><strong><a href=\"http:\/\/www.ifbaiano.edu.br\/unidades\/catu\/egressos-ex-aluno\/tecnico-em-petroleo-e-gas\/\" target=\"_blank\">T\u00e9cnico em Petr\u00f3leo e G\u00e1s<\/a><\/strong><\/p>\n<p>&nbsp;<\/p>\n<h3 align=\"JUSTIFY\"><strong><br \/>\n<\/strong><\/h3>\n","protected":false},"excerpt":{"rendered":"<p>O Programa de Acompanhamento de Egressos (PAE) tem como principal objetivo conhecer a realidade vivenciada pelo egresso, ap\u00f3s sua sa\u00edda da Institui\u00e7\u00e3o. O Programa se prop\u00f5e ainda, a esclarecer d\u00favidas em rela\u00e7\u00e3o \u00e0 forma\u00e7\u00e3o acad\u00eamica, assim como auxiliar e acompanhar\u00a0a inser\u00e7\u00e3o destes egressos no mercado de trabalho, buscando aprimorar, qualitativamente, as a\u00e7\u00f5es institucionais, vinculadas aos [&hellip;]<\/p>\n","protected":false},"author":27,"featured_media":0,"parent":0,"menu_order":0,"comment_status":"open","ping_status":"open","template":"","meta":[],"_links":{"self":[{"href":"https:\/\/www.ifbaiano.edu.br\/unidades\/catu\/wp-json\/wp\/v2\/pages\/10249"}],"collection":[{"href":"https:\/\/www.ifbaiano.edu.br\/unidades\/catu\/wp-json\/wp\/v2\/pages"}],"about":[{"href":"https:\/\/www.ifbaiano.edu.br\/unidades\/catu\/wp-json\/wp\/v2\/types\/page"}],"author":[{"embeddable":true,"href":"https:\/\/www.ifbaiano.edu.br\/unidades\/catu\/wp-json\/wp\/v2\/users\/27"}],"replies":[{"embeddable":true,"href":"https:\/\/www.ifbaiano.edu.br\/unidades\/catu\/wp-json\/wp\/v2\/comments?post=10249"}],"version-history":[{"count":32,"href":"https:\/\/www.ifbaiano.edu.br\/unidades\/catu\/wp-json\/wp\/v2\/pages\/10249\/revisions"}],"predecessor-version":[{"id":10254,"href":"https:\/\/www.ifbaiano.edu.br\/unidades\/catu\/wp-json\/wp\/v2\/pages\/10249\/revisions\/10254"}],"wp:attachment":[{"href":"https:\/\/www.ifbaiano.edu.br\/unidades\/catu\/wp-json\/wp\/v2\/media?parent=10249"}],"curies":[{"name":"wp","href":"https:\/\/api.w.org\/{rel}","templated":true}]}}