{"id":10929,"date":"2015-09-01T13:59:45","date_gmt":"2015-09-01T13:59:45","guid":{"rendered":"http:\/\/www.ifbaiano.edu.br\/unidades\/catu\/?page_id=10929"},"modified":"2016-08-18T17:33:45","modified_gmt":"2016-08-18T17:33:45","slug":"competencias-ngti","status":"publish","type":"page","link":"https:\/\/www.ifbaiano.edu.br\/unidades\/catu\/competencias-ngti\/","title":{"rendered":"Compet\u00eancias do NGTI"},"content":{"rendered":"<p style=\"text-align: justify\">O N\u00facleo de Gest\u00e3o de Tecnologia da Informa\u00e7\u00e3o (NGTI) est\u00e1 diretamente subordinado \u00e0 Dire\u00e7\u00e3o Geral do <em>Campus<\/em> Catu, e compete a esse n\u00facleo:<\/p>\n<ol>\n<li>Apoiar a contrata\u00e7\u00e3o de solu\u00e7\u00f5es de TI;<\/li>\n<li>Planejar, coordenar e supervisionar o gerenciamento dos servi\u00e7os de administra\u00e7\u00e3o da rede l\u00f3gica, do parque de inform\u00e1tica, das bases de dados e do suporte ao usu\u00e1rio dos recursos de tecnologia da informa\u00e7\u00e3o e comunica\u00e7\u00e3o do IFBaiano &#8211;\u00a0<em>Campus<\/em> Catu;<\/li>\n<li>Manterem pleno funcionamento e atualizados os equipamentos de tecnologia da informa\u00e7\u00e3o utilizados no IFBaiano &#8211; <em>Campus<\/em> Catu;<\/li>\n<li>Auxiliar os usu\u00e1rios na resolu\u00e7\u00e3o dos problemas relacionados \u00e0 utiliza\u00e7\u00e3o dos equipamentos do \u00a0IFBaiano &#8211; <em>Campus<\/em> Catu;<\/li>\n<li>Propor e disseminar normas, padr\u00f5es e melhores pr\u00e1ticas de TI.<\/li>\n<\/ol>\n","protected":false},"excerpt":{"rendered":"<p>O N\u00facleo de Gest\u00e3o de Tecnologia da Informa\u00e7\u00e3o (NGTI) est\u00e1 diretamente subordinado \u00e0 Dire\u00e7\u00e3o Geral do Campus Catu, e compete a esse n\u00facleo: Apoiar a contrata\u00e7\u00e3o de solu\u00e7\u00f5es de TI; Planejar, coordenar e supervisionar o gerenciamento dos servi\u00e7os de administra\u00e7\u00e3o da rede l\u00f3gica, do parque de inform\u00e1tica, das bases de dados e do suporte ao [&hellip;]<\/p>\n","protected":false},"author":20,"featured_media":0,"parent":0,"menu_order":0,"comment_status":"open","ping_status":"closed","template":"","meta":[],"_links":{"self":[{"href":"https:\/\/www.ifbaiano.edu.br\/unidades\/catu\/wp-json\/wp\/v2\/pages\/10929"}],"collection":[{"href":"https:\/\/www.ifbaiano.edu.br\/unidades\/catu\/wp-json\/wp\/v2\/pages"}],"about":[{"href":"https:\/\/www.ifbaiano.edu.br\/unidades\/catu\/wp-json\/wp\/v2\/types\/page"}],"author":[{"embeddable":true,"href":"https:\/\/www.ifbaiano.edu.br\/unidades\/catu\/wp-json\/wp\/v2\/users\/20"}],"replies":[{"embeddable":true,"href":"https:\/\/www.ifbaiano.edu.br\/unidades\/catu\/wp-json\/wp\/v2\/comments?post=10929"}],"version-history":[{"count":14,"href":"https:\/\/www.ifbaiano.edu.br\/unidades\/catu\/wp-json\/wp\/v2\/pages\/10929\/revisions"}],"predecessor-version":[{"id":19634,"href":"https:\/\/www.ifbaiano.edu.br\/unidades\/catu\/wp-json\/wp\/v2\/pages\/10929\/revisions\/19634"}],"wp:attachment":[{"href":"https:\/\/www.ifbaiano.edu.br\/unidades\/catu\/wp-json\/wp\/v2\/media?parent=10929"}],"curies":[{"name":"wp","href":"https:\/\/api.w.org\/{rel}","templated":true}]}}