{"id":10970,"date":"2015-09-01T18:38:20","date_gmt":"2015-09-01T18:38:20","guid":{"rendered":"http:\/\/www.ifbaiano.edu.br\/unidades\/catu\/?page_id=10970"},"modified":"2016-08-18T17:34:27","modified_gmt":"2016-08-18T17:34:27","slug":"normativas-2","status":"publish","type":"page","link":"https:\/\/www.ifbaiano.edu.br\/unidades\/catu\/normativas-2\/","title":{"rendered":"Normativas"},"content":{"rendered":"<p style=\"text-align: justify\"><strong>Espa\u00e7o reservado para publica\u00e7\u00e3o das normativas que formalizam os procedimentos a serem seguidos<\/strong><\/p>\n<ol>\n<li>Normatiza\u00e7\u00e3o das aquisi\u00e7\u00f5es de bens e servi\u00e7os de Tecnologia da Informa\u00e7\u00e3o<br \/>\n<a href=\"http:\/\/www.ifbaiano.edu.br\/unidades\/catu\/files\/2015\/09\/portaria-normatizar-procedimentos-aquisicao-ti.pdf\">Portaria N\u00ba 1275 de 13 de agosto de 2013<\/a><\/li>\n<\/ol>\n","protected":false},"excerpt":{"rendered":"<p>Espa\u00e7o reservado para publica\u00e7\u00e3o das normativas que formalizam os procedimentos a serem seguidos Normatiza\u00e7\u00e3o das aquisi\u00e7\u00f5es de bens e servi\u00e7os de Tecnologia da Informa\u00e7\u00e3o Portaria N\u00ba 1275 de 13 de agosto de 2013<\/p>\n","protected":false},"author":20,"featured_media":0,"parent":0,"menu_order":0,"comment_status":"open","ping_status":"open","template":"","meta":[],"_links":{"self":[{"href":"https:\/\/www.ifbaiano.edu.br\/unidades\/catu\/wp-json\/wp\/v2\/pages\/10970"}],"collection":[{"href":"https:\/\/www.ifbaiano.edu.br\/unidades\/catu\/wp-json\/wp\/v2\/pages"}],"about":[{"href":"https:\/\/www.ifbaiano.edu.br\/unidades\/catu\/wp-json\/wp\/v2\/types\/page"}],"author":[{"embeddable":true,"href":"https:\/\/www.ifbaiano.edu.br\/unidades\/catu\/wp-json\/wp\/v2\/users\/20"}],"replies":[{"embeddable":true,"href":"https:\/\/www.ifbaiano.edu.br\/unidades\/catu\/wp-json\/wp\/v2\/comments?post=10970"}],"version-history":[{"count":6,"href":"https:\/\/www.ifbaiano.edu.br\/unidades\/catu\/wp-json\/wp\/v2\/pages\/10970\/revisions"}],"predecessor-version":[{"id":11000,"href":"https:\/\/www.ifbaiano.edu.br\/unidades\/catu\/wp-json\/wp\/v2\/pages\/10970\/revisions\/11000"}],"wp:attachment":[{"href":"https:\/\/www.ifbaiano.edu.br\/unidades\/catu\/wp-json\/wp\/v2\/media?parent=10970"}],"curies":[{"name":"wp","href":"https:\/\/api.w.org\/{rel}","templated":true}]}}