{"id":10974,"date":"2015-09-01T18:38:35","date_gmt":"2015-09-01T18:38:35","guid":{"rendered":"http:\/\/www.ifbaiano.edu.br\/unidades\/catu\/?page_id=10974"},"modified":"2016-08-18T17:45:57","modified_gmt":"2016-08-18T17:45:57","slug":"aquisicoes-2","status":"publish","type":"page","link":"https:\/\/www.ifbaiano.edu.br\/unidades\/catu\/aquisicoes-2\/","title":{"rendered":"Aquisi\u00e7\u00f5es"},"content":{"rendered":"<p><strong>Normatiza\u00e7\u00e3o das aquisi\u00e7\u00f5es de bens e servi\u00e7os de Tecnologia da Informa\u00e7\u00e3o<\/strong><\/p>\n<p><a title=\"Portaria N\u00ba 1275 de 13 de agosto de 2013\" href=\"http:\/\/www.ifbaiano.edu.br\/unidades\/catu\/files\/2015\/09\/portaria-normatizar-procedimentos-aquisicao-ti.pdf\" target=\"_blank\">Portaria N\u00ba 1275 de 13 de agosto de 2013<\/a><\/p>\n<p><strong>Instru\u00e7\u00e3o Normativa N\u00ba 4\/2014<\/strong><\/p>\n<p><a title=\"Documento de Oficializa\u00e7\u00e3o de Demanda (DOD)\" href=\"http:\/\/www.ifbaiano.edu.br\/unidades\/catu\/files\/2015\/09\/DOCUMENTODEOFICIALIZACAODADEMANDA.odt\" target=\"_blank\">Documento de Oficializa\u00e7\u00e3o da Demanda (DOD)<\/a><\/p>\n<p><strong>Aquisi\u00e7\u00f5es realizadas em 2015<\/strong><\/p>\n<p>&#8211; Bens<\/p>\n<p>&#8211; Servi\u00e7os<\/p>\n<p>&nbsp;<\/p>\n","protected":false},"excerpt":{"rendered":"<p>Normatiza\u00e7\u00e3o das aquisi\u00e7\u00f5es de bens e servi\u00e7os de Tecnologia da Informa\u00e7\u00e3o Portaria N\u00ba 1275 de 13 de agosto de 2013 Instru\u00e7\u00e3o Normativa N\u00ba 4\/2014 Documento de Oficializa\u00e7\u00e3o da Demanda (DOD) Aquisi\u00e7\u00f5es realizadas em 2015 &#8211; Bens &#8211; Servi\u00e7os &nbsp;<\/p>\n","protected":false},"author":20,"featured_media":0,"parent":0,"menu_order":0,"comment_status":"open","ping_status":"open","template":"","meta":[],"_links":{"self":[{"href":"https:\/\/www.ifbaiano.edu.br\/unidades\/catu\/wp-json\/wp\/v2\/pages\/10974"}],"collection":[{"href":"https:\/\/www.ifbaiano.edu.br\/unidades\/catu\/wp-json\/wp\/v2\/pages"}],"about":[{"href":"https:\/\/www.ifbaiano.edu.br\/unidades\/catu\/wp-json\/wp\/v2\/types\/page"}],"author":[{"embeddable":true,"href":"https:\/\/www.ifbaiano.edu.br\/unidades\/catu\/wp-json\/wp\/v2\/users\/20"}],"replies":[{"embeddable":true,"href":"https:\/\/www.ifbaiano.edu.br\/unidades\/catu\/wp-json\/wp\/v2\/comments?post=10974"}],"version-history":[{"count":11,"href":"https:\/\/www.ifbaiano.edu.br\/unidades\/catu\/wp-json\/wp\/v2\/pages\/10974\/revisions"}],"predecessor-version":[{"id":10987,"href":"https:\/\/www.ifbaiano.edu.br\/unidades\/catu\/wp-json\/wp\/v2\/pages\/10974\/revisions\/10987"}],"wp:attachment":[{"href":"https:\/\/www.ifbaiano.edu.br\/unidades\/catu\/wp-json\/wp\/v2\/media?parent=10974"}],"curies":[{"name":"wp","href":"https:\/\/api.w.org\/{rel}","templated":true}]}}