{"id":11273,"date":"2015-09-09T16:35:37","date_gmt":"2015-09-09T16:35:37","guid":{"rendered":"http:\/\/www.ifbaiano.edu.br\/unidades\/catu\/?page_id=11273"},"modified":"2017-02-23T12:23:50","modified_gmt":"2017-02-23T12:23:50","slug":"perfil","status":"publish","type":"page","link":"https:\/\/www.ifbaiano.edu.br\/unidades\/catu\/perfil\/","title":{"rendered":"Perfil Institucional"},"content":{"rendered":"<p><span style=\"color: #ff0000\">Texto em constru\u00e7\u00e3o. Contamos com sua colabora\u00e7\u00e3o!<\/span><\/p>\n<p>O Cap\u00edtulo Perfil Institucional apresenta dados oficiais do campus, faz uma proje\u00e7\u00e3o do seu contexto s\u00f3cio-hist\u00f3rico, reflete sobre a identidade, apresenta a miss\u00e3o do campus, sua estrutura organizacional, seus recursos humanos, as \u00e1reas de forma\u00e7\u00e3o e os cursos oferecidos.<\/p>\n<p>Para ler este cap\u00edtulo, em sua \u00edntegra, acesse:\u00a0<a href=\"http:\/\/www.ifbaiano.edu.br\/unidades\/catu\/files\/2017\/02\/CapII_Perfil_Institucional.pdf\">CapII_Perfil_Institucional<\/a><\/p>\n<p><span style=\"font-family: Georgia, serif;color: #000000\">Colabore com constru\u00e7\u00e3o do PPP, enviado cr\u00edticas, sugest\u00f5es e considera\u00e7\u00f5es, at\u00e9 o dia 12 de mar\u00e7o, atrav\u00e9s do link:<\/span><\/p>\n<p><a href=\"https:\/\/opina.ifbaiano.edu.br\/index.php\/survey\/index\/sid\/516381\/newtest\/Y\/lang\/pt-BR\">https:\/\/opina.ifbaiano.edu.br\/index.php\/survey\/index\/sid\/516381\/newtest\/Y\/lang\/pt-BR<\/a><\/p>\n<p><em><span style=\"font-family: 'Georgia',serif;color: blue\">&#8220;Vamos colaborar para a constru\u00e7\u00e3o de um documento que represente as vozes dos membros da comunidade acad\u00eamica!&#8221;<\/span><\/em><\/p>\n<p style=\"text-align: start\"><em><span style=\"font-family: 'Georgia',serif;color: blue\">GT de Elabora\u00e7\u00e3o do PPP<\/span><\/em><\/p>\n","protected":false},"excerpt":{"rendered":"<p>Texto em constru\u00e7\u00e3o. Contamos com sua colabora\u00e7\u00e3o! O Cap\u00edtulo Perfil Institucional apresenta dados oficiais do campus, faz uma proje\u00e7\u00e3o do seu contexto s\u00f3cio-hist\u00f3rico, reflete sobre a identidade, apresenta a miss\u00e3o do campus, sua estrutura organizacional, seus recursos humanos, as \u00e1reas de forma\u00e7\u00e3o e os cursos oferecidos. Para ler este cap\u00edtulo, em sua \u00edntegra, acesse:\u00a0CapII_Perfil_Institucional Colabore [&hellip;]<\/p>\n","protected":false},"author":20,"featured_media":0,"parent":0,"menu_order":0,"comment_status":"open","ping_status":"open","template":"","meta":[],"_links":{"self":[{"href":"https:\/\/www.ifbaiano.edu.br\/unidades\/catu\/wp-json\/wp\/v2\/pages\/11273"}],"collection":[{"href":"https:\/\/www.ifbaiano.edu.br\/unidades\/catu\/wp-json\/wp\/v2\/pages"}],"about":[{"href":"https:\/\/www.ifbaiano.edu.br\/unidades\/catu\/wp-json\/wp\/v2\/types\/page"}],"author":[{"embeddable":true,"href":"https:\/\/www.ifbaiano.edu.br\/unidades\/catu\/wp-json\/wp\/v2\/users\/20"}],"replies":[{"embeddable":true,"href":"https:\/\/www.ifbaiano.edu.br\/unidades\/catu\/wp-json\/wp\/v2\/comments?post=11273"}],"version-history":[{"count":11,"href":"https:\/\/www.ifbaiano.edu.br\/unidades\/catu\/wp-json\/wp\/v2\/pages\/11273\/revisions"}],"predecessor-version":[{"id":15233,"href":"https:\/\/www.ifbaiano.edu.br\/unidades\/catu\/wp-json\/wp\/v2\/pages\/11273\/revisions\/15233"}],"wp:attachment":[{"href":"https:\/\/www.ifbaiano.edu.br\/unidades\/catu\/wp-json\/wp\/v2\/media?parent=11273"}],"curies":[{"name":"wp","href":"https:\/\/api.w.org\/{rel}","templated":true}]}}