{"id":11613,"date":"2024-05-07T09:50:05","date_gmt":"2024-05-07T12:50:05","guid":{"rendered":"http:\/\/www.ifbaiano.edu.br\/unidades\/catu\/?page_id=11613"},"modified":"2024-05-07T09:55:29","modified_gmt":"2024-05-07T12:55:29","slug":"documentos-importantes","status":"publish","type":"page","link":"https:\/\/www.ifbaiano.edu.br\/unidades\/catu\/documentos-importantes\/","title":{"rendered":"Documentos Importantes"},"content":{"rendered":"\n<p><\/p>\n\n\n\n<p><a href=\"https:\/\/www.ifbaiano.edu.br\/unidades\/catu\/files\/2022\/04\/Organizacao-Didatica-dos-Curso-Tecnicos-de-nivel-medio.pdf\" target=\"_blank\" rel=\"noreferrer noopener\">Organiza\u00e7\u00e3o Did\u00e1tica dos Cursos da Educa\u00e7\u00e3o Profissional T\u00e9cnica de N\u00edvel M\u00e9dio<\/a><\/p>\n\n\n\n<p><a href=\"https:\/\/www.ifbaiano.edu.br\/unidades\/catu\/files\/2022\/06\/Organizacao-Didatica-dos-Cursos-de-Graduacao.pdf\" target=\"_blank\" rel=\"noreferrer noopener\">Organiza\u00e7\u00e3o Did\u00e1tica dos Cursos de Gradua\u00e7\u00e3o<\/a><\/p>\n\n\n\n<p><a href=\"https:\/\/www.ifbaiano.edu.br\/unidades\/catu\/files\/2022\/06\/Regimento-geral-da-pos-graduacao-do-IF-Baiano.pdf\" target=\"_blank\" rel=\"noreferrer noopener\">Regimento Geral da P\u00f3s-Gradua\u00e7\u00e3o do IF Baiano<\/a><\/p>\n\n\n\n<p><a rel=\"noreferrer noopener\" href=\"https:\/\/www.ifbaiano.edu.br\/unidades\/catu\/files\/2022\/04\/Organizacao-Didatica-dos-Cursos-Superiores.pdf\" target=\"_blank\">Organiza\u00e7\u00e3o Did\u00e1tica dos Cursos da Educa\u00e7\u00e3o Superior<\/a><\/p>\n\n\n\n<p><\/p>\n\n\n\n<p><\/p>\n\n\n\n<p><\/p>\n\n\n\n<p><\/p>\n","protected":false},"excerpt":{"rendered":"<p>Organiza\u00e7\u00e3o Did\u00e1tica dos Cursos da Educa\u00e7\u00e3o Profissional T\u00e9cnica de N\u00edvel M\u00e9dio Organiza\u00e7\u00e3o Did\u00e1tica dos Cursos de Gradua\u00e7\u00e3o Regimento Geral da P\u00f3s-Gradua\u00e7\u00e3o do IF Baiano Organiza\u00e7\u00e3o Did\u00e1tica dos Cursos da Educa\u00e7\u00e3o Superior<\/p>\n","protected":false},"author":27,"featured_media":0,"parent":0,"menu_order":0,"comment_status":"open","ping_status":"open","template":"","meta":[],"_links":{"self":[{"href":"https:\/\/www.ifbaiano.edu.br\/unidades\/catu\/wp-json\/wp\/v2\/pages\/11613"}],"collection":[{"href":"https:\/\/www.ifbaiano.edu.br\/unidades\/catu\/wp-json\/wp\/v2\/pages"}],"about":[{"href":"https:\/\/www.ifbaiano.edu.br\/unidades\/catu\/wp-json\/wp\/v2\/types\/page"}],"author":[{"embeddable":true,"href":"https:\/\/www.ifbaiano.edu.br\/unidades\/catu\/wp-json\/wp\/v2\/users\/27"}],"replies":[{"embeddable":true,"href":"https:\/\/www.ifbaiano.edu.br\/unidades\/catu\/wp-json\/wp\/v2\/comments?post=11613"}],"version-history":[{"count":8,"href":"https:\/\/www.ifbaiano.edu.br\/unidades\/catu\/wp-json\/wp\/v2\/pages\/11613\/revisions"}],"predecessor-version":[{"id":23859,"href":"https:\/\/www.ifbaiano.edu.br\/unidades\/catu\/wp-json\/wp\/v2\/pages\/11613\/revisions\/23859"}],"wp:attachment":[{"href":"https:\/\/www.ifbaiano.edu.br\/unidades\/catu\/wp-json\/wp\/v2\/media?parent=11613"}],"curies":[{"name":"wp","href":"https:\/\/api.w.org\/{rel}","templated":true}]}}