{"id":11637,"date":"2024-05-07T10:15:56","date_gmt":"2024-05-07T13:15:56","guid":{"rendered":"http:\/\/www.ifbaiano.edu.br\/unidades\/catu\/?page_id=11637"},"modified":"2024-05-07T10:15:56","modified_gmt":"2024-05-07T13:15:56","slug":"formularios-do-professor","status":"publish","type":"page","link":"https:\/\/www.ifbaiano.edu.br\/unidades\/catu\/formularios-do-professor\/","title":{"rendered":"Formul\u00e1rios para Docentes"},"content":{"rendered":"<p align=\"LEFT\"><a href=\"http:\/\/www.ifbaiano.edu.br\/unidades\/catu\/files\/2015\/12\/formulario-de-Visitas-Tenicas.pdf\" target=\"_blank\" rel=\"noopener\">&#8211; Formul\u00e1rio de solicita\u00e7\u00e3o de Visita T\u00e9cnica<\/a><\/p>\n<p align=\"LEFT\"><a href=\"http:\/\/www.ifbaiano.edu.br\/unidades\/catu\/files\/2015\/12\/FORMULARIO-SOLICITACAO-DE-MATERIAL-PARA-AULA-PRATICA-2015.pdf\" target=\"_blank\" rel=\"noopener\">&#8211; Formul\u00e1rio de Solicita\u00e7\u00e3o de Material para Aulas Pr\u00e1ticas<\/a><\/p>\n<p align=\"LEFT\"><a href=\"http:\/\/www.ifbaiano.edu.br\/unidades\/catu\/files\/2015\/12\/FORMULARIO-AUSENCIA-DO-PROFESSOR-SUBSTITUICAO-E-REPOSICAO-DE-AULAS-2015.pdf\" target=\"_blank\" rel=\"noopener\">&#8211; Formul\u00e1rio de Aus\u00eancias, Trocas e Substitui\u00e7\u00f5es<\/a><\/p>\n<p align=\"LEFT\"><a href=\"http:\/\/www.ifbaiano.edu.br\/unidades\/catu\/files\/2019\/02\/MODELO-DE-CABE\u00c7ALHO.odt\">&#8211; Modelo de cabe\u00e7alho para atividades e avalia\u00e7\u00f5es<\/a><\/p>\n<p align=\"LEFT\"><a href=\"http:\/\/www.ifbaiano.edu.br\/unidades\/catu\/files\/2015\/12\/PLANO-DE-DISCIPLINA-INTEGRADO-2015.pdf\" target=\"_blank\" rel=\"noopener\">&#8211; Modelo de planos de disciplinas (cursos integrados)<\/a><\/p>\n<p align=\"LEFT\"><a href=\"http:\/\/www.ifbaiano.edu.br\/unidades\/catu\/files\/2015\/12\/PLANO-DE-DISCIPLINA-INTEGRADO-2015.pdf\" target=\"_blank\" rel=\"noopener\">&#8211; Modelo de plano de disciplina (cursos subsequente\/ superiores)<\/a><\/p>\n","protected":false},"excerpt":{"rendered":"<p>&#8211; Formul\u00e1rio de solicita\u00e7\u00e3o de Visita T\u00e9cnica &#8211; Formul\u00e1rio de Solicita\u00e7\u00e3o de Material para Aulas Pr\u00e1ticas &#8211; Formul\u00e1rio de Aus\u00eancias, Trocas e Substitui\u00e7\u00f5es &#8211; Modelo de cabe\u00e7alho para atividades e avalia\u00e7\u00f5es &#8211; Modelo de planos de disciplinas (cursos integrados) &#8211; Modelo de plano de disciplina (cursos subsequente\/ superiores)<\/p>\n","protected":false},"author":27,"featured_media":0,"parent":0,"menu_order":0,"comment_status":"open","ping_status":"open","template":"","meta":[],"_links":{"self":[{"href":"https:\/\/www.ifbaiano.edu.br\/unidades\/catu\/wp-json\/wp\/v2\/pages\/11637"}],"collection":[{"href":"https:\/\/www.ifbaiano.edu.br\/unidades\/catu\/wp-json\/wp\/v2\/pages"}],"about":[{"href":"https:\/\/www.ifbaiano.edu.br\/unidades\/catu\/wp-json\/wp\/v2\/types\/page"}],"author":[{"embeddable":true,"href":"https:\/\/www.ifbaiano.edu.br\/unidades\/catu\/wp-json\/wp\/v2\/users\/27"}],"replies":[{"embeddable":true,"href":"https:\/\/www.ifbaiano.edu.br\/unidades\/catu\/wp-json\/wp\/v2\/comments?post=11637"}],"version-history":[{"count":14,"href":"https:\/\/www.ifbaiano.edu.br\/unidades\/catu\/wp-json\/wp\/v2\/pages\/11637\/revisions"}],"predecessor-version":[{"id":23878,"href":"https:\/\/www.ifbaiano.edu.br\/unidades\/catu\/wp-json\/wp\/v2\/pages\/11637\/revisions\/23878"}],"wp:attachment":[{"href":"https:\/\/www.ifbaiano.edu.br\/unidades\/catu\/wp-json\/wp\/v2\/media?parent=11637"}],"curies":[{"name":"wp","href":"https:\/\/api.w.org\/{rel}","templated":true}]}}