{"id":119,"date":"2011-05-19T16:43:03","date_gmt":"2011-05-19T19:43:03","guid":{"rendered":"http:\/\/localhost\/unidades\/bonfim\/?page_id=119"},"modified":"2016-08-15T16:43:12","modified_gmt":"2016-08-15T16:43:12","slug":"alunos-documentos","status":"publish","type":"page","link":"https:\/\/www.ifbaiano.edu.br\/unidades\/catu\/alunos-documentos\/","title":{"rendered":"Documentos"},"content":{"rendered":"<p><strong>Documentos para Investidura:<\/strong><\/p>\n<p><a href=\"http:\/\/diretorias.ifbaiano.edu.br\/portal\/dgp\/documentos-para-admissao\/\">http:\/\/diretorias.ifbaiano.edu.br\/portal\/dgp\/documentos-para-admissao\/<\/a><\/p>\n<p><strong>Rela\u00e7\u00e3o de documentos para admiss\u00e3o em est\u00e1gio:<\/strong><\/p>\n<p><a href=\"http:\/\/diretorias.ifbaiano.edu.br\/portal\/dgp\/files\/2012\/11\/relacao_documentos_admissao_estagio.pdf\">http:\/\/diretorias.ifbaiano.edu.br\/portal\/dgp\/files\/2012\/11\/relacao_documentos_admissao_estagio.pdf<\/a><\/p>\n<p><strong>Requerimentos:<\/strong><\/p>\n<p><a href=\"http:\/\/diretorias.ifbaiano.edu.br\/portal\/dgp\/requerimentos\/\">http:\/\/diretorias.ifbaiano.edu.br\/portal\/dgp\/requerimentos\/<\/a><\/p>\n<p><strong>Imprensa Nacional:<\/strong><\/p>\n<p><a href=\"http:\/\/portal.in.gov.br\/\">http:\/\/portal.in.gov.br\/<\/a><\/p>\n<p><strong>Legisla\u00e7\u00e3o:<\/strong><\/p>\n<p><a href=\"http:\/\/diretorias.ifbaiano.edu.br\/portal\/dgp\/legislacao\/\">http:\/\/diretorias.ifbaiano.edu.br\/portal\/dgp\/legislacao\/<\/a><\/p>\n","protected":false},"excerpt":{"rendered":"<p>Documentos para Investidura: http:\/\/diretorias.ifbaiano.edu.br\/portal\/dgp\/documentos-para-admissao\/ Rela\u00e7\u00e3o de documentos para admiss\u00e3o em est\u00e1gio: http:\/\/diretorias.ifbaiano.edu.br\/portal\/dgp\/files\/2012\/11\/relacao_documentos_admissao_estagio.pdf Requerimentos: http:\/\/diretorias.ifbaiano.edu.br\/portal\/dgp\/requerimentos\/ Imprensa Nacional: http:\/\/portal.in.gov.br\/ Legisla\u00e7\u00e3o: http:\/\/diretorias.ifbaiano.edu.br\/portal\/dgp\/legislacao\/<\/p>\n","protected":false},"author":1,"featured_media":0,"parent":0,"menu_order":0,"comment_status":"closed","ping_status":"closed","template":"","meta":[],"_links":{"self":[{"href":"https:\/\/www.ifbaiano.edu.br\/unidades\/catu\/wp-json\/wp\/v2\/pages\/119"}],"collection":[{"href":"https:\/\/www.ifbaiano.edu.br\/unidades\/catu\/wp-json\/wp\/v2\/pages"}],"about":[{"href":"https:\/\/www.ifbaiano.edu.br\/unidades\/catu\/wp-json\/wp\/v2\/types\/page"}],"author":[{"embeddable":true,"href":"https:\/\/www.ifbaiano.edu.br\/unidades\/catu\/wp-json\/wp\/v2\/users\/1"}],"replies":[{"embeddable":true,"href":"https:\/\/www.ifbaiano.edu.br\/unidades\/catu\/wp-json\/wp\/v2\/comments?post=119"}],"version-history":[{"count":10,"href":"https:\/\/www.ifbaiano.edu.br\/unidades\/catu\/wp-json\/wp\/v2\/pages\/119\/revisions"}],"predecessor-version":[{"id":4465,"href":"https:\/\/www.ifbaiano.edu.br\/unidades\/catu\/wp-json\/wp\/v2\/pages\/119\/revisions\/4465"}],"wp:attachment":[{"href":"https:\/\/www.ifbaiano.edu.br\/unidades\/catu\/wp-json\/wp\/v2\/media?parent=119"}],"curies":[{"name":"wp","href":"https:\/\/api.w.org\/{rel}","templated":true}]}}