{"id":12006,"date":"2016-02-16T15:33:37","date_gmt":"2016-02-16T15:33:37","guid":{"rendered":"http:\/\/www.ifbaiano.edu.br\/unidades\/catu\/?page_id=12006"},"modified":"2016-07-15T16:40:38","modified_gmt":"2016-07-15T16:40:38","slug":"tecnico","status":"publish","type":"page","link":"https:\/\/www.ifbaiano.edu.br\/unidades\/catu\/alunos-estagio\/tecnico\/","title":{"rendered":"T\u00e9cnico em Petr\u00f3leo e G\u00e1s"},"content":{"rendered":"<p><strong><span style=\"text-decoration: underline\">Formul\u00e1rio de avalia\u00e7\u00e3o de est\u00e1gio supervisionado obrigat\u00f3rio:<\/span><\/strong><\/p>\n<p style=\"text-align: justify\">Este question\u00e1rio visa obter informa\u00e7\u00f5es e sugest\u00f5es, que nos auxiliem no processo de avalia\u00e7\u00e3o do est\u00e1gio\/estagi\u00e1rio, al\u00e9m de contemplar alguns aspectos da pr\u00e1tica pedag\u00f3gica desenvolvida no Instituto, a fim de subsidiar informa\u00e7\u00f5es, para que possamos atender aos anseios dos estudantes e \u00e0s exig\u00eancias do mercado de trabalho.<\/p>\n<p>Para acessar o question\u00e1rio, clique em:<\/p>\n<p>1-<a href=\"https:\/\/docs.google.com\/forms\/d\/1qQHhHa1AXP2BKQlcajr8wn0y9VjcT0sPYiIaVD0EsXg\/viewform\" target=\"_blank\"> PETR\u00d3LEO E G\u00c1S &#8211; CONCLUINTES ANO 2015<\/a><\/p>\n","protected":false},"excerpt":{"rendered":"<p>Formul\u00e1rio de avalia\u00e7\u00e3o de est\u00e1gio supervisionado obrigat\u00f3rio: Este question\u00e1rio visa obter informa\u00e7\u00f5es e sugest\u00f5es, que nos auxiliem no processo de avalia\u00e7\u00e3o do est\u00e1gio\/estagi\u00e1rio, al\u00e9m de contemplar alguns aspectos da pr\u00e1tica pedag\u00f3gica desenvolvida no Instituto, a fim de subsidiar informa\u00e7\u00f5es, para que possamos atender aos anseios dos estudantes e \u00e0s exig\u00eancias do mercado de trabalho. Para [&hellip;]<\/p>\n","protected":false},"author":27,"featured_media":0,"parent":123,"menu_order":0,"comment_status":"open","ping_status":"open","template":"","meta":[],"_links":{"self":[{"href":"https:\/\/www.ifbaiano.edu.br\/unidades\/catu\/wp-json\/wp\/v2\/pages\/12006"}],"collection":[{"href":"https:\/\/www.ifbaiano.edu.br\/unidades\/catu\/wp-json\/wp\/v2\/pages"}],"about":[{"href":"https:\/\/www.ifbaiano.edu.br\/unidades\/catu\/wp-json\/wp\/v2\/types\/page"}],"author":[{"embeddable":true,"href":"https:\/\/www.ifbaiano.edu.br\/unidades\/catu\/wp-json\/wp\/v2\/users\/27"}],"replies":[{"embeddable":true,"href":"https:\/\/www.ifbaiano.edu.br\/unidades\/catu\/wp-json\/wp\/v2\/comments?post=12006"}],"version-history":[{"count":6,"href":"https:\/\/www.ifbaiano.edu.br\/unidades\/catu\/wp-json\/wp\/v2\/pages\/12006\/revisions"}],"predecessor-version":[{"id":13895,"href":"https:\/\/www.ifbaiano.edu.br\/unidades\/catu\/wp-json\/wp\/v2\/pages\/12006\/revisions\/13895"}],"up":[{"embeddable":true,"href":"https:\/\/www.ifbaiano.edu.br\/unidades\/catu\/wp-json\/wp\/v2\/pages\/123"}],"wp:attachment":[{"href":"https:\/\/www.ifbaiano.edu.br\/unidades\/catu\/wp-json\/wp\/v2\/media?parent=12006"}],"curies":[{"name":"wp","href":"https:\/\/api.w.org\/{rel}","templated":true}]}}