{"id":123,"date":"2011-05-19T16:44:12","date_gmt":"2011-05-19T19:44:12","guid":{"rendered":"http:\/\/localhost\/unidades\/bonfim\/?page_id=123"},"modified":"2016-07-15T16:29:56","modified_gmt":"2016-07-15T16:29:56","slug":"alunos-estagio","status":"publish","type":"page","link":"https:\/\/www.ifbaiano.edu.br\/unidades\/catu\/alunos-estagio\/","title":{"rendered":"Est\u00e1gio"},"content":{"rendered":"<p><span style=\"text-decoration: underline\"><strong>Contato: <\/strong><\/span><\/p>\n<p>E-mail:<strong> nuri@catu.ifbaiano.edu.br<\/strong><br \/>\nTelefone: <strong>(71)3641-7928<\/strong><\/p>\n<p>__________________________________________________________________________________________<\/p>\n<p><strong><span style=\"text-decoration: underline\"><span style=\"color: #000000;text-decoration: underline\">Documentos pertinentes \u00e0 Legisla\u00e7\u00e3o:<\/span><\/span><\/strong><\/p>\n<p>&nbsp;<\/p>\n<p>*Lei do est\u00e1gio:\u00a0\u00a0<a href=\"http:\/\/www.planalto.gov.br\/ccivil_03\/_ato2007-2010\/2008\/lei\/l11788.htm\" target=\"_blank\"> Clique aqui <\/a><\/p>\n<p>*Regulamento de est\u00e1gio do IF Baiano: <a href=\"http:\/\/www.ifbaiano.edu.br\/unidades\/catu\/files\/2011\/05\/Clique-aqui-21.pdf\" target=\"_blank\">Clique aqui<\/a><\/p>\n<p>*Cartilha Lei do est\u00e1gio:<\/p>\n<p>*Manual para a elabora\u00e7\u00e3o do relat\u00f3rio de est\u00e1gio: <a href=\"http:\/\/www.ifbaiano.edu.br\/unidades\/catu\/files\/2011\/05\/Clique-aqui.pdf\">Clique aqui<\/a><\/p>\n<p>*Orienta\u00e7\u00e3o Normativa N\u00ba 7, de 30 de outubro de 2008: <a href=\"http:\/\/portal.mte.gov.br\/data\/files\/FF8080812B35FA90012B4A43C14F0613\/orientacao_normativa_n7.pdf\" target=\"_blank\">Clique aqui<\/a><\/p>\n<p align=\"JUSTIFY\">__________________________________________________________________________________________<\/p>\n<p>Acesse a p\u00e1gina espec\u00edfica do seu curso:<\/p>\n<p><strong><a href=\"http:\/\/www.ifbaiano.edu.br\/unidades\/catu\/infra-estrutura-2\/tecnico-em-agropecuaria\/\" target=\"_blank\">T\u00e9cnico em Agropecu\u00e1ria<\/a><\/strong><\/p>\n<p><strong><a href=\"http:\/\/www.ifbaiano.edu.br\/unidades\/catu\/tecnico-em-alimentos\/\" target=\"_blank\">T\u00e9cnico em Alimentos\u00a0<\/a><\/strong><\/p>\n<p><strong><a title=\"agrimensura\" href=\"http:\/\/www.ifbaiano.edu.br\/unidades\/catu\/alunos-estagio\/tecnico-em-agrimensura\/\" target=\"_blank\">T\u00e9cnico em Agrimensura<\/a><\/strong><\/p>\n<p><strong><a href=\"http:\/\/www.ifbaiano.edu.br\/unidades\/catu\/alunos-estagio\/tecnico-em-quimica-2\" target=\"_blank\">T\u00e9cnico em Qu\u00edmica<\/a><\/strong><\/p>\n<p><strong><\/strong><strong><strong><a title=\"T\u00e9cnico em Cozinha\" href=\"http:\/\/www.ifbaiano.edu.br\/unidades\/catu\/tecnico-em-cozinha-3\" target=\"_blank\">T\u00e9cnico em Cozinha<\/a><\/strong><\/strong><\/p>\n<p><strong><a href=\"http:\/\/www.ifbaiano.edu.br\/unidades\/catu\/tecnico\/\" target=\"_blank\">T\u00e9cnico em Petr\u00f3leo e G\u00e1s<\/a><\/strong><\/p>\n","protected":false},"excerpt":{"rendered":"<p>Contato: E-mail: nuri@catu.ifbaiano.edu.br Telefone: (71)3641-7928 __________________________________________________________________________________________ Documentos pertinentes \u00e0 Legisla\u00e7\u00e3o: &nbsp; *Lei do est\u00e1gio:\u00a0\u00a0 Clique aqui *Regulamento de est\u00e1gio do IF Baiano: Clique aqui *Cartilha Lei do est\u00e1gio: *Manual para a elabora\u00e7\u00e3o do relat\u00f3rio de est\u00e1gio: Clique aqui *Orienta\u00e7\u00e3o Normativa N\u00ba 7, de 30 de outubro de 2008: Clique aqui __________________________________________________________________________________________ Acesse a p\u00e1gina espec\u00edfica [&hellip;]<\/p>\n","protected":false},"author":1,"featured_media":0,"parent":0,"menu_order":0,"comment_status":"closed","ping_status":"closed","template":"","meta":[],"_links":{"self":[{"href":"https:\/\/www.ifbaiano.edu.br\/unidades\/catu\/wp-json\/wp\/v2\/pages\/123"}],"collection":[{"href":"https:\/\/www.ifbaiano.edu.br\/unidades\/catu\/wp-json\/wp\/v2\/pages"}],"about":[{"href":"https:\/\/www.ifbaiano.edu.br\/unidades\/catu\/wp-json\/wp\/v2\/types\/page"}],"author":[{"embeddable":true,"href":"https:\/\/www.ifbaiano.edu.br\/unidades\/catu\/wp-json\/wp\/v2\/users\/1"}],"replies":[{"embeddable":true,"href":"https:\/\/www.ifbaiano.edu.br\/unidades\/catu\/wp-json\/wp\/v2\/comments?post=123"}],"version-history":[{"count":48,"href":"https:\/\/www.ifbaiano.edu.br\/unidades\/catu\/wp-json\/wp\/v2\/pages\/123\/revisions"}],"predecessor-version":[{"id":13893,"href":"https:\/\/www.ifbaiano.edu.br\/unidades\/catu\/wp-json\/wp\/v2\/pages\/123\/revisions\/13893"}],"wp:attachment":[{"href":"https:\/\/www.ifbaiano.edu.br\/unidades\/catu\/wp-json\/wp\/v2\/media?parent=123"}],"curies":[{"name":"wp","href":"https:\/\/api.w.org\/{rel}","templated":true}]}}