{"id":13881,"date":"2016-07-15T16:21:48","date_gmt":"2016-07-15T16:21:48","guid":{"rendered":"http:\/\/www.ifbaiano.edu.br\/unidades\/catu\/?page_id=13881"},"modified":"2017-10-04T17:12:00","modified_gmt":"2017-10-04T17:12:00","slug":"tecnico-em-agrimensura","status":"publish","type":"page","link":"https:\/\/www.ifbaiano.edu.br\/unidades\/catu\/alunos-estagio\/tecnico-em-agrimensura\/","title":{"rendered":"T\u00e9cnico em Agrimensura"},"content":{"rendered":"<p><span style=\"text-decoration: underline\"><strong>Formul\u00e1rio de avalia\u00e7\u00e3o de est\u00e1gio supervisionado obrigat\u00f3rio:<\/strong><\/span><\/p>\n<p style=\"text-align: justify\">Este question\u00e1rio visa obter informa\u00e7\u00f5es e sugest\u00f5es, que nos auxiliem no processo de avalia\u00e7\u00e3o do est\u00e1gio\/estagi\u00e1rio, al\u00e9m de contemplar alguns aspectos da pr\u00e1tica pedag\u00f3gica desenvolvida no Instituto, a fim de subsidiar informa\u00e7\u00f5es, para que possamos atender aos anseios dos estudantes e \u00e0s exig\u00eancias do mercado de trabalho.<\/p>\n<p><strong>Para acessar o question\u00e1rio, clique em:<\/strong><\/p>\n<p><strong><a href=\"https:\/\/docs.google.com\/forms\/d\/1IxwmAYFUtaIG_yENLGas3zDRCVS8rNYN8pfTHNA768Y\/viewform\" target=\"_blank\">1 &#8211; AGRIMENSURA &#8211; CONCLUINTES ANO 2014 <\/a><\/strong><\/p>\n<p><strong><a href=\"https:\/\/docs.google.com\/forms\/d\/1EX_bOKrPHjQ5ZKEQUbxJaFu-zbbz3k_MIiXlS8QtxgI\/viewform\" target=\"_blank\">2 &#8211; AGRIMENSURA &#8211; CONCLUINTES ANO 2015<\/a><\/strong><\/p>\n<p>&nbsp;<\/p>\n<p>&nbsp;<\/p>\n<p>&nbsp;<\/p>\n<p>&nbsp;<\/p>\n<p>&nbsp;<\/p>\n<p>&nbsp;<\/p>\n","protected":false},"excerpt":{"rendered":"<p>Formul\u00e1rio de avalia\u00e7\u00e3o de est\u00e1gio supervisionado obrigat\u00f3rio: Este question\u00e1rio visa obter informa\u00e7\u00f5es e sugest\u00f5es, que nos auxiliem no processo de avalia\u00e7\u00e3o do est\u00e1gio\/estagi\u00e1rio, al\u00e9m de contemplar alguns aspectos da pr\u00e1tica pedag\u00f3gica desenvolvida no Instituto, a fim de subsidiar informa\u00e7\u00f5es, para que possamos atender aos anseios dos estudantes e \u00e0s exig\u00eancias do mercado de trabalho. Para [&hellip;]<\/p>\n","protected":false},"author":27,"featured_media":0,"parent":123,"menu_order":0,"comment_status":"open","ping_status":"open","template":"","meta":[],"_links":{"self":[{"href":"https:\/\/www.ifbaiano.edu.br\/unidades\/catu\/wp-json\/wp\/v2\/pages\/13881"}],"collection":[{"href":"https:\/\/www.ifbaiano.edu.br\/unidades\/catu\/wp-json\/wp\/v2\/pages"}],"about":[{"href":"https:\/\/www.ifbaiano.edu.br\/unidades\/catu\/wp-json\/wp\/v2\/types\/page"}],"author":[{"embeddable":true,"href":"https:\/\/www.ifbaiano.edu.br\/unidades\/catu\/wp-json\/wp\/v2\/users\/27"}],"replies":[{"embeddable":true,"href":"https:\/\/www.ifbaiano.edu.br\/unidades\/catu\/wp-json\/wp\/v2\/comments?post=13881"}],"version-history":[{"count":7,"href":"https:\/\/www.ifbaiano.edu.br\/unidades\/catu\/wp-json\/wp\/v2\/pages\/13881\/revisions"}],"predecessor-version":[{"id":16018,"href":"https:\/\/www.ifbaiano.edu.br\/unidades\/catu\/wp-json\/wp\/v2\/pages\/13881\/revisions\/16018"}],"up":[{"embeddable":true,"href":"https:\/\/www.ifbaiano.edu.br\/unidades\/catu\/wp-json\/wp\/v2\/pages\/123"}],"wp:attachment":[{"href":"https:\/\/www.ifbaiano.edu.br\/unidades\/catu\/wp-json\/wp\/v2\/media?parent=13881"}],"curies":[{"name":"wp","href":"https:\/\/api.w.org\/{rel}","templated":true}]}}