{"id":13939,"date":"2016-07-15T18:15:29","date_gmt":"2016-07-15T18:15:29","guid":{"rendered":"http:\/\/www.ifbaiano.edu.br\/unidades\/catu\/?page_id=13939"},"modified":"2016-08-18T17:52:00","modified_gmt":"2016-08-18T17:52:00","slug":"tecnico-em-petroleo-e-gas","status":"publish","type":"page","link":"https:\/\/www.ifbaiano.edu.br\/unidades\/catu\/egressos-ex-aluno\/tecnico-em-petroleo-e-gas\/","title":{"rendered":"T\u00e9cnico em Petr\u00f3leo e G\u00e1s"},"content":{"rendered":"<p><strong><strong><strong><strong><strong><strong><strong><strong>PROGRAMA DE ACOMPANHAMENTO DE EGRESSOS<\/strong><\/strong><\/strong><\/strong><br \/>\n<\/strong><\/strong><\/strong><\/strong><\/p>\n<h3><span style=\"text-decoration: underline\">* EGRESSOS ANTERIORES AO ANO DE 2015 <span style=\"color: #ff0000;text-decoration: underline\">(PREENCHIMENTO EXCLUSIVO PELOS CONCLUINTES ANTERIORES AO ANO DE 2015)<\/span><\/span><\/h3>\n<p>Prezados ex-alunos,<\/p>\n<p style=\"text-align: justify\">Convidamos a todos os concluintes anteriores ao ano de 2015 a preencherem o formul\u00e1rio abaixo. Este question\u00e1rio oferece \u00e0 Institui\u00e7\u00e3o a possibilidade de verificar os \u00edndices acad\u00eamicos e de empregabilidade relacionados ao seu curso.<\/p>\n<p><a title=\"Formul\u00e1rio Egressos Anteriores a 2014\" href=\"https:\/\/docs.google.com\/forms\/d\/e\/1FAIpQLSfu8vL_CsuQ9lLgr1MIvG0tL9fT33nLpia232ngi7MOrH2m_g\/viewform\" target=\"_blank\"><strong>CLIQUE AQUI<\/strong><\/a><\/p>\n<p>&nbsp;<\/p>\n","protected":false},"excerpt":{"rendered":"<p>PROGRAMA DE ACOMPANHAMENTO DE EGRESSOS * EGRESSOS ANTERIORES AO ANO DE 2015 (PREENCHIMENTO EXCLUSIVO PELOS CONCLUINTES ANTERIORES AO ANO DE 2015) Prezados ex-alunos, Convidamos a todos os concluintes anteriores ao ano de 2015 a preencherem o formul\u00e1rio abaixo. Este question\u00e1rio oferece \u00e0 Institui\u00e7\u00e3o a possibilidade de verificar os \u00edndices acad\u00eamicos e de empregabilidade relacionados ao [&hellip;]<\/p>\n","protected":false},"author":27,"featured_media":0,"parent":10249,"menu_order":0,"comment_status":"open","ping_status":"open","template":"","meta":[],"_links":{"self":[{"href":"https:\/\/www.ifbaiano.edu.br\/unidades\/catu\/wp-json\/wp\/v2\/pages\/13939"}],"collection":[{"href":"https:\/\/www.ifbaiano.edu.br\/unidades\/catu\/wp-json\/wp\/v2\/pages"}],"about":[{"href":"https:\/\/www.ifbaiano.edu.br\/unidades\/catu\/wp-json\/wp\/v2\/types\/page"}],"author":[{"embeddable":true,"href":"https:\/\/www.ifbaiano.edu.br\/unidades\/catu\/wp-json\/wp\/v2\/users\/27"}],"replies":[{"embeddable":true,"href":"https:\/\/www.ifbaiano.edu.br\/unidades\/catu\/wp-json\/wp\/v2\/comments?post=13939"}],"version-history":[{"count":9,"href":"https:\/\/www.ifbaiano.edu.br\/unidades\/catu\/wp-json\/wp\/v2\/pages\/13939\/revisions"}],"predecessor-version":[{"id":14433,"href":"https:\/\/www.ifbaiano.edu.br\/unidades\/catu\/wp-json\/wp\/v2\/pages\/13939\/revisions\/14433"}],"up":[{"embeddable":true,"href":"https:\/\/www.ifbaiano.edu.br\/unidades\/catu\/wp-json\/wp\/v2\/pages\/10249"}],"wp:attachment":[{"href":"https:\/\/www.ifbaiano.edu.br\/unidades\/catu\/wp-json\/wp\/v2\/media?parent=13939"}],"curies":[{"name":"wp","href":"https:\/\/api.w.org\/{rel}","templated":true}]}}