{"id":14231,"date":"2016-08-15T19:14:41","date_gmt":"2016-08-15T19:14:41","guid":{"rendered":"http:\/\/www.ifbaiano.edu.br\/unidades\/catu\/?page_id=14231"},"modified":"2022-06-30T15:15:34","modified_gmt":"2022-06-30T18:15:34","slug":"galeria-de-fotos","status":"publish","type":"page","link":"https:\/\/www.ifbaiano.edu.br\/unidades\/catu\/galeria-de-fotos\/","title":{"rendered":"Galeria de Fotos"},"content":{"rendered":"<p><img decoding=\"async\" loading=\"lazy\" class=\"alignnone size-full wp-image-17324\" src=\"http:\/\/www.ifbaiano.edu.br\/unidades\/catu\/files\/2016\/08\/20190225_131929.jpg\" alt=\"20190225_131929\" width=\"4128\" height=\"3096\"><\/p>\n<p>Reprografia<\/p>\n<p><img decoding=\"async\" loading=\"lazy\" class=\"alignnone size-full wp-image-17325\" src=\"http:\/\/www.ifbaiano.edu.br\/unidades\/catu\/files\/2016\/08\/20190225_132514.jpg\" alt=\"20190225_132514\" width=\"4128\" height=\"3096\"><\/p>\n<p>Refeit\u00f3rio<\/p>\n<p><img decoding=\"async\" loading=\"lazy\" class=\"alignnone size-full wp-image-17327\" src=\"http:\/\/www.ifbaiano.edu.br\/unidades\/catu\/files\/2016\/08\/20190225_132802.jpg\" alt=\"20190225_132802\" width=\"3096\" height=\"4128\"><\/p>\n<p><img decoding=\"async\" loading=\"lazy\" class=\"alignnone size-full wp-image-17328\" src=\"http:\/\/www.ifbaiano.edu.br\/unidades\/catu\/files\/2016\/08\/20190225_132917.jpg\" alt=\"20190225_132917\" width=\"4128\" height=\"3096\"><\/p>\n<p>Secretaria de Registros Acad\u00eamicos<\/p>\n<p><img decoding=\"async\" loading=\"lazy\" class=\"alignnone size-full wp-image-17329\" src=\"http:\/\/www.ifbaiano.edu.br\/unidades\/catu\/files\/2016\/08\/20190225_133117.jpg\" alt=\"20190225_133117\" width=\"4128\" height=\"3096\"><\/p>\n<p>Sala dos Professores &#8211; Pavilh\u00e3o 1<\/p>\n<p><img decoding=\"async\" loading=\"lazy\" class=\"alignnone size-full wp-image-17330\" src=\"http:\/\/www.ifbaiano.edu.br\/unidades\/catu\/files\/2016\/08\/20190225_133358.jpg\" alt=\"20190225_133358\" width=\"4128\" height=\"3096\"><\/p>\n<p>Sala de Atividades Docentes<\/p>\n<p><img decoding=\"async\" loading=\"lazy\" class=\"alignnone size-full wp-image-17331\" src=\"http:\/\/www.ifbaiano.edu.br\/unidades\/catu\/files\/2016\/08\/20190225_133526.jpg\" alt=\"20190225_133526\" width=\"4128\" height=\"3096\"> <img decoding=\"async\" loading=\"lazy\" class=\"alignnone size-medium wp-image-17332\" src=\"http:\/\/www.ifbaiano.edu.br\/unidades\/catu\/files\/2016\/08\/20190225_133547.jpg\" alt=\"20190225_133547\" width=\"300\" height=\"225\"> <img decoding=\"async\" loading=\"lazy\" class=\"alignnone size-medium wp-image-17333\" src=\"http:\/\/www.ifbaiano.edu.br\/unidades\/catu\/files\/2016\/08\/20190225_133558.jpg\" alt=\"20190225_133558\" width=\"300\" height=\"225\"><\/p>\n<p>Coordena\u00e7\u00e3o de Assuntos Estudantis &#8211; CAE<\/p>\n<p><img decoding=\"async\" loading=\"lazy\" class=\"alignnone size-full wp-image-17334\" src=\"http:\/\/www.ifbaiano.edu.br\/unidades\/catu\/files\/2016\/08\/20190225_133739.jpg\" alt=\"20190225_133739\" width=\"4128\" height=\"3096\"> <img decoding=\"async\" loading=\"lazy\" class=\"alignnone size-medium wp-image-17335\" src=\"http:\/\/www.ifbaiano.edu.br\/unidades\/catu\/files\/2016\/08\/20190225_133924.jpg\" alt=\"20190225_133924\" width=\"300\" height=\"225\"><\/p>\n<p>Pavilh\u00e3o de Aulas 1<\/p>\n<p><img decoding=\"async\" loading=\"lazy\" class=\"alignnone size-full wp-image-17336\" src=\"http:\/\/www.ifbaiano.edu.br\/unidades\/catu\/files\/2016\/08\/20190225_134112.jpg\" alt=\"20190225_134112\" width=\"4128\" height=\"3096\"> <img decoding=\"async\" loading=\"lazy\" class=\"alignnone size-medium wp-image-17337\" src=\"http:\/\/www.ifbaiano.edu.br\/unidades\/catu\/files\/2016\/08\/20190225_134126.jpg\" alt=\"20190225_134126\" width=\"300\" height=\"225\"><\/p>\n<p>Resid\u00eancias Estudantis<\/p>\n<p><img decoding=\"async\" loading=\"lazy\" class=\"alignnone size-full wp-image-17338\" src=\"http:\/\/www.ifbaiano.edu.br\/unidades\/catu\/files\/2016\/08\/20190225_135342.jpg\" alt=\"20190225_135342\" width=\"4128\" height=\"3096\"><\/p>\n<p>Piscina<\/p>\n<p><img decoding=\"async\" loading=\"lazy\" class=\"alignnone size-medium wp-image-17339\" src=\"http:\/\/www.ifbaiano.edu.br\/unidades\/catu\/files\/2016\/08\/20190225_135604.jpg\" alt=\"20190225_135604\" width=\"300\" height=\"225\"><\/p>\n<p>Quadra Poliesportiva<\/p>\n<p><img decoding=\"async\" loading=\"lazy\" class=\"alignnone size-full wp-image-17340\" src=\"http:\/\/www.ifbaiano.edu.br\/unidades\/catu\/files\/2016\/08\/20190225_150449.jpg\" alt=\"20190225_150449\" width=\"4128\" height=\"3096\"> <img decoding=\"async\" loading=\"lazy\" class=\"alignnone size-medium wp-image-17341\" src=\"http:\/\/www.ifbaiano.edu.br\/unidades\/catu\/files\/2016\/08\/20190225_150505.jpg\" alt=\"20190225_150505\" width=\"300\" height=\"225\"> <img decoding=\"async\" loading=\"lazy\" class=\"alignnone size-medium wp-image-17342\" src=\"http:\/\/www.ifbaiano.edu.br\/unidades\/catu\/files\/2016\/08\/20190225_150552.jpg\" alt=\"20190225_150552\" width=\"300\" height=\"225\"> <img decoding=\"async\" loading=\"lazy\" class=\"alignnone size-medium wp-image-17343\" src=\"http:\/\/www.ifbaiano.edu.br\/unidades\/catu\/files\/2016\/08\/20190225_150608.jpg\" alt=\"20190225_150608\" width=\"300\" height=\"225\"> <img decoding=\"async\" loading=\"lazy\" class=\"alignnone size-medium wp-image-17344\" src=\"http:\/\/www.ifbaiano.edu.br\/unidades\/catu\/files\/2016\/08\/20190225_150615.jpg\" alt=\"20190225_150615\" width=\"300\" height=\"225\"> <img decoding=\"async\" loading=\"lazy\" class=\"alignnone size-medium wp-image-17345\" src=\"http:\/\/www.ifbaiano.edu.br\/unidades\/catu\/files\/2016\/08\/20190225_150905.jpg\" alt=\"20190225_150905\" width=\"300\" height=\"225\"><\/p>\n<p>Laborat\u00f3rio de Agroind\u00fastria<\/p>\n<p><img decoding=\"async\" loading=\"lazy\" class=\"alignnone size-full wp-image-17346\" src=\"http:\/\/www.ifbaiano.edu.br\/unidades\/catu\/files\/2016\/08\/IMG_1091.jpg\" alt=\"IMG_1091\" width=\"4752\" height=\"3168\"><\/p>\n<p>Sala de reuni\u00f5es<\/p>\n<p><img decoding=\"async\" loading=\"lazy\" class=\"alignnone size-full wp-image-17347\" src=\"http:\/\/www.ifbaiano.edu.br\/unidades\/catu\/files\/2016\/08\/IMG_1093.jpg\" alt=\"IMG_1093\" width=\"4752\" height=\"3168\"> <img decoding=\"async\" loading=\"lazy\" class=\"alignnone size-medium wp-image-17348\" src=\"http:\/\/www.ifbaiano.edu.br\/unidades\/catu\/files\/2016\/08\/IMG_1094.jpg\" alt=\"IMG_1094\" width=\"300\" height=\"200\"> <img decoding=\"async\" loading=\"lazy\" class=\"alignnone size-medium wp-image-17349\" src=\"http:\/\/www.ifbaiano.edu.br\/unidades\/catu\/files\/2016\/08\/IMG_1095.jpg\" alt=\"IMG_1095\" width=\"300\" height=\"200\"><\/p>\n<p>Dire\u00e7\u00e3o Acad\u00eamica e Coordena\u00e7\u00e3o de Ensino<\/p>\n<p><img decoding=\"async\" loading=\"lazy\" class=\"alignnone size-full wp-image-17350\" src=\"http:\/\/www.ifbaiano.edu.br\/unidades\/catu\/files\/2016\/08\/IMG_1098.jpg\" alt=\"IMG_1098\" width=\"4752\" height=\"3168\"> <img decoding=\"async\" loading=\"lazy\" class=\"alignnone size-medium wp-image-17351\" src=\"http:\/\/www.ifbaiano.edu.br\/unidades\/catu\/files\/2016\/08\/IMG_1099.jpg\" alt=\"IMG_1099\" width=\"300\" height=\"200\"><\/p>\n<p>Coordena\u00e7\u00e3o da Especializa\u00e7\u00e3o, Coordena\u00e7\u00e3o do Mestrado e Coordena\u00e7\u00e3o de Pesquisa<\/p>\n<p><img decoding=\"async\" loading=\"lazy\" class=\"alignnone size-full wp-image-17352\" src=\"http:\/\/www.ifbaiano.edu.br\/unidades\/catu\/files\/2016\/08\/IMG_1103.jpg\" alt=\"IMG_1103\" width=\"4752\" height=\"3168\"><\/p>\n<p>N\u00facleo de Estudos Afro-Brasileiros e Ind\u00edgenas (NEABI)<\/p>\n<p><img decoding=\"async\" loading=\"lazy\" class=\"alignnone size-full wp-image-17353\" src=\"http:\/\/www.ifbaiano.edu.br\/unidades\/catu\/files\/2016\/08\/IMG_1104.jpg\" alt=\"IMG_1104\" width=\"4752\" height=\"3168\"> <img decoding=\"async\" loading=\"lazy\" class=\"alignnone size-medium wp-image-17354\" src=\"http:\/\/www.ifbaiano.edu.br\/unidades\/catu\/files\/2016\/08\/IMG_1105.jpg\" alt=\"IMG_1105\" width=\"300\" height=\"200\"><\/p>\n<p>Coordena\u00e7\u00e3o do Curso Tec. em Cozinha,&nbsp;Coordena\u00e7\u00e3o do Curso Tec. em Alimentos e&nbsp;Coordena\u00e7\u00e3o do Curso Tec. em Petr\u00f3leo e G\u00e1s<\/p>\n<p><img decoding=\"async\" loading=\"lazy\" class=\"alignnone size-full wp-image-17355\" src=\"http:\/\/www.ifbaiano.edu.br\/unidades\/catu\/files\/2016\/08\/IMG_1106.jpg\" alt=\"IMG_1106\" width=\"4752\" height=\"3168\"> <img decoding=\"async\" loading=\"lazy\" class=\"alignnone size-medium wp-image-17356\" src=\"http:\/\/www.ifbaiano.edu.br\/unidades\/catu\/files\/2016\/08\/IMG_1107.jpg\" alt=\"IMG_1107\" width=\"300\" height=\"200\"><\/p>\n<p>N\u00facleo de Apoio ao Portador de Necessidades Especiais (NAPNE)<\/p>\n<p><img decoding=\"async\" loading=\"lazy\" class=\"alignnone size-full wp-image-17357\" src=\"http:\/\/www.ifbaiano.edu.br\/unidades\/catu\/files\/2016\/08\/IMG_1109.jpg\" alt=\"IMG_1109\" width=\"4752\" height=\"3168\"><\/p>\n<p>N\u00facleo de Rela\u00e7\u00f5es Institucionais<\/p>\n<p><img decoding=\"async\" loading=\"lazy\" class=\"alignnone size-full wp-image-17358\" src=\"http:\/\/www.ifbaiano.edu.br\/unidades\/catu\/files\/2016\/08\/IMG_1112.jpg\" alt=\"IMG_1112\" width=\"4752\" height=\"3168\"> <img decoding=\"async\" loading=\"lazy\" class=\"alignnone size-medium wp-image-17359\" src=\"http:\/\/www.ifbaiano.edu.br\/unidades\/catu\/files\/2016\/08\/IMG_1113.jpg\" alt=\"IMG_1113\" width=\"300\" height=\"200\"><\/p>\n<p>Sala de Atendimento ao Estudante<\/p>\n<p><img decoding=\"async\" loading=\"lazy\" class=\"alignnone size-full wp-image-17360\" src=\"http:\/\/www.ifbaiano.edu.br\/unidades\/catu\/files\/2016\/08\/IMG_1116.jpg\" alt=\"IMG_1116\" width=\"4752\" height=\"3168\"> <img decoding=\"async\" loading=\"lazy\" class=\"alignnone size-medium wp-image-17361\" src=\"http:\/\/www.ifbaiano.edu.br\/unidades\/catu\/files\/2016\/08\/IMG_1117.jpg\" alt=\"IMG_1117\" width=\"300\" height=\"200\"> <img decoding=\"async\" loading=\"lazy\" class=\"alignnone size-medium wp-image-17362\" src=\"http:\/\/www.ifbaiano.edu.br\/unidades\/catu\/files\/2016\/08\/IMG_1119.jpg\" alt=\"IMG_1119\" width=\"300\" height=\"200\"><\/p>\n<p>N\u00facleo de Apoio ao Processo de Ensino-Aprendizagem, Perman\u00eancia e \u00caxito (<em>NUAPE<\/em>)<\/p>\n<p><img decoding=\"async\" loading=\"lazy\" class=\"alignnone size-full wp-image-17363\" src=\"http:\/\/www.ifbaiano.edu.br\/unidades\/catu\/files\/2016\/08\/IMG_1127.jpg\" alt=\"IMG_1127\" width=\"4752\" height=\"3168\"> <img decoding=\"async\" loading=\"lazy\" class=\"alignnone size-medium wp-image-17364\" src=\"http:\/\/www.ifbaiano.edu.br\/unidades\/catu\/files\/2016\/08\/IMG_1128.jpg\" alt=\"IMG_1128\" width=\"300\" height=\"200\"><\/p>\n<p>Cantina Pavilh\u00e3o 2<\/p>\n<p><img decoding=\"async\" loading=\"lazy\" class=\"alignnone size-full wp-image-17365\" src=\"http:\/\/www.ifbaiano.edu.br\/unidades\/catu\/files\/2016\/08\/IMG_1131.jpg\" alt=\"IMG_1131\" width=\"4752\" height=\"3168\"> <img decoding=\"async\" loading=\"lazy\" class=\"alignnone size-medium wp-image-17366\" src=\"http:\/\/www.ifbaiano.edu.br\/unidades\/catu\/files\/2016\/08\/IMG_1132.jpg\" alt=\"IMG_1132\" width=\"300\" height=\"200\"><\/p>\n<p>Centro de Atendimento Psicol\u00f3gico<\/p>\n<p><img decoding=\"async\" loading=\"lazy\" class=\"alignnone size-full wp-image-17367\" src=\"http:\/\/www.ifbaiano.edu.br\/unidades\/catu\/files\/2016\/08\/IMG_1134.jpg\" alt=\"IMG_1134\" width=\"4752\" height=\"3168\"><\/p>\n<p>Servi\u00e7o Social<\/p>\n<p><img decoding=\"async\" loading=\"lazy\" class=\"alignnone size-medium wp-image-17368\" src=\"http:\/\/www.ifbaiano.edu.br\/unidades\/catu\/files\/2016\/08\/IMG_1136.jpg\" alt=\"IMG_1136\" width=\"300\" height=\"200\"> <img decoding=\"async\" loading=\"lazy\" class=\"alignnone size-medium wp-image-17369\" src=\"http:\/\/www.ifbaiano.edu.br\/unidades\/catu\/files\/2016\/08\/IMG_1137.jpg\" alt=\"IMG_1137\" width=\"300\" height=\"200\"><\/p>\n<p>Enfermagem<\/p>\n<p><img decoding=\"async\" loading=\"lazy\" class=\"alignnone size-medium wp-image-17370\" src=\"http:\/\/www.ifbaiano.edu.br\/unidades\/catu\/files\/2016\/08\/IMG_1139.jpg\" alt=\"IMG_1139\" width=\"300\" height=\"200\"> <img decoding=\"async\" loading=\"lazy\" class=\"alignnone size-medium wp-image-17371\" src=\"http:\/\/www.ifbaiano.edu.br\/unidades\/catu\/files\/2016\/08\/IMG_1140.jpg\" alt=\"IMG_1140\" width=\"300\" height=\"200\"><\/p>\n<p>Atendimento Odontol\u00f3gico<\/p>\n<p><img decoding=\"async\" loading=\"lazy\" class=\"alignnone size-medium wp-image-17372\" src=\"http:\/\/www.ifbaiano.edu.br\/unidades\/catu\/files\/2016\/08\/IMG_1143.jpg\" alt=\"IMG_1143\" width=\"300\" height=\"200\"> <img decoding=\"async\" loading=\"lazy\" class=\"alignnone size-medium wp-image-17373\" src=\"http:\/\/www.ifbaiano.edu.br\/unidades\/catu\/files\/2016\/08\/IMG_1144.jpg\" alt=\"IMG_1144\" width=\"300\" height=\"200\"> <img decoding=\"async\" loading=\"lazy\" class=\"alignnone size-full wp-image-17374\" src=\"http:\/\/www.ifbaiano.edu.br\/unidades\/catu\/files\/2016\/08\/IMG_1145.jpg\" alt=\"IMG_1145\" width=\"4752\" height=\"3168\"><\/p>\n<p>Restaurante Did\u00e1tico<\/p>\n<p><img decoding=\"async\" loading=\"lazy\" class=\"aligncenter size-full wp-image-17375\" src=\"http:\/\/www.ifbaiano.edu.br\/unidades\/catu\/files\/2016\/08\/IMG_1148.jpg\" alt=\"IMG_1148\" width=\"4752\" height=\"3168\"> <img decoding=\"async\" loading=\"lazy\" class=\"aligncenter size-medium wp-image-17376\" src=\"http:\/\/www.ifbaiano.edu.br\/unidades\/catu\/files\/2016\/08\/IMG_1149.jpg\" alt=\"IMG_1149\" width=\"300\" height=\"200\"> <img decoding=\"async\" loading=\"lazy\" class=\"aligncenter size-medium wp-image-17377\" src=\"http:\/\/www.ifbaiano.edu.br\/unidades\/catu\/files\/2016\/08\/IMG_1150.jpg\" alt=\"IMG_1150\" width=\"300\" height=\"200\"> <img decoding=\"async\" loading=\"lazy\" class=\"aligncenter size-medium wp-image-17378\" src=\"http:\/\/www.ifbaiano.edu.br\/unidades\/catu\/files\/2016\/08\/IMG_1151.jpg\" alt=\"IMG_1151\" width=\"300\" height=\"200\"> <img decoding=\"async\" loading=\"lazy\" class=\"aligncenter size-medium wp-image-17379\" src=\"http:\/\/www.ifbaiano.edu.br\/unidades\/catu\/files\/2016\/08\/IMG_1152.jpg\" alt=\"IMG_1152\" width=\"300\" height=\"200\"> <img decoding=\"async\" loading=\"lazy\" class=\"aligncenter size-medium wp-image-17380\" src=\"http:\/\/www.ifbaiano.edu.br\/unidades\/catu\/files\/2016\/08\/IMG_1153.jpg\" alt=\"IMG_1153\" width=\"300\" height=\"200\"> <img decoding=\"async\" loading=\"lazy\" class=\"aligncenter size-medium wp-image-17381\" src=\"http:\/\/www.ifbaiano.edu.br\/unidades\/catu\/files\/2016\/08\/IMG_1154.jpg\" alt=\"IMG_1154\" width=\"300\" height=\"200\"> <img decoding=\"async\" loading=\"lazy\" class=\"aligncenter size-medium wp-image-17382\" src=\"http:\/\/www.ifbaiano.edu.br\/unidades\/catu\/files\/2016\/08\/IMG_1155.jpg\" alt=\"IMG_1155\" width=\"300\" height=\"200\"> <img decoding=\"async\" loading=\"lazy\" class=\"aligncenter size-medium wp-image-17383\" src=\"http:\/\/www.ifbaiano.edu.br\/unidades\/catu\/files\/2016\/08\/IMG_1156.jpg\" alt=\"IMG_1156\" width=\"300\" height=\"200\"> <img decoding=\"async\" loading=\"lazy\" class=\"aligncenter size-medium wp-image-17384\" src=\"http:\/\/www.ifbaiano.edu.br\/unidades\/catu\/files\/2016\/08\/IMG_1157.jpg\" alt=\"IMG_1157\" width=\"300\" height=\"200\"> <img decoding=\"async\" loading=\"lazy\" class=\"aligncenter size-medium wp-image-17385\" src=\"http:\/\/www.ifbaiano.edu.br\/unidades\/catu\/files\/2016\/08\/IMG_1159.jpg\" alt=\"IMG_1159\" width=\"300\" height=\"200\"> <img decoding=\"async\" loading=\"lazy\" class=\"aligncenter size-medium wp-image-17386\" src=\"http:\/\/www.ifbaiano.edu.br\/unidades\/catu\/files\/2016\/08\/IMG_1162.jpg\" alt=\"IMG_1162\" width=\"300\" height=\"200\"> <img decoding=\"async\" loading=\"lazy\" class=\"aligncenter size-medium wp-image-17387\" src=\"http:\/\/www.ifbaiano.edu.br\/unidades\/catu\/files\/2016\/08\/IMG_1163.jpg\" alt=\"IMG_1163\" width=\"300\" height=\"200\"><\/p>\n<p>Laborat\u00f3rios de Cozinha<\/p>\n<p><img decoding=\"async\" loading=\"lazy\" class=\"aligncenter size-full wp-image-17388\" src=\"http:\/\/www.ifbaiano.edu.br\/unidades\/catu\/files\/2016\/08\/IMG_1169.jpg\" alt=\"IMG_1169\" width=\"4752\" height=\"3168\"> <img decoding=\"async\" loading=\"lazy\" class=\"aligncenter size-medium wp-image-17389\" src=\"http:\/\/www.ifbaiano.edu.br\/unidades\/catu\/files\/2016\/08\/IMG_1170.jpg\" alt=\"IMG_1170\" width=\"300\" height=\"200\"><\/p>\n<p>Salas de Aula<\/p>\n<p><img decoding=\"async\" loading=\"lazy\" class=\"aligncenter size-full wp-image-17390\" src=\"http:\/\/www.ifbaiano.edu.br\/unidades\/catu\/files\/2016\/08\/IMG_1171.jpg\" alt=\"IMG_1171\" width=\"4752\" height=\"3168\"> <img decoding=\"async\" loading=\"lazy\" class=\"aligncenter size-medium wp-image-17391\" src=\"http:\/\/www.ifbaiano.edu.br\/unidades\/catu\/files\/2016\/08\/IMG_1172.jpg\" alt=\"IMG_1172\" width=\"300\" height=\"200\"> <img decoding=\"async\" loading=\"lazy\" class=\"aligncenter size-medium wp-image-17392\" src=\"http:\/\/www.ifbaiano.edu.br\/unidades\/catu\/files\/2016\/08\/IMG_1173.jpg\" alt=\"IMG_1173\" width=\"300\" height=\"200\"> <img decoding=\"async\" loading=\"lazy\" class=\"aligncenter size-medium wp-image-17393\" src=\"http:\/\/www.ifbaiano.edu.br\/unidades\/catu\/files\/2016\/08\/IMG_1176.jpg\" alt=\"IMG_1176\" width=\"300\" height=\"200\"> <img decoding=\"async\" loading=\"lazy\" class=\"aligncenter size-medium wp-image-17394\" src=\"http:\/\/www.ifbaiano.edu.br\/unidades\/catu\/files\/2016\/08\/IMG_1177.jpg\" alt=\"IMG_1177\" width=\"300\" height=\"200\"> <img decoding=\"async\" loading=\"lazy\" class=\"aligncenter size-medium wp-image-17395\" src=\"http:\/\/www.ifbaiano.edu.br\/unidades\/catu\/files\/2016\/08\/IMG_1178.jpg\" alt=\"IMG_1178\" width=\"300\" height=\"200\"> <img decoding=\"async\" loading=\"lazy\" class=\"aligncenter size-medium wp-image-17396\" src=\"http:\/\/www.ifbaiano.edu.br\/unidades\/catu\/files\/2016\/08\/IMG_1179.jpg\" alt=\"IMG_1179\" width=\"300\" height=\"200\"><\/p>\n<p>Laborat\u00f3rios de Inform\u00e1tica e Laborat\u00f3rio de Rob\u00f3tica<\/p>\n<p><img decoding=\"async\" loading=\"lazy\" class=\"aligncenter size-full wp-image-17397\" src=\"http:\/\/www.ifbaiano.edu.br\/unidades\/catu\/files\/2016\/08\/IMG_1180.jpg\" alt=\"IMG_1180\" width=\"4752\" height=\"3168\"> <img decoding=\"async\" loading=\"lazy\" class=\"aligncenter size-medium wp-image-17398\" src=\"http:\/\/www.ifbaiano.edu.br\/unidades\/catu\/files\/2016\/08\/IMG_1181.jpg\" alt=\"IMG_1181\" width=\"300\" height=\"200\"> <img decoding=\"async\" loading=\"lazy\" class=\"aligncenter size-medium wp-image-17399\" src=\"http:\/\/www.ifbaiano.edu.br\/unidades\/catu\/files\/2016\/08\/IMG_1182.jpg\" alt=\"IMG_1182\" width=\"300\" height=\"200\"> <img decoding=\"async\" loading=\"lazy\" class=\"aligncenter size-medium wp-image-17400\" src=\"http:\/\/www.ifbaiano.edu.br\/unidades\/catu\/files\/2016\/08\/IMG_1183.jpg\" alt=\"IMG_1183\" width=\"300\" height=\"200\"> <img decoding=\"async\" loading=\"lazy\" class=\"aligncenter size-medium wp-image-17401\" src=\"http:\/\/www.ifbaiano.edu.br\/unidades\/catu\/files\/2016\/08\/IMG_1184.jpg\" alt=\"IMG_1184\" width=\"300\" height=\"200\"> <img decoding=\"async\" loading=\"lazy\" class=\"aligncenter size-medium wp-image-17402\" src=\"http:\/\/www.ifbaiano.edu.br\/unidades\/catu\/files\/2016\/08\/IMG_1185.jpg\" alt=\"IMG_1185\" width=\"300\" height=\"200\"><\/p>\n<p>Laborat\u00f3rios de Qu\u00edmica<\/p>\n<p><img decoding=\"async\" loading=\"lazy\" class=\"aligncenter size-full wp-image-17403\" src=\"http:\/\/www.ifbaiano.edu.br\/unidades\/catu\/files\/2016\/08\/IMG_1187.jpg\" alt=\"IMG_1187\" width=\"4752\" height=\"3168\"> <img decoding=\"async\" loading=\"lazy\" class=\"aligncenter size-medium wp-image-17404\" src=\"http:\/\/www.ifbaiano.edu.br\/unidades\/catu\/files\/2016\/08\/IMG_1188.jpg\" alt=\"IMG_1188\" width=\"300\" height=\"200\"> <img decoding=\"async\" loading=\"lazy\" class=\"aligncenter size-medium wp-image-17405\" src=\"http:\/\/www.ifbaiano.edu.br\/unidades\/catu\/files\/2016\/08\/IMG_1189.jpg\" alt=\"IMG_1189\" width=\"300\" height=\"200\"> <img decoding=\"async\" loading=\"lazy\" class=\"aligncenter size-medium wp-image-17406\" src=\"http:\/\/www.ifbaiano.edu.br\/unidades\/catu\/files\/2016\/08\/IMG_1190.jpg\" alt=\"IMG_1190\" width=\"300\" height=\"200\"> <img decoding=\"async\" loading=\"lazy\" class=\"aligncenter size-medium wp-image-17407\" src=\"http:\/\/www.ifbaiano.edu.br\/unidades\/catu\/files\/2016\/08\/IMG_1191.jpg\" alt=\"IMG_1191\" width=\"300\" height=\"200\"> <img decoding=\"async\" loading=\"lazy\" class=\"aligncenter size-medium wp-image-17408\" src=\"http:\/\/www.ifbaiano.edu.br\/unidades\/catu\/files\/2016\/08\/IMG_1193.jpg\" alt=\"IMG_1193\" width=\"300\" height=\"200\"> <img decoding=\"async\" loading=\"lazy\" class=\"aligncenter size-medium wp-image-17409\" src=\"http:\/\/www.ifbaiano.edu.br\/unidades\/catu\/files\/2016\/08\/IMG_1194.jpg\" alt=\"IMG_1194\" width=\"300\" height=\"200\"> <img decoding=\"async\" loading=\"lazy\" class=\"aligncenter size-medium wp-image-17410\" src=\"http:\/\/www.ifbaiano.edu.br\/unidades\/catu\/files\/2016\/08\/IMG_1195.jpg\" alt=\"IMG_1195\" width=\"300\" height=\"200\"> <img decoding=\"async\" loading=\"lazy\" class=\"aligncenter size-medium wp-image-17411\" src=\"http:\/\/www.ifbaiano.edu.br\/unidades\/catu\/files\/2016\/08\/IMG_1196.jpg\" alt=\"IMG_1196\" width=\"300\" height=\"200\"> <img decoding=\"async\" loading=\"lazy\" class=\"aligncenter size-medium wp-image-17412\" src=\"http:\/\/www.ifbaiano.edu.br\/unidades\/catu\/files\/2016\/08\/IMG_1197.jpg\" alt=\"IMG_1197\" width=\"300\" height=\"200\"> <img decoding=\"async\" loading=\"lazy\" class=\"aligncenter size-medium wp-image-17413\" src=\"http:\/\/www.ifbaiano.edu.br\/unidades\/catu\/files\/2016\/08\/IMG_1198.jpg\" alt=\"IMG_1198\" width=\"300\" height=\"200\"> <img decoding=\"async\" loading=\"lazy\" class=\"aligncenter size-medium wp-image-17414\" src=\"http:\/\/www.ifbaiano.edu.br\/unidades\/catu\/files\/2016\/08\/IMG_1199.jpg\" alt=\"IMG_1199\" width=\"300\" height=\"200\"> <img decoding=\"async\" loading=\"lazy\" class=\"aligncenter size-medium wp-image-17415\" src=\"http:\/\/www.ifbaiano.edu.br\/unidades\/catu\/files\/2016\/08\/IMG_1200.jpg\" alt=\"IMG_1200\" width=\"300\" height=\"200\"> <img decoding=\"async\" loading=\"lazy\" class=\"aligncenter size-medium wp-image-17416\" src=\"http:\/\/www.ifbaiano.edu.br\/unidades\/catu\/files\/2016\/08\/IMG_1201.jpg\" alt=\"IMG_1201\" width=\"300\" height=\"200\"> <img decoding=\"async\" loading=\"lazy\" class=\"aligncenter size-medium wp-image-17417\" src=\"http:\/\/www.ifbaiano.edu.br\/unidades\/catu\/files\/2016\/08\/IMG_1202.jpg\" alt=\"IMG_1202\" width=\"300\" height=\"200\"><\/p>\n<p>Biblioteca<\/p>\n<p><img decoding=\"async\" loading=\"lazy\" class=\"aligncenter size-full wp-image-17418\" src=\"http:\/\/www.ifbaiano.edu.br\/unidades\/catu\/files\/2016\/08\/IMG_1203.jpg\" alt=\"IMG_1203\" width=\"4752\" height=\"3168\"> <img decoding=\"async\" loading=\"lazy\" class=\"aligncenter size-medium wp-image-17419\" src=\"http:\/\/www.ifbaiano.edu.br\/unidades\/catu\/files\/2016\/08\/IMG_1204.jpg\" alt=\"IMG_1204\" width=\"300\" height=\"200\"> <img decoding=\"async\" loading=\"lazy\" class=\"aligncenter size-medium wp-image-17420\" src=\"http:\/\/www.ifbaiano.edu.br\/unidades\/catu\/files\/2016\/08\/IMG_1205.jpg\" alt=\"IMG_1205\" width=\"300\" height=\"200\"><\/p>\n<p>Sala dos professores &#8211; Pavilh\u00e3o 2<\/p>\n<p><img decoding=\"async\" loading=\"lazy\" class=\"aligncenter size-full wp-image-17421\" src=\"http:\/\/www.ifbaiano.edu.br\/unidades\/catu\/files\/2016\/08\/IMG_1206.jpg\" alt=\"IMG_1206\" width=\"4752\" height=\"3168\"> <img decoding=\"async\" loading=\"lazy\" class=\"aligncenter size-medium wp-image-17422\" src=\"http:\/\/www.ifbaiano.edu.br\/unidades\/catu\/files\/2016\/08\/IMG_1207.jpg\" alt=\"IMG_1207\" width=\"300\" height=\"200\"><\/p>\n<p>Audit\u00f3rio &#8211; Pavilh\u00e3o 2<\/p>\n","protected":false},"excerpt":{"rendered":"<p>Reprografia Refeit\u00f3rio Secretaria de Registros Acad\u00eamicos Sala dos Professores &#8211; Pavilh\u00e3o 1 Sala de Atividades Docentes Coordena\u00e7\u00e3o de Assuntos Estudantis &#8211; CAE Pavilh\u00e3o de Aulas 1 Resid\u00eancias Estudantis Piscina Quadra Poliesportiva Laborat\u00f3rio de Agroind\u00fastria Sala de reuni\u00f5es Dire\u00e7\u00e3o Acad\u00eamica e Coordena\u00e7\u00e3o de Ensino Coordena\u00e7\u00e3o da Especializa\u00e7\u00e3o, Coordena\u00e7\u00e3o do Mestrado e Coordena\u00e7\u00e3o de Pesquisa N\u00facleo de [&hellip;]<\/p>\n","protected":false},"author":27,"featured_media":0,"parent":0,"menu_order":0,"comment_status":"open","ping_status":"open","template":"","meta":[],"_links":{"self":[{"href":"https:\/\/www.ifbaiano.edu.br\/unidades\/catu\/wp-json\/wp\/v2\/pages\/14231"}],"collection":[{"href":"https:\/\/www.ifbaiano.edu.br\/unidades\/catu\/wp-json\/wp\/v2\/pages"}],"about":[{"href":"https:\/\/www.ifbaiano.edu.br\/unidades\/catu\/wp-json\/wp\/v2\/types\/page"}],"author":[{"embeddable":true,"href":"https:\/\/www.ifbaiano.edu.br\/unidades\/catu\/wp-json\/wp\/v2\/users\/27"}],"replies":[{"embeddable":true,"href":"https:\/\/www.ifbaiano.edu.br\/unidades\/catu\/wp-json\/wp\/v2\/comments?post=14231"}],"version-history":[{"count":3,"href":"https:\/\/www.ifbaiano.edu.br\/unidades\/catu\/wp-json\/wp\/v2\/pages\/14231\/revisions"}],"predecessor-version":[{"id":21089,"href":"https:\/\/www.ifbaiano.edu.br\/unidades\/catu\/wp-json\/wp\/v2\/pages\/14231\/revisions\/21089"}],"wp:attachment":[{"href":"https:\/\/www.ifbaiano.edu.br\/unidades\/catu\/wp-json\/wp\/v2\/media?parent=14231"}],"curies":[{"name":"wp","href":"https:\/\/api.w.org\/{rel}","templated":true}]}}