{"id":15351,"date":"2017-03-28T23:47:27","date_gmt":"2017-03-28T23:47:27","guid":{"rendered":"http:\/\/www.ifbaiano.edu.br\/unidades\/catu\/?page_id=15351"},"modified":"2017-03-29T01:18:23","modified_gmt":"2017-03-29T01:18:23","slug":"modelos-documentos-licitacoes","status":"publish","type":"page","link":"https:\/\/www.ifbaiano.edu.br\/unidades\/catu\/modelos-documentos-licitacoes\/","title":{"rendered":"Modelos de Documentos"},"content":{"rendered":"<p>Visando facilitar os processos de aquisi\u00e7\u00e3o de materiais e contrata\u00e7\u00e3o de obras e servi\u00e7os, o N\u00facleo de Compras disponibiliza os principais modelos de documentos:<\/p>\n<p><strong><a href=\"http:\/\/www.ifbaiano.edu.br\/unidades\/catu\/files\/2017\/03\/pedido_cotacao_fornecedor.odt\">Pedido de Cota\u00e7\u00e3o (Fornecedor)<\/a><\/strong><\/p>\n<p><strong><a href=\"http:\/\/www.ifbaiano.edu.br\/unidades\/catu\/files\/2017\/03\/memorando_solicitacao_compra.odt\">Memorando Solicita\u00e7\u00e3o de Compra<\/a><\/strong><\/p>\n<p><strong><a href=\"http:\/\/www.ifbaiano.edu.br\/unidades\/catu\/files\/2017\/03\/projeto_basico_inexigibilidade.odt\">Projeto B\u00e1sico Inexigibilidade<\/a><\/strong><\/p>\n<p><strong><a href=\"http:\/\/www.ifbaiano.edu.br\/unidades\/catu\/files\/2017\/03\/projeto_basico_inexigibilidade_inscricao_servidor_curso.odt\">Projeto B\u00e1sico Inexigibilidade (inscri\u00e7\u00e3o de servidor em curso de capacita\u00e7\u00e3o)<\/a><\/strong><\/p>\n<p><strong><a href=\"http:\/\/www.ifbaiano.edu.br\/unidades\/catu\/files\/2017\/03\/Projeto_basico_dispensa.odt\">Projeto B\u00e1sico Dispensa<\/a><\/strong><\/p>\n<p><strong><a href=\"http:\/\/www.ifbaiano.edu.br\/unidades\/catu\/files\/2017\/03\/termo_referencia_licitacao.odt\">Termo de Refer\u00eancia de Licita\u00e7\u00e3o<\/a><\/strong><\/p>\n<p><strong><a href=\"http:\/\/www.ifbaiano.edu.br\/unidades\/catu\/files\/2017\/03\/TERMO-DE-ABERTURA-E-ENCERRAMENTO-DE-VOLUME-PADR\u00c3O.odt\">Termo de Abertura e Encerramento de Volume<\/a><\/strong><\/p>\n","protected":false},"excerpt":{"rendered":"<p>Visando facilitar os processos de aquisi\u00e7\u00e3o de materiais e contrata\u00e7\u00e3o de obras e servi\u00e7os, o N\u00facleo de Compras disponibiliza os principais modelos de documentos: Pedido de Cota\u00e7\u00e3o (Fornecedor) Memorando Solicita\u00e7\u00e3o de Compra Projeto B\u00e1sico Inexigibilidade Projeto B\u00e1sico Inexigibilidade (inscri\u00e7\u00e3o de servidor em curso de capacita\u00e7\u00e3o) Projeto B\u00e1sico Dispensa Termo de Refer\u00eancia de Licita\u00e7\u00e3o Termo de [&hellip;]<\/p>\n","protected":false},"author":20,"featured_media":0,"parent":0,"menu_order":0,"comment_status":"closed","ping_status":"closed","template":"","meta":[],"_links":{"self":[{"href":"https:\/\/www.ifbaiano.edu.br\/unidades\/catu\/wp-json\/wp\/v2\/pages\/15351"}],"collection":[{"href":"https:\/\/www.ifbaiano.edu.br\/unidades\/catu\/wp-json\/wp\/v2\/pages"}],"about":[{"href":"https:\/\/www.ifbaiano.edu.br\/unidades\/catu\/wp-json\/wp\/v2\/types\/page"}],"author":[{"embeddable":true,"href":"https:\/\/www.ifbaiano.edu.br\/unidades\/catu\/wp-json\/wp\/v2\/users\/20"}],"replies":[{"embeddable":true,"href":"https:\/\/www.ifbaiano.edu.br\/unidades\/catu\/wp-json\/wp\/v2\/comments?post=15351"}],"version-history":[{"count":13,"href":"https:\/\/www.ifbaiano.edu.br\/unidades\/catu\/wp-json\/wp\/v2\/pages\/15351\/revisions"}],"predecessor-version":[{"id":15389,"href":"https:\/\/www.ifbaiano.edu.br\/unidades\/catu\/wp-json\/wp\/v2\/pages\/15351\/revisions\/15389"}],"wp:attachment":[{"href":"https:\/\/www.ifbaiano.edu.br\/unidades\/catu\/wp-json\/wp\/v2\/media?parent=15351"}],"curies":[{"name":"wp","href":"https:\/\/api.w.org\/{rel}","templated":true}]}}