{"id":15786,"date":"2017-07-06T21:52:11","date_gmt":"2017-07-06T21:52:11","guid":{"rendered":"http:\/\/www.ifbaiano.edu.br\/unidades\/catu\/?page_id=15786"},"modified":"2017-08-04T00:35:44","modified_gmt":"2017-08-04T00:35:44","slug":"pibid","status":"publish","type":"page","link":"https:\/\/www.ifbaiano.edu.br\/unidades\/catu\/pibid\/","title":{"rendered":"Programa Institucional de Bolsas de Inicia\u00e7\u00e3o \u00e0 Doc\u00eancia (Pibid)"},"content":{"rendered":"<p><a href=\"http:\/\/www.ifbaiano.edu.br\/unidades\/catu\/files\/2017\/07\/logo3.png\"><img decoding=\"async\" loading=\"lazy\" class=\"alignleft size-full wp-image-15787\" src=\"http:\/\/www.ifbaiano.edu.br\/unidades\/catu\/files\/2017\/07\/logo3.png\" alt=\"logo3\" width=\"499\" height=\"360\" \/><\/a><\/p>\n<p>&nbsp;<\/p>\n<p>&nbsp;<\/p>\n<p>&nbsp;<\/p>\n<p>&nbsp;<\/p>\n<p>&nbsp;<\/p>\n<p>&nbsp;<\/p>\n<p>&nbsp;<\/p>\n<p>&nbsp;<\/p>\n<p>&nbsp;<\/p>\n<p>&nbsp;<\/p>\n<p>&nbsp;<\/p>\n<p>&nbsp;<\/p>\n<p>&nbsp;<\/p>\n<ul>\n<li>Inscri\u00e7\u00f5es abertas at\u00e9 02 de agosto, pelo endere\u00e7o:\u00a0<a href=\"https:\/\/opinanovo.ifbaiano.edu.br\/index.php\/914468?lang=pt-BR\">https:\/\/opinanovo.ifbaiano.edu.br\/index.php\/914468?lang=pt-BR<\/a><\/li>\n<\/ul>\n<p>&nbsp;<\/p>\n<ul>\n<li>Temas do evento: O Programa de Inicia\u00e7\u00e3o \u00e0 Doc\u00eancia, Forma\u00e7\u00e3o docente, a Educa\u00e7\u00e3o Cient\u00edfica na forma\u00e7\u00e3o docente.<\/li>\n<\/ul>\n<p>&nbsp;<\/p>\n<ul>\n<li>Normas para submiss\u00e3o\/apresenta\u00e7\u00e3o de trabalhos:\u00a0<a href=\"http:\/\/www.ifbaiano.edu.br\/unidades\/catu\/files\/2017\/07\/Normas-para-apresentacao-dos-trabalhos-160813.pdf\">Normas para apresentacao dos trabalhos- 160813<\/a>.<\/li>\n<\/ul>\n<p>&nbsp;<\/p>\n<ul>\n<li>Modelo do Resumo Expandido:<a href=\"https:\/\/drive.google.com\/open?id=1cwppKRCM2b7TvpmuYUYw7q4uKZB_Mv41nMPXCdepmpw\" target=\"_blank\">\u00a0clique aqui<\/a><\/li>\n<\/ul>\n<p>&nbsp;<\/p>\n<ul>\n<li>Modelo do P\u00f4ster:\u00a0<a href=\"https:\/\/drive.google.com\/open?id=1YI8tQOlkIWZpp_Frmefq0oMCVbewrQiOlxrU7a9bW9Y\" target=\"_blank\">clique aqui<\/a><\/li>\n<\/ul>\n<p>&nbsp;<\/p>\n<ul>\n<li>Modelo da Comunica\u00e7\u00e3o Oral:\u00a0<a href=\"https:\/\/drive.google.com\/open?id=1NTpsx4mb8V9lAvROkWp7pMhwK4jFZKTU8gBoGQ0p2yI\" target=\"_blank\">clique aqui<\/a><\/li>\n<\/ul>\n<p>&nbsp;<\/p>\n<ul>\n<li>Programa\u00e7\u00e3o do evento: <a href=\"http:\/\/www.ifbaiano.edu.br\/unidades\/catu\/files\/2017\/07\/programa\u00e7\u00e3o_PIBID.pdf\" target=\"_blank\">clique aqui<\/a><\/li>\n<\/ul>\n<p>&nbsp;<\/p>\n<ul>\n<li>Trabalhos Aprovados: <a href=\"http:\/\/www.ifbaiano.edu.br\/unidades\/catu\/files\/2017\/07\/TRABALHO_-APROVADOS_PIBID.pdf\" target=\"_blank\">clique aqui<\/a><\/li>\n<\/ul>\n<p>&nbsp;<\/p>\n<p>&nbsp;<\/p>\n<h2 style=\"text-align: center\"><strong><span style=\"color: #333399\">Contato da Comiss\u00e3o Organizadora: pibidcatu@gmail.com<\/span><\/strong><\/h2>\n","protected":false},"excerpt":{"rendered":"<p>&nbsp; &nbsp; &nbsp; &nbsp; &nbsp; &nbsp; &nbsp; &nbsp; &nbsp; &nbsp; &nbsp; &nbsp; &nbsp; Inscri\u00e7\u00f5es abertas at\u00e9 02 de agosto, pelo endere\u00e7o:\u00a0https:\/\/opinanovo.ifbaiano.edu.br\/index.php\/914468?lang=pt-BR &nbsp; Temas do evento: O Programa de Inicia\u00e7\u00e3o \u00e0 Doc\u00eancia, Forma\u00e7\u00e3o docente, a Educa\u00e7\u00e3o Cient\u00edfica na forma\u00e7\u00e3o docente. &nbsp; Normas para submiss\u00e3o\/apresenta\u00e7\u00e3o de trabalhos:\u00a0Normas para apresentacao dos trabalhos- 160813. &nbsp; Modelo do Resumo Expandido:\u00a0clique [&hellip;]<\/p>\n","protected":false},"author":20,"featured_media":0,"parent":0,"menu_order":0,"comment_status":"closed","ping_status":"closed","template":"","meta":[],"_links":{"self":[{"href":"https:\/\/www.ifbaiano.edu.br\/unidades\/catu\/wp-json\/wp\/v2\/pages\/15786"}],"collection":[{"href":"https:\/\/www.ifbaiano.edu.br\/unidades\/catu\/wp-json\/wp\/v2\/pages"}],"about":[{"href":"https:\/\/www.ifbaiano.edu.br\/unidades\/catu\/wp-json\/wp\/v2\/types\/page"}],"author":[{"embeddable":true,"href":"https:\/\/www.ifbaiano.edu.br\/unidades\/catu\/wp-json\/wp\/v2\/users\/20"}],"replies":[{"embeddable":true,"href":"https:\/\/www.ifbaiano.edu.br\/unidades\/catu\/wp-json\/wp\/v2\/comments?post=15786"}],"version-history":[{"count":24,"href":"https:\/\/www.ifbaiano.edu.br\/unidades\/catu\/wp-json\/wp\/v2\/pages\/15786\/revisions"}],"predecessor-version":[{"id":15914,"href":"https:\/\/www.ifbaiano.edu.br\/unidades\/catu\/wp-json\/wp\/v2\/pages\/15786\/revisions\/15914"}],"wp:attachment":[{"href":"https:\/\/www.ifbaiano.edu.br\/unidades\/catu\/wp-json\/wp\/v2\/media?parent=15786"}],"curies":[{"name":"wp","href":"https:\/\/api.w.org\/{rel}","templated":true}]}}