{"id":16497,"date":"2018-06-18T20:32:12","date_gmt":"2018-06-18T20:32:12","guid":{"rendered":"http:\/\/www.ifbaiano.edu.br\/unidades\/catu\/?page_id=16497"},"modified":"2019-03-25T16:22:09","modified_gmt":"2019-03-25T16:22:09","slug":"nucleo-de-execucao-orcamentaria-e-financeira-neof","status":"publish","type":"page","link":"https:\/\/www.ifbaiano.edu.br\/unidades\/catu\/nucleo-de-execucao-orcamentaria-e-financeira-neof\/","title":{"rendered":"N\u00facleo de Execu\u00e7\u00e3o Or\u00e7ament\u00e1ria e Financeira (NEOF)"},"content":{"rendered":"<p><strong>Chefe do setor:\u00a0<\/strong>\u00a0Ivone Costa \u2013 ivone.costa@ifbaiano.edu.br<br \/>\n<strong>Substituto:\u00a0<\/strong>\u00a0\u2013 Jacson Pereira de Jesus\u00a0&#8211;\u00a0jacson.pereira@ifbaiano.edu.br<\/p>\n<p><strong>Email:\u00a0neof<\/strong><a href=\"mailto:financeiro@urucuca.ifbaiano.edu.br\">@catu.ifbaiano.edu.br<br \/>\n<\/a><strong>Tel<\/strong>: (71)\u00a03641-7913<\/p>\n<p>&nbsp;<\/p>\n<p>&nbsp;<\/p>\n","protected":false},"excerpt":{"rendered":"<p>Chefe do setor:\u00a0\u00a0Ivone Costa \u2013 ivone.costa@ifbaiano.edu.br Substituto:\u00a0\u00a0\u2013 Jacson Pereira de Jesus\u00a0&#8211;\u00a0jacson.pereira@ifbaiano.edu.br Email:\u00a0neof@catu.ifbaiano.edu.br Tel: (71)\u00a03641-7913 &nbsp; &nbsp;<\/p>\n","protected":false},"author":20,"featured_media":0,"parent":0,"menu_order":0,"comment_status":"closed","ping_status":"closed","template":"","meta":[],"_links":{"self":[{"href":"https:\/\/www.ifbaiano.edu.br\/unidades\/catu\/wp-json\/wp\/v2\/pages\/16497"}],"collection":[{"href":"https:\/\/www.ifbaiano.edu.br\/unidades\/catu\/wp-json\/wp\/v2\/pages"}],"about":[{"href":"https:\/\/www.ifbaiano.edu.br\/unidades\/catu\/wp-json\/wp\/v2\/types\/page"}],"author":[{"embeddable":true,"href":"https:\/\/www.ifbaiano.edu.br\/unidades\/catu\/wp-json\/wp\/v2\/users\/20"}],"replies":[{"embeddable":true,"href":"https:\/\/www.ifbaiano.edu.br\/unidades\/catu\/wp-json\/wp\/v2\/comments?post=16497"}],"version-history":[{"count":4,"href":"https:\/\/www.ifbaiano.edu.br\/unidades\/catu\/wp-json\/wp\/v2\/pages\/16497\/revisions"}],"predecessor-version":[{"id":17323,"href":"https:\/\/www.ifbaiano.edu.br\/unidades\/catu\/wp-json\/wp\/v2\/pages\/16497\/revisions\/17323"}],"wp:attachment":[{"href":"https:\/\/www.ifbaiano.edu.br\/unidades\/catu\/wp-json\/wp\/v2\/media?parent=16497"}],"curies":[{"name":"wp","href":"https:\/\/api.w.org\/{rel}","templated":true}]}}