{"id":17219,"date":"2019-03-20T12:12:28","date_gmt":"2019-03-20T12:12:28","guid":{"rendered":"http:\/\/www.ifbaiano.edu.br\/unidades\/catu\/?page_id=17219"},"modified":"2020-10-28T16:16:18","modified_gmt":"2020-10-28T19:16:18","slug":"dispensa","status":"publish","type":"page","link":"https:\/\/www.ifbaiano.edu.br\/unidades\/catu\/licitacoes-e-contratos\/dispensa\/","title":{"rendered":"Dispensa de Licita\u00e7\u00e3o"},"content":{"rendered":"<p class=\"western\" align=\"justify\" data-rich-text-format-boundary=\"true\">O Instituto Federal Baiano (IF Baiano) \u2013 Campus Catu, atrav\u00e9s da Diretoria Administrativa e o Setor de Compras e Licita\u00e7\u00f5es, possui, entre outras, a atribui\u00e7\u00e3o de gerir os processos de aquisi\u00e7\u00e3o de materiais e contrata\u00e7\u00e3o de obras e servi\u00e7os, conforme as Leis Federais\u00a0<a href=\"http:\/\/www.planalto.gov.br\/ccivil_03\/leis\/L8666cons.htm\" target=\"_blank\" rel=\"noopener noreferrer\">n\u00ba 8.666\/93<\/a>,\u00a0<a href=\"http:\/\/www.planalto.gov.br\/ccivil_03\/leis\/2002\/L10520.htm\" target=\"_blank\" rel=\"noopener noreferrer\">n\u00ba 10.520\/02<\/a>,\u00a0<a href=\"http:\/\/www.planalto.gov.br\/ccivil_03\/_Ato2011-2014\/2011\/Lei\/l12462.htm\" target=\"_blank\" rel=\"noopener noreferrer\">n\u00ba 12.462\/2011<\/a>, entre outros.<\/p>\n<h2>Dispensa de Licita\u00e7\u00e3o 2020<\/h2>\n<p><strong><br \/>Dispensa de licita\u00e7\u00e3o n\u00ba 01\/2020<\/strong><\/p>\n<p><strong>Processo n\u00ba 23329.250065.2020-59<\/strong><br \/><strong>Objeto:<\/strong> Contrata\u00e7\u00e3o de servi\u00e7o de m\u00e9dico veterin\u00e1rio<br \/><strong>Arquivo de consulta:<\/strong> <a href=\"https:\/\/www.ifbaiano.edu.br\/unidades\/catu\/files\/2020\/10\/Dispensa-1.2020.pdf\" target=\"_blank\" rel=\"noopener noreferrer\">PDF<\/a>\u00a0<\/p>\n<p>\u00a0<\/p>\n\n\n\n\n<p><strong>Dispensa de licita\u00e7\u00e3o n\u00ba 02\/2020<\/strong><\/p>\n\n\n\n<p><strong>Processo n\u00ba 23329.250427.2020-10<\/strong><br><strong>Objeto: <\/strong>Contrata\u00e7\u00e3o de empresa especializada para fornecimento de servi\u00e7o de climatiza\u00e7\u00e3o e refrigera\u00e7\u00e3o<br><strong>Arquivo de consulta:<\/strong> <a href=\"https:\/\/www.ifbaiano.edu.br\/unidades\/catu\/files\/2020\/10\/Dispensa-2.2020.pdf\" target=\"_blank\" rel=\"noreferrer noopener\">PDF\u00a0<\/a><br><br><br><strong>Dispensa de licita\u00e7\u00e3o n\u00ba 03\/2020<\/strong><\/p>\n\n\n\n<p><strong>Processo n\u00ba 23329.250604.2020-50<\/strong><br><strong>Objeto:<\/strong> Aquisi\u00e7\u00e3o de produtos de uso veterin\u00e1rio para os setores agropecu\u00e1rios.<br><strong>Arquivo de consulta:<\/strong> <a href=\"https:\/\/www.ifbaiano.edu.br\/unidades\/catu\/files\/2020\/10\/Dispensa-3.2020.pdf\" data-type=\"URL\" data-id=\"https:\/\/www.ifbaiano.edu.br\/unidades\/catu\/files\/2020\/10\/Dispensa-3.2020.pdf\" target=\"_blank\" rel=\"noreferrer noopener\">PDF\u00a0<\/a><\/p>\n\n\n\n<p><br><strong>Dispensa de licita\u00e7\u00e3o n\u00ba 04\/2020<\/strong><\/p>\n\n\n\n<p><strong>Processo n\u00ba 23329.250607.2020-93<\/strong><br><strong>Objeto: <\/strong>Aquisi\u00e7\u00e3o de materiais de manuten\u00e7\u00e3o hidr\u00e1ulicas e prediais<br><strong>Arquivo de consulta:<\/strong> <a href=\"https:\/\/www.ifbaiano.edu.br\/unidades\/catu\/files\/2020\/10\/Dispensa-4.2020.pdf\" data-type=\"URL\" data-id=\"https:\/\/www.ifbaiano.edu.br\/unidades\/catu\/files\/2020\/10\/Dispensa-4.2020.pdf\" target=\"_blank\" rel=\"noreferrer noopener\">PDF<\/a>\u00a0<\/p>\n\n\n\n<p><br><strong>Dispensa de licita\u00e7\u00e3o n\u00ba 05\/2020<\/strong><\/p>\n\n\n\n<p><strong>Processo n\u00ba 23329.250894.2020-31<\/strong><br><strong>Objeto:<\/strong> aquisi\u00e7\u00e3o de equipamentos para a produ\u00e7\u00e3o de produtos de higieniza\u00e7\u00e3o das m\u00e3os e superf\u00edcies a fim de auxiliar no combate a COVID &#8211; 19<br><strong>Arquivo de consulta:<\/strong> <a href=\"https:\/\/www.ifbaiano.edu.br\/unidades\/catu\/files\/2020\/10\/Dispensa-5.2020.pdf\" data-type=\"URL\" data-id=\"https:\/\/www.ifbaiano.edu.br\/unidades\/catu\/files\/2020\/10\/Dispensa-5.2020.pdf\" target=\"_blank\" rel=\"noreferrer noopener\">PDF\u00a0<\/a><\/p>\n\n\n\n<p><br><strong>Dispensa de licita\u00e7\u00e3o n\u00ba 06\/2020<\/strong><\/p>\n\n\n\n<p><strong>Processo n\u00ba 23329.250775.2020-89<\/strong><br><strong>Objeto: <\/strong>Aquisi\u00e7\u00e3o de equipamentos para a produ\u00e7\u00e3o de produtos de higieniza\u00e7\u00e3o das m\u00e3os e superf\u00edcies a fim de auxiliar no combate a COVID &#8211; 19<br><strong>Arquivo de consulta:<\/strong> <a href=\"https:\/\/www.ifbaiano.edu.br\/unidades\/catu\/files\/2020\/10\/Dispensa-6.2020.pdf\" data-type=\"URL\" data-id=\"https:\/\/www.ifbaiano.edu.br\/unidades\/catu\/files\/2020\/10\/Dispensa-6.2020.pdf\" target=\"_blank\" rel=\"noreferrer noopener\">PDF\u00a0<\/a><\/p>\n\n\n\n<p><br><strong>Dispensa de licita\u00e7\u00e3o n\u00ba 07\/2020<\/strong><\/p>\n\n\n\n<p><strong>Processo n\u00ba 23329.250720.2020-79<\/strong><br><strong>Objeto: <\/strong>Aquisi\u00e7\u00e3o de Reagentes Qu\u00edmicos<br><strong>Arquivo de consulta:<\/strong> <a href=\"https:\/\/www.ifbaiano.edu.br\/unidades\/catu\/files\/2020\/10\/Dispensa-7.2020-Relatorio-de-Homologacao.pdf\" data-type=\"URL\" data-id=\"https:\/\/www.ifbaiano.edu.br\/unidades\/catu\/files\/2020\/10\/Dispensa-7.2020-Relatorio-de-Homologacao.pdf\" target=\"_blank\" rel=\"noreferrer noopener\">PDF\u00a0<\/a><\/p>\n","protected":false},"excerpt":{"rendered":"<p>O Instituto Federal Baiano (IF Baiano) \u2013 Campus Catu, atrav\u00e9s da Diretoria Administrativa e o Setor de Compras e Licita\u00e7\u00f5es, possui, entre outras, a atribui\u00e7\u00e3o de gerir os processos de aquisi\u00e7\u00e3o de materiais e contrata\u00e7\u00e3o de obras e servi\u00e7os, conforme as Leis Federais\u00a0n\u00ba 8.666\/93,\u00a0n\u00ba 10.520\/02,\u00a0n\u00ba 12.462\/2011, entre outros. Dispensa de Licita\u00e7\u00e3o 2020 Dispensa de licita\u00e7\u00e3o [&hellip;]<\/p>\n","protected":false},"author":74,"featured_media":0,"parent":14607,"menu_order":0,"comment_status":"closed","ping_status":"closed","template":"","meta":[],"_links":{"self":[{"href":"https:\/\/www.ifbaiano.edu.br\/unidades\/catu\/wp-json\/wp\/v2\/pages\/17219"}],"collection":[{"href":"https:\/\/www.ifbaiano.edu.br\/unidades\/catu\/wp-json\/wp\/v2\/pages"}],"about":[{"href":"https:\/\/www.ifbaiano.edu.br\/unidades\/catu\/wp-json\/wp\/v2\/types\/page"}],"author":[{"embeddable":true,"href":"https:\/\/www.ifbaiano.edu.br\/unidades\/catu\/wp-json\/wp\/v2\/users\/74"}],"replies":[{"embeddable":true,"href":"https:\/\/www.ifbaiano.edu.br\/unidades\/catu\/wp-json\/wp\/v2\/comments?post=17219"}],"version-history":[{"count":10,"href":"https:\/\/www.ifbaiano.edu.br\/unidades\/catu\/wp-json\/wp\/v2\/pages\/17219\/revisions"}],"predecessor-version":[{"id":18417,"href":"https:\/\/www.ifbaiano.edu.br\/unidades\/catu\/wp-json\/wp\/v2\/pages\/17219\/revisions\/18417"}],"up":[{"embeddable":true,"href":"https:\/\/www.ifbaiano.edu.br\/unidades\/catu\/wp-json\/wp\/v2\/pages\/14607"}],"wp:attachment":[{"href":"https:\/\/www.ifbaiano.edu.br\/unidades\/catu\/wp-json\/wp\/v2\/media?parent=17219"}],"curies":[{"name":"wp","href":"https:\/\/api.w.org\/{rel}","templated":true}]}}