{"id":17221,"date":"2019-03-20T12:13:07","date_gmt":"2019-03-20T12:13:07","guid":{"rendered":"http:\/\/www.ifbaiano.edu.br\/unidades\/catu\/?page_id=17221"},"modified":"2020-10-28T16:20:21","modified_gmt":"2020-10-28T19:20:21","slug":"inexigibilidade","status":"publish","type":"page","link":"https:\/\/www.ifbaiano.edu.br\/unidades\/catu\/licitacoes-e-contratos\/inexigibilidade\/","title":{"rendered":"Inexigibilidade"},"content":{"rendered":"<p class=\"western\" align=\"justify\" data-rich-text-format-boundary=\"true\">O Instituto Federal Baiano (IF Baiano) \u2013 Campus Catu, atrav\u00e9s da Diretoria Administrativa e o Setor de Compras e Licita\u00e7\u00f5es, possui, entre outras, a atribui\u00e7\u00e3o de gerir os processos de aquisi\u00e7\u00e3o de materiais e contrata\u00e7\u00e3o de obras e servi\u00e7os, conforme as Leis Federais\u00a0<a href=\"http:\/\/www.planalto.gov.br\/ccivil_03\/leis\/L8666cons.htm\" target=\"_blank\" rel=\"noopener noreferrer\">n\u00ba 8.666\/93<\/a>,\u00a0<a href=\"http:\/\/www.planalto.gov.br\/ccivil_03\/leis\/2002\/L10520.htm\" target=\"_blank\" rel=\"noopener noreferrer\">n\u00ba 10.520\/02<\/a>,\u00a0<a href=\"http:\/\/www.planalto.gov.br\/ccivil_03\/_Ato2011-2014\/2011\/Lei\/l12462.htm\" target=\"_blank\" rel=\"noopener noreferrer\">n\u00ba 12.462\/2011<\/a>, entre outros.<\/p>\n<h2><strong>INEXIGIBILIDADE DE LICITA\u00c7\u00c3O 2020<\/strong><\/h2>\n<p><strong>Inexigibilidade n\u00ba 01\/2020<br \/>Processo n\u00ba 23329.250659.2019-26<\/strong><br \/><strong>Objeto:<\/strong> Contrata\u00e7\u00e3o de fornecimento de \u00e1gua tratada<br \/><strong>Arquivo de consulta:<\/strong> <a href=\"https:\/\/www.ifbaiano.edu.br\/unidades\/catu\/files\/2020\/10\/Inexigibilidade-1.2020.pdf\" target=\"_blank\" rel=\"noopener noreferrer\">PDF<\/a><\/p>\n<p>\u00a0<\/p>\n<p><strong>Inexigibilidade n\u00ba 02\/2020<br \/>Processo n\u00ba 23329.250190.2020-69<\/strong><br \/><strong>Objeto:<\/strong> Pagamento de TFF \u00e0 Prefeitura municipal<br \/><strong>Arquivo de consulta:<\/strong> <a href=\"https:\/\/www.ifbaiano.edu.br\/unidades\/catu\/files\/2020\/10\/Inexigibilidade-2.2020.pdf\" target=\"_blank\" rel=\"noopener noreferrer\">PDF<\/a><\/p>\n<p>\u00a0<\/p>\n<p><strong>Inexigibilidade n\u00ba 03\/2020<br \/>Processo n\u00ba 23329.250829.2020-14<\/strong><br \/><strong>Objeto:<\/strong> Curso de Capacita\u00e7\u00e3o<br \/><strong>Arquivo de consulta:<\/strong> <a href=\"https:\/\/www.ifbaiano.edu.br\/unidades\/catu\/files\/2020\/10\/Inexigibilidade-3.2020.pdf\" target=\"_blank\" rel=\"noopener noreferrer\">PDF<\/a><\/p>\n<p>\u00a0<\/p>\n<p><strong>Inexigibilidade n\u00ba 04\/2020<br \/>Processo n\u00ba 23329.250999.2020-91 <\/strong><br \/><strong>Objeto:<\/strong> Curso de Capacita\u00e7\u00e3o<br \/><strong>Arquivo de consulta:<\/strong> <a href=\"https:\/\/www.ifbaiano.edu.br\/unidades\/catu\/files\/2020\/10\/Inexigibilidade-4.2020.pdf\" target=\"_blank\" rel=\"noopener noreferrer\">PDF<\/a><\/p>\n<p>\u00a0<\/p>\n<p><strong>Inexigibilidade n\u00ba 05\/2020<br \/>Processo n\u00ba 23329.251126.2020-03 <\/strong><br \/><strong>Objeto:<\/strong> Obriga\u00e7\u00f5es tribut\u00e1rias junto ao DETRAN-BA<br \/><strong>Arquivo de consulta:<\/strong> <a href=\"https:\/\/www.ifbaiano.edu.br\/unidades\/catu\/files\/2020\/10\/Inexigibilidade-5.2020.pdf\" target=\"_blank\" rel=\"noopener noreferrer\">PDF<\/a><\/p>\n\n\n<p><\/p>\n","protected":false},"excerpt":{"rendered":"<p>O Instituto Federal Baiano (IF Baiano) \u2013 Campus Catu, atrav\u00e9s da Diretoria Administrativa e o Setor de Compras e Licita\u00e7\u00f5es, possui, entre outras, a atribui\u00e7\u00e3o de gerir os processos de aquisi\u00e7\u00e3o de materiais e contrata\u00e7\u00e3o de obras e servi\u00e7os, conforme as Leis Federais\u00a0n\u00ba 8.666\/93,\u00a0n\u00ba 10.520\/02,\u00a0n\u00ba 12.462\/2011, entre outros. INEXIGIBILIDADE DE LICITA\u00c7\u00c3O 2020 Inexigibilidade n\u00ba 01\/2020Processo [&hellip;]<\/p>\n","protected":false},"author":74,"featured_media":0,"parent":14607,"menu_order":0,"comment_status":"closed","ping_status":"closed","template":"","meta":[],"_links":{"self":[{"href":"https:\/\/www.ifbaiano.edu.br\/unidades\/catu\/wp-json\/wp\/v2\/pages\/17221"}],"collection":[{"href":"https:\/\/www.ifbaiano.edu.br\/unidades\/catu\/wp-json\/wp\/v2\/pages"}],"about":[{"href":"https:\/\/www.ifbaiano.edu.br\/unidades\/catu\/wp-json\/wp\/v2\/types\/page"}],"author":[{"embeddable":true,"href":"https:\/\/www.ifbaiano.edu.br\/unidades\/catu\/wp-json\/wp\/v2\/users\/74"}],"replies":[{"embeddable":true,"href":"https:\/\/www.ifbaiano.edu.br\/unidades\/catu\/wp-json\/wp\/v2\/comments?post=17221"}],"version-history":[{"count":5,"href":"https:\/\/www.ifbaiano.edu.br\/unidades\/catu\/wp-json\/wp\/v2\/pages\/17221\/revisions"}],"predecessor-version":[{"id":18424,"href":"https:\/\/www.ifbaiano.edu.br\/unidades\/catu\/wp-json\/wp\/v2\/pages\/17221\/revisions\/18424"}],"up":[{"embeddable":true,"href":"https:\/\/www.ifbaiano.edu.br\/unidades\/catu\/wp-json\/wp\/v2\/pages\/14607"}],"wp:attachment":[{"href":"https:\/\/www.ifbaiano.edu.br\/unidades\/catu\/wp-json\/wp\/v2\/media?parent=17221"}],"curies":[{"name":"wp","href":"https:\/\/api.w.org\/{rel}","templated":true}]}}