{"id":18131,"date":"2022-09-15T10:27:47","date_gmt":"2022-09-15T13:27:47","guid":{"rendered":"https:\/\/www.ifbaiano.edu.br\/unidades\/catu\/?page_id=18131"},"modified":"2022-09-15T10:27:47","modified_gmt":"2022-09-15T13:27:47","slug":"consulta-ao-catalogo","status":"publish","type":"page","link":"https:\/\/www.ifbaiano.edu.br\/unidades\/catu\/biblioteca-4\/consulta-ao-catalogo\/","title":{"rendered":"Consulta ao Cat\u00e1logo"},"content":{"rendered":"\n<p><strong><a href=\"http:\/\/pergamum.ifbaiano.edu.br\/pergamum\/biblioteca\/index.php\" target=\"_blank\" rel=\"noreferrer noopener\" aria-label=\"Consulte o acervo aqui (abre numa nova aba)\">Consulte o acervo aqui<\/a><\/strong>.<\/p>\n\n\n\n<p><strong><a href=\"http:\/\/pergamum.ifbaiano.edu.br\/pergamum\/biblioteca_s\/php\/login_usu.php?flag=index.php\" target=\"_blank\" rel=\"noreferrer noopener\" aria-label=\"Renova\u00e7\u00e3o de livros aqui (abre numa nova aba)\">Renova\u00e7\u00e3o de livros aqui<\/a><\/strong>.<\/p>\n\n\n\n<p><\/p>\n\n\n\n<p> <strong>D\u00favidas de como usar o cat\u00e1logo? <\/strong>Veja os tutoriais abaixo:<\/p>\n\n\n\n<ul><li>Consultar o acervo<\/li><li> <a href=\"https:\/\/www.youtube.com\/watch?v=y2L_JZI74eE\" target=\"_blank\" rel=\"noreferrer noopener\"><strong>clique aqui<\/strong><\/a><\/li><\/ul>\n\n\n\n<ul><li>Diferen\u00e7a de pesquisa por palavra e pesquisa por \u00edndice, <\/li><li><strong><a href=\"https:\/\/www.youtube.com\/watch?v=3rDjsfHjyO4\" target=\"_blank\" rel=\"noreferrer noopener\">clique aqui<\/a><\/strong><\/li><\/ul>\n\n\n\n<ul><li>Como reservar, <\/li><li><a href=\"https:\/\/www.youtube.com\/watch?v=bnSbNBiE7GE\" target=\"_blank\" rel=\"noreferrer noopener\"><strong>clique aqui<\/strong><\/a><\/li><\/ul>\n\n\n\n<ul><li>Cancelar a reserva, <\/li><li><a href=\"https:\/\/www.youtube.com\/watch?v=8nsVmuYBB6M\" target=\"_blank\" rel=\"noreferrer noopener\"><strong>clique aqui<\/strong><\/a><\/li><\/ul>\n\n\n\n<ul><li>Renovar o empr\u00e9stimo, <\/li><li><a href=\"https:\/\/www.youtube.com\/watch?v=xW5Iszj6huw\" target=\"_blank\" rel=\"noreferrer noopener\"><strong>clique aqui<\/strong><\/a><\/li><\/ul>\n\n\n\n<ul><li>Visualizar o afastamento, <\/li><li><a href=\"https:\/\/www.youtube.com\/watch?v=tMm8LJPosqc\" target=\"_blank\" rel=\"noreferrer noopener\"><strong>clique aqui<\/strong><\/a><\/li><\/ul>\n","protected":false},"excerpt":{"rendered":"<p>Consulte o acervo aqui. Renova\u00e7\u00e3o de livros aqui. D\u00favidas de como usar o cat\u00e1logo? Veja os tutoriais abaixo: Consultar o acervo clique aqui Diferen\u00e7a de pesquisa por palavra e pesquisa por \u00edndice, clique aqui Como reservar, clique aqui Cancelar a reserva, clique aqui Renovar o empr\u00e9stimo, clique aqui Visualizar o afastamento, clique aqui<\/p>\n","protected":false},"author":74,"featured_media":0,"parent":3079,"menu_order":0,"comment_status":"closed","ping_status":"closed","template":"","meta":[],"_links":{"self":[{"href":"https:\/\/www.ifbaiano.edu.br\/unidades\/catu\/wp-json\/wp\/v2\/pages\/18131"}],"collection":[{"href":"https:\/\/www.ifbaiano.edu.br\/unidades\/catu\/wp-json\/wp\/v2\/pages"}],"about":[{"href":"https:\/\/www.ifbaiano.edu.br\/unidades\/catu\/wp-json\/wp\/v2\/types\/page"}],"author":[{"embeddable":true,"href":"https:\/\/www.ifbaiano.edu.br\/unidades\/catu\/wp-json\/wp\/v2\/users\/74"}],"replies":[{"embeddable":true,"href":"https:\/\/www.ifbaiano.edu.br\/unidades\/catu\/wp-json\/wp\/v2\/comments?post=18131"}],"version-history":[{"count":2,"href":"https:\/\/www.ifbaiano.edu.br\/unidades\/catu\/wp-json\/wp\/v2\/pages\/18131\/revisions"}],"predecessor-version":[{"id":21512,"href":"https:\/\/www.ifbaiano.edu.br\/unidades\/catu\/wp-json\/wp\/v2\/pages\/18131\/revisions\/21512"}],"up":[{"embeddable":true,"href":"https:\/\/www.ifbaiano.edu.br\/unidades\/catu\/wp-json\/wp\/v2\/pages\/3079"}],"wp:attachment":[{"href":"https:\/\/www.ifbaiano.edu.br\/unidades\/catu\/wp-json\/wp\/v2\/media?parent=18131"}],"curies":[{"name":"wp","href":"https:\/\/api.w.org\/{rel}","templated":true}]}}