{"id":18138,"date":"2020-06-03T10:13:20","date_gmt":"2020-06-03T13:13:20","guid":{"rendered":"https:\/\/www.ifbaiano.edu.br\/unidades\/catu\/?page_id=18138"},"modified":"2020-06-03T10:13:20","modified_gmt":"2020-06-03T13:13:20","slug":"portais-de-busca","status":"publish","type":"page","link":"https:\/\/www.ifbaiano.edu.br\/unidades\/catu\/biblioteca-4\/portais-de-busca\/","title":{"rendered":"Portais de busca"},"content":{"rendered":"\n<p><strong>Portal de Peri\u00f3dicos da CAPES<\/strong><\/p>\n\n\n\n<p>O Portal de Peri\u00f3dicos da Capes \u00e9 uma biblioteca virtual que re\u00fane e disponibiliza a institui\u00e7\u00f5es de ensino e pesquisa no Brasil o melhor da produ\u00e7\u00e3o cient\u00edfica internacional. <\/p>\n\n\n\n<p>\u00bb Acesse os peri\u00f3dicos da CAPES em <a rel=\"noreferrer noopener\" aria-label=\"periodicos.capes.gov.br (abre numa nova aba)\" href=\"http:\/\/www.periodicos.capes.gov.br\/\" target=\"_blank\">periodicos.capes.gov.br<\/a>.<\/p>\n\n\n\n<p><strong>SciELO &#8211; Scientific Electronic Library Online<\/strong><\/p>\n\n\n\n<p>SciELO &#8211; Scientific Electronic Library Online (Biblioteca Cient\u00edfica Eletr\u00f4nica em Linha) \u00e9 um modelo para a publica\u00e7\u00e3o eletr\u00f4nica cooperativa de peri\u00f3dicos cient\u00edficos na Internet. Especialmente desenvolvido para responder \u00e0s necessidades da comunica\u00e7\u00e3o cient\u00edfica nos pa\u00edses na Am\u00e9rica Latina e Caribe, o modelo proporciona uma solu\u00e7\u00e3o eficiente para assegurar a visibilidade e o acesso universal a sua literatura cient\u00edfica.<\/p>\n\n\n\n<p>\u00bb Para acessar, <a href=\"https:\/\/scielo.org\/\" target=\"_blank\" rel=\"noreferrer noopener\" aria-label=\"www.scielo.org (abre numa nova aba)\">www.scielo.org<\/a>.<\/p>\n","protected":false},"excerpt":{"rendered":"<p>Portal de Peri\u00f3dicos da CAPES O Portal de Peri\u00f3dicos da Capes \u00e9 uma biblioteca virtual que re\u00fane e disponibiliza a institui\u00e7\u00f5es de ensino e pesquisa no Brasil o melhor da produ\u00e7\u00e3o cient\u00edfica internacional. \u00bb Acesse os peri\u00f3dicos da CAPES em periodicos.capes.gov.br. SciELO &#8211; Scientific Electronic Library Online SciELO &#8211; Scientific Electronic Library Online (Biblioteca Cient\u00edfica [&hellip;]<\/p>\n","protected":false},"author":74,"featured_media":0,"parent":3079,"menu_order":0,"comment_status":"closed","ping_status":"closed","template":"","meta":[],"_links":{"self":[{"href":"https:\/\/www.ifbaiano.edu.br\/unidades\/catu\/wp-json\/wp\/v2\/pages\/18138"}],"collection":[{"href":"https:\/\/www.ifbaiano.edu.br\/unidades\/catu\/wp-json\/wp\/v2\/pages"}],"about":[{"href":"https:\/\/www.ifbaiano.edu.br\/unidades\/catu\/wp-json\/wp\/v2\/types\/page"}],"author":[{"embeddable":true,"href":"https:\/\/www.ifbaiano.edu.br\/unidades\/catu\/wp-json\/wp\/v2\/users\/74"}],"replies":[{"embeddable":true,"href":"https:\/\/www.ifbaiano.edu.br\/unidades\/catu\/wp-json\/wp\/v2\/comments?post=18138"}],"version-history":[{"count":1,"href":"https:\/\/www.ifbaiano.edu.br\/unidades\/catu\/wp-json\/wp\/v2\/pages\/18138\/revisions"}],"predecessor-version":[{"id":18139,"href":"https:\/\/www.ifbaiano.edu.br\/unidades\/catu\/wp-json\/wp\/v2\/pages\/18138\/revisions\/18139"}],"up":[{"embeddable":true,"href":"https:\/\/www.ifbaiano.edu.br\/unidades\/catu\/wp-json\/wp\/v2\/pages\/3079"}],"wp:attachment":[{"href":"https:\/\/www.ifbaiano.edu.br\/unidades\/catu\/wp-json\/wp\/v2\/media?parent=18138"}],"curies":[{"name":"wp","href":"https:\/\/api.w.org\/{rel}","templated":true}]}}